{"id":4,"date":"2016-03-16T09:59:18","date_gmt":"2016-03-16T09:59:18","guid":{"rendered":"http:\/\/onelifewp.local\/?page_id=4"},"modified":"2022-11-16T10:55:58","modified_gmt":"2022-11-16T10:55:58","slug":"home","status":"publish","type":"page","link":"https:\/\/opdrserdar.com\/ar\/","title":{"rendered":"\u0627\u0644\u0635\u0641\u062d\u0629 \u0627\u0644\u0631\u0626\u064a\u0633\u064a\u0629"},"content":{"rendered":"<p>[vc_row][vc_column][vc_empty_space height=&#8221;100px&#8221;][\/vc_column][vc_column][vc_column_text el_class=&#8221;aligncenter&#8221;]<div class='dt-sc-small-separator '><\/div>\n<h2>\u062e\u062f\u0645\u0627\u062a\u0646\u0627<\/h2>\n<div class='dt-sc-clear '> <\/div>[\/vc_column_text][\/vc_column][vc_column][vc_empty_space][\/vc_column][vc_column][vc_row_inner][vc_column_inner width=&#8221;1\/4&#8243; css=&#8221;.vc_custom_1458192848305{padding-top: 0px !important;padding-right: 0px !important;padding-bottom: 0px !important;padding-left: 0px !important;}&#8221;]<div class='dt-sc-icon-box type10 '><div class=\"icon-wrapper\"><img width=\"215\" height=\"215\" src=\"https:\/\/opdrserdar.com\/ar\/wp-content\/uploads\/2022\/04\/service-image-1.jpg\" class=\"attachment-full\" alt=\"\" loading=\"lazy\" title=\"service-image-1\" srcset=\"https:\/\/opdrserdar.com\/ar\/wp-content\/uploads\/2022\/04\/service-image-1.jpg 215w, https:\/\/opdrserdar.com\/ar\/wp-content\/uploads\/2022\/04\/service-image-1-150x150.jpg 150w, https:\/\/opdrserdar.com\/ar\/wp-content\/uploads\/2022\/04\/service-image-1-100x100.jpg 100w\" sizes=\"(max-width: 215px) 100vw, 215px\" \/><\/div><div class=\"icon-content\"><h4><a href='https:\/\/opdrserdar.com\/ar\/endokrin-sistemi-cerrahisi\/meme-kanseri\/' title='Meme Kanseri' target='_self'>\u0633\u0631\u0637\u0627\u0646 \u0627\u0644\u062b\u062f\u064a<\/a><\/h4><p>\u0625\u0646\u0647 \u0623\u0643\u062b\u0631 \u0623\u0646\u0648\u0627\u0639 \u0627\u0644\u0633\u0631\u0637\u0627\u0646\u0627\u062a \u0634\u064a\u0648\u0639\u064b\u0627 \u0628\u064a\u0646 \u0627\u0644\u0646\u0633\u0627\u0621 \u0641\u064a \u0627\u0644\u0639\u0627\u0644\u0645 \u0648\u0641\u064a \u0628\u0644\u062f\u0646\u0627. \u064a\u062d\u062f\u062b \u0641\u064a \u0648\u0627\u062d\u062f\u0629 \u0645\u0646 \u0643\u0644 \u062b\u0645\u0627\u0646\u064a \u0646\u0633\u0627\u0621 \u062a\u0642\u0631\u064a\u0628\u064b\u0627. \u064a\u0635\u064a\u0628 \u0645\u0627 \u064a\u0642\u0631\u0628 \u0645\u0646 2.1 \u0645\u0644\u064a\u0648\u0646 \u0627\u0645\u0631\u0623\u0629 \u0641\u064a \u062c\u0645\u064a\u0639 \u0623\u0646\u062d\u0627\u0621 \u0627\u0644\u0639\u0627\u0644\u0645 \u0643\u0644 \u0639\u0627\u0645. \u0625\u0646\u0647 \u064a\u062a\u0632\u0627\u064a\u062f \u0641\u064a \u0643\u0644 \u0645\u0646\u0637\u0642\u0629 \u0645\u0646 \u0645\u0646\u0627\u0637\u0642 \u0627\u0644\u0639\u0627\u0644\u0645 \u062a\u0642\u0631\u064a\u0628\u064b\u0627. \u0647\u0648 \u0627\u0644\u0623\u0643\u062b\u0631 \u0634\u064a\u0648\u0639\u064b\u0627 \u0641\u064a \u0627\u0644\u0641\u0626\u0629 \u0627\u0644\u0639\u0645\u0631\u064a\u0629 40-50 \u0641\u064a \u0628\u0644\u062f\u0646\u0627.<\/p><\/div><\/div>[\/vc_column_inner][vc_column_inner width=&#8221;1\/4&#8243; css=&#8221;.vc_custom_1458192854380{padding-top: 0px !important;padding-right: 0px !important;padding-bottom: 0px !important;padding-left: 0px !important;}&#8221;]<div class='dt-sc-icon-box type10 '><div class=\"icon-wrapper\"><img width=\"215\" height=\"215\" src=\"https:\/\/opdrserdar.com\/ar\/wp-content\/uploads\/2022\/04\/service-image-2.jpg\" class=\"attachment-full\" alt=\"\" loading=\"lazy\" title=\"service-image-2\" srcset=\"https:\/\/opdrserdar.com\/ar\/wp-content\/uploads\/2022\/04\/service-image-2.jpg 215w, https:\/\/opdrserdar.com\/ar\/wp-content\/uploads\/2022\/04\/service-image-2-150x150.jpg 150w, https:\/\/opdrserdar.com\/ar\/wp-content\/uploads\/2022\/04\/service-image-2-100x100.jpg 100w\" sizes=\"(max-width: 215px) 100vw, 215px\" \/><\/div><div class=\"icon-content\"><h4><a href='https:\/\/opdrserdar.com\/ar\/endokrin-sistemi-cerrahisi\/meme-pitozu\/' title='Meme Pitozu' target='_self'>\u0631\u0641\u0639 \u0627\u0644\u062b\u062f\u064a<\/a><\/h4><p>\u0627\u0644\u0642\u0644\u0642 \u0627\u0644\u0631\u0626\u064a\u0633\u064a \u0641\u064a \u0639\u0645\u0644\u064a\u0627\u062a \u0631\u0641\u0639 \u0627\u0644\u062b\u062f\u064a \u0647\u0648 \u0623\u0646\u0633\u062c\u0629 \u0627\u0644\u062c\u0644\u062f \u0627\u0644\u0645\u062a\u0631\u0647\u0644\u0629 \u0641\u064a \u0627\u0644\u062b\u062f\u064a \u0627\u0644\u0632\u0627\u0626\u062f. \u062a\u062a\u0645 \u0625\u0632\u0627\u0644\u0629 \u0647\u0630\u0627 \u0627\u0644\u062c\u0644\u062f \u0627\u0644\u0632\u0627\u0626\u062f \u0623\u0648 \u0643\u0645\u064a\u0629 \u0635\u063a\u064a\u0631\u0629 \u062c\u062f\u064b\u0627 \u0645\u0646 \u0627\u0644\u0623\u0646\u0633\u062c\u0629 \u0628\u0631\u0633\u0648\u0645\u0627\u062a \u062e\u0627\u0635\u0629. \u062a\u062a\u0634\u0643\u0644 \u0627\u0644\u062d\u0644\u0645\u0629 \u0627\u0644\u0645\u062a\u062f\u0644\u064a\u0629 \u0648\u0623\u0646\u0633\u062c\u0629 \u0627\u0644\u062b\u062f\u064a \u0644\u0644\u062d\u0635\u0648\u0644 \u0639\u0644\u0649 \u062b\u062f\u064a \u0623\u0643\u062b\u0631 \u0627\u0633\u062a\u0642\u0627\u0645\u0629 \u0648\u0627\u0645\u062a\u0644\u0627\u0621.<\/p><\/div><\/div>[\/vc_column_inner][vc_column_inner width=&#8221;1\/4&#8243; css=&#8221;.vc_custom_1458192860997{padding-top: 0px !important;padding-right: 0px !important;padding-bottom: 0px !important;padding-left: 0px !important;}&#8221;]<div class='dt-sc-icon-box type10 '><div class=\"icon-wrapper\"><img width=\"215\" height=\"215\" src=\"https:\/\/opdrserdar.com\/ar\/wp-content\/uploads\/2022\/04\/service-image-4.jpg\" class=\"attachment-full\" alt=\"\" loading=\"lazy\" title=\"service-image-4\" srcset=\"https:\/\/opdrserdar.com\/ar\/wp-content\/uploads\/2022\/04\/service-image-4.jpg 215w, https:\/\/opdrserdar.com\/ar\/wp-content\/uploads\/2022\/04\/service-image-4-150x150.jpg 150w, https:\/\/opdrserdar.com\/ar\/wp-content\/uploads\/2022\/04\/service-image-4-100x100.jpg 100w\" sizes=\"(max-width: 215px) 100vw, 215px\" \/><\/div><div class=\"icon-content\"><h4><a href='https:\/\/opdrserdar.com\/ar\/endokrin-sistemi-cerrahisi\/meme-kucultme\/' title='Meme K\u00fc\u00e7\u00fcltme' target='_self'>\u062a\u0635\u063a\u064a\u0631 \u0627\u0644\u062b\u062f\u064a<\/a><\/h4><p>\u062c\u0631\u0627\u062d\u0629 \u062a\u0635\u063a\u064a\u0631 \u0627\u0644\u062b\u062f\u064a \u0647\u064a \u0641\u064a \u0627\u0644\u0623\u0633\u0627\u0633 \u0639\u0645\u0644\u064a\u0629 \u062c\u0631\u0627\u062d\u064a\u0629 \u0642\u0631\u064a\u0628\u0629 \u062c\u062f\u064b\u0627 \u0645\u0646 \u0639\u0645\u0644\u064a\u0627\u062a \u0631\u0641\u0639 \u0627\u0644\u062b\u062f\u064a \u0628\u064a\u0646 \u062c\u0631\u0627\u062d\u0627\u062a \u062a\u062c\u0645\u064a\u0644 \u0627\u0644\u062b\u062f\u064a. \u0627\u0644\u0627\u062e\u062a\u0644\u0627\u0641 \u0627\u0644\u0648\u062d\u064a\u062f \u0641\u064a \u062c\u0631\u0627\u062d\u0629 \u062a\u0635\u063a\u064a\u0631 \u0627\u0644\u062b\u062f\u064a \u0647\u0648 \u0623\u0646\u0647 \u0623\u062b\u0646\u0627\u0621 \u0631\u0641\u0639 \u0627\u0644\u062b\u062f\u064a \u060c \u062a\u062a\u0645 \u0625\u0632\u0627\u0644\u0629 \u0628\u0639\u0636 \u0627\u0644\u063a\u062f\u062f \u0648\u0627\u0644\u062f\u0647\u0648\u0646 \u0641\u064a \u0627\u0644\u062b\u062f\u064a \u0648\u0628\u0639\u0636 \u0627\u0644\u062c\u0644\u062f.<\/p><\/div><\/div>[\/vc_column_inner][vc_column_inner width=&#8221;1\/4&#8243; css=&#8221;.vc_custom_1458192867374{padding-top: 0px !important;padding-right: 0px !important;padding-bottom: 0px !important;padding-left: 0px !important;}&#8221;]<div class='dt-sc-icon-box type10 '><div class=\"icon-wrapper\"><img width=\"215\" height=\"215\" src=\"https:\/\/opdrserdar.com\/ar\/wp-content\/uploads\/2022\/04\/mini-karin-germe.jpg\" class=\"attachment-full\" alt=\"\" loading=\"lazy\" title=\"mini-karin-germe\" srcset=\"https:\/\/opdrserdar.com\/ar\/wp-content\/uploads\/2022\/04\/mini-karin-germe.jpg 215w, https:\/\/opdrserdar.com\/ar\/wp-content\/uploads\/2022\/04\/mini-karin-germe-150x150.jpg 150w, https:\/\/opdrserdar.com\/ar\/wp-content\/uploads\/2022\/04\/mini-karin-germe-100x100.jpg 100w\" sizes=\"(max-width: 215px) 100vw, 215px\" \/><\/div><div class=\"icon-content\"><h4><a href='https:\/\/opdrserdar.com\/ar\/endokrin-sistemi-cerrahisi\/meme-kanseri\/' title='Meme Kanseri' target='_self'>\u0634\u062f \u0627\u0644\u0628\u0637\u0646<\/a><\/h4><p>\u0639\u0645\u0644\u064a\u0629 \u0634\u062f \u0627\u0644\u0628\u0637\u0646 \u0623\u0648 &#8220;\u0634\u062f \u0627\u0644\u0628\u0637\u0646&#8221; \u0647\u064a \u0625\u062c\u0631\u0627\u0621 \u062c\u0631\u0627\u062d\u064a \u062a\u062c\u0645\u064a\u0644\u064a \u0644\u062c\u0639\u0644 \u0627\u0644\u0628\u0637\u0646 \u0623\u0631\u0642 \u0648\u0623\u0643\u062b\u0631 \u062d\u0632\u0645\u0627. \u062a\u062a\u0636\u0645\u0646 \u0627\u0644\u062c\u0631\u0627\u062d\u0629 \u0634\u062f \u0639\u0636\u0644\u0627\u062a \u062c\u062f\u0627\u0631 \u0627\u0644\u0628\u0637\u0646 \u0648\u0627\u0644\u0644\u0641\u0627\u0641\u0629 \u060c \u0648\u0625\u0632\u0627\u0644\u0629 \u0627\u0644\u062c\u0644\u062f \u0627\u0644\u0632\u0627\u0626\u062f \u0648\u0627\u0644\u0623\u0646\u0633\u062c\u0629 \u0627\u0644\u062f\u0647\u0646\u064a\u0629 \u0645\u0646 \u0648\u0633\u0637 \u0648\u0623\u0633\u0641\u0644 \u0627\u0644\u0628\u0637\u0646.<\/p><\/div><\/div>[\/vc_column_inner][\/vc_row_inner][\/vc_column][vc_column offset=&#8221;vc_hidden-md vc_hidden-sm vc_hidden-xs&#8221;][vc_empty_space height=&#8221;105px&#8221;][\/vc_column][\/vc_row][vc_row el_class=&#8221;parallax-quote-content&#8221;][vc_column css=&#8221;.vc_custom_1461753611726{padding-top: 60px !important;padding-right: 40px !important;padding-bottom: 0px !important;padding-left: 0px !important;}&#8221; el_class=&#8221;dt-sc-background-one&#8221;][vc_row_inner css=&#8221;.vc_custom_1458208348490{background-position: center !important;background-repeat: no-repeat !important;background-size: contain !important;}&#8221;][vc_column_inner css=&#8221;.vc_custom_1462875039970{padding-top: 6px !important;}&#8221;][vc_column_text el_class=&#8221;parallax-quote&#8221;]<div class='dt-sc-small-separator '><\/div>\n<h4>\u0635\u062d\u062a\u0643 \u0647\u064a \u0623\u0639\u0638\u0645 \u0625\u0646\u062c\u0627\u0632\u0627\u062a\u0646\u0627.<\/h4>\n<div class='dt-sc-clear '> <\/div>[\/vc_column_text][\/vc_column_inner][\/vc_row_inner][vc_row_inner equal_height=&#8221;yes&#8221; css=&#8221;.vc_custom_1458815546962{margin-top: 0px !important;margin-right: 0px !important;margin-bottom: 0px !important;margin-left: 0px !important;padding-top: 0px !important;padding-right: 0px !important;padding-bottom: 0px !important;padding-left: 0px !important;}&#8221;][vc_column_inner el_class=&#8221;doctor-quote&#8221; width=&#8221;1\/2&#8243; css=&#8221;.vc_custom_1462956519976{margin-top: -15px !important;margin-right: 0px !important;margin-left: 0px !important;background-position: center !important;background-repeat: no-repeat !important;background-size: cover !important;}&#8221; offset=&#8221;vc_hidden-sm vc_hidden-xs&#8221;][vc_single_image image=&#8221;9947&#8243; img_size=&#8221;full&#8221;][\/vc_column_inner][vc_column_inner width=&#8221;1\/2&#8243; css=&#8221;.vc_custom_1462875605599{margin-right: 0px !important;margin-left: 0px !important;padding-right: 0px !important;}&#8221;][vc_empty_space][vc_column_text el_class=&#8221;alignleft&#8221;]<\/p>\n<blockquote><p>\u0645\u0646\u0630 \u0625\u0646\u0634\u0627\u0621 \u0645\u0633\u062a\u0634\u0641\u0649 Tepecik \u060c \u062c\u0627\u0621 \u0627\u0644\u0623\u0637\u0628\u0627\u0621 \u0627\u0644\u0630\u064a\u0646 \u0623\u062a\u0642\u0646\u0648\u0627 \u0627\u0644\u062c\u0631\u0627\u062d\u0629 \u0641\u064a \u0641\u062a\u0631\u0629 \u0632\u0645\u0646\u064a\u0629 \u062e\u0627\u0635\u0629 \u0628\u0647\u0645 \u0648\u0623\u062c\u0631\u0648\u0627 \u0628\u0646\u062c\u0627\u062d \u062c\u0645\u064a\u0639 \u0623\u0646\u0648\u0627\u0639 \u0627\u0644\u0639\u0645\u0644\u064a\u0627\u062a \u0627\u0644\u062c\u0631\u0627\u062d\u064a\u0629 \u0628\u063a\u0636 \u0627\u0644\u0646\u0638\u0631 \u0639\u0646 \u0645\u0633\u062a\u0648\u0649 \u0627\u0644\u0635\u0639\u0648\u0628\u0629.<\/p>\n<p>\u062a\u0645 \u0627\u0644\u0634\u0631\u0648\u0639 \u0641\u064a \u0628\u0639\u0636 \u0627\u0644\u0625\u062c\u0631\u0627\u0621\u0627\u062a \u060c \u0645\u062b\u0644 \u062c\u0631\u0627\u062d\u0629 \u0627\u0644\u0645\u0631\u064a\u0621 \u060c \u0648\u0641\u062a\u062d \u0627\u0644\u0642\u0648\u0644\u0648\u0646 \u060c \u0648\u0627\u0644\u0639\u0645\u0644\u064a\u0629 \u0627\u0644\u0623\u0648\u0644\u064a\u0629 \u060c \u0648\u0632\u0631\u0639 \u0627\u0644\u0623\u0639\u0636\u0627\u0621 \u060c \u0648\u0627\u0644\u062a\u064a \u062a\u0648\u062c\u0647 \u0627\u0644\u062c\u0631\u0627\u062d\u0629 \u0627\u0644\u062a\u0631\u0643\u064a\u0629 \u0639\u0644\u0649 \u0627\u0644\u0645\u0633\u062a\u0648\u0649 \u0627\u0644\u0648\u0637\u0646\u064a \u060c \u0641\u064a \u0645\u0633\u062a\u0634\u0641\u0649 \u062a\u064a\u0628\u064a\u0634\u064a\u0643.<\/p>\n<p>\u0627\u0644\u0645\u0631\u062c\u0639 \u062f. Serdar K\u00fc\u00e7\u00fckalio\u011flu<\/p><\/blockquote>\n<p>[\/vc_column_text][\/vc_column_inner][\/vc_row_inner][\/vc_column][\/vc_row][vc_row full_width=&#8221;stretch_row&#8221; content_placement=&#8221;middle&#8221; parallax=&#8221;content-moving&#8221; parallax_image=&#8221;49&#8243; text_color=&#8221;#ffffff&#8221; el_class=&#8221;white-text&#8221; css=&#8221;.vc_custom_1465818340669{background-color: rgba(0,0,0,0.95) !important;*background-color: rgb(0,0,0) !important;}&#8221;][vc_column width=&#8221;1\/2&#8243;][\/vc_column][vc_column width=&#8221;1\/2&#8243; css=&#8221;.vc_custom_1458216125464{margin-top: 72px !important;margin-left: 20px !important;}&#8221;][vc_column_text css=&#8221;.vc_custom_1668460776181{margin-bottom: 28px !important;}&#8221;]<\/p>\n<h2>\u0645\u062c\u0627\u0644\u0627\u062a\u0646\u0627 \u0627\u0644\u062c\u0631\u0627\u062d\u064a\u0629<\/h2>\n<p>[\/vc_column_text][vc_row_inner][vc_column_inner width=&#8221;1\/2&#8243;]<ul class='dt-sc-fancy-list   circle'>\n<li>\u062c\u0631\u0627\u062d\u0629 \u0627\u0644\u0623\u0648\u0631\u0627\u0645<\/li>\n<li>\u0627\u0644\u062a\u062b\u062f\u064a<\/li>\n<li>\u0623\u0645\u0631\u0627\u0636 \u0627\u0644\u062b\u062f\u064a \u0633\u0644\u064a\u0645<\/li>\n<li>\u062a\u062f\u0644\u064a \u0627\u0644\u062b\u062f\u064a<\/li>\n<li>\u0623\u0645\u0631\u0627\u0636 \u0627\u0644\u063a\u062f\u0629 \u0627\u0644\u062f\u0631\u0642\u064a\u0629<\/li>\n<li>\u062c\u0627\u0631 \u062f\u0631\u0642\u064a\u0629<\/li>\n<li>\u062c\u0631\u0627\u062d\u0629 \u0627\u0644\u0643\u0644\u0649<\/li>\n<\/ul>[\/vc_column_inner][vc_column_inner width=&#8221;1\/2&#8243;]<ul class='dt-sc-fancy-list   circle'>\n<li>\u0633\u0631\u0637\u0627\u0646 \u0627\u0644\u0643\u0628\u062f<\/li>\n<li>\u0643\u064a\u0633\u0627\u062a \u0627\u0644\u0643\u0628\u062f<\/li>\n<li>\u0627\u0644\u0645\u0631\u0627\u0631\u0629<\/li>\n<li>\u0627\u0644\u0645\u0633\u0627\u0644\u0643 \u0627\u0644\u0635\u0641\u0631\u0627\u0648\u064a\u0629<\/li>\n<li>\u0633\u0631\u0637\u0627\u0646 \u0627\u0644\u0628\u0646\u0643\u0631\u064a\u0627\u0633<\/li>\n<li>\u0633\u0631\u0637\u0627\u0646 \u0627\u0644\u0642\u0648\u0644\u0648\u0646<\/li>\n<li>\u0627\u0644\u0645\u0639\u062f\u0629 \u0648\u0627\u0644\u0645\u0631\u064a\u0621<\/li>\n<\/ul>[\/vc_column_inner][\/vc_row_inner][vc_empty_space height=&#8221;40px&#8221;][vc_column_text]<\/p>\n<h2>As Featured In<\/h2>\n<p>[\/vc_column_text][vc_row_inner css=&#8221;.vc_custom_1458218912137{margin-bottom: 15px !important;}&#8221;][vc_column_inner width=&#8221;1\/3&#8243;][vc_single_image image=&#8221;121&#8243; img_size=&#8221;full&#8221;][\/vc_column_inner][vc_column_inner width=&#8221;1\/3&#8243;][vc_single_image image=&#8221;119&#8243; img_size=&#8221;full&#8221;][\/vc_column_inner][vc_column_inner width=&#8221;1\/3&#8243;][vc_single_image image=&#8221;120&#8243; img_size=&#8221;full&#8221;][\/vc_column_inner][\/vc_row_inner][\/vc_column][\/vc_row][vc_row full_width=&#8221;stretch_row&#8221; css=&#8221;.vc_custom_1465020046433{padding-top: 30px !important;padding-bottom: 30px !important;}&#8221; el_class=&#8221;dt-sc-background-two white-text&#8221;][vc_column css=&#8221;.vc_custom_1458278632137{padding-right: 0px !important;padding-left: 0px !important;}&#8221;][vc_row_inner el_class=&#8221;contact-with-border aligncenter&#8221;][vc_column_inner width=&#8221;1\/4&#8243; css=&#8221;.vc_custom_1462878361579{margin-right: 0px !important;margin-left: 0px !important;padding-right: 0px !important;padding-left: 0px !important;}&#8221;][vc_column_text css=&#8221;.vc_custom_1651156857610{margin-top: 0px !important;margin-right: 0px !important;margin-bottom: 0px !important;margin-left: 0px !important;}&#8221;]<div class='dt-sc-contact-info  '><span class='fa fa-phone'> <\/span>0(232) 999 12 48<\/div>[\/vc_column_text][\/vc_column_inner][vc_column_inner width=&#8221;1\/4&#8243; css=&#8221;.vc_custom_1462876896957{margin-right: 0px !important;margin-left: -20px !important;padding-right: 0px !important;padding-left: 0px !important;}&#8221;][vc_column_text css=&#8221;.vc_custom_1651156874800{margin-top: 0px !important;margin-right: 0px !important;margin-bottom: 0px !important;margin-left: 0px !important;}&#8221;]<div class='dt-sc-contact-info  '><span class='fa fa-envelope'> <\/span>info@opdrserdar.com<\/div>[\/vc_column_text][\/vc_column_inner][vc_column_inner width=&#8221;1\/2&#8243; css=&#8221;.vc_custom_1462878372720{margin-right: 0px !important;margin-left: 0px !important;padding-right: 0px !important;padding-left: 0px !important;}&#8221;][vc_column_text css=&#8221;.vc_custom_1651157030268{margin-top: 0px !important;margin-right: 0px !important;margin-bottom: 0px !important;margin-left: 0px !important;}&#8221;]<div class='dt-sc-contact-info  '><span class='fa fa-map-marker'> <\/span>Alsancak Mah.Talatpa\u015fa Bulv. Sema Apt. No:75 K:3 D:11 \u0130zmir<\/div>[\/vc_column_text][\/vc_column_inner][\/vc_row_inner][\/vc_column][\/vc_row][vc_row][vc_column][vc_empty_space height=&#8221;100px&#8221;][\/vc_column][\/vc_row][vc_row full_width=&#8221;stretch_row&#8221; content_placement=&#8221;middle&#8221; css=&#8221;.vc_custom_1652541738801{background-image: url(https:\/\/opdrserdar.com\/ar\/wp-content\/uploads\/2022\/05\/appointment-parallax.jpg?id=9960) !important;background-position: 0 0 !important;background-repeat: no-repeat !important;}&#8221; el_class=&#8221;white-text appointment-form&#8221; addstyles=&#8221;overflow: visible; background-position: bottom !important;&#8221;][vc_column width=&#8221;1\/2&#8243; el_class=&#8221;dt-sc-three-fifth&#8221; offset=&#8221;vc_hidden-sm vc_hidden-xs&#8221;][vc_single_image image=&#8221;10410&#8243; img_size=&#8221;full&#8221; alignment=&#8221;center&#8221; css=&#8221;.vc_custom_1661162779358{margin-bottom: -1px !important;}&#8221;][\/vc_column][vc_column width=&#8221;1\/2&#8243; el_class=&#8221;dt-sc-two-fifth&#8221; addstyles=&#8221;float: right;&#8221;][vc_empty_space height=&#8221;95px&#8221;][vc_column_text el_class=&#8221;inherit&#8221;]<div class='dt-sc-small-separator '><\/div>\n<h2>\u0627\u062a\u0635\u0644 \u0628\u0646\u0627<\/h2>\n<div class='dt-sc-clear '> <\/div>[\/vc_column_text]<div role=\"form\" class=\"wpcf7\" id=\"wpcf7-f329-o1\" lang=\"en-US\" dir=\"ltr\">\n<div class=\"screen-reader-response\"><p role=\"status\" aria-live=\"polite\" aria-atomic=\"true\"><\/p> <ul><\/ul><\/div>\n<form action=\"\/ar\/wp-json\/wp\/v2\/pages\/4#wpcf7-f329-o1\" method=\"post\" class=\"wpcf7-form init\" novalidate=\"novalidate\" data-status=\"init\">\n<div style=\"display: none;\">\n<input type=\"hidden\" name=\"_wpcf7\" value=\"329\" \/>\n<input type=\"hidden\" name=\"_wpcf7_version\" value=\"5.5.6\" \/>\n<input type=\"hidden\" name=\"_wpcf7_locale\" value=\"en_US\" \/>\n<input type=\"hidden\" name=\"_wpcf7_unit_tag\" value=\"wpcf7-f329-o1\" \/>\n<input type=\"hidden\" name=\"_wpcf7_container_post\" value=\"0\" \/>\n<input type=\"hidden\" name=\"_wpcf7_posted_data_hash\" value=\"\" \/>\n<\/div>\n<p>[vc_row][vc_column]<span class=\"wpcf7-form-control-wrap name\"><input type=\"text\" name=\"name\" value=\"\" size=\"40\" class=\"wpcf7-form-control wpcf7-text wpcf7-validates-as-required\" aria-required=\"true\" aria-invalid=\"false\" placeholder=\"Name\" \/><\/span>[\/vc_column][vc_empty_space height=\"2px\"][vc_column]<span class=\"wpcf7-form-control-wrap phonumber\"><input type=\"tel\" name=\"phonumber\" value=\"\" size=\"40\" class=\"wpcf7-form-control wpcf7-text wpcf7-tel wpcf7-validates-as-required wpcf7-validates-as-tel\" aria-required=\"true\" aria-invalid=\"false\" placeholder=\"Telephone\" \/><\/span>[\/vc_column][vc_empty_space height=\"2px\"][vc_column]<span class=\"wpcf7-form-control-wrap servicetype\"><select name=\"servicetype\" class=\"wpcf7-form-control wpcf7-select wpcf7-validates-as-required\" aria-required=\"true\" aria-invalid=\"false\"><option value=\"Surgical Field\">Surgical Field<\/option><option value=\"Anal Region Surgery\">Anal Region Surgery<\/option><option value=\"Endocrine System Surgery\">Endocrine System Surgery<\/option><option value=\"Digestive System Surgery\">Digestive System Surgery<\/option><option value=\"Hernia Surgery\">Hernia Surgery<\/option><option value=\"Minor Surgical Operations\">Minor Surgical Operations<\/option><\/select><\/span>[\/vc_column][vc_empty_space height=\"2px\"][vc_column]<span class=\"wpcf7-form-control-wrap staffname\"><select name=\"staffname\" class=\"wpcf7-form-control wpcf7-select wpcf7-validates-as-required\" aria-required=\"true\" aria-invalid=\"false\"><option value=\"Doctor\">Doctor<\/option><option value=\"Serdar K\u00fc\u00e7\u00fckalio\u011flu\">Serdar K\u00fc\u00e7\u00fckalio\u011flu<\/option><\/select><\/span>[\/vc_column][vc_empty_space height=\"2px\"][vc_column]<span class=\"wpcf7-form-control-wrap date\"><input type=\"date\" name=\"date\" value=\"\" class=\"wpcf7-form-control wpcf7-date wpcf7-validates-as-required wpcf7-validates-as-date\" aria-required=\"true\" aria-invalid=\"false\" placeholder=\"Available on - Yyyy-Mm-Dd\" \/><\/span>[\/vc_column][vc_empty_space height=\"2px\"][vc_column width=\"1\/2\"]<span class=\"wpcf7-form-control-wrap start-time\"><select name=\"start-time\" class=\"wpcf7-form-control wpcf7-select start-time\" aria-invalid=\"false\"><option value=\"from\">from<\/option><option value=\"8:00 am\">8:00 am<\/option><option value=\"9:00 am\">9:00 am<\/option><option value=\"10:00 am\">10:00 am<\/option><option value=\"11:00 am\">11:00 am<\/option><option value=\"12:00 pm\">12:00 pm<\/option><option value=\"1:00 pm\">1:00 pm<\/option><option value=\"2:00 pm\">2:00 pm<\/option><option value=\"3:00 pm\">3:00 pm<\/option><option value=\"4:00 pm\">4:00 pm<\/option><option value=\"5:00 pm\">5:00 pm<\/option><option value=\"6:00 pm\">6:00 pm<\/option><option value=\"7:00 pm\">7:00 pm<\/option><option value=\"8:00 pm\">8:00 pm<\/option><option value=\"9:00 pm\">9:00 pm<\/option><option value=\"10:00 pm\">10:00 pm<\/option><option value=\"11:00 pm\">11:00 pm<\/option><\/select><\/span>[\/vc_column][vc_column width=\"1\/2\"] <span class=\"wpcf7-form-control-wrap end-time\"><select name=\"end-time\" class=\"wpcf7-form-control wpcf7-select end-time\" aria-invalid=\"false\"><option value=\"to\">to<\/option><option value=\"8:00 am\">8:00 am<\/option><option value=\"9:00 am\">9:00 am<\/option><option value=\"10:00 am\">10:00 am<\/option><option value=\"11:00 am\">11:00 am<\/option><option value=\"12:00 pm\">12:00 pm<\/option><option value=\"1:00 pm\">1:00 pm<\/option><option value=\"2:00 pm\">2:00 pm<\/option><option value=\"3:00 pm\">3:00 pm<\/option><option value=\"4:00 pm\">4:00 pm<\/option><option value=\"5:00 pm\">5:00 pm<\/option><option value=\"6:00 pm\">6:00 pm<\/option><option value=\"7:00 pm\">7:00 pm<\/option><option value=\"8:00 pm\">8:00 pm<\/option><option value=\"9:00 pm\">9:00 pm<\/option><option value=\"10:00 pm\">10:00 pm<\/option><option value=\"11:00 pm\">11:00 pm<\/option><\/select><\/span>[\/vc_column][vc_empty_space height=\"2px\"][vc_column]<input type=\"submit\" value=\"Submit\" class=\"wpcf7-form-control has-spinner wpcf7-submit\" \/>[\/vc_column][\/vc_row]<\/p>\n<div class=\"wpcf7-response-output\" aria-hidden=\"true\"><\/div><\/form><\/div>[\/vc_column][\/vc_row][vc_row][vc_column][vc_empty_space height=&#8221;100px&#8221;][\/vc_column][\/vc_row]<\/p>\n","protected":false},"excerpt":{"rendered":"<p>[vc_row][vc_column][vc_empty_space height=&#8221;100px&#8221;][\/vc_column][vc_column][vc_column_text el_class=&#8221;aligncenter&#8221;] \u062e\u062f\u0645\u0627\u062a\u0646\u0627 [\/vc_column_text][\/vc_column][vc_column][vc_empty_space][\/vc_column][vc_column][vc_row_inner][vc_column_inner width=&#8221;1\/4&#8243; css=&#8221;.vc_custom_1458192848305{padding-top: 0px !important;padding-right: 0px !important;padding-bottom: 0px !important;padding-left: 0px !important;}&#8221;][\/vc_column_inner][vc_column_inner width=&#8221;1\/4&#8243; css=&#8221;.vc_custom_1458192854380{padding-top: 0px !important;padding-right: 0px !important;padding-bottom: 0px !important;padding-left: 0px !important;}&#8221;][\/vc_column_inner][vc_column_inner width=&#8221;1\/4&#8243; css=&#8221;.vc_custom_1458192860997{padding-top: 0px !important;padding-right: 0px !important;padding-bottom: 0px !important;padding-left: 0px !important;}&#8221;][\/vc_column_inner][vc_column_inner width=&#8221;1\/4&#8243; css=&#8221;.vc_custom_1458192867374{padding-top: 0px !important;padding-right: 0px !important;padding-bottom: 0px !important;padding-left: 0px !important;}&#8221;][\/vc_column_inner][\/vc_row_inner][\/vc_column][vc_column offset=&#8221;vc_hidden-md vc_hidden-sm vc_hidden-xs&#8221;][vc_empty_space height=&#8221;105px&#8221;][\/vc_column][\/vc_row][vc_row el_class=&#8221;parallax-quote-content&#8221;][vc_column css=&#8221;.vc_custom_1461753611726{padding-top: 60px !important;padding-right: 40px !important;padding-bottom: [&hellip;]<\/p>\n","protected":false},"author":1,"featured_media":0,"parent":0,"menu_order":0,"comment_status":"closed","ping_status":"closed","template":"","meta":[],"_links":{"self":[{"href":"https:\/\/opdrserdar.com\/ar\/wp-json\/wp\/v2\/pages\/4"}],"collection":[{"href":"https:\/\/opdrserdar.com\/ar\/wp-json\/wp\/v2\/pages"}],"about":[{"href":"https:\/\/opdrserdar.com\/ar\/wp-json\/wp\/v2\/types\/page"}],"author":[{"embeddable":true,"href":"https:\/\/opdrserdar.com\/ar\/wp-json\/wp\/v2\/users\/1"}],"replies":[{"embeddable":true,"href":"https:\/\/opdrserdar.com\/ar\/wp-json\/wp\/v2\/comments?post=4"}],"version-history":[{"count":29,"href":"https:\/\/opdrserdar.com\/ar\/wp-json\/wp\/v2\/pages\/4\/revisions"}],"predecessor-version":[{"id":10431,"href":"https:\/\/opdrserdar.com\/ar\/wp-json\/wp\/v2\/pages\/4\/revisions\/10431"}],"wp:attachment":[{"href":"https:\/\/opdrserdar.com\/ar\/wp-json\/wp\/v2\/media?parent=4"}],"curies":[{"name":"wp","href":"https:\/\/api.w.org\/{rel}","templated":true}]}}