{"id":10,"date":"2022-05-14T10:03:05","date_gmt":"2022-05-14T10:03:05","guid":{"rendered":"http:\/\/onelifewp.local\/?page_id=10"},"modified":"2022-10-06T15:38:07","modified_gmt":"2022-10-06T15:38:07","slug":"endokrin-sistemi-cerrahisi","status":"publish","type":"page","link":"https:\/\/opdrserdar.com\/de\/endokrin-sistemi-cerrahisi\/","title":{"rendered":"Chirurgie des Endokrinen Systems"},"content":{"rendered":"<p>[vc_row][vc_column][vc_column_text el_class=&#8221;aligncenter&#8221;]<div class='dt-sc-small-separator '><\/div>\n<h2>Chirurgie des endokrinen Systems<\/h2>\n<div class='dt-sc-clear '> <\/div>[\/vc_column_text][vc_empty_space height=&#8221;25px&#8221;][\/vc_column][vc_column width=&#8221;1\/3&#8243;]<div class='dt-sc-single-hexagon '><div class='dt-sc-single-hexagon-overlay'><span class=''> <\/span><h4>Schilddr\u00fcsenkrebs<\/h4>Schilddr\u00fcsenkrebs verursacht in der Regel keine Symptome. Es kann bei Patienten auftreten, die wegen Kropf beobachtet werden, oder zuf\u00e4llig bei Untersuchungen auf eine andere Krankheit.<a href=\"https:\/\/opdrserdar.com\/de\/endokrin-sistemi-cerrahisi\/tiroid-kanseri\/\">(GEHE ZU SEITE)<\/a><\/div><\/div>[\/vc_column][vc_column width=&#8221;1\/3&#8243;]<div class='dt-sc-single-hexagon '><div class='dt-sc-single-hexagon-overlay'><span class=''> <\/span><h4>Gutartige Schilddr\u00fcsenbehandlungen<\/h4>Wenn der Schilddr\u00fcsenknoten beim Patienten keine Beschwerden verursacht und bei Ultraschallkontrollen nicht w\u00e4chst, ist keine Behandlung erforderlich, nur eine Nachsorge ist ausreichend.<a href=\"https:\/\/opdrserdar.com\/de\/endokrin-sistemi-cerrahisi\/iyi-huylu-tiroid-tedavileri\/\">(GEHE ZU SEITE)<\/a><\/div><\/div>[\/vc_column][vc_column width=&#8221;1\/3&#8243;]<div class='dt-sc-single-hexagon '><div class='dt-sc-single-hexagon-overlay'><span class=''> <\/span><h4>Nebenschilddr\u00fcsenhyperplasie<\/h4>Bei gutartigen oder b\u00f6sartigen Tumoren der Nebenschilddr\u00fcse ist oft nur eine Nebenschilddr\u00fcse betroffen. Die anderen drei Dr\u00fcsen sind gesund. Bei der Hyperplasie betrifft die Krankheit alle vier Dr\u00fcsen. <a href=\"https:\/\/opdrserdar.com\/de\/endokrin-sistemi-cerrahisi\/paratiroid-hiperplazisi\/\">(GEHE ZU SEITE)<\/a><\/div><\/div>[\/vc_column][\/vc_row][vc_row][vc_column width=&#8221;1\/2&#8243; el_class=&#8221;float-right&#8221; css=&#8221;.vc_custom_1463980246711{margin-top: -36px !important;padding-right: 38px !important;}&#8221; offset=&#8221;vc_hidden-md vc_hidden-sm&#8221;]<div class='dt-sc-single-hexagon '><div class='dt-sc-single-hexagon-overlay'><span class=''> <\/span><h4>Nebennierentumoren<\/h4>Nebennierenkrebs, der weltweit nicht sehr h\u00e4ufig ist, tritt meist im Kindesalter auf und wird fr\u00fchzeitig behandelt.<a href=\"https:\/\/opdrserdar.com\/de\/endokrin-sistemi-cerrahisi\/bobrekustu-bezi-tumorleri\/\">(GEHE ZU SEITE)<\/a><\/div><\/div>[\/vc_column][vc_column width=&#8221;1\/2&#8243; el_class=&#8221;float-left&#8221; css=&#8221;.vc_custom_1463980265226{margin-top: -36px !important;padding-left: 38px !important;}&#8221; offset=&#8221;vc_hidden-md vc_hidden-sm&#8221;]<div class='dt-sc-single-hexagon '><div class='dt-sc-single-hexagon-overlay'><span class=''> <\/span><h4>Nierentumoren<\/h4>Die \u00fcberwiegende Mehrheit der Tumore in der Niere, fast 95 %, sind Krebs. Wenn wir also Nierentumor sagen, meinen wir Krebs.<a href=\"https:\/\/opdrserdar.com\/de\/endokrin-sistemi-cerrahisi\/bobrek-tumorleri\/\">(GEHE ZU SEITE)<\/a><\/div><\/div>[\/vc_column][\/vc_row][vc_row][vc_column width=&#8221;1\/3&#8243;]<div class='dt-sc-single-hexagon '><div class='dt-sc-single-hexagon-overlay'><span class=''> <\/span><h4>Brustkrebs<\/h4>Der wichtigste Risikofaktor f\u00fcr Brustkrebs ist zweifellos das Geschlecht. Brustkrebs, der bei M\u00e4nnern mit einer Rate von einem Prozent gefunden wird, \u00fcbersteigt diese Zahl bei Frauen.<a href=\"https:\/\/opdrserdar.com\/de\/endokrin-sistemi-cerrahisi\/meme-kanseri\/\">(GEHE ZU SEITE)<\/a><\/div><\/div>[\/vc_column][vc_column width=&#8221;1\/3&#8243;]<div class='dt-sc-single-hexagon '><div class='dt-sc-single-hexagon-overlay'><span class=''> <\/span><h4>Brustverkleinerung<\/h4>Obwohl das Ziel der Brustverkleinerung darin besteht, die gr\u00f6\u00dfere Brust zu verkleinern und ein \u00e4sthetischeres Erscheinungsbild zu schaffen, ist die Operation tats\u00e4chlich so.<a href=\"https:\/\/opdrserdar.com\/de\/endokrin-sistemi-cerrahisi\/meme-kucultme\/\">(GEHE ZU SEITE)<\/a><\/div><\/div>[\/vc_column][vc_column width=&#8221;1\/3&#8243;]<div class='dt-sc-single-hexagon '><div class='dt-sc-single-hexagon-overlay'><span class=''> <\/span><h4>Gutartige Erkrankungen der Brust<\/h4>Einige der Anzeichen und Symptome von Brustkrebs und gutartigen Erkrankungen der Brust sind h\u00e4ufig. Da<a href=\"https:\/\/opdrserdar.com\/de\/endokrin-sistemi-cerrahisi\/iyi-huylu-meme-hastaliklari\/\">(GEHE ZU SEITE)<\/a><\/div><\/div>[\/vc_column][\/vc_row][vc_row][vc_column width=&#8221;1\/2&#8243; el_class=&#8221;float-right&#8221; css=&#8221;.vc_custom_1463980246711{margin-top: -36px !important;padding-right: 38px !important;}&#8221; offset=&#8221;vc_hidden-md vc_hidden-sm&#8221;]<div class='dt-sc-single-hexagon '><div class='dt-sc-single-hexagon-overlay'><span class=''> <\/span><h4>Ptosis der Brust<\/h4>Eine Bruststraffung kann bei allen Frauen durchgef\u00fchrt werden, die h\u00e4ngende Br\u00fcste haben und keine gesundheitlichen Probleme haben, entbunden haben oder nicht.<a href=\"https:\/\/opdrserdar.com\/de\/endokrin-sistemi-cerrahisi\/meme-pitozu\/\">(GEHE ZU SEITE)<\/a><\/div><\/div>[\/vc_column][vc_column width=&#8221;1\/2&#8243; el_class=&#8221;float-left&#8221; css=&#8221;.vc_custom_1463980265226{margin-top: -36px !important;padding-left: 38px !important;}&#8221; offset=&#8221;vc_hidden-md vc_hidden-sm&#8221;]<div class='dt-sc-single-hexagon '><div class='dt-sc-single-hexagon-overlay'><span class=''> <\/span><h4>Onkoplastische Behandlung<\/h4>W\u00e4hrend die chirurgische Behandlung von Brustkrebs durchgef\u00fchrt wird, ist die onkoplastische Chirurgie kosmetischer, indem sie die Prinzipien der plastischen Chirurgie anwendet, ohne die onkologischen Prinzipien zu beeintr\u00e4chtigen.<a href=\"https:\/\/opdrserdar.com\/de\/endokrin-sistemi-cerrahisi\/onkoplastik-tedavi\/\">(GEHE ZU SEITE)<\/a><\/div><\/div>[\/vc_column][\/vc_row][vc_row][vc_column][vc_empty_space][\/vc_column][\/vc_row]<\/p>\n","protected":false},"excerpt":{"rendered":"<p>[vc_row][vc_column][vc_column_text el_class=&#8221;aligncenter&#8221;] Chirurgie des endokrinen Systems [\/vc_column_text][vc_empty_space height=&#8221;25px&#8221;][\/vc_column][vc_column width=&#8221;1\/3&#8243;][\/vc_column][vc_column width=&#8221;1\/3&#8243;][\/vc_column][vc_column width=&#8221;1\/3&#8243;][\/vc_column][\/vc_row][vc_row][vc_column width=&#8221;1\/2&#8243; el_class=&#8221;float-right&#8221; css=&#8221;.vc_custom_1463980246711{margin-top: -36px !important;padding-right: 38px !important;}&#8221; offset=&#8221;vc_hidden-md vc_hidden-sm&#8221;][\/vc_column][vc_column width=&#8221;1\/2&#8243; el_class=&#8221;float-left&#8221; css=&#8221;.vc_custom_1463980265226{margin-top: -36px !important;padding-left: 38px !important;}&#8221; offset=&#8221;vc_hidden-md vc_hidden-sm&#8221;][\/vc_column][\/vc_row][vc_row][vc_column width=&#8221;1\/3&#8243;][\/vc_column][vc_column width=&#8221;1\/3&#8243;][\/vc_column][vc_column width=&#8221;1\/3&#8243;][\/vc_column][\/vc_row][vc_row][vc_column width=&#8221;1\/2&#8243; el_class=&#8221;float-right&#8221; css=&#8221;.vc_custom_1463980246711{margin-top: -36px !important;padding-right: 38px !important;}&#8221; offset=&#8221;vc_hidden-md vc_hidden-sm&#8221;][\/vc_column][vc_column width=&#8221;1\/2&#8243; el_class=&#8221;float-left&#8221; css=&#8221;.vc_custom_1463980265226{margin-top: -36px !important;padding-left: 38px !important;}&#8221; offset=&#8221;vc_hidden-md vc_hidden-sm&#8221;][\/vc_column][\/vc_row][vc_row][vc_column][vc_empty_space][\/vc_column][\/vc_row]<\/p>\n","protected":false},"author":1,"featured_media":0,"parent":0,"menu_order":0,"comment_status":"closed","ping_status":"closed","template":"","meta":[],"_links":{"self":[{"href":"https:\/\/opdrserdar.com\/de\/wp-json\/wp\/v2\/pages\/10"}],"collection":[{"href":"https:\/\/opdrserdar.com\/de\/wp-json\/wp\/v2\/pages"}],"about":[{"href":"https:\/\/opdrserdar.com\/de\/wp-json\/wp\/v2\/types\/page"}],"author":[{"embeddable":true,"href":"https:\/\/opdrserdar.com\/de\/wp-json\/wp\/v2\/users\/1"}],"replies":[{"embeddable":true,"href":"https:\/\/opdrserdar.com\/de\/wp-json\/wp\/v2\/comments?post=10"}],"version-history":[{"count":25,"href":"https:\/\/opdrserdar.com\/de\/wp-json\/wp\/v2\/pages\/10\/revisions"}],"predecessor-version":[{"id":10609,"href":"https:\/\/opdrserdar.com\/de\/wp-json\/wp\/v2\/pages\/10\/revisions\/10609"}],"wp:attachment":[{"href":"https:\/\/opdrserdar.com\/de\/wp-json\/wp\/v2\/media?parent=10"}],"curies":[{"name":"wp","href":"https:\/\/api.w.org\/{rel}","templated":true}]}}