{"id":10030,"date":"2022-05-30T18:35:32","date_gmt":"2022-05-30T18:35:32","guid":{"rendered":"https:\/\/opdrserdar.com\/de\/?page_id=10030"},"modified":"2022-10-06T13:37:43","modified_gmt":"2022-10-06T13:37:43","slug":"fitik-cerrahisi","status":"publish","type":"page","link":"https:\/\/opdrserdar.com\/de\/fitik-cerrahisi\/","title":{"rendered":"Hernienchirurgie"},"content":{"rendered":"<p>[vc_row][vc_column][vc_column_text el_class=&#8221;aligncenter&#8221;]<div class='dt-sc-small-separator '><\/div>\n<h2>Hernienchirurgie<\/h2>\n<div class='dt-sc-clear '> <\/div>[\/vc_column_text][vc_empty_space height=&#8221;25px&#8221;][\/vc_column][vc_column width=&#8221;1\/3&#8243;]<div class='dt-sc-single-hexagon '><div class='dt-sc-single-hexagon-overlay'><span class=''> <\/span><h4>Leistenhernien<\/h4>Leistenbruch ist die Schwellung unter der Haut, die durch das Herausragen von Organen wie dem D\u00fcnndarm und Darmfett im Bauch aus den schwachen Bereichen der Bauchwand verursacht wird<a href=\"https:\/\/opdrserdar.com\/de\/fitik-cerrahisi\/kasik-fitiklari\/\">(GEHE ZU SEITE)<\/a><\/div><\/div>[\/vc_column][vc_column width=&#8221;1\/3&#8243;]<div class='dt-sc-single-hexagon '><div class='dt-sc-single-hexagon-overlay'><span class=''> <\/span><h4>Postoperative Hernien<\/h4>Auch Narbenhernie oder postoperative Hernie genannt, ist diese Hernienart das Ergebnis einer vorangegangenen Laparotomie, also Bauchoperationen. <a href=\"https:\/\/opdrserdar.com\/de\/fitik-cerrahisi\/postoperatif-fitiklari\/\">(GEHE ZU SEITE)<\/a><\/div><\/div>[\/vc_column][vc_column width=&#8221;1\/3&#8243;]<div class='dt-sc-single-hexagon '><div class='dt-sc-single-hexagon-overlay'><span class=''> <\/span><h4>Interne Hernien<\/h4><strong>Innere Hernie<\/strong>; Es tritt auf, wenn Organe in potenzielle R\u00e4ume im Bauch eindringen. Eine Bauchschwellung wird nicht festgestellt.<a href=\"https:\/\/opdrserdar.com\/de\/fitik-cerrahisi\/internal-fitiklari\/\">(GEHE ZU SEITE)<\/a><\/div><\/div>[\/vc_column][\/vc_row][vc_row][vc_column width=&#8221;1\/3&#8243;]<div class='dt-sc-single-hexagon '><div class='dt-sc-single-hexagon-overlay'><span class=''> <\/span><h4>Ventrale Hernien<\/h4>Der Zustand der Vorw\u00f6lbung und Kompression der Bauchorgane aus einem geschw\u00e4chten Bereich der vorderen Bauchwand wird als vorderer Bauchwandbruch bezeichnet.<a href=\"https:\/\/opdrserdar.com\/de\/fitik-cerrahisi\/ventral-fitiklar\/\">(GEHE ZU SEITE)<\/a><\/div><\/div>[\/vc_column][vc_column width=&#8221;1\/3&#8243;]<div class='dt-sc-single-hexagon '><div class='dt-sc-single-hexagon-overlay'><span class=''> <\/span><h4>Rektusdiastase<\/h4>Wenn Sie das Gef\u00fchl haben, dass Ihr Bauch aufgrund von Fettleibigkeit oder Schwangerschaft \u00fcberdehnt ist, k\u00f6nnen Ihre Bauchmuskeln, die als \u201eRectus abdominis\u201c bezeichnet werden, besch\u00e4digt werden.<a href=\"https:\/\/opdrserdar.com\/de\/fitik-cerrahisi\/rektus-diyastazi\/\">(GEHE ZU SEITE)<\/a><\/div><\/div>[\/vc_column][vc_column width=&#8221;1\/3&#8243;]<div class='dt-sc-single-hexagon '><div class='dt-sc-single-hexagon-overlay'><span class=''> <\/span><h4>Magenhernien<\/h4>Schwerwiegende Symptome eines Magenbruchs treten abh\u00e4ngig vom Grad der Hernie auf. Der Empfindungswinkel tritt an der Verbindung von Speiser\u00f6hre und Magen auf.<a href=\"https:\/\/opdrserdar.com\/de\/fitik-cerrahisi\/mide-fitigi\/\">(GEHE ZU SEITE)<\/a><\/div><\/div>[\/vc_column][\/vc_row][vc_row][vc_column][vc_empty_space][\/vc_column][\/vc_row]<\/p>\n","protected":false},"excerpt":{"rendered":"<p>[vc_row][vc_column][vc_column_text el_class=&#8221;aligncenter&#8221;] Hernienchirurgie [\/vc_column_text][vc_empty_space height=&#8221;25px&#8221;][\/vc_column][vc_column width=&#8221;1\/3&#8243;][\/vc_column][vc_column width=&#8221;1\/3&#8243;][\/vc_column][vc_column width=&#8221;1\/3&#8243;][\/vc_column][\/vc_row][vc_row][vc_column width=&#8221;1\/3&#8243;][\/vc_column][vc_column width=&#8221;1\/3&#8243;][\/vc_column][vc_column width=&#8221;1\/3&#8243;][\/vc_column][\/vc_row][vc_row][vc_column][vc_empty_space][\/vc_column][\/vc_row]<\/p>\n","protected":false},"author":1,"featured_media":0,"parent":0,"menu_order":0,"comment_status":"closed","ping_status":"closed","template":"","meta":[],"_links":{"self":[{"href":"https:\/\/opdrserdar.com\/de\/wp-json\/wp\/v2\/pages\/10030"}],"collection":[{"href":"https:\/\/opdrserdar.com\/de\/wp-json\/wp\/v2\/pages"}],"about":[{"href":"https:\/\/opdrserdar.com\/de\/wp-json\/wp\/v2\/types\/page"}],"author":[{"embeddable":true,"href":"https:\/\/opdrserdar.com\/de\/wp-json\/wp\/v2\/users\/1"}],"replies":[{"embeddable":true,"href":"https:\/\/opdrserdar.com\/de\/wp-json\/wp\/v2\/comments?post=10030"}],"version-history":[{"count":6,"href":"https:\/\/opdrserdar.com\/de\/wp-json\/wp\/v2\/pages\/10030\/revisions"}],"predecessor-version":[{"id":10604,"href":"https:\/\/opdrserdar.com\/de\/wp-json\/wp\/v2\/pages\/10030\/revisions\/10604"}],"wp:attachment":[{"href":"https:\/\/opdrserdar.com\/de\/wp-json\/wp\/v2\/media?parent=10030"}],"curies":[{"name":"wp","href":"https:\/\/api.w.org\/{rel}","templated":true}]}}