{"id":10095,"date":"2022-06-01T11:51:07","date_gmt":"2022-06-01T11:51:07","guid":{"rendered":"https:\/\/opdrserdar.com\/de\/?page_id=10095"},"modified":"2022-10-06T11:32:49","modified_gmt":"2022-10-06T11:32:49","slug":"yemek-borusu-kanseri","status":"publish","type":"page","link":"https:\/\/opdrserdar.com\/de\/sindirim-sistemi-cerrahisi\/yemek-borusu-kanseri\/","title":{"rendered":"Speiser\u00f6hrenkrebs"},"content":{"rendered":"<p>[vc_row][vc_column][vc_column_text el_class=&#8221;aligncenter&#8221; css=&#8221;.vc_custom_1665055313458{margin-bottom: 20px !important;}&#8221;]<div class='dt-sc-small-separator '><\/div>\n<h2>Speiser\u00f6hrenkrebs<\/h2>\n<p>[\/vc_column_text]<div class='dt-sc-tabs-vertical-frame-container type2 inherit'><ul class='dt-sc-tabs-vertical-frame'><li><a href='#def1451042476-1-4497cc-d0bd'>Was ist die Speiser\u00f6hre?<\/a><\/li><li><a href='#1451042683126-1-297cc-d0bd'>Wer Bekommt Speiser\u00f6hrenkrebs?<\/a><\/li><li><a href='#1451042704680-2-497cc-d0bd'>Arten von Speiser\u00f6hrenkrebs<\/a><\/li><li><a href='#1451042719561-3-997cc-d0bd'>Ursachen von Speiser\u00f6hrenkrebs<\/a><\/li><li><a href='#1654083220658-4-597cc-d0bd'>Was sind die Symptome von Speiser\u00f6hrenkrebs?<\/a><\/li><li><a href='#1654083283686-5-497cc-d0bd'>Speiser\u00f6hrenkrebs Stadien<\/a><\/li><li><a href='#1654083377436-6-497cc-d0bd'>Risikofaktoren bei Speiser\u00f6hrenkrebs<\/a><\/li><li><a href='#1654083378601-7-1097cc-d0bd'>Diagnostische Methoden f\u00fcr Speiser\u00f6hrenkrebs<\/a><\/li><li><a href='#1654083472165-8-597cc-d0bd'>Behandlungen von Speiser\u00f6hrenkrebs<\/a><\/li><\/ul><div class='dt-sc-tabs-vertical-frame-content'>[vc_column_text css=&#8221;.vc_custom_1665055411438{margin-bottom: 10px !important;}&#8221;]<\/p>\n<h3><strong>Was ist die Speiser\u00f6hre?<\/strong><\/h3>\n<p>Die Speiser\u00f6hre ist ein Hohlorgan, das f\u00fcr den Transport der Nahrung zum Magen zust\u00e4ndig ist. Die Speiser\u00f6hre, so der medizinische Name der Speiser\u00f6hre, befindet sich im Brustkorb. Und ausgehend vom unteren Teil der Mundh\u00f6hle erstreckt es sich vom R\u00fcckenmark und der Luftr\u00f6hre bis zum Magen. Seine L\u00e4nge variiert zwischen 25 und 30 cm. Krebserkrankungen, die in der Speiser\u00f6hre auftreten, werden auch Speiser\u00f6hrenkrebs oder Speiser\u00f6hrenkrebs genannt. Speiser\u00f6hrenkrebs ist seltener als andere Krebsarten. Diese Art von Krebs beginnt normalerweise in Zellen in der Speiser\u00f6hre. Krebs kann in jedem Teil der Speiser\u00f6hre auftreten. M\u00e4nner erkranken h\u00e4ufiger an diesem Krebs als Frauen. Speiser\u00f6hrenkrebs ist in einigen Regionen h\u00e4ufiger als Ess- und Trinkgewohnheiten.[\/vc_column_text]<\/div><div class='dt-sc-tabs-vertical-frame-content'>[vc_column_text css=&#8221;.vc_custom_1665055495835{margin-bottom: 10px !important;}&#8221;]<\/p>\n<h3><strong>Wer bekommt Speiser\u00f6hrenkrebs?<\/strong><\/h3>\n<p>Diese Art von Krebs wird bei fast 5.000 Patienten pro Jahr beobachtet. Es wird in einigen Regionen je nach Ess- und Trinkgewohnheiten h\u00e4ufiger gesehen. Beispielsweise ist Plattenepithelkarzinom der Speiser\u00f6hre h\u00e4ufiger in Provinzen wie Erzurum, A\u011fr\u0131 und Kars in der ostanatolischen Region der T\u00fcrkei. Der Grund daf\u00fcr ist, dass es in der \u00f6stlichen Region \u00fcblich ist, Fleisch statt Gem\u00fcse zu essen. Dar\u00fcber hinaus sind h\u00e4ufiger Konsum von Getr\u00e4nken wie sehr hei\u00dfer Tee wichtige Faktoren f\u00fcr Krebs. \u00dcberm\u00e4\u00dfiger Konsum von hei\u00dfen Getr\u00e4nken in k\u00e4lteren L\u00e4ndern erh\u00f6ht die Inzidenz von Speiser\u00f6hrenkrebs. Ein weiterer Faktor ist der Konsum von Alkohol und Zigaretten, und Menschen, die sie konsumieren, haben ein Risiko, an Speiser\u00f6hrenkrebs zu erkranken. Speiser\u00f6hrenkrebs tritt h\u00e4ufiger bei \u00e4lteren Menschen \u00fcber 60 Jahren auf. Es ist selten bei jungen Menschen.[\/vc_column_text]<\/div><div class='dt-sc-tabs-vertical-frame-content'>[vc_column_text css=&#8221;.vc_custom_1665055565168{margin-bottom: 10px !important;}&#8221;]<\/p>\n<h3><strong>Arten von Speiser\u00f6hrenkrebs<\/strong><\/h3>\n<p>Speiser\u00f6hrenkrebs wird nach Region und Zelltyp eingeteilt. Plattenepithelkarzinome Speiser\u00f6hrenkrebs und Adenokarzinom werden in 2 als Speiser\u00f6hrenkrebs unterteilt. Plattenepithelkarzinom (Plattenepithelkarzinom) der Speiser\u00f6hre ist ein Krebs, der von d\u00fcnnem Gewebe ausgeht, das von Zellen in der Speiser\u00f6hre gebildet wird. Diese Krebsart ist in der T\u00fcrkei h\u00e4ufiger. Wenn das Adenokarzinom Krebs der Speiser\u00f6hre ist, wird die Schleimhaut unter der Speiser\u00f6hre Galle und Magens\u00e4ure ausgesetzt, und die Schleimhaut ver\u00e4ndert ihre Form und beginnt, Dr\u00fcsen zu \u00e4hneln. Aus diesem Grund tritt diese Art von Krebs auf. Es ist h\u00e4ufiger als Plattenepithelkarzinom der Speiser\u00f6hre in den westlichen L\u00e4ndern. Diese beiden Krebsarten treten h\u00e4ufiger auf. Aber es gibt auch andere Arten von Krebs, die von Muskelgewebe ausgehen, die manchmal sehr selten sind. Speiser\u00f6hrenkrebs kann von Zellen ausgehen oder nach dem Abschnitt, in dem er sich befindet, unterteilt werden. Speiser\u00f6hrenkrebs kann beispielsweise in 3 verschiedenen Regionen gesehen werden: in der Brustspeiser\u00f6hre, im Hals und im Mageneingang. Plattenepithelkarzinome der Speiser\u00f6hre treten meist im oberen oder mittleren Bereich der Speiser\u00f6hre auf. Adenokarzinom Speiser\u00f6hrenkrebs wird normalerweise am Eingang des Magens und unterhalb der Speiser\u00f6hre gesehen.[\/vc_column_text]<\/div><div class='dt-sc-tabs-vertical-frame-content'>[vc_column_text css=&#8221;.vc_custom_1665055609459{margin-bottom: 10px !important;}&#8221;]<\/p>\n<h3><strong>Ursachen von Speiser\u00f6hrenkrebs<\/strong><\/h3>\n<p>Die Faktoren, die Plattenepithelkarzinome der Speiser\u00f6hre verursachen, sind im Allgemeinen der Konsum gro\u00dfer Mengen hei\u00dfer Getr\u00e4nke, Alkohol und Rauchen, und der Verzehr von verbrannten oder ger\u00e4ucherten Speisen kann Plattenepithelkarzinome der Speiser\u00f6hre verursachen. Adenokarzinom, eine andere Art von Speiser\u00f6hrenkrebs, wird meistens durch ein Refluxproblem verursacht. Reflux kann bei etwa 20 % der Menschen auftreten. Aber nicht jede Person mit Reflux bekommt Speiser\u00f6hrenkrebs. Erst bei lang anhaltender Refluxkrankheit und \u00fcberm\u00e4\u00dfigem Konsum von Alkohol und Zigaretten entsteht ein Barrett-\u00d6sophagus. Barrett-\u00d6sophagus ist ein sehr wichtiger Risikofaktor f\u00fcr Speiser\u00f6hrenkrebs. Die Ursachen von Speiser\u00f6hrenkrebs k\u00f6nnen manchmal verhindert werden. Abgesehen von diesen vermeidbaren Ursachen stellen einige Krankheiten und genetische Veranlagungen ein geringes Krebsrisiko dar. Der Verzicht auf Gem\u00fcse, stattdessen eine fleischbasierte Ern\u00e4hrung und der Verzehr von verbrannten Grillgerichten stellen ein erhebliches Risiko f\u00fcr Speiser\u00f6hrenkrebs dar.[\/vc_column_text]<\/div><div class='dt-sc-tabs-vertical-frame-content'>[vc_column_text]<\/p>\n<h3><strong>Was sind die Symptome von Speiser\u00f6hrenkrebs?<\/strong><\/h3>\n<p>Speiser\u00f6hrenkrebs hat wichtige und verst\u00e4ndliche Symptome. Schluckbeschwerden sind das h\u00e4ufigste und wichtigste Symptom. Dar\u00fcber hinaus k\u00f6nnen bei Speiser\u00f6hrenkrebs auch Symptome wie ein Gef\u00fchl von Engegef\u00fchl oder Schmerzen beim Schlucken beobachtet werden. Symptome sind bei Speiser\u00f6hrenkrebs sehr selten, es sei denn, der Tumor bedeckt den gr\u00f6\u00dften Teil der Speiser\u00f6hre. Da sich die Symptome erst sehr sp\u00e4t zeigen, kann sich der Tumor erst in sp\u00e4teren Stadien zeigen. Die ersten Symptome sind in der Regel Dinge wie n\u00e4chtliches Sabbern und Schmerzen beim Schlucken. Die Symptome k\u00f6nnen sich auch unterscheiden, je nachdem, in welcher Region der Speiser\u00f6hre der Tumor auftritt. Schlucken ist jedoch ein g\u00fcltiges Symptom f\u00fcr einen Tumor, der in jeder Region auftritt. Das wichtigste Symptom von Speiser\u00f6hrenkrebs im Halsbereich ist Heiserkeit. Husten ist ein Symptom von Krebs in der Mitte der Brust. Wenn Krebs in einem magennahen Bereich aufgetreten ist, ist sein Symptom ein schwerer Reflux. Blutungen sind bei Speiser\u00f6hrenkrebs selten. Blutungen treten im Darm auf. Die Symptome variieren je nach Stadium des Speiser\u00f6hrenkrebses.Die Symptome von Krebs im 1. Stadium fehlen normalerweise.Im 2. Krebsstadium manifestiert sich das Symptom durch Schluckbeschwerden. In diesem Stadium sind auch selten ein Gef\u00fchl der Besessenheit im Hals und Blutungen im Darm zu sehen.Im 3. Stadium manifestieren sich ernsthafte Schluckbeschwerden. Und der Patient hat gro\u00dfe Probleme, feste Nahrung zu sich zu nehmen. Au\u00dferdem kann Speichelfluss auftreten. Dieser Speichelfluss tritt jedoch in der Regel bei \u00e4lteren und nicht bei jungen Patienten auf.Im 4. Stadium \u00e4u\u00dfert sich ein starker Gewichtsverlust als Symptom. Manchmal k\u00f6nnen auch Husten und Knochenschmerzen hinzukommen.[\/vc_column_text]<\/div><div class='dt-sc-tabs-vertical-frame-content'>[vc_column_text]<\/p>\n<h3><strong>Speiser\u00f6hrenkrebs Stadien<\/strong><\/h3>\n<p>Speiser\u00f6hrenkrebs tritt in 4 Stadien auf. Sie nimmt mit fortschreitendem Krebs stufenweise zu. Zum Beispiel kann man sagen, dass das neue Auftreten von Krebs im Stadium 1 ist.<\/p>\n<ul>\n<li>Stadium 1 bei Speiser\u00f6hrenkrebs: Bei dieser Krebsart sind in diesem Stadium keine Symptome zu sehen, da die Symptome sehr sp\u00e4t auftreten. Deshalb ist es sehr schwierig, einen Krebs im Stadium 1 zu diagnostizieren. Krebs tritt nur in der inneren Auskleidung der Speiser\u00f6hre auf. Krebszellen haben die Muskelstruktur noch nicht erreicht. Bei Patienten in diesem Stadium erfolgt die Behandlung im Allgemeinen nicht durch Entfernen der gesamten Speiser\u00f6hre, sondern nur durch Entfernen der Krebsmembran durch Einf\u00fchren in den Mund mit Hilfe eines Endoskops.<\/li>\n<li>Stadium 2 bei Speiser\u00f6hrenkrebs: In diesem Stadium haben Krebszellen die Muskelstrukturen erreicht.<\/li>\n<li>Stadium 3 bei Speiser\u00f6hrenkrebs: Die Krankheit hat sich nach der Speiser\u00f6hre auf die umliegenden Lymphknoten ausgebreitet. Bei Patienten in diesem Stadium wird angestrebt, die Tumore durch Chemotherapie und Strahlentherapie zu reduzieren. Im Falle einer Abnahme wird der Tumor durch chirurgische Eingriffe entfernt.<\/li>\n<li>Stadium 4 bei Speiser\u00f6hrenkrebs: In diesem Stadium hat sich der Tumor gut um ihn herum ausgebreitet. Es breitet sich normalerweise auf Leber, Magen, Lunge und Knochenlymphknoten aus. Da sich der Tumor weit ausgebreitet hat und es sich um das letzte Stadium der Erkrankung handelt, wird bei Patienten in diesem Stadium in der Regel nicht operiert. Es kann nur eine Chemotherapie angewendet werden.<\/li>\n<\/ul>\n<p>[\/vc_column_text]<\/div><div class='dt-sc-tabs-vertical-frame-content'>[vc_column_text]<\/p>\n<h3><strong>Risikofaktoren bei Speiser\u00f6hrenkrebs<\/strong><\/h3>\n<p>Faktoren, die Zellen in der Speiser\u00f6hre reizen, und einige Faktoren, die das Risiko von Speiser\u00f6hrenkrebs erh\u00f6hen, sind wie folgt:<\/p>\n<ul>\n<li>Fettleibigkeit,<\/li>\n<li>Zu oft hei\u00dfe Getr\u00e4nke trinken<\/li>\n<li>\u00dcberm\u00e4\u00dfiger Alkoholkonsum<\/li>\n<li>Eine gastro\u00f6sophageale Refluxkrankheit haben<\/li>\n<li>Rauchen,<\/li>\n<li>Barrett-\u00d6sophagus,<\/li>\n<li>Das Problem des Gallenr\u00fcckflusses haben,<\/li>\n<li>Ern\u00e4hrt sich st\u00e4ndig von Fleisch,<\/li>\n<li>Kein Verzehr von Gem\u00fcse und Obst<\/li>\n<li>Faktoren wie eine Strahlentherapie des Brustkorbs oder des Bauches stellen ein Risiko f\u00fcr Speiser\u00f6hrenkrebs dar.<\/li>\n<\/ul>\n<p>[\/vc_column_text]<\/div><div class='dt-sc-tabs-vertical-frame-content'>[vc_column_text]<\/p>\n<h3><strong>Diagnostische Methoden f\u00fcr Speiser\u00f6hrenkrebs<\/strong><\/h3>\n<p>Mit der Endoskopie kann die Diagnose Speiser\u00f6hrenkrebs gestellt werden. Der besch\u00e4digte oder krebsartige Bereich kann bestimmt werden, indem man ihn durch den Mund einf\u00fchrt und in die Speiser\u00f6hre hinabf\u00fchrt. Eine weitere diagnostische Methode ist die Biopsie. Auch hier wird mit dem Endoskop-Werkzeug, das vom Rachen bis zur Speiser\u00f6hre reicht, ein krebsverd\u00e4chtiges Gewebe entfernt. Und mit einer Biopsie der Gewebeprobe wird festgestellt, ob es sich um Krebs handelt oder nicht.[\/vc_column_text]<\/div><div class='dt-sc-tabs-vertical-frame-content'>[vc_column_text]<\/p>\n<h3><strong>Behandlungen von Speiser\u00f6hrenkrebs<\/strong><\/h3>\n<p>Die Art der krebserregenden Zellen, der allgemeine Gesundheitszustand des Patienten und das Stadium der Krebserkrankung bestimmen die Behandlungsoption bei Speiser\u00f6hrenkrebs. Auch chirurgische Eingriffe und Behandlungsmethoden werden in Klassen eingeteilt. Eine davon ist die Operation zur Entfernung sehr kleiner Tumore. Wenn sich der Tumor nicht um ihn herum ausbreitet und seine Gr\u00f6\u00dfe klein ist, kann die Operation durch ein Endoskop durchgef\u00fchrt werden. Ein weiterer ist der chirurgische Eingriff, bei dem nur ein Teil der Speiser\u00f6hre entfernt wird. Bei diesem als \u00d6sophagektomie bezeichneten Verfahren wird nur der tumor\u00f6se Teil der Speiser\u00f6hre entfernt. Der letzte chirurgische Eingriff ist die \u00d6sophagogastrektomie, wenn sich der Tumor auf den Magen ausgebreitet hat, werden ein Teil der Speiser\u00f6hre und ein Teil des Magens, in dem sich der Tumor ausgebreitet hat, entfernt. Diese Operationen werden mit Hilfe spezieller chirurgischer Instrumente durchgef\u00fchrt. Bei diesen chirurgischen Eingriffen k\u00f6nnen jedoch gro\u00dfe Risiken wie Blutungen und Leckagen bestehen. Die andere Behandlungsmethode als chirurgische Eingriffe ist der \u00d6sophagusstent. Diese Form der Behandlung wird durchgef\u00fchrt, indem die Speiser\u00f6hre offen gehalten wird, indem ein Stent eingesetzt wird, wenn Krebs die Speiser\u00f6hre verengt. Neben diesen Behandlungen werden bei Speiser\u00f6hrenkrebs auch Chemotherapie, Radiochemotherapie und Strahlenbehandlungen eingesetzt. Diese Behandlungen werden nur verwendet, um die Gr\u00f6\u00dfe von Tumoren in der Speiser\u00f6hre zu reduzieren. Es wird auch in Verbindung mit anderen Behandlungsformen eingesetzt.[\/vc_column_text]<\/div><\/div><div class='dt-sc-hr-invisible-small '> <\/div>[\/vc_column][vc_column]<div class='dt-sc-hr-invisible-small '> <\/div>[\/vc_column][\/vc_row]<\/p>\n","protected":false},"excerpt":{"rendered":"<p>[vc_row][vc_column][vc_column_text el_class=&#8221;aligncenter&#8221; css=&#8221;.vc_custom_1665055313458{margin-bottom: 20px !important;}&#8221;] Speiser\u00f6hrenkrebs [\/vc_column_text][\/vc_column][vc_column][\/vc_column][\/vc_row]<\/p>\n","protected":false},"author":1,"featured_media":0,"parent":10026,"menu_order":0,"comment_status":"closed","ping_status":"closed","template":"","meta":[],"_links":{"self":[{"href":"https:\/\/opdrserdar.com\/de\/wp-json\/wp\/v2\/pages\/10095"}],"collection":[{"href":"https:\/\/opdrserdar.com\/de\/wp-json\/wp\/v2\/pages"}],"about":[{"href":"https:\/\/opdrserdar.com\/de\/wp-json\/wp\/v2\/types\/page"}],"author":[{"embeddable":true,"href":"https:\/\/opdrserdar.com\/de\/wp-json\/wp\/v2\/users\/1"}],"replies":[{"embeddable":true,"href":"https:\/\/opdrserdar.com\/de\/wp-json\/wp\/v2\/comments?post=10095"}],"version-history":[{"count":3,"href":"https:\/\/opdrserdar.com\/de\/wp-json\/wp\/v2\/pages\/10095\/revisions"}],"predecessor-version":[{"id":10591,"href":"https:\/\/opdrserdar.com\/de\/wp-json\/wp\/v2\/pages\/10095\/revisions\/10591"}],"up":[{"embeddable":true,"href":"https:\/\/opdrserdar.com\/de\/wp-json\/wp\/v2\/pages\/10026"}],"wp:attachment":[{"href":"https:\/\/opdrserdar.com\/de\/wp-json\/wp\/v2\/media?parent=10095"}],"curies":[{"name":"wp","href":"https:\/\/api.w.org\/{rel}","templated":true}]}}