{"id":10102,"date":"2022-06-01T12:00:41","date_gmt":"2022-06-01T12:00:41","guid":{"rendered":"https:\/\/opdrserdar.com\/de\/?page_id=10102"},"modified":"2022-10-05T11:36:21","modified_gmt":"2022-10-05T11:36:21","slug":"mide-kanseri","status":"publish","type":"page","link":"https:\/\/opdrserdar.com\/de\/sindirim-sistemi-cerrahisi\/mide-kanseri\/","title":{"rendered":"Magenkrebs"},"content":{"rendered":"<p>[vc_row][vc_column][vc_column_text el_class=&#8221;aligncenter&#8221; css=&#8221;.vc_custom_1664968554085{margin-bottom: 20px !important;}&#8221;]<div class='dt-sc-small-separator '><\/div>\n<h2>Magenkrebs<\/h2>\n<p>[\/vc_column_text]<div class='dt-sc-hr-invisible-small '> <\/div><div class='dt-sc-tabs-vertical-frame-container type2 inherit'><ul class='dt-sc-tabs-vertical-frame'><li><a href='#1451042683126-1-297cc-d0bd'>Ursachen und Risikofaktoren von Magenkrebs<\/a><\/li><li><a href='#1451042704680-2-497cc-d0bd'>Risikofaktoren f\u00fcr Magenkrebs<\/a><\/li><li><a href='#1451042719561-3-997cc-d0bd'>Magenkrebs-Symptome<\/a><\/li><li><a href='#1654083220658-4-597cc-d0bd'>Diagnose Magenkrebs<\/a><\/li><li><a href='#1654083283686-5-497cc-d0bd'>Speiser\u00f6hrenkrebs Stadien<\/a><\/li><li><a href='#1654083377436-6-497cc-d0bd'>Risikofaktoren bei Speiser\u00f6hrenkrebs<\/a><\/li><li><a href='#1654083378601-7-1097cc-d0bd'>Diagnostische Methoden f\u00fcr Speiser\u00f6hrenkrebs<\/a><\/li><li><a href='#1654083472165-8-597cc-d0bd'>Behandlungen von Speiser\u00f6hrenkrebs<\/a><\/li><li><a href='#def1451042476-1-4497cc-d0bd'>Was ist Magenkrebs?<\/a><\/li><\/ul><div class='dt-sc-tabs-vertical-frame-content'>[vc_column_text css=&#8221;.vc_custom_1664968672780{margin-bottom: 10px !important;}&#8221;]<\/p>\n<h3><strong>Ursachen und Risikofaktoren von Magenkrebs<\/strong><\/h3>\n<p>Magenkrebs kann viele Ursachen haben. Wie bei vielen Krankheiten ist es schwierig, eine definitive Ursache f\u00fcr diese Krankheit anzugeben. Es ist jedoch m\u00f6glich, \u00fcber einige scharfe Faktoren und Risikofaktoren zu sprechen, die die Entstehung der Krankheit beeinflussen. Zuallererst k\u00f6nnen genetische Faktoren diese Krankheit verursachen. Dann k\u00f6nnen die wichtigsten Ern\u00e4hrungsfaktoren aufgezeigt werden. Ern\u00e4hrungsfaktoren wie falsche Essgewohnheiten, zu stark gesalzenes und eingelegtes Gem\u00fcse, insbesondere Grillfleisch und \u00e4hnliches, schockfreie Lebensmittel, ger\u00e4ucherter Fisch oder Trockenfleisch sowie der fr\u00fch begonnene Verzehr von kohlenhydratreichen Lebensmitteln z\u00e4hlen zu den Ursachen f\u00fcr Magenverstimmung Krebs. Danach ist \u00fcberm\u00e4\u00dfiges Rauchen und Alkoholkonsum einer der Hauptgr\u00fcnde. Es wird angenommen, dass der gemeinsame Konsum dieser beiden die Wirkung verst\u00e4rkt. Durch die Vermeidung dieser Produkte kann die Wahrscheinlichkeit von Magenkrebs verringert werden.[\/vc_column_text]<\/div><div class='dt-sc-tabs-vertical-frame-content'>[vc_column_text css=&#8221;.vc_custom_1664968816184{margin-bottom: 10px !important;}&#8221;]<\/p>\n<h2>Risikofaktoren f\u00fcr Magenkrebs<\/h2>\n<ul>\n<li>Unter diesen Faktoren ist der Effekt des Alters gro\u00df. Im Allgemeinen sind die meisten F\u00e4lle Patienten, die 70 Jahre oder \u00e4lter sind.<\/li>\n<li>Geschlechtseffekt: M\u00e4nner erkranken h\u00e4ufiger an Magenkrebs als Frauen.<\/li>\n<li>Rasse und Geographie: Diese F\u00e4lle treten haupts\u00e4chlich in asiatischen, afrikanischen und s\u00fcdamerikanischen Gesellschaften auf. Als Grund wird der Verzehr von stark gew\u00fcrzten Speisen vermutet. Gleichzeitig haben einige Rassen ein h\u00f6heres Krebsrisiko als andere Rassen.<\/li>\n<li>Ern\u00e4hrung und Di\u00e4t: Der Verzehr von ger\u00e4ucherten, eingelegten, gesalzenen, getrockneten und zu stark gesalzenen Lebensmitteln erh\u00f6ht das Magenkrebsrisiko. Diese Lebensmittel enthalten Nitrate. Dies ist die Ursache von Krebs.<\/li>\n<li>Wenn Sie sich bereits einer Magenoperation unterzogen haben, besteht ein Risiko.<\/li>\n<li>Vorhandensein einer chronischen Gastritis<\/li>\n<li>Menschen, die in Unternehmen wie Metall, Kohle, Gummi oder Petrochemie arbeiten, haben ein h\u00f6heres Risiko, an Magenkrebs zu erkranken.<\/li>\n<li>Auch Menschen mit pernizi\u00f6ser An\u00e4mie durch Vitamin-B12-Mangel geh\u00f6ren zur Risikogruppe.<\/li>\n<li>Helicobacter-pyroli-Infektion: Zwischen dieser Bakterienart und Magenkrebs besteht ein direkter Zusammenhang. Magenkrebs tritt jedoch nicht bei jedem Tr\u00e4ger dieses Bakteriums auf.<\/li>\n<li>\u00dcberm\u00e4\u00dfiger Konsum von Zigaretten, Tabak und Alkohol geh\u00f6ren zu den Ursachen und Risikofaktoren f\u00fcr Magenkrebs.<\/li>\n<\/ul>\n<p>[\/vc_column_text]<\/div><div class='dt-sc-tabs-vertical-frame-content'>[vc_column_text css=&#8221;.vc_custom_1664969207164{margin-bottom: 10px !important;}&#8221;]<\/p>\n<h3><strong>Magenkrebs-Symptome<\/strong><\/h3>\n<p>Magenkrebs zeigt im ersten Stadium m\u00f6glicherweise keine Symptome. In den sp\u00e4teren Stadien werden beim Patienten nach seinem Auftreten bestimmte Ver\u00e4nderungen beobachtet. Die h\u00e4ufigsten Symptome und Beschwerden sind Appetitlosigkeit und Verdauungsst\u00f6rungen. Sp\u00e4ter manifestieren sich diese Symptome als unerkl\u00e4rlicher Gewichtsverlust. Neben;<\/p>\n<ul>\n<li>H\u00e4ufiges V\u00f6llegef\u00fchl und Appetitlosigkeit<\/li>\n<li>Schmerzen und Brennen im Magen und in der Speiser\u00f6hre, die st\u00e4ndig und ohne Grund auftreten. Dies sind die h\u00e4ufigsten Symptome. Der Patient versp\u00fcrt normalerweise Schmerzen in dem Teil der Speiser\u00f6hre, der mit dem Magen verbunden ist.<\/li>\n<li>Kontinuierlicher und schneller Gewichtsverlust<\/li>\n<li>F\u00fchlen Sie sich die ganze Zeit schlapp, ersch\u00f6pft und \u00fcberfordert<\/li>\n<li>Verdauungsst\u00f6rungen und \u00dcbelkeit<\/li>\n<li>Anhaltendes Erbrechen und Kr\u00e4mpfe<\/li>\n<li>Schmerzen im Hals beim Schlucken und Schluckbeschwerden<\/li>\n<li>Blutiges Erbrechen und Stuhl im fortgeschrittenen Stadium<\/li>\n<li>Anhaltendes Aufsto\u00dfen und ein bitterer Geschmack im Mund. Als Folge erh\u00f6hter Magens\u00e4ure r\u00fclpst die Person st\u00e4ndig. Es sollte jedoch beachtet werden, dass nicht jeder mit diesem Symptom Magenkrebs haben wird.<\/li>\n<\/ul>\n<p>F\u00fcr Menschen mit solchen Symptomen ist es sehr wichtig, einen Arzt aufzusuchen. Der Patient kann ohne Magenkrebssymptome leben. In einigen F\u00e4llen kann Magenkrebs still fortschreiten, ohne sich zu zeigen. In solchen F\u00e4llen geht leider die Chance auf eine fr\u00fchzeitige Diagnose verloren und es wird f\u00fcr einen chirurgischen Eingriff zu sp\u00e4t sein. All diese Befunde k\u00f6nnen den Patienten beunruhigen. Aus diesem Grund w\u00e4re es sinnvoll, Ihren Arzt aufzusuchen und sich testen zu lassen. Allerdings darf nicht vergessen werden, dass all diese Befunde auch ein Zeichen f\u00fcr andere und weniger sch\u00e4dliche Krankheiten sein k\u00f6nnen.[\/vc_column_text]<\/div><div class='dt-sc-tabs-vertical-frame-content'>[vc_column_text]<\/p>\n<h3><strong>Diagnose Magenkrebs<\/strong><\/h3>\n<p>Um Magenkrebs diagnostizieren zu k\u00f6nnen, ist zun\u00e4chst eine sorgf\u00e4ltige Untersuchung der Befunde und Beschwerden notwendig. Ihr Arzt wird sich zun\u00e4chst mit Ihren Beschwerden befassen. Um eine Diagnose stellen zu k\u00f6nnen, werden Lebensstil, Essgewohnheiten und Beschwerden des Patienten erlernt. Anschlie\u00dfend f\u00fchrt er Tests auf Symptome durch. Diese Tests sind:<\/p>\n<ol>\n<li>Endoskopie: Die Endoskopie ist die am h\u00e4ufigsten verwendete Methode. Ein d\u00fcnner Schlauch mit einer Kamera und einem Licht am Ende wird durch den Mund in den K\u00f6rper eingef\u00fchrt und in die Speiser\u00f6hre, die Magenschleimhaut und manchmal in die inneren Teile des D\u00fcnndarms eingef\u00fchrt. Es wird versucht, besch\u00e4digtes Gewebe zu erkennen. Wenn abnormale Zust\u00e4nde festgestellt werden, wird ein geeignetes und kleines St\u00fcck des Magens entnommen und zur endg\u00fcltigen Diagnose an die Pathologieabteilung geschickt. Der Einsatz der Endoskopie ist wichtig, um die Krankheit in einem fr\u00fchen Stadium zu erkennen. Auf diese Weise wird fr\u00fchzeitig das am besten geeignete Verfahren zur Behandlung von Magenkrebs eingesetzt.<\/li>\n<li>Computertomographie: Dies ist eine Methode, die verwendet wird, um die Lage des Krebsbereichs, die Gr\u00f6\u00dfe des Krebses und das Ausma\u00df seiner Ausbreitung zu verstehen.<\/li>\n<li>Laparoskopie: Der Patient wird in Vollnarkose behandelt. Indem eine Kamera durch den Mund in den K\u00f6rper eingef\u00fchrt wird, wird der Magen des Patienten genau untersucht und \u00fcberpr\u00fcft, ob sich der Krebs ausgebreitet hat.<\/li>\n<li>Endoskopischer Ultraschall: Bei dieser Methode werden die oberen Teile der Speiser\u00f6hre und des Magens des Patienten untersucht.<\/li>\n<li>MRT: Das Stadium des Krebses wird bestimmt.<\/li>\n<li>R\u00f6ntgen-Thorax: R\u00f6ntgen wird verwendet, um festzustellen, ob der Krebs Teile der Lunge erreicht hat.<\/li>\n<\/ol>\n<p>All diese Methoden sind sehr wichtig f\u00fcr die Diagnose von Magenkrebs und sind Diagnosemethoden, die durchgef\u00fchrt werden sollten, um einen gro\u00dfen Nutzen bei der Fr\u00fcherkennung zu erzielen.[\/vc_column_text]<\/div><div class='dt-sc-tabs-vertical-frame-content'>[vc_column_text]<\/p>\n<h3><strong>Speiser\u00f6hrenkrebs Stadien<\/strong><\/h3>\n<p>Speiser\u00f6hrenkrebs tritt in 4 Stadien auf. Sie nimmt mit fortschreitendem Krebs stufenweise zu. Zum Beispiel kann man sagen, dass das neue Auftreten von Krebs im Stadium 1 ist.<\/p>\n<ul>\n<li>Stadium 1 bei Speiser\u00f6hrenkrebs: Bei dieser Krebsart sind in diesem Stadium keine Symptome zu sehen, da die Symptome sehr sp\u00e4t auftreten. Deshalb ist es sehr schwierig, einen Krebs im Stadium 1 zu diagnostizieren. Krebs tritt nur in der inneren Auskleidung der Speiser\u00f6hre auf. Krebszellen haben die Muskelstruktur noch nicht erreicht. Bei Patienten in diesem Stadium erfolgt die Behandlung im Allgemeinen nicht durch Entfernen der gesamten Speiser\u00f6hre, sondern nur durch Entfernen der Krebsmembran durch Einf\u00fchren in den Mund mit Hilfe eines Endoskops.<\/li>\n<li>Stadium 2 bei Speiser\u00f6hrenkrebs: In diesem Stadium haben Krebszellen die Muskelstrukturen erreicht.<\/li>\n<li>Stadium 3 bei Speiser\u00f6hrenkrebs: Die Krankheit hat sich nach der Speiser\u00f6hre auf die umliegenden Lymphknoten ausgebreitet. Bei Patienten in diesem Stadium wird angestrebt, die Tumore durch Chemotherapie und Strahlentherapie zu reduzieren. Im Falle einer Abnahme wird der Tumor durch chirurgische Eingriffe entfernt.<\/li>\n<li>Stadium 4 bei Speiser\u00f6hrenkrebs: In diesem Stadium hat sich der Tumor gut um ihn herum ausgebreitet. Es breitet sich normalerweise auf Leber, Magen, Lunge und Knochenlymphknoten aus. Da sich der Tumor weit ausgebreitet hat und es sich um das letzte Stadium der Erkrankung handelt, wird bei Patienten in diesem Stadium in der Regel nicht operiert. Es kann nur eine Chemotherapie angewendet werden.<\/li>\n<\/ul>\n<p>[\/vc_column_text]<\/div><div class='dt-sc-tabs-vertical-frame-content'>[vc_column_text]<\/p>\n<h3><strong>Risikofaktoren bei Speiser\u00f6hrenkrebs<\/strong><\/h3>\n<p>Faktoren, die Zellen in der Speiser\u00f6hre reizen, und einige Faktoren, die das Risiko von Speiser\u00f6hrenkrebs erh\u00f6hen, sind wie folgt:<\/p>\n<ul>\n<li>Fettleibigkeit,<\/li>\n<li>Zu oft hei\u00dfe Getr\u00e4nke trinken<\/li>\n<li>\u00fcberm\u00e4\u00dfiger Alkoholkonsum,<\/li>\n<li>Eine gastro\u00f6sophageale Refluxkrankheit haben<\/li>\n<li>Rauchen,<\/li>\n<li>Barrett-\u00d6sophagus,<\/li>\n<li>Das Problem des Gallenr\u00fcckflusses haben,<\/li>\n<li>Ern\u00e4hrt sich st\u00e4ndig von Fleisch,<\/li>\n<li>Kein Verzehr von Gem\u00fcse und Obst<\/li>\n<li>Faktoren wie eine Strahlentherapie des Brustkorbs oder des Bauches stellen ein Risiko f\u00fcr Speiser\u00f6hrenkrebs dar.<\/li>\n<\/ul>\n<p>[\/vc_column_text]<\/div><div class='dt-sc-tabs-vertical-frame-content'>[vc_column_text]<\/p>\n<h3><strong>Diagnostische Methoden f\u00fcr Speiser\u00f6hrenkrebs<\/strong><\/h3>\n<p>Mit der Endoskopie kann die Diagnose Speiser\u00f6hrenkrebs gestellt werden. Der besch\u00e4digte oder krebsartige Bereich kann bestimmt werden, indem man ihn durch den Mund einf\u00fchrt und in die Speiser\u00f6hre hinabf\u00fchrt. Eine weitere diagnostische Methode ist die Biopsie. Auch hier wird mit dem Endoskop-Werkzeug, das vom Rachen bis zur Speiser\u00f6hre reicht, ein krebsverd\u00e4chtiges Gewebe entfernt. Und mit einer Biopsie der Gewebeprobe wird festgestellt, ob es sich um Krebs handelt oder nicht.[\/vc_column_text]<\/div><div class='dt-sc-tabs-vertical-frame-content'>[vc_column_text]<\/p>\n<h3><strong>Behandlungen von Speiser\u00f6hrenkrebs<\/strong><\/h3>\n<p>Die Art der krebserregenden Zellen, der allgemeine Gesundheitszustand des Patienten und das Stadium der Krebserkrankung bestimmen die Behandlungsoption bei Speiser\u00f6hrenkrebs. Auch chirurgische Eingriffe und Behandlungsmethoden werden in Klassen eingeteilt. Eine davon ist die Operation zur Entfernung sehr kleiner Tumore. Wenn sich der Tumor nicht um ihn herum ausbreitet und seine Gr\u00f6\u00dfe klein ist, kann die Operation durch ein Endoskop durchgef\u00fchrt werden. Ein weiterer ist der chirurgische Eingriff, bei dem nur ein Teil der Speiser\u00f6hre entfernt wird. Bei diesem als \u00d6sophagektomie bezeichneten Verfahren wird nur der tumor\u00f6se Teil der Speiser\u00f6hre entfernt. Wenn sich der Tumor auf den Magen ausgebreitet hat, werden ein Teil der Speiser\u00f6hre und ein Teil des Magens, in dem sich der Tumor ausgebreitet hat, entfernt. Diese Operationen werden mit Hilfe spezieller chirurgischer Instrumente durchgef\u00fchrt. Bei diesen chirurgischen Eingriffen k\u00f6nnen jedoch gro\u00dfe Risiken wie Blutungen und Leckagen bestehen. Die andere Behandlungsmethode als chirurgische Eingriffe ist der \u00d6sophagusstent. Diese Form der Behandlung wird durchgef\u00fchrt, indem die Speiser\u00f6hre offen gehalten wird, indem ein Stent eingesetzt wird, wenn Krebs die Speiser\u00f6hre verengt. Neben diesen Behandlungen werden bei Speiser\u00f6hrenkrebs auch Chemotherapie, Radiochemotherapie und Strahlenbehandlungen eingesetzt. Diese Behandlungen werden nur verwendet, um die Gr\u00f6\u00dfe von Tumoren in der Speiser\u00f6hre zu reduzieren. Es wird auch in Verbindung mit anderen Behandlungsformen eingesetzt.[\/vc_column_text]<\/div><div class='dt-sc-tabs-vertical-frame-content'>[vc_column_text css=&#8221;.vc_custom_1664969775574{margin-bottom: 10px !important;}&#8221;]Magenkrebs ist eine Krebsart, die durch die unkontrollierte Vermehrung und Entwicklung von Zellen auf der Magenoberfl\u00e4che entsteht. Es ist die vierth\u00e4ufigste Krebsart unter allen Krebsarten und eine onkologische Erkrankung, die sich in jedem Teil des Magens festsetzen und sich dann auf andere Organe wie Lunge und Leber ausbreiten kann. Es tritt normalerweise zwischen der Speiser\u00f6hre und dem Magen auf. Mangelern\u00e4hrung entsteht durch Faktoren wie genetische Faktoren, sozio\u00f6konomische Entwicklungs- und Umweltfaktoren, Ern\u00e4hrungsgewohnheiten und dann Geschlecht und Alter. Es hat eine langsamere Entwicklungszeit als andere Arten.<\/p>\n<p>Es ist eine der h\u00e4ufigsten Krebsarten in unserem Land. Es ist jedes Jahr f\u00fcr Hunderttausende von Todesf\u00e4llen auf der ganzen Welt verantwortlich. Dank des sich entwickelnden Gesundheitssystems und der Technologien k\u00f6nnen jedoch eine fr\u00fchzeitige Diagnose und korrekte Behandlungsmethoden angewendet werden. Da die Beschwerden der Patienten in den sp\u00e4teren Stadien zunehmen, ist es \u00e4u\u00dferst wichtig, die Symptome f\u00fcr eine fr\u00fchzeitige Diagnose und daraus resultierende Magenkrebssymptome zu erkennen.[\/vc_column_text]<\/div><\/div><div class='dt-sc-hr-invisible-small '> <\/div>[\/vc_column][vc_column]<div class='dt-sc-hr-invisible-small '> <\/div>[\/vc_column][\/vc_row][vc_row][vc_column][vc_column_text el_class=&#8221;aligncenter&#8221; css=&#8221;.vc_custom_1654084662576{margin-bottom: 20px !important;}&#8221;]<div class='dt-sc-small-separator '><\/div>\n<h2>M\u0130DE KANSER\u0130 TEDAV\u0130 Y\u00d6NTEMLER\u0130<\/h2>\n<p>[\/vc_column_text]<div class='dt-sc-hr-invisible-small '> <\/div><div class='dt-sc-tabs-vertical-frame-container type2 inherit'><ul class='dt-sc-tabs-vertical-frame'><li><a href='#1451042683126-1-297cc-d0bd'>1. Cerrahi Y\u00f6ntem:<\/a><\/li><li><a href='#1451042704680-2-497cc-d0bd'>2. Kemoterapi:<\/a><\/li><li><a href='#1451042719561-3-997cc-d0bd'>3. Radyoterapi:<\/a><\/li><li><a href='#1654083220658-4-597cc-d0bd'>4. \u0130mn\u00fcnoterapi:<\/a><\/li><li><a href='#1654083283686-5-497cc-d0bd'>5. Yeni Jenerasyon \u0130la\u00e7 Tedavisi Y\u00f6ntemi:<\/a><\/li><\/ul><div class='dt-sc-tabs-vertical-frame-content'>[vc_column_text css=&#8221;.vc_custom_1654084711026{margin-bottom: 10px !important;}&#8221;]<\/p>\n<h3><strong>1. Cerrahi Y\u00f6ntem:<\/strong><\/h3>\n<p>Bu y\u00f6ntemde kanserin evresine g\u00f6re m\u00fcdahale gerekir. Midenin bir k\u0131sm\u0131 ya da tamam\u0131 \u00e7\u0131kar\u0131labilir. Zarar g\u00f6rm\u00fc\u015f dokular temizlenir. Kanserin evresi ileri olsa bile cerrahi y\u00f6ntem d\u00fc\u015f\u00fcn\u00fclebilir. B\u00f6ylece t\u00fcm\u00f6r\u00fcn b\u00fcy\u00fcmesi ve mideyi s\u0131k\u0131\u015ft\u0131rmas\u0131 engellenmi\u015f olur. E\u011fer \u00e7ok erken bir evrede ise endoskopik, laporoscopik ya da a\u00e7\u0131k cerrahi y\u00f6ntemle m\u00fcdahale edilebilir. Ameliyattan sonra hastada mide ek\u015fimesi, kar\u0131n a\u011fr\u0131s\u0131, ishal, mide bulant\u0131s\u0131 g\u00f6r\u00fclme ihtimali vard\u0131r. Bazen de kesi b\u00f6lgelerinden s\u0131z\u0131nt\u0131 ve kan gelebilir. Hastalar s\u0131k s\u0131k ve azar azar beslenir. Daha sonra vitamin eksikliklerine kar\u015f\u0131 vitaminler verilir.[\/vc_column_text]<\/div><div class='dt-sc-tabs-vertical-frame-content'>[vc_column_text css=&#8221;.vc_custom_1654084728081{margin-bottom: 10px !important;}&#8221;]<\/p>\n<h2><strong>2. Kemoterapi:<\/strong><\/h2>\n<p>Kemoterapi y\u00f6ntemi ameliyattan \u00f6nce veya sonra kullan\u0131lan bir y\u00f6ntemdir. T\u00fcm\u00f6r\u00fc k\u00fc\u00e7\u00fcltmek i\u00e7in kullan\u0131l\u0131r. Ameliyattan \u00f6nceki kemoterapiye Neoadjuvan denmektedir. Ameliyattan sonra yine kemoterapi uygulan\u0131r. Sonraki ad\u0131 ise Adjuvand\u0131r. Nedeni ameliyattan sonra kalm\u0131\u015f veya kalabilecek kanser h\u00fccrelerini \u00f6ld\u00fcrmektir. Ameliyatta tamam\u0131 \u00e7\u0131kar\u0131lamayan t\u00fcm\u00f6rler i\u00e7in kullan\u0131l\u0131r. Kemoterapi sonras\u0131 hastalarda genel olarak sa\u00e7 d\u00f6k\u00fclmesi, ishal, mide bulant\u0131s\u0131, kusma, i\u015ftah kayb\u0131, s\u0131k s\u0131k enfeksiyon, trombosit d\u00fc\u015f\u00fckl\u00fc\u011f\u00fc sebebiyle deride morluk, yorgunluk ve halsizlik g\u00f6r\u00fclebilir. Bu y\u00f6ntemler\u00a0<b>mide kanseri tedavi y\u00f6ntemleri<\/b>\u00a0aras\u0131nda s\u0131k kullan\u0131lan y\u00f6ntemlerdir.[\/vc_column_text]<\/div><div class='dt-sc-tabs-vertical-frame-content'>[vc_column_text css=&#8221;.vc_custom_1654084756135{margin-bottom: 10px !important;}&#8221;]<\/p>\n<h2><strong>3. Radyoterapi:<\/strong><\/h2>\n<p>Ameliyattan sonra geride kalm\u0131\u015f kanser h\u00fccrelerini yok etmek i\u00e7in kullan\u0131lan y\u00f6ntemdir. Radyasyon tedavisi sonras\u0131 deride k\u0131zar\u0131kl\u0131k, ishal, mide bulant\u0131s\u0131, kusma, yorgunluk gibi belirtiler g\u00f6r\u00fclebilir.[\/vc_column_text]<\/div><div class='dt-sc-tabs-vertical-frame-content'>[vc_column_text]<\/p>\n<h2><strong>4. \u0130mn\u00fcnoterapi:<\/strong><\/h2>\n<p>Bu tedavi y\u00f6ntemi, ki\u015finin ba\u011f\u0131\u015f\u0131kl\u0131k sistemindeki h\u00fccrelerin kanserli h\u00fccreleri bulup yok etmesi i\u00e7in uygulan\u0131r. Bu y\u00f6ntemin baz\u0131 yan etkileri mevcut olmas\u0131na ra\u011fmen yine de kullan\u0131l\u0131r ve fayda sa\u011flar.[\/vc_column_text]<\/div><div class='dt-sc-tabs-vertical-frame-content'>[vc_column_text]<\/p>\n<div class=\"elementor-column elementor-col-66 elementor-top-column elementor-element elementor-element-799d756\" data-id=\"799d756\" data-element_type=\"column\">\n<div class=\"elementor-column-wrap elementor-element-populated\">\n<div class=\"elementor-widget-wrap\">\n<div class=\"elementor-element elementor-element-9d45bed elementor-widget elementor-widget-text-editor\" data-id=\"9d45bed\" data-element_type=\"widget\" data-widget_type=\"text-editor.default\">\n<div class=\"elementor-widget-container\">\n<div class=\"elementor-text-editor elementor-clearfix\">\n<h2><strong>5. Yeni Jenerasyon \u0130la\u00e7 Tedavisi Y\u00f6ntemi:<\/strong><\/h2>\n<p>Bu ila\u00e7 y\u00f6ntemi, ila\u00e7lar\u0131n do\u011frudan kanserli h\u00fccrelere sald\u0131rmas\u0131n\u0131 ve yok etmesini sa\u011flayarak iyile\u015fmeyi hedefler.<\/p>\n<p>Son olarak unutulmamal\u0131d\u0131r ki, g\u00f6rd\u00fc\u011f\u00fcn\u00fcz t\u00fcm semptomlar, sizin mide kanseri oldu\u011funuzun garantisi de\u011fildir. Bu durumda yap\u0131lacak olan, doktora gitmek ve testleri yapt\u0131rarak hastal\u0131\u011f\u0131 tespit etmek olacakt\u0131r.<\/p>\n<\/div>\n<\/div>\n<\/div>\n<\/div>\n<\/div>\n<\/div>\n<p>[\/vc_column_text]<\/div><\/div><div class='dt-sc-hr-invisible-small '> <\/div>[\/vc_column][vc_column]<div class='dt-sc-hr-invisible-small '> <\/div>[\/vc_column][\/vc_row]<\/p>\n","protected":false},"excerpt":{"rendered":"<p>[vc_row][vc_column][vc_column_text el_class=&#8221;aligncenter&#8221; css=&#8221;.vc_custom_1664968554085{margin-bottom: 20px !important;}&#8221;] Magenkrebs [\/vc_column_text][\/vc_column][vc_column][\/vc_column][\/vc_row][vc_row][vc_column][vc_column_text el_class=&#8221;aligncenter&#8221; css=&#8221;.vc_custom_1654084662576{margin-bottom: 20px !important;}&#8221;] M\u0130DE KANSER\u0130 TEDAV\u0130 Y\u00d6NTEMLER\u0130 [\/vc_column_text][\/vc_column][vc_column][\/vc_column][\/vc_row]<\/p>\n","protected":false},"author":1,"featured_media":0,"parent":10026,"menu_order":0,"comment_status":"closed","ping_status":"closed","template":"","meta":[],"_links":{"self":[{"href":"https:\/\/opdrserdar.com\/de\/wp-json\/wp\/v2\/pages\/10102"}],"collection":[{"href":"https:\/\/opdrserdar.com\/de\/wp-json\/wp\/v2\/pages"}],"about":[{"href":"https:\/\/opdrserdar.com\/de\/wp-json\/wp\/v2\/types\/page"}],"author":[{"embeddable":true,"href":"https:\/\/opdrserdar.com\/de\/wp-json\/wp\/v2\/users\/1"}],"replies":[{"embeddable":true,"href":"https:\/\/opdrserdar.com\/de\/wp-json\/wp\/v2\/comments?post=10102"}],"version-history":[{"count":3,"href":"https:\/\/opdrserdar.com\/de\/wp-json\/wp\/v2\/pages\/10102\/revisions"}],"predecessor-version":[{"id":10581,"href":"https:\/\/opdrserdar.com\/de\/wp-json\/wp\/v2\/pages\/10102\/revisions\/10581"}],"up":[{"embeddable":true,"href":"https:\/\/opdrserdar.com\/de\/wp-json\/wp\/v2\/pages\/10026"}],"wp:attachment":[{"href":"https:\/\/opdrserdar.com\/de\/wp-json\/wp\/v2\/media?parent=10102"}],"curies":[{"name":"wp","href":"https:\/\/api.w.org\/{rel}","templated":true}]}}