{"id":10104,"date":"2022-06-01T12:05:47","date_gmt":"2022-06-01T12:05:47","guid":{"rendered":"https:\/\/opdrserdar.com\/de\/?page_id=10104"},"modified":"2022-10-04T13:07:33","modified_gmt":"2022-10-04T13:07:33","slug":"kalin-bagirsak-kanseri","status":"publish","type":"page","link":"https:\/\/opdrserdar.com\/de\/sindirim-sistemi-cerrahisi\/kalin-bagirsak-kanseri\/","title":{"rendered":"Darmkrebs"},"content":{"rendered":"<p>[vc_row][vc_column][vc_column_text el_class=&#8221;aligncenter&#8221; css=&#8221;.vc_custom_1664888613856{margin-bottom: 20px !important;}&#8221;]<div class='dt-sc-small-separator '><\/div>\n<h2>Darmkrebs<\/h2>\n<p>[\/vc_column_text]<div class='dt-sc-hr-invisible-small '> <\/div><div class='dt-sc-tabs-vertical-frame-container type2 inherit'><ul class='dt-sc-tabs-vertical-frame'><li><a href='#1451042683126-1-297cc-d0bd'>Was ist der Dickdarm?<\/a><\/li><li><a href='#1451042704680-2-497cc-d0bd'>Darmkrebs-Risikofaktoren<\/a><\/li><li><a href='#1451042719561-3-997cc-d0bd'>Beschwerden der Patienten<\/a><\/li><li><a href='#1654083220658-4-597cc-d0bd'>Scanmethoden<\/a><\/li><li><a href='#1654083283686-5-497cc-d0bd'>Behandlung<\/a><\/li><\/ul><div class='dt-sc-tabs-vertical-frame-content'>[vc_column_text css=&#8221;.vc_custom_1664888644387{margin-bottom: 10px !important;}&#8221;]Der <strong>Dickdarm<\/strong> ist ein Teil des Verdauungssystems und gliedert sich in Dickdarm und Mastdarm. Krebs, der in irgendeinem Teil des Dickdarms auftritt, wird Dickdarmkrebs genannt. Die Inzidenz in den USA betr\u00e4gt 46 pro 10.000, und j\u00e4hrlich werden etwa 100.000 Dickdarmkrebs- und 40.000 Mastdarmkrebs-Diagnosen diagnostiziert. Auch in den USA sterben j\u00e4hrlich etwa 50.000 Menschen an Dickdarm- und Mastdarmkrebs.[\/vc_column_text]<\/div><div class='dt-sc-tabs-vertical-frame-content'>[vc_column_text css=&#8221;.vc_custom_1664888717370{margin-bottom: 10px !important;}&#8221;]<\/p>\n<h3><strong>RISIKOFAKTOREN<\/strong><\/h3>\n<p>Das Alter ist ein wichtiger Risikofaktor, und 9 von 10 Dickdarm- und Mastdarmkrebserkrankungen treten im Alter von \u00fcber 50 Jahren auf. Die Ern\u00e4hrung ist ein weiterer wichtiger Risikofaktor, und \u00fcberm\u00e4\u00dfiger Verzehr von rotem Fleisch (Rind, Schaf, Leber), verarbeitetem Fleisch wie W\u00fcrstchen, insbesondere Braten und Grillen dieser Fleischsorten bei hohen Temperaturen, haben nachteilige Auswirkungen. Andererseits wirkt sich der Verzehr von Gem\u00fcse, Obst und Vollkorn positiv auf Dickdarm- und Mastdarmkrebs aus. Fettleibigkeit ist ein \u00e4u\u00dferst wichtiges Gesundheitsproblem und erh\u00f6ht das Risiko, an Dickdarm- und Mastdarmkrebs zu erkranken. Au\u00dfer denen; Alkohol- und Zigarettenkonsum, Typ-2-Diabetes, Dickdarm- und Mastdarmkrebs in der Familienanamnese, entz\u00fcndliche Darmerkrankungen (Morbus Crohn und Colitis ulcerosa) und genetische Syndrome (FAP und HNPCC) sind wichtige Risikofaktoren. 65\u201385 % der Kolon- und Rektumkarzinome sind zuf\u00e4llig, 30 % famili\u00e4r, 5\u20137 % genetisch bedingt.[\/vc_column_text]<\/div><div class='dt-sc-tabs-vertical-frame-content'>[vc_column_text css=&#8221;.vc_custom_1664888761912{margin-bottom: 10px !important;}&#8221;]<\/p>\n<h3><strong>Beschwerden der Patienten<\/strong><\/h3>\n<p>Ver\u00e4nderungen der Stuhlgewohnheiten (Durchfall), Verstopfung (Obstipation), Gef\u00fchl, Stuhlgang zu haben, aber nicht urinieren zu k\u00f6nnen), Verd\u00fcnnung der Stuhlkalibrierung und rektale Blutungen sind wichtige Beschwerden von Patienten. Dar\u00fcber hinaus sind Gewichtsverlust, Schw\u00e4che, Appetitlosigkeit und Bl\u00e4hungen weitere wichtige Beschwerden von Patienten.<\/p>\n<p>Diagnosemethoden<\/p>\n<p>Gro\u00dfes Blutbild, Stuhlblutuntersuchung, Ultraschall, Computertomographie, Bariumkolon-Radiographie und Darmspiegelung. Dar\u00fcber hinaus ist die endorektale Sonographie wichtig, um den Grad der lokalen Beteiligung bei Rektumkarzinomen zu bestimmen.[\/vc_column_text]<\/div><div class='dt-sc-tabs-vertical-frame-content'>[vc_column_text]<\/p>\n<h3><strong>Scanmethoden<\/strong><\/h3>\n<p>Betrachtet man die Beschwerden von Patienten mit Dickdarm- und Mastdarmkrebs, handelt es sich bei diesen Beschwerden um sehr unspezifische Beschwerden, die bei vielen Erkrankungen auftreten k\u00f6nnen. Daher ist es f\u00fcr die Fr\u00fcherkennung von Dickdarm- und Mastdarmkrebs am wichtigsten, rechtzeitig Screening-Programme zu implementieren. Das Screening-Programm f\u00fcr Dickdarm- und Enddarmkrebs beginnt im Alter von 50 Jahren und sollte einmal j\u00e4hrlich auf okkultes Blut im Stuhl, eine Rektosigmoidoskopie alle 5 Jahre und eine Koloskopie alle 10 Jahre durchgef\u00fchrt werden. Patienten mit den oben genannten Beschwerden sollten unabh\u00e4ngig von ihrem Alter einen Arzt aufsuchen.[\/vc_column_text]<\/div><div class='dt-sc-tabs-vertical-frame-content'>[vc_column_text]<\/p>\n<h3><strong>Behandlung<\/strong><\/h3>\n<p>Die Behandlung von Dickdarmkrebs erfordert einen multidisziplin\u00e4ren Ansatz. Der n\u00e4chste Schritt nach pathologischer Diagnosestellung der Erkrankung ist die Bestimmung des pr\u00e4operativen Schweregrades der Erkrankung, insbesondere durch radiologische Methoden. Eine ad\u00e4quate operative Behandlung, also die Entfernung regionaler Lymphknoten samt intakter Gewebegrenzen, ist der wichtigste Schritt in der Behandlung von Dickdarm- und Enddarmkrebs. Nach der detaillierten pathologischen Analyse des entnommenen Pr\u00e4parats werden begleitende Behandlungen, n\u00e4mlich Chemotherapie und\/oder Strahlentherapie, eingesetzt. In einigen F\u00e4llen (insbesondere bei Krebserkrankungen im unteren Teil des Rektums) werden diese Behandlungen vor der Operation angewendet.[\/vc_column_text]<\/div><\/div><div class='dt-sc-hr-invisible-small '> <\/div>[\/vc_column][\/vc_row]<\/p>\n","protected":false},"excerpt":{"rendered":"<p>[vc_row][vc_column][vc_column_text el_class=&#8221;aligncenter&#8221; css=&#8221;.vc_custom_1664888613856{margin-bottom: 20px !important;}&#8221;] Darmkrebs [\/vc_column_text][\/vc_column][\/vc_row]<\/p>\n","protected":false},"author":1,"featured_media":0,"parent":10026,"menu_order":0,"comment_status":"closed","ping_status":"closed","template":"","meta":[],"_links":{"self":[{"href":"https:\/\/opdrserdar.com\/de\/wp-json\/wp\/v2\/pages\/10104"}],"collection":[{"href":"https:\/\/opdrserdar.com\/de\/wp-json\/wp\/v2\/pages"}],"about":[{"href":"https:\/\/opdrserdar.com\/de\/wp-json\/wp\/v2\/types\/page"}],"author":[{"embeddable":true,"href":"https:\/\/opdrserdar.com\/de\/wp-json\/wp\/v2\/users\/1"}],"replies":[{"embeddable":true,"href":"https:\/\/opdrserdar.com\/de\/wp-json\/wp\/v2\/comments?post=10104"}],"version-history":[{"count":5,"href":"https:\/\/opdrserdar.com\/de\/wp-json\/wp\/v2\/pages\/10104\/revisions"}],"predecessor-version":[{"id":10574,"href":"https:\/\/opdrserdar.com\/de\/wp-json\/wp\/v2\/pages\/10104\/revisions\/10574"}],"up":[{"embeddable":true,"href":"https:\/\/opdrserdar.com\/de\/wp-json\/wp\/v2\/pages\/10026"}],"wp:attachment":[{"href":"https:\/\/opdrserdar.com\/de\/wp-json\/wp\/v2\/media?parent=10104"}],"curies":[{"name":"wp","href":"https:\/\/api.w.org\/{rel}","templated":true}]}}