{"id":10108,"date":"2022-06-01T12:14:32","date_gmt":"2022-06-01T12:14:32","guid":{"rendered":"https:\/\/opdrserdar.com\/de\/?page_id=10108"},"modified":"2022-10-05T12:26:24","modified_gmt":"2022-10-05T12:26:24","slug":"rektum-kanseri","status":"publish","type":"page","link":"https:\/\/opdrserdar.com\/de\/sindirim-sistemi-cerrahisi\/rektum-kanseri\/","title":{"rendered":"Darmkrebs"},"content":{"rendered":"<p>[vc_row][vc_column][vc_column_text el_class=&#8221;aligncenter&#8221; css=&#8221;.vc_custom_1664971919802{margin-bottom: 20px !important;}&#8221;]<div class='dt-sc-small-separator '><\/div>\n<h2>Darmkrebs<\/h2>\n<p>[\/vc_column_text]<div class='dt-sc-hr-invisible-small '> <\/div><div class='dt-sc-tabs-vertical-frame-container type2 inherit'><ul class='dt-sc-tabs-vertical-frame'><li><a href='#1451042683126-1-297cc-d0bd'>Was ist das Rektum?<\/a><\/li><li><a href='#1451042704680-2-497cc-d0bd'>Welche Funktion hat das Rektum?<\/a><\/li><li><a href='#1451042719561-3-997cc-d0bd'>Was ist Rektumkarzinom?<\/a><\/li><li><a href='#1654083220658-4-597cc-d0bd'>Wer bekommt Rektumkrebs? Ist es \u00fcblich?<\/a><\/li><li><a href='#1654083283686-5-497cc-d0bd'>In Welchem  Alter ist Rektumkrebs H\u00e4ufig?<\/a><\/li><li><a href='#1654085932863-5-2'>Was sind die Symptome und Ursachen von Rektumkarzinom?<\/a><\/li><li><a href='#1654085964106-6-2'>Was sind die Stadien von Rektumkrebs?<\/a><\/li><li><a href='#1654086005788-7-1'>Was sind die Behandlungsmethoden?<\/a><\/li><li><a href='#1654086041658-8-7'>Welche Tests Sollten Durchgef\u00fchrt Werden, um Rektumkrebs zu Verstehen?<\/a><\/li><li><a href='#1654086058372-9-6'>Wie Wird die Koloskopie Durchgef\u00fchrt?<\/a><\/li><li><a href='#1654086099359-10-9'>Welcher Arzt Sollte bei Rektumkarzinom Aufgesucht Werden?<\/a><\/li><li><a href='#1654086118172-11-9'>Kann Darmkrebs Ansteckend Sein?<\/a><\/li><li><a href='#1654086148059-12-8'>Was sind die Unterschiede Zwischen Rektumkrebs und Dickdarmkrebs?<\/a><\/li><li><a href='#1654086168279-13-9'>K\u00f6nnen H\u00e4morrhoiden Mastdarmkrebs Verursachen?<\/a><\/li><\/ul><div class='dt-sc-tabs-vertical-frame-content'>[vc_column_text css=&#8221;.vc_custom_1664972021838{margin-bottom: 10px !important;}&#8221;]Rektum bedeutet Dickdarm. Der Dickdarm ist die letzte Stufe, die den Dickdarm mit dem Anus verbindet. Das Rektum ist etwa 12 bis 15 cm des Dickdarms in unserem K\u00f6rper. Es endet, wenn es den schmalen und kurzen Durchgang erreicht, der vom letzten Teil des Dickdarms beginnt und das Anusorgan erreicht. Das Rektum besteht aus drei Hauptschichten. Ein schleimiger Teil, der aus schleimabsondernden Dr\u00fcsen besteht, bedeckt die Innenseite des Rektums, um die Ausscheidung von aus dem K\u00f6rper auszuscheidenden F\u00e4kalien zu erleichtern. Es hei\u00dft Muscularis propria. Die Schicht in der Mitte des Rektums besteht aus Muskeln, die dem Bereich helfen, sich zusammenzuziehen. Der letzte Teil des Mastdarms besteht aus einer Fettschicht. Lymphknoten, die wichtige Teile des Immunsystems sind, befinden sich rund um das Rektum, mit Ausnahme der drei Hauptteile, aus denen das Rektum besteht.[\/vc_column_text]<\/div><div class='dt-sc-tabs-vertical-frame-content'>[vc_column_text css=&#8221;.vc_custom_1664972062406{margin-bottom: 10px !important;}&#8221;]<\/p>\n<h3><strong>Welche Funktion hat das Rektum?<\/strong><\/h3>\n<p>Die Hauptaufgabe des Mastdarms im K\u00f6rper besteht darin, den Kot zu speichern, der aus dem K\u00f6rper ausgesto\u00dfen und ausgeschieden werden muss.[\/vc_column_text]<\/div><div class='dt-sc-tabs-vertical-frame-content'>[vc_column_text css=&#8221;.vc_custom_1664972107033{margin-bottom: 10px !important;}&#8221;]<\/p>\n<h3><strong>Was ist Rektumkarzinom?<\/strong><\/h3>\n<p>Rektalkrebs ist eine Krebsart, bei der sich b\u00f6sartige Zellen, also Krebszellen, im Enddarmgewebe ansammeln. Rektalkrebs profitiert im Allgemeinen von Polypen in der Auskleidung des Rektums. Dickdarm- und Enddarmkrebs wird allgemein als &#8220;Darmkrebs&#8221; bezeichnet.[\/vc_column_text]<\/div><div class='dt-sc-tabs-vertical-frame-content'>[vc_column_text]<\/p>\n<h3><strong>Wer bekommt Rektumkrebs? Ist es \u00fcblich?<\/strong><\/h3>\n<p>Rektumkarzinom tritt h\u00e4ufiger bei M\u00e4nnern und seltener bei Frauen auf. Mit der Weiterentwicklung radiologischer und endoskopischer Ger\u00e4te und Tests wird die Diagnose von Rektum- und Dickdarmkrebs einfacher. Mit zunehmendem Bewusstsein nimmt auch die Inzidenz dieser Krebsart zu. Jedes Jahr wird bei etwa 1 Million Patienten weltweit Rektum- und Dickdarmkrebs diagnostiziert. Obwohl es in der T\u00fcrkei kein eindeutiges Ergebnis gibt, ist bekannt, dass jedes Jahr etwa 35.000 Rektum- und Dickdarmkrebsdiagnosen gestellt werden.[\/vc_column_text]<\/div><div class='dt-sc-tabs-vertical-frame-content'>[vc_column_text]<\/p>\n<h3><strong>In welchem \u200b\u200b\u200b\u200bAlter ist Rektumkrebs h\u00e4ufig?<\/strong><\/h3>\n<p>Dickdarm- und Mastdarmkrebs haben kein bestimmtes Alter, aber Mastdarmkrebs tritt h\u00e4ufig nach dem 30. oder 35. Lebensjahr auf. Im Allgemeinen wird die \u00fcberwiegende Mehrheit der Patienten in einem h\u00f6heren Alter von etwa 50\u201355 Jahren diagnostiziert.[\/vc_column_text]<\/div><div class='dt-sc-tabs-vertical-frame-content'>[vc_column_text]<\/p>\n<h2><strong>Was sind die Symptome und Ursachen von Rektumkarzinom?<\/strong><\/h2>\n<p>Was sind die Symptome und Ursachen von Rektumkarzinom? Dieser Krebs tritt bei vielen verschiedenen Arten von Menschen auf. Viele von ihnen werden jedoch bei Routinekontrollen ohne Symptome eines Enddarmkrebses entdeckt. Die Symptome von Rektalkrebs umfassen im Allgemeinen die folgenden.<\/p>\n<ul>\n<li>Blutungen im Rektum oder Blut im Stuhl sind eine der Hauptursachen f\u00fcr Rektumkrebs. Etwa 8 von 10 Personen leiden unter Blutungen im Stuhl oder Rektum.<\/li>\n<li>Es ist einer der Gr\u00fcnde, die den Nachweis von Schleim im Stuhl bestimmen.<\/li>\n<li>Ver\u00e4nderungen im Darm, wie \u00fcberm\u00e4\u00dfige Bl\u00e4hungen, Durchfall und Verstopfung, geh\u00f6ren zu den Symptomen von Rektumkrebs.<\/li>\n<li>Es besteht auch das Gef\u00fchl, dass der Darm leer ist oder trotz h\u00e4ufiger Toiletteng\u00e4nge nicht gen\u00fcgend Stuhl vorhanden ist.<\/li>\n<li>Auch Schmerzen beim Stuhlgang geh\u00f6ren zu den Symptomen.<br \/>\nUnbemerkte pl\u00f6tzliche Blutungen im Stuhl f\u00fchren zu Blutarmut.<\/li>\n<li>Kurzatmigkeit aufgrund von An\u00e4mie, schneller Herzschlag, Schwindel sind die Symptome von Mastdarmkrebs.<\/li>\n<li>Ein Darmverschluss kann auch auftreten, wenn der Tumor mit der Zeit w\u00e4chst und den Austrittsbereich verschlie\u00dft. Ein Darmverschluss verursacht starke Bauchschmerzen und starke Kr\u00e4mpfe.<br \/>\nDas Wachstum des Tumors im Laufe der Zeit kann auch Ver\u00e4nderungen im<\/li>\n<li>Stuhl verursachen. Die Stuhlgr\u00f6\u00dfe kann reduziert werden. Stuhl so d\u00fcnn wie ein Bleistift kann auf Darmkrebs hinweisen.<\/li>\n<li>Pl\u00f6tzlicher Gewichtsverlust ohne Bewegung oder Di\u00e4t kann das erste Anzeichen von Mastdarmkrebs sein.<\/li>\n<\/ul>\n<p>[\/vc_column_text]<\/div><div class='dt-sc-tabs-vertical-frame-content'>[vc_column_text]<\/p>\n<h2><strong>Was sind die Stadien von Rektumkrebs?<\/strong><\/h2>\n<p>Stadium 1: Es ist das fr\u00fcheste diagnostizierte Stadium der Krankheit. Krebszellen kommen zusammen und halten den inneren und mittleren Teil des Dickdarms. Dar\u00fcber hinaus gibt es keine Beteiligung sowohl an Lymphknoten als auch an Organen, die vom Dickdarm entfernt sind.<\/p>\n<p>Stufe 2: Krebszellen, die zusammenkommen, besetzen alle Schichten des Dickdarms. Es beginnt bei der innersten Schicht und reicht bis zur \u00e4u\u00dfersten Schicht. Es kann sich auch auf benachbarte Organe ausbreiten. Eine Beteiligung wird weder in Lymphknoten noch in vom Dickdarm entfernten Organen beobachtet.<\/p>\n<p>Stadium 3: Unabh\u00e4ngig von der dauerhaften Sch\u00e4digung der Dickdarmwand hat die Tumorausbreitung in den Lymphknoten begonnen, die die Nachbarn des Dickdarms sind.<\/p>\n<p>Stufe 4: Es ist das am weitesten fortgeschrittene Stadium von Rektumkrebs. Unabh\u00e4ngig von der Ausbreitung des Tumors in den Lymphknoten und der Dickdarmwand kommt es zu Metastasen in Organen wie Bauchfell, Leber, Lunge, Knochen und Gehirn.<\/p>\n<p>Die Behandlung von Enddarm- und Dickdarmkrebs in allen genannten Stadien ist eine Operation. Je nach Lage des Tumors im Rektum und Dickdarm, je nach Stadium, Gr\u00f6\u00dfe und unter Ber\u00fccksichtigung der Tumorkomplikationen des Patienten unterscheidet sich die Behandlung der Operation je nach Anwendung bei dringenden Gr\u00fcnden wie Perforation, Obstruktion und Blutung .[\/vc_column_text]<\/div><div class='dt-sc-tabs-vertical-frame-content'>[vc_column_text]<\/p>\n<h2><strong>Was sind die Behandlungsmethoden?<\/strong><\/h2>\n<p>Rektum- und Dickdarmkrebs werden mit vielen Methoden behandelt. Chirurgische Behandlungen sind Strahlentherapie und Chemotherapie, die als Strahlentherapie bekannt sind. Diese Behandlungen sind diejenigen, die ziemlich h\u00e4ufig verwendet werden.<\/p>\n<p>Vor der Planung des Behandlungsprozesses f\u00fcr Rektumkarzinom sollten der Zustand und die Pr\u00e4valenz des Patienten \u00fcberpr\u00fcft werden. Aus diesem Grund sollte bekannt sein, in welchem \u200b\u200bStadium sich der Krebs im Behandlungsprozess befindet.[\/vc_column_text]<\/div><div class='dt-sc-tabs-vertical-frame-content'>[vc_column_text]<\/p>\n<h2><strong>Welche Tests sollten durchgef\u00fchrt werden, um Rektumkrebs zu verstehen?<\/strong><\/h2>\n<p>Tests zur Fr\u00fcherkennung von Rektumkrebs sind wie folgt;<\/p>\n<p>1- Mit Koloskopie,<\/p>\n<p>2- Durch das Betrachten des Blutes im Stuhl,<\/p>\n<p>3- CT, Computertomographie-Kolonographie-Untersuchung,<\/p>\n<p>4- Flexible Sigmoidoskopie-Untersuchung,<\/p>\n<p>5- DNA-Tests im Stuhl sollten durchgef\u00fchrt werden.[\/vc_column_text]<\/div><div class='dt-sc-tabs-vertical-frame-content'>[vc_column_text]<\/p>\n<h2><strong>Wie wird die Koloskopie durchgef\u00fchrt?<\/strong><\/h2>\n<p>Bei der Koloskopie wird das Innere des Darms untersucht, indem man in den Dickdarm eindringt, der am Ende des Instruments sowohl ein Licht als auch eine Kamera hat, und der Darm vorher gereinigt wird, und indem man Luft gibt, wird der Darm leicht angeschwollen. Dieser Vorgang dauert etwa eine halbe bis eine Stunde.<\/p>\n<p>Wenn es w\u00e4hrend des Eingriffs als notwendig erachtet wird, werden Biopsieproben aus der Schleimhautschicht im Darm und Geweben mit abnormalem Aussehen entnommen. Wenn w\u00e4hrend dieses Verfahrens Polypen zu sehen sind, k\u00f6nnen die Polypen w\u00e4hrend des Verfahrens entfernt werden. Kommt es w\u00e4hrend des Eingriffs zu einer Blutung im Dickdarm, wird diese Blutung bei der Darmspiegelung gestoppt.[\/vc_column_text]<\/div><div class='dt-sc-tabs-vertical-frame-content'>[vc_column_text]<\/p>\n<h2><strong>Welcher Arzt sollte bei Rektumkarzinom aufgesucht werden?<\/strong><\/h2>\n<p>Patienten mit Symptomen von Dickdarm- oder Mastdarmkrebs sollten unverz\u00fcglich ihren Arzt in der Abteilung f\u00fcr Allgemeinchirurgie oder Gastroenterologie aufsuchen. Da chirurgische Eingriffe in den Behandlungsaufkl\u00e4rungen dieser Krebsart im Vordergrund stehen, ist es ein sehr wichtiges Thema, einen Facharzt zu bevorzugen. F\u00fcr die Behandlung von Darmkrebs ist es sehr wichtig, medizinische Einheiten wie allgemeine Chirurgie, Gastroenterologie oder Onkologie und Krankenh\u00e4user mit ausreichender medizinischer Infrastruktur auszuw\u00e4hlen.[\/vc_column_text]<\/div><div class='dt-sc-tabs-vertical-frame-content'>[vc_column_text]<\/p>\n<h2><strong>Kann Darmkrebs ansteckend sein?<\/strong><\/h2>\n<p>Es ist nicht m\u00f6glich, dass ein Patient mit Rektumkarzinom diese Krankheit auf eine andere Person \u00fcbertr\u00e4gt. Es gibt keine Hinweise darauf, dass Krebs durch Luft, Einatmen, Kontakt oder sexuell \u00fcbertragen wird. Dar\u00fcber hinaus werden Dickdarm- und Mastdarmkrebs genetisch \u00fcbertragen. Menschen mit einem fr\u00fcheren Verwandten ersten Grades mit Dickdarm- oder Mastdarmkrebs haben mit gr\u00f6\u00dferer Wahrscheinlichkeit diese Art von Krebs.[\/vc_column_text]<\/div><div class='dt-sc-tabs-vertical-frame-content'>[vc_column_text]<\/p>\n<h2><strong>Was sind die Unterschiede zwischen Rektumkrebs und Dickdarmkrebs?<\/strong><\/h2>\n<p>Die Ursachen und Symptome beider Krebsarten sind einander sehr \u00e4hnlich. Obwohl diese Krebsarten einander sehr \u00e4hnlich sind, sind ihre Behandlungen sehr unterschiedlich. Die h\u00e4ufigste Ursache f\u00fcr diese Krebsarten ist, dass das Rektum in einem engen Raum in der Beckenh\u00f6hle verbleibt, der schwer von anderen Strukturen und Organen zu trennen ist.[\/vc_column_text]<\/div><div class='dt-sc-tabs-vertical-frame-content'>[vc_column_text]<\/p>\n<h2><strong>K\u00f6nnen H\u00e4morrhoiden Mastdarmkrebs verursachen?<\/strong><\/h2>\n<p>H\u00e4morrhoiden haben nichts mit Mastdarm- und Dickdarmkrebs zu tun, aber Blutungen, insbesondere im Mastdarm, und Schmerzen in diesem Bereich treten auch bei Mastdarmkrebs auf. Es wird auch bei H\u00e4morrhoiden-Erkrankungen bemerkt. Die meisten Patienten mit Rektum- und Dickdarmkrebs haben auch Symptome von H\u00e4morrhoiden. Da Patienten diese Probleme mit H\u00e4morrhoiden vergleichen, kann es zu sp\u00e4t sein, einen Arzt aufzusuchen. Beim Auftreten \u00e4hnlicher Symptome sollte unverz\u00fcglich ein Arzt aufgesucht werden. Es ist sehr wichtig, Mastdarm- und Dickdarmkrebs fr\u00fchzeitig zu erkennen.[\/vc_column_text]<\/div><\/div><div class='dt-sc-hr-invisible-small '> <\/div>[\/vc_column][\/vc_row]<\/p>\n","protected":false},"excerpt":{"rendered":"<p>[vc_row][vc_column][vc_column_text el_class=&#8221;aligncenter&#8221; css=&#8221;.vc_custom_1664971919802{margin-bottom: 20px !important;}&#8221;] Darmkrebs [\/vc_column_text][\/vc_column][\/vc_row]<\/p>\n","protected":false},"author":1,"featured_media":0,"parent":10026,"menu_order":0,"comment_status":"closed","ping_status":"closed","template":"","meta":[],"_links":{"self":[{"href":"https:\/\/opdrserdar.com\/de\/wp-json\/wp\/v2\/pages\/10108"}],"collection":[{"href":"https:\/\/opdrserdar.com\/de\/wp-json\/wp\/v2\/pages"}],"about":[{"href":"https:\/\/opdrserdar.com\/de\/wp-json\/wp\/v2\/types\/page"}],"author":[{"embeddable":true,"href":"https:\/\/opdrserdar.com\/de\/wp-json\/wp\/v2\/users\/1"}],"replies":[{"embeddable":true,"href":"https:\/\/opdrserdar.com\/de\/wp-json\/wp\/v2\/comments?post=10108"}],"version-history":[{"count":4,"href":"https:\/\/opdrserdar.com\/de\/wp-json\/wp\/v2\/pages\/10108\/revisions"}],"predecessor-version":[{"id":10584,"href":"https:\/\/opdrserdar.com\/de\/wp-json\/wp\/v2\/pages\/10108\/revisions\/10584"}],"up":[{"embeddable":true,"href":"https:\/\/opdrserdar.com\/de\/wp-json\/wp\/v2\/pages\/10026"}],"wp:attachment":[{"href":"https:\/\/opdrserdar.com\/de\/wp-json\/wp\/v2\/media?parent=10108"}],"curies":[{"name":"wp","href":"https:\/\/api.w.org\/{rel}","templated":true}]}}