{"id":10112,"date":"2022-06-01T12:34:47","date_gmt":"2022-06-01T12:34:47","guid":{"rendered":"https:\/\/opdrserdar.com\/de\/?page_id=10112"},"modified":"2022-10-05T11:45:25","modified_gmt":"2022-10-05T11:45:25","slug":"pankreas-kanseri","status":"publish","type":"page","link":"https:\/\/opdrserdar.com\/de\/sindirim-sistemi-cerrahisi\/pankreas-kanseri\/","title":{"rendered":"Bauchspeicheldr\u00fcsenkrebs"},"content":{"rendered":"<p>[vc_row][vc_column][vc_column_text el_class=&#8221;aligncenter&#8221; css=&#8221;.vc_custom_1664969848257{margin-bottom: 20px !important;}&#8221;]<div class='dt-sc-small-separator '><\/div>\n<h2>Bauchspeicheldr\u00fcsenkrebs<\/h2>\n<p>[\/vc_column_text]<div class='dt-sc-hr-invisible-small '> <\/div><div class='dt-sc-tabs-vertical-frame-container type2 inherit'><ul class='dt-sc-tabs-vertical-frame'><li><a href='#1451042683126-1-297cc-d0bd'>Was ist Bauchspeicheldr\u00fcse?<\/a><\/li><li><a href='#1451042704680-2-497cc-d0bd'>Was sind die Symptome von Bauchspeicheldr\u00fcsenkrebs?<\/a><\/li><li><a href='#1451042719561-3-997cc-d0bd'>Ursachen von Bauchspeicheldr\u00fcsenkrebs<\/a><\/li><li><a href='#1654083220658-4-597cc-d0bd'>Diagnose von Bauchspeicheldr\u00fcsenkrebs<\/a><\/li><li><a href='#1654083283686-5-497cc-d0bd'>Arten von Bauchspeicheldr\u00fcsenkrebs<\/a><\/li><li><a href='#1654085932863-5-2'>Stadien des Bauchspeicheldr\u00fcsenkrebses<\/a><\/li><li><a href='#1654086836682-6-6'>Behandlung von Bauchspeicheldr\u00fcsenkrebs<\/a><\/li><\/ul><div class='dt-sc-tabs-vertical-frame-content'>[vc_column_text css=&#8221;.vc_custom_1664969988067{margin-bottom: 10px !important;}&#8221;]F\u00fcr Bauchspeicheldr\u00fcsenkrebs-Symptome, Diagnose- und Behandlungsmethoden ist es zun\u00e4chst notwendig, die Definition von Bauchspeicheldr\u00fcsenkrebs und Bauchspeicheldr\u00fcse zu kennen. Die Bauchspeicheldr\u00fcse befindet sich im hinteren Teil des Bauches im menschlichen K\u00f6rper. Die L\u00e4nge der Bauchspeicheldr\u00fcse betr\u00e4gt im Durchschnitt 15 Zentimeter. Es hat sehr wichtige Funktionen im K\u00f6rper. Es hat zwei wichtige Funktionen. W\u00e4hrend einer von ihnen wichtig f\u00fcr die Verdauung ist, ist der zweite wichtig f\u00fcr die Regulierung des Blutzuckerspiegels. Mit anderen Worten, die Bauchspeicheldr\u00fcse hat sowohl eine endokrine als auch eine exokrine Funktion.<\/p>\n<p>Was ist Bauchspeicheldr\u00fcsenkrebs? Bauchspeicheldr\u00fcsenkrebs tritt auf, wenn eine Reihe von b\u00f6sartigen Tumoren als Folge einer abnormalen Zerst\u00f6rung von Zellen in der Bauchspeicheldr\u00fcse entstehen. Bauchspeicheldr\u00fcsenkrebs kann sich auf das gesamte Organ ausbreiten oder einen bestimmten Teil der Bauchspeicheldr\u00fcse betreffen. Obwohl es verschiedene Arten von Bauchspeicheldr\u00fcsenkrebs gibt, ist die h\u00e4ufigste Form das Adenokarzinom. Adenokrebs ist eine Krebsart, die schnell fortschreitet. Diese Art von Krebs kann sich schnell auf umliegende Organe, Zellen und Gewebe ausbreiten.[\/vc_column_text]<\/div><div class='dt-sc-tabs-vertical-frame-content'>[vc_column_text css=&#8221;.vc_custom_1664970068371{margin-bottom: 10px !important;}&#8221;]<\/p>\n<h2><strong>Was sind die Symptome von Bauchspeicheldr\u00fcsenkrebs?<\/strong><\/h2>\n<p>Die Symptome von Bauchspeicheldr\u00fcsenkrebs schreiten im Rahmen von Diagnose- und Behandlungsmethoden heimlich und schleichend fort, da Bauchspeicheldr\u00fcsenkrebs im Anfangsstadium nicht viele Symptome zeigt. Im Allgemeinen tritt Bauchspeicheldr\u00fcsenkrebs in sp\u00e4teren Stadien auf und zeigt Symptome.<\/p>\n<p>Die h\u00e4ufigsten Hauptsymptome der Bauchspeicheldr\u00fcse sind:<\/p>\n<ul>\n<li>Magenschmerzen<\/li>\n<li>Appetitverlust<\/li>\n<li>Gelbsucht<\/li>\n<li>Gewichtsverlust<\/li>\n<li>Erbrechen und \u00dcbelkeit<\/li>\n<li>Schw\u00e4che, M\u00fcdigkeit und M\u00fcdigkeit<\/li>\n<li>Durchfall<\/li>\n<li>Verdauungsprobleme<\/li>\n<li>Ver\u00e4nderung der Stuhlfarbe<\/li>\n<li>R\u00fcckenschmerzen<\/li>\n<li>Pl\u00f6tzlicher Diabetes<\/li>\n<li>Es gibt wichtige Symptome wie Depressionen.<\/li>\n<\/ul>\n<p>In fortgeschrittenen F\u00e4llen von Bauchspeicheldr\u00fcsenkrebs ist die Bildung einer V\u00f6llegef\u00fchl, besonders im Unterleib, eines der wichtigen Symptome. Gleichzeitig kommt es bei Patienten infolge von Mangelern\u00e4hrung zu einem schnellen Gewichtsverlust. Ein weiteres wichtiges Symptom ist Gelbsucht. Das wichtigste Symptom von Bauchspeicheldr\u00fcsenkrebs, insbesondere in den fr\u00fchen Stadien, ist Gelbsucht. Gelbsucht erscheint zuerst in den Augen. Sp\u00e4ter kommt es zu einer Gelbf\u00e4rbung der Haut und die Ausbreitung auf andere K\u00f6rperteile. Dadurch ver\u00e4ndert sich die Farbe des Stuhls. Dar\u00fcber hinaus treten Bauchschmerzen zu Beginn von Bauchspeicheldr\u00fcsenkrebs in Form von leichten Schmerzen auf. In den sp\u00e4teren Stadien des Bauchspeicheldr\u00fcsenkrebses nehmen die Bauchschmerzen jedoch allm\u00e4hlich zu und die Bauchschmerzen treffen den R\u00fccken. Gleichzeitig werden Bl\u00e4hungssymptome in sehr fortgeschrittenen Krankheitsstadien deutlicher. Es treten jedoch Verdauungsst\u00f6rungen auf.[\/vc_column_text]<\/div><div class='dt-sc-tabs-vertical-frame-content'>[vc_column_text css=&#8221;.vc_custom_1664970118117{margin-bottom: 10px !important;}&#8221;]<\/p>\n<h2><strong>Ursachen von Bauchspeicheldr\u00fcsenkrebs<\/strong><\/h2>\n<p>Die Ursache des Krebses ist wichtig, um die Symptome von Bauchspeicheldr\u00fcsenkrebs, Diagnose und Behandlungsmethoden zu bestimmen. Die genaue Ursache von Bauchspeicheldr\u00fcsenkrebs ist nicht bekannt. Es wurde jedoch festgestellt, dass Rauchen Bauchspeicheldr\u00fcsenkrebs verursacht. Gleichzeitig wird Bauchspeicheldr\u00fcsenkrebs bei Menschen mit Fettleibigkeitsproblemen beobachtet. Rauchen ist die Ursache f\u00fcr 30 % des Bauchspeicheldr\u00fcsenkrebses. \u00dcber die Entstehung von Bauchspeicheldr\u00fcsenkrebs als Folge von Diabetes gibt es jedoch unterschiedliche Meinungen. Aufgrund genetischer Strukturen, d. h. wenn in der Familie Bauchspeicheldr\u00fcsenkrebs in der Vorgeschichte vorkommt, hat diese Person wahrscheinlich auch Bauchspeicheldr\u00fcsenkrebs. Das fortschreitende Alter ist ein wichtiger Risikofaktor. Ungesunde Ern\u00e4hrungsbedingungen, also eine Ern\u00e4hrung ohne Obst und Gem\u00fcse, erh\u00f6hen das Risiko f\u00fcr Bauchspeicheldr\u00fcsenkrebs. Menschen, die Chemikalien ausgesetzt sind, und Menschen mit einem hohen Body-Mass-Index haben jedoch ein h\u00f6heres Risiko f\u00fcr Bauchspeicheldr\u00fcsenkrebs. Eine chronische Pankreatitis erh\u00f6ht das Risiko f\u00fcr Bauchspeicheldr\u00fcsenkrebs.[\/vc_column_text]<\/div><div class='dt-sc-tabs-vertical-frame-content'>[vc_column_text]<\/p>\n<h2><strong>Diagnose von Bauchspeicheldr\u00fcsenkrebs<\/strong><\/h2>\n<p>Bauchspeicheldr\u00fcsenkrebs ist eine Krebsart, die im Rahmen von Diagnose- und Behandlungsmethoden sehr langsam und schleichend voranschreitet. Daher ist es sehr schwierig, Bauchspeicheldr\u00fcsenkrebs zu diagnostizieren, da seine Symptome nicht sehr klar sind. Je fr\u00fcher jedoch die Diagnose gestellt wird, desto gr\u00f6\u00dfer sind die Behandlungsm\u00f6glichkeiten. Doch je fr\u00fcher Bauchspeicheldr\u00fcsenkrebs erkannt und diagnostiziert wird, desto h\u00f6her sind die Erfolgsaussichten von Behandlungsmethoden. Eine ausf\u00fchrliche Untersuchung, Analyse und Tests sind f\u00fcr die Diagnose von Bauchspeicheldr\u00fcsenkrebs von gro\u00dfer Bedeutung. Diese Untersuchungen, die im Rahmen der Diagnose- und Behandlungsmethoden von Bauchspeicheldr\u00fcsenkrebs-Symptomen durchgef\u00fchrt werden, sind Ultraschall, Laboruntersuchungen, Computertomographie und Magnetresonanztomographie-Verfahren.<\/p>\n<p>Zur Diagnostik der Bauchspeicheldr\u00fcse im Rahmen der Bauchspeicheldr\u00fcsenkrebs-Symptomdiagnostik und Behandlungsmethoden werden zun\u00e4chst bildgebende Ultraschalluntersuchungen durchgef\u00fchrt. Mit dem bildgebenden Verfahren werden somit wichtige Informationen im Bereich der Bauchspeicheldr\u00fcse gewonnen. Die Art, Struktur, Gr\u00f6\u00dfe der Masse in diesem Bereich, ob eine Masse vorhanden ist und die Beziehung zwischen der Masse und anderen Strukturen, vaskul\u00e4ren Strukturen, werden bestimmt. Einige Werte werden durch Labortechniken gemessen. Bauchspeicheldr\u00fcsentumoren werden durch bildgebende Verfahren der Computertomographie untersucht. Mit der Magnetresonanztomographie, also MRT, wird die Struktur des Tumors in der Bauchspeicheldr\u00fcse untersucht. Mit diesen 2 Untersuchungen wird die Behandlungsmethode des Patienten bestimmt. Als Ergebnis aller Methoden wird das Stadium des Tumors genau bestimmt. Dazu werden Staging-Tests durchgef\u00fchrt. Es ist wichtig, einen angemessenen Behandlungsprozess zu beginnen, indem alle Phasen bewertet werden.[\/vc_column_text]<\/div><div class='dt-sc-tabs-vertical-frame-content'>[vc_column_text]<\/p>\n<h2><strong>Arten von Bauchspeicheldr\u00fcsenkrebs<\/strong><\/h2>\n<p>Es gibt verschiedene Arten von Bauchspeicheldr\u00fcsenkrebs im Rahmen von Bauchspeicheldr\u00fcsenkrebs-Symptomen, Diagnose und Behandlungsmethoden. Die Art von Bauchspeicheldr\u00fcsenkrebs, die operierbar und f\u00fcr einen chirurgischen Eingriff geeignet ist, wird als resezierbarer Krebs bezeichnet. Es gibt eine regional fortgeschrittene Krebsart. Metastasierter Bauchspeicheldr\u00fcsenkrebs, der sich weit ausbreitet, ist eine andere Art. Es gibt auch rezidivierende, also wiederkehrende Bauchspeicheldr\u00fcsenkrebs.<\/p>\n<p>Wenn wir uns Bauchspeicheldr\u00fcsenkrebs ansehen, der f\u00fcr einen chirurgischen Eingriff geeignet ist; Wenn der hier lokalisierte Tumor durch eine chirurgische Behandlung entfernt werden kann, wird das Verfahren zum Entfernen des Tumors durchgef\u00fchrt. Es besteht auch das Risiko eines erneuten Auftretens von Bauchspeicheldr\u00fcsenkrebs, nachdem der Tumor operativ entfernt wurde. Chemotherapie wird auch zusammen mit chirurgischen Methoden angewendet. Bei regional fortgeschrittenem Bauchspeicheldr\u00fcsenkrebs hat sich der Tumor auf andere Regionen ausgebreitet. Es ist ein Tumor, der f\u00fcr einen chirurgischen Eingriff nicht geeignet ist. In diesem Fall kann der verstopfte Gallengang ge\u00f6ffnet oder der D\u00fcnndarm eingegriffen werden. Weit verbreiteter und metastasierter Bauchspeicheldr\u00fcsenkrebs kann sich auch auf Leber, Bauch, Knochen, Lunge und Gehirn ausbreiten, und ein chirurgischer Eingriff kann nicht durchgef\u00fchrt werden. Auch eine Strahlentherapie allein kann nicht erfolgreich sein. Eine Chemotherapie ist besser geeignet bei metastasiertem Bauchspeicheldr\u00fcsenkrebs, der sich \u00fcber ein weites Gebiet ausgebreitet hat. Diese Methode soll die Lebensspanne des Patienten verl\u00e4ngern. Es gibt wiederkehrende Arten von Bauchspeicheldr\u00fcsenkrebs. Es sind Krebserkrankungen, die st\u00e4ndig wiederkehren und an der gleichen Stelle wiederkehren, auch wenn sie operiert wurden. Bei dieser Krebsart kann der Patient mit einer Chemotherapie behandelt werden.[\/vc_column_text]<\/div><div class='dt-sc-tabs-vertical-frame-content'>[vc_column_text]<\/p>\n<h2><strong>Stadien des Bauchspeicheldr\u00fcsenkrebses<\/strong><\/h2>\n<p>Wenn Symptome, Diagnose und Behandlungsmethoden von Bauchspeicheldr\u00fcsenkrebs bewertet werden, gibt es verschiedene Stadien von Bauchspeicheldr\u00fcsenkrebs. In der Phase, die wir 0 nennen, gibt es keine Ausbreitung. In diesem Stadium kann anhand eines bildgebenden Tests festgestellt werden, dass sich der Bauchspeicheldr\u00fcsenkrebs im Stadium 0 befindet. Im ersten Stadium hat der Krebs begonnen zu wachsen und wird nur in der Bauchspeicheldr\u00fcsenregion gefunden. Im zweiten Stadium w\u00e4chst der Krebs au\u00dferhalb der Bauchspeicheldr\u00fcse und beginnt sich auf die Lymphknoten auszubreiten. Im dritten Stadium breitet sich der Krebs auf gr\u00f6\u00dfere Bereiche wie Gef\u00e4\u00dfe und Nerven aus. Im vierten Stadium breitet sich der Krebs auf viele entfernte Organe wie die Leber aus.[\/vc_column_text]<\/div><div class='dt-sc-tabs-vertical-frame-content'>[vc_column_text]<\/p>\n<h2><strong>Behandlung von Bauchspeicheldr\u00fcsenkrebs<\/strong><\/h2>\n<p>Im Rahmen von Bauchspeicheldr\u00fcsenkrebs-Symptomen, Diagnose- und Behandlungsmethoden gibt es 3 verschiedene Methoden in der Behandlung von Bauchspeicheldr\u00fcsenkrebs. Die Behandlungsmethoden unterscheiden sich je nach Zustand des Tumors und Tumorstadium bei jedem Patienten. Diese Behandlungsmethoden bestehen aus Operation, Strahlentherapie und Chemotherapie.<\/p>\n<p>Da die Bauchspeicheldr\u00fcse eine wichtige Funktion f\u00fcr viele Organe hat, kommen im Behandlungsprozess von Bauchspeicheldr\u00fcsenkrebs \u00c4rzte, die Experten auf vielen Gebieten wie der Gastroenterologie, der medizinischen Onkologie oder der Radioonkologie sind, zusammen und arbeiten koordiniert zusammen und es wird eine Bauchspeicheldr\u00fcsenkrebsbehandlung durchgef\u00fchrt . Befindet sich der Bauchspeicheldr\u00fcsenkrebs in einem sehr fortgeschrittenen Stadium und hat sich auf weit entfernte Organe ausgebreitet, dann ist der Patient f\u00fcr einen chirurgischen Eingriff nicht geeignet. In fortgeschrittenen Stadien k\u00f6nnen chirurgische Eingriffe durchgef\u00fchrt werden, um Schmerzen zu lindern, Symptome zu reduzieren und das Leben etwas zu verl\u00e4ngern.<\/p>\n<p>Betrachtet man die durchschnittliche Lebenserwartung in dieser Patientengruppe, bei der sich der Bauchspeicheldr\u00fcsenkrebs auf andere entfernte Organe ausgebreitet hat, liegt sie zwischen 3 und 6 Monaten. Wenn sich die Krankheit lokal ausgebreitet hat, liegt die durchschnittliche Lebenserwartung des Patienten zwischen 6 und 10 Monaten. Bauchspeicheldr\u00fcsenkrebs ist eine sehr schwierige Operation. Es gibt einige Risiken nach der Operation. Eine Whipple-Operation wird bei Bauchspeicheldr\u00fcsenkrebs durchgef\u00fchrt. Nach der Whipple-Operation verschwinden die Beschwerden des Verdauungssystems.<\/p>\n<p>Strahlentherapieverfahren werden auch bei der Behandlung von Bauchspeicheldr\u00fcsenkrebs verwendet, und im Allgemeinen werden wirksamere und erfolgreichere Ergebnisse erzielt, wenn Strahlentherapie und Chemotherapie zusammen angewendet werden. Die Methodenkombination ist eine Behandlungsmethode, die helfen kann, Krebstumore in der Bauchspeicheldr\u00fcsenregion zu verkleinern oder verschwinden zu lassen. Bei der Chemotherapie werden dem Patienten einige Medikamente verabreicht, um Krebszellen zu zerst\u00f6ren. Strahlentherapie und Chemotherapie werden dann bei Patienten, die sich einem chirurgischen Eingriff unterzogen haben, im Rahmen von Diagnose- und Behandlungsmethoden f\u00fcr Symptome von Bauchspeicheldr\u00fcsenkrebs angewendet. Wenn die Behandlung mit fr\u00fcher Diagnose durchgef\u00fchrt wird und ein chirurgisches Verfahren angewendet wird, liegt die Genesungsrate des Patienten unter 50%. Um Bauchspeicheldr\u00fcsenkrebs vorzubeugen, ist es notwendig, auf das Rauchen zu verzichten, sich gesund zu ern\u00e4hren und sich regelm\u00e4\u00dfig zu bewegen.[\/vc_column_text]<\/div><\/div><div class='dt-sc-hr-invisible-small '> <\/div>[\/vc_column][\/vc_row]<\/p>\n","protected":false},"excerpt":{"rendered":"<p>[vc_row][vc_column][vc_column_text el_class=&#8221;aligncenter&#8221; css=&#8221;.vc_custom_1664969848257{margin-bottom: 20px !important;}&#8221;] Bauchspeicheldr\u00fcsenkrebs [\/vc_column_text][\/vc_column][\/vc_row]<\/p>\n","protected":false},"author":1,"featured_media":0,"parent":10026,"menu_order":0,"comment_status":"closed","ping_status":"closed","template":"","meta":[],"_links":{"self":[{"href":"https:\/\/opdrserdar.com\/de\/wp-json\/wp\/v2\/pages\/10112"}],"collection":[{"href":"https:\/\/opdrserdar.com\/de\/wp-json\/wp\/v2\/pages"}],"about":[{"href":"https:\/\/opdrserdar.com\/de\/wp-json\/wp\/v2\/types\/page"}],"author":[{"embeddable":true,"href":"https:\/\/opdrserdar.com\/de\/wp-json\/wp\/v2\/users\/1"}],"replies":[{"embeddable":true,"href":"https:\/\/opdrserdar.com\/de\/wp-json\/wp\/v2\/comments?post=10112"}],"version-history":[{"count":3,"href":"https:\/\/opdrserdar.com\/de\/wp-json\/wp\/v2\/pages\/10112\/revisions"}],"predecessor-version":[{"id":10583,"href":"https:\/\/opdrserdar.com\/de\/wp-json\/wp\/v2\/pages\/10112\/revisions\/10583"}],"up":[{"embeddable":true,"href":"https:\/\/opdrserdar.com\/de\/wp-json\/wp\/v2\/pages\/10026"}],"wp:attachment":[{"href":"https:\/\/opdrserdar.com\/de\/wp-json\/wp\/v2\/media?parent=10112"}],"curies":[{"name":"wp","href":"https:\/\/api.w.org\/{rel}","templated":true}]}}