{"id":10114,"date":"2022-06-01T12:39:04","date_gmt":"2022-06-01T12:39:04","guid":{"rendered":"https:\/\/opdrserdar.com\/de\/?page_id=10114"},"modified":"2022-10-05T10:49:25","modified_gmt":"2022-10-05T10:49:25","slug":"karaciger-kanseri","status":"publish","type":"page","link":"https:\/\/opdrserdar.com\/de\/sindirim-sistemi-cerrahisi\/karaciger-kanseri\/","title":{"rendered":"Leberkrebs"},"content":{"rendered":"<p>[vc_row][vc_column][vc_column_text el_class=&#8221;aligncenter&#8221; css=&#8221;.vc_custom_1664966499766{margin-bottom: 20px !important;}&#8221;]<div class='dt-sc-small-separator '><\/div>\n<h2>Leberkrebs<\/h2>\n<p>[\/vc_column_text]<div class='dt-sc-hr-invisible-small '> <\/div><div class='dt-sc-tabs-vertical-frame-container type2 inherit'><ul class='dt-sc-tabs-vertical-frame'><li><a href='#1451042683126-1-297cc-d0bd'>Was ist Leberkrebs?<\/a><\/li><li><a href='#1451042704680-2-497cc-d0bd'>Symptome von Leberkrebs<\/a><\/li><li><a href='#1451042719561-3-997cc-d0bd'>Risikofaktoren f\u00fcr Leberkrebs<\/a><\/li><li><a href='#1654083220658-4-597cc-d0bd'>Diagnose von Leberkrebs<\/a><\/li><li><a href='#1654083283686-5-497cc-d0bd'>Behandlungsoptionen f\u00fcr Prim\u00e4ren Leberkrebs<\/a><\/li><li><a href='#1654085932863-5-2'>Vorschl\u00e4ge zur Vorbeugung von Leberkrebs<\/a><\/li><li><a href='#1654086836682-6-6'>Stadien von Leberkrebs<\/a><\/li><\/ul><div class='dt-sc-tabs-vertical-frame-content'>[vc_column_text css=&#8221;.vc_custom_1664966541174{margin-bottom: 10px !important;}&#8221;]Leberkrebs wird durch den Abbau von Zellen in der Leber verursacht. Die Leber befindet sich im oberen rechten Teil der Bauchh\u00f6hle, oberhalb des Magens und unterhalb des Zwerchfells. Krebsarten, die in der Leber auftreten, k\u00f6nnen sich in verschiedenen Varianten \u00e4u\u00dfern. Die h\u00e4ufigste Art von Leberkrebs ist Leberkrebs.<\/p>\n<p>Der Krebs kann jedoch von einem anderen K\u00f6rperteil ausgegangen sein, sp\u00e4ter aber in die Leber metastasiert haben. Daher bedeutet dies nicht, dass alle in der Leber beobachteten Krebsarten von Zellen in der Leber ausgehen. Krebs in anderen Organen kann sich auf die Leber ausgebreitet haben.[\/vc_column_text]<\/div><div class='dt-sc-tabs-vertical-frame-content'>[vc_column_text css=&#8221;.vc_custom_1664966655920{margin-bottom: 10px !important;}&#8221;]<\/p>\n<h2><strong>Symptome von Leberkrebs<\/strong><\/h2>\n<ul>\n<li>Auftreten von Appetitlosigkeit<\/li>\n<li>Schmerzen im Oberbauch<\/li>\n<li>Die Schw\u00e4che<\/li>\n<li>M\u00fcdigkeit, Schw\u00e4che, Ersch\u00f6pfung<\/li>\n<li>Erbrechen und \u00dcbelkeit<\/li>\n<li>Unfreiwilliger Gewichtsverlust<\/li>\n<li>Auftreten von Gelbf\u00e4rbung der Haut<\/li>\n<li>Gelbf\u00e4rbung unter den Augen<\/li>\n<li>Stuhl wird wei\u00df<\/li>\n<li>Fieber, Juckreiz<\/li>\n<li>R\u00fcckenschmerzen<\/li>\n<li>An\u00e4mie<\/li>\n<li>Bauchschmerzen und Raumforderungen geh\u00f6ren zu den Hauptsymptomen.<\/li>\n<\/ul>\n<p><strong>Prim\u00e4rer Leberkrebs<\/strong> zeigt im Fr\u00fchstadium keine \u00fcberm\u00e4\u00dfigen Symptome. Da diese Krebsart im Fr\u00fchstadium keine Symptome zeigt, ist sie daher wichtig f\u00fcr Personen mit Zirrhose, Personen mit erblicher Lebererkrankung, Personen mit Fettleber, Personen mit \u00fcberm\u00e4\u00dfigem Alkoholkonsum und Personen mit einer solchen chronischen Infektionskrankheiten, sich regelm\u00e4\u00dfig untersuchen zu lassen. Somit kann eine fr\u00fchzeitige Diagnose von Leberkrebs gestellt werden. Effektive und erfolgreiche Ergebnisse k\u00f6nnen bei der Behandlung von fr\u00fch diagnostiziertem Leberkrebs erzielt werden.[\/vc_column_text]<\/div><div class='dt-sc-tabs-vertical-frame-content'>[vc_column_text css=&#8221;.vc_custom_1664966746431{margin-bottom: 10px !important;}&#8221;]<\/p>\n<h2><strong>Risikofaktoren f\u00fcr Leberkrebs<\/strong><\/h2>\n<p>Die wichtigsten bekannten Symptome von Leberkrebs sind:<\/p>\n<ul>\n<li>Zirrhose<\/li>\n<li>Chronische Infektionen durch HBV- oder HCV-Viren<\/li>\n<li>Blutzuckerproblem<\/li>\n<li>Fettige Lebererkrankung<\/li>\n<li>Erbliche Lebererkrankungen<\/li>\n<li>Aflatoxine<\/li>\n<li>Es wird \u00fcberm\u00e4\u00dfig Alkohol konsumiert.<\/li>\n<\/ul>\n<p>Die Ursachen des prim\u00e4ren Leberkrebses sind nicht vollst\u00e4ndig gekl\u00e4rt. Krebs kann durch das Zusammenspiel vieler Faktoren entstehen. In einigen F\u00e4llen kann die Ursache offensichtlich sein. Chronische Infektionen wie das Hepatitis-Virus k\u00f6nnen zu Leberkrebs f\u00fchren. Als wichtige Risikofaktoren wurden \u00fcberm\u00e4\u00dfiger Alkoholkonsum, Fettlebererkrankungen, Blutzuckerst\u00f6rungen, erbliche Lebererkrankungen, chronische Infektionen wie Leberzirrhose oder HBV identifiziert. Prim\u00e4rer Leberkrebs entsteht durch abnormale Verschlechterungen der Struktur und DNA von Leberzellen.<\/p>\n<p>Chronische Infektionen mit dem Hepatitis-B-Virus und dem Hepatitis-C-Virus sind wichtige Risikofaktoren f\u00fcr Leberkrebs. Wenn Sie diese chronischen Krankheiten haben, k\u00f6nnen Sie einige Tests durchf\u00fchren lassen, um Leberkrebs zur Fr\u00fcherkennung zu diagnostizieren. Erbliche Lebererkrankungen k\u00f6nnen auch Morbus Wilson und H\u00e4mochromatose sein. Eine Fettlebererkrankung \u00e4u\u00dfert sich jedoch auch durch eine \u00fcberm\u00e4\u00dfige Ansammlung von Fett in der Leber. Aflatoxine hingegen sind Gifte und kommen in Lebensmitteln vor, die in Form von giftigen Schimmelpilzen hergestellt werden, in einigen Feldfr\u00fcchten wie Erdn\u00fcssen oder Mais.[\/vc_column_text]<\/div><div class='dt-sc-tabs-vertical-frame-content'>[vc_column_text]<\/p>\n<h2><strong>Diagnose von Leberkrebs<\/strong><\/h2>\n<p>Um prim\u00e4ren Leberkrebs zu diagnostizieren, werden einige Tests, Analysen und Untersuchungen durchgef\u00fchrt. Diese Tests sind; Blutuntersuchungen und bildgebende Verfahren. Gleichzeitig wird ein Gewebe aus der Leber entnommen und als Probe untersucht. Bluttests bestimmen, ob die Leberfunktion richtig funktioniert. Bildgebende Tests; Computertomographie-Scan. Gleichzeitig werden bildgebende Magnetresonanz (MR)-Untersuchungen durchgef\u00fchrt. Au\u00dferdem wird bei der Gewebeentnahme aus der Leber eine Biopsie durchgef\u00fchrt. Bei der Biopsie wird eine Nadel durch die Haut in die Leber eingef\u00fchrt und das Gewebe durch ein Mikroskop untersucht. Eine Leberbiopsie kann nachteilige Risiken wie Infektionen, Bluterg\u00fcsse und Blutungen mit sich bringen.[\/vc_column_text]<\/div><div class='dt-sc-tabs-vertical-frame-content'>[vc_column_text]<\/p>\n<h2><strong>Behandlungsoptionen f\u00fcr prim\u00e4ren Leberkrebs<\/strong><\/h2>\n<p>Obwohl es viele Behandlungsmethoden f\u00fcr prim\u00e4ren Leberkrebs gibt, h\u00e4ngt es vom Stadium des Tumors und der Art des Tumors ab, welche Behandlungsmethode angewendet wird. Chirurgische Verfahren k\u00f6nnen in Behandlungsmethoden angewendet werden. Die chirurgische Methode umfasst die Entfernung des Tumors aus dem Bereich, in dem er sich befindet.<\/p>\n<p>Wenn das Stadium von Leberkrebs sehr fortgeschritten und fortgeschritten ist, dann ist der chirurgische Eingriff hier m\u00f6glicherweise nicht f\u00fcr die Leberfunktionen geeignet. Denn chirurgische Eingriffe in sehr fortgeschrittenen Stadien k\u00f6nnen die Funktion der Leber beeintr\u00e4chtigen. Bei dem chirurgischen Eingriff k\u00f6nnen einige Risiken wie Blutungen und Infektionen auftreten. Daher k\u00f6nnen Chemotherapie und Strahlentherapie auch bei Patienten mit sehr fortgeschrittenem Leberkrebs angewendet werden. Bei der Strahlentherapie wird ein breites Spektrum an Strahlung verwendet. Die Strahlentherapie wird in 30-40 Sitzungen, aufgeteilt in kleine Dosen, verabreicht. Die Behandlung ist langfristig. Diese Behandlungsmethode kann bei manchen Patienten zu Leberversagen f\u00fchren.<\/p>\n<p>Die chirurgische Behandlung von Leberkrebs erfolgt auf zwei Arten. Eine Operation kann durchgef\u00fchrt werden, um den Tumor zu entfernen. Abgesehen davon wird eine Lebertransplantation durchgef\u00fchrt. Um eine Lebertransplantation durchzuf\u00fchren, wird die Krebsleber vollst\u00e4ndig entfernt und die Leber dem Patienten transplantiert. Diese Methode wird bei Menschen mit Leberkrebs im Fr\u00fchstadium erprobt.<\/p>\n<p>Ein chirurgischer Eingriff wird empfohlen, wenn der Tumor, der Leberkrebs verursacht, klein ist, sich nicht ausgebreitet hat und keine Situation vorliegt, in der die Leberfunktionen beeintr\u00e4chtigt werden. Um einen chirurgischen Eingriff durchf\u00fchren zu k\u00f6nnen, ist es wichtig, dass der Allgemeinzustand des Patienten gut ist und die Leberfunktionen voll funktionsf\u00e4hig sind. Es gibt jedoch Behandlungsmethoden, die lokal angewendet werden. lokale Behandlungen; Erhitzen von Krebszellen, Einfrieren von Krebszellen, Injektion von Alkohol in den Tumor, Chemotherapieverfahren, Bestrahlungsverfahren.[\/vc_column_text]<\/div><div class='dt-sc-tabs-vertical-frame-content'>[vc_column_text]<\/p>\n<h2><strong>Vorschl\u00e4ge zur Vorbeugung von Leberkrebs<\/strong><\/h2>\n<p>Um die Risikofaktoren f\u00fcr prim\u00e4ren Leberkrebs zu reduzieren, ist es notwendig, eine Zirrhose zu verhindern. Um das Risiko einer Zirrhose zu vermeiden, ist es notwendig, ein gesundes Gewicht zu erreichen und zu halten und Alkohol in Ma\u00dfen zu konsumieren. Es ist jedoch wichtig, mit Chemikalien vorsichtig zu sein. Es wird empfohlen, sich zu bewegen und zu bewegen, eine gesunde Ern\u00e4hrung als Lebensstil anzunehmen. Daher werden Ma\u00dfnahmen ergriffen, um das Risiko einer Zirrhose zu verringern, um Leberkrebs vorzubeugen. Es kann jedoch eine Hepatitis-B-Impfung verabreicht werden. Der Hepatitis-B-Impfstoff kann jedem verabreicht werden, einschlie\u00dflich Babys, Menschen mit schwacher Immunit\u00e4t, jungen Menschen und \u00e4lteren Menschen.<\/p>\n<p>Einige Ma\u00dfnahmen k\u00f6nnen ergriffen werden, um Hepatitis C zu verhindern, die einer der wichtigen Risikofaktoren ist, die zur Bildung von prim\u00e4rem Leberkrebs f\u00fchren. Es gibt keinen Hepatitis-C-Impfstoff, aber einige Vorsichtsma\u00dfnahmen k\u00f6nnen getroffen werden, um das Risiko einer Hepatitis-C-Infektion zu verringern. Beim T\u00e4towieren oder Piercing muss dies in einer hygienischen Umgebung erfolgen. Es sollte darauf geachtet werden, dass die verwendeten Nadeln sterilisiert sind. Das Hepatitis-C-Virus kann leicht verbreitet werden, wenn die Nadeln nicht sauber sterilisiert werden. Sie k\u00f6nnen sich daf\u00fcr entscheiden, keine intraven\u00f6sen Medikamente zu verwenden. Wenn Sie diese Medikamente anwenden, ist es wichtig, dass die Nadel absolut sauber ist. Da Hepatitis C auch sexuell \u00fcbertragen werden kann, ist es notwendig, sich sexuell vor diesen Infektionen zu sch\u00fctzen.<\/p>\n<p><strong>ICH HABE KEIN JAHR. DURCH DIE BILDGEBUNG DES BILDGEBENDEN TESTS IN DIESEM STADIUM KANN ERKENNT WERDEN, DASS DER BAUCHKREBSKREBS IM STADIUM 0 IST. IN STUFE EINS HAT DER KREBS BEGONNEN ZU WACHSEN, UND ER BEFINDET SICH NUR IN DER PANKREATIKAREGION. IN DER ZWEITEN PHASE W\u00c4CHST DER KREBS AUSSERHALB DER PANKREE UND BEGINNT, SICH IN RICHTUNG DER LYMPHDR\u00dcSEN ZU ZEIGEN. IM DRITTEN STADIUM BREITET KREBS SICH AUF GR\u00d6SSERE BEREICHE WIE GEF\u00c4SSE UND NERVEN AUS. IM VIERTEN STADIUM BREITET KREBS SICH AUF VIELE DISTENTE ORGANE WIE DIE LEBER AUS.<\/strong>[\/vc_column_text]<\/div><div class='dt-sc-tabs-vertical-frame-content'>[vc_column_text]<\/p>\n<h2><strong>Stadien von Leberkrebs<\/strong><\/h2>\n<p>Nach den Symptomen des prim\u00e4ren Leberkrebses wird die Diagnose mit den notwendigen Tests und Techniken gestellt. Das Stadium des Krebses wird dann bestimmt. Mit anderen Worten, das Stadium der Krebsausbreitung ist auch wichtig f\u00fcr die Behandlung. Staging-Tests werden durchgef\u00fchrt, um das Universum zu bestimmen. So wird die Gr\u00f6\u00dfe des Krebses bestimmt, ob er sich ausgebreitet hat und wo sich der Krebs befindet.<\/p>\n<p>Zur Bestimmung des Leberkrebsstadiums werden verschiedene Methoden und Techniken eingesetzt. Dazu werden bildgebende Verfahren und Knochenscans zur Stadienbestimmung durchgef\u00fchrt.[\/vc_column_text]<\/div><\/div><div class='dt-sc-hr-invisible-small '> <\/div>[\/vc_column][\/vc_row]<\/p>\n","protected":false},"excerpt":{"rendered":"<p>[vc_row][vc_column][vc_column_text el_class=&#8221;aligncenter&#8221; css=&#8221;.vc_custom_1664966499766{margin-bottom: 20px !important;}&#8221;] Leberkrebs [\/vc_column_text][\/vc_column][\/vc_row]<\/p>\n","protected":false},"author":1,"featured_media":0,"parent":10026,"menu_order":0,"comment_status":"closed","ping_status":"closed","template":"","meta":[],"_links":{"self":[{"href":"https:\/\/opdrserdar.com\/de\/wp-json\/wp\/v2\/pages\/10114"}],"collection":[{"href":"https:\/\/opdrserdar.com\/de\/wp-json\/wp\/v2\/pages"}],"about":[{"href":"https:\/\/opdrserdar.com\/de\/wp-json\/wp\/v2\/types\/page"}],"author":[{"embeddable":true,"href":"https:\/\/opdrserdar.com\/de\/wp-json\/wp\/v2\/users\/1"}],"replies":[{"embeddable":true,"href":"https:\/\/opdrserdar.com\/de\/wp-json\/wp\/v2\/comments?post=10114"}],"version-history":[{"count":3,"href":"https:\/\/opdrserdar.com\/de\/wp-json\/wp\/v2\/pages\/10114\/revisions"}],"predecessor-version":[{"id":10577,"href":"https:\/\/opdrserdar.com\/de\/wp-json\/wp\/v2\/pages\/10114\/revisions\/10577"}],"up":[{"embeddable":true,"href":"https:\/\/opdrserdar.com\/de\/wp-json\/wp\/v2\/pages\/10026"}],"wp:attachment":[{"href":"https:\/\/opdrserdar.com\/de\/wp-json\/wp\/v2\/media?parent=10114"}],"curies":[{"name":"wp","href":"https:\/\/api.w.org\/{rel}","templated":true}]}}