{"id":10123,"date":"2022-06-01T13:05:35","date_gmt":"2022-06-01T13:05:35","guid":{"rendered":"https:\/\/opdrserdar.com\/de\/?page_id=10123"},"modified":"2022-10-05T10:59:10","modified_gmt":"2022-10-05T10:59:10","slug":"karaciger-kist-hidatikleri-ve-kistleri","status":"publish","type":"page","link":"https:\/\/opdrserdar.com\/de\/sindirim-sistemi-cerrahisi\/karaciger-kist-hidatikleri-ve-kistleri\/","title":{"rendered":"Leber Hydatiden und Zysten"},"content":{"rendered":"<p>[vc_row][vc_column][vc_column_text el_class=&#8221;aligncenter&#8221; css=&#8221;.vc_custom_1664967098279{margin-bottom: 20px !important;}&#8221;]<div class='dt-sc-small-separator '><\/div>\n<h2 class=\"ekit-heading--title elementskit-section-title \">Leber Hydatiden und Zysten<\/h2>\n<p>[\/vc_column_text]<div class='dt-sc-hr-invisible-small '> <\/div><div class='dt-sc-tabs-vertical-frame-container type2 inherit'><ul class='dt-sc-tabs-vertical-frame'><li><a href='#1451042683126-1-297cc-d0bd'>Was ist Leberhydatidzyste?<\/a><\/li><li><a href='#1451042719561-3-997cc-d0bd'>Symptome einer Leberzyste<\/a><\/li><li><a href='#1654083283686-5-497cc-d0bd'>Behandlung von Leberzysten<\/a><\/li><li><a href='#1654083220658-4-597cc-d0bd'>Bewertung und Behandlung von Stenosen in den Gallenwegen<\/a><\/li><li><a href='#1451042704680-2-497cc-d0bd'>Hydatide Zyste<\/a><\/li><li><a href='#1654085932863-5-2'>Was sind ERCP-Komplikationen?<\/a><\/li><\/ul><div class='dt-sc-tabs-vertical-frame-content'>[vc_column_text css=&#8221;.vc_custom_1664967249362{margin-bottom: 10px !important;}&#8221;]Die Hydatidzyste der Leber ist im Volksmund als Hundezyste bekannt. Es wird von Tieren auf Menschen \u00fcbertragen und ist eine schwere Krankheit. Leberzyste ist eine Art parasit\u00e4re Erkrankung. Parasiten leben im Darm von Tieren wie W\u00f6lfen, Schakalen und Hunden. Mit dem Kot ausgeschiedene Parasiteneier k\u00f6nnen \u00fcber Wasser und Gras in den Darm von Gro\u00df- und Kleinvieh gelangen. Menschen k\u00f6nnen Parasiteneier auch durch den Mund einnehmen. Die Eier, die in den Darm gelangen, schl\u00fcpfen und setzen sich normalerweise (80 Prozent) in der Leber ab. So entstehen Zysten in der Leber.<\/p>\n<p>Leberzysten werden nicht von Mensch zu Mensch \u00fcbertragen und kommen nicht im menschlichen Kot vor. Die \u00dcbertragung auf den Menschen erfolgt nur nach Aufnahme kontaminierter Lebensmittel, die mit Parasiteneiern kontaminiert sind. Die Krankheit verursacht keine Sch\u00e4den an der Leber, aber das Wachstum von Bakterien kann Gelbsucht, Perforation, Ruptur, Erregung allergischer Reaktionen und Ausbreitung des Zysteninhalts in die gesamte Bauchh\u00f6hle verursachen. Diese Situationen st\u00e4rken den Kampf gegen die Krankheit.[\/vc_column_text]<\/div><div class='dt-sc-tabs-vertical-frame-content'>[vc_column_text css=&#8221;.vc_custom_1664967321253{margin-bottom: 10px !important;}&#8221;]<\/p>\n<h2><strong>Symptome einer Leberzyste<\/strong><\/h2>\n<p>Leberzysten verursachen normalerweise keine Symptome und viele sind gutartig. Asymptomatische Zysten sind meist kleine Zysten. Wenn die Zyste jedoch w\u00e4chst, k\u00f6nnen einige Beschwerden im Unterleib auftreten:<\/p>\n<ul>\n<li>Bauchschmerzen (besonders im rechten Oberbauch zu sp\u00fcren)<\/li>\n<li>V\u00f6llegef\u00fchl, Bl\u00e4hungen (wieder im oberen rechten Teil)<\/li>\n<li>Brechreiz<\/li>\n<li>Durchfall<\/li>\n<li>Verdauungsprobleme<\/li>\n<li>Gallenobstruktion und Infektion<\/li>\n<\/ul>\n<p><strong>UND DAS VERFAHREN DARF NICHT VON DIESEN ARZNEIMITTELN ABGEWANDT WERDEN. WENN DER PATIENT EINEN PATIENTEN HAT, M\u00dcSSEN DIE ERFORDERLICHEN ANPASSUNGEN F\u00dcR DEN PATIENTEN VORGENOMMEN WERDEN, AUCH IN \u00dcBEREINSTIMMUNG MIT DER MEINUNG DES KARDIOLOGENARZTES. WEIL W\u00c4HREND DES ERCP-EINGRIFFS BESTRAHLT WERDEN KANN, SOLLTEN WEIBLICHE PATIENTINNEN, DIE SCHWANGER ODER M\u00d6GLICHERWEISE SCHWANGER SIND, DIESEN ZUSTAND DEM ARZT MELDEN. DIE BEARBEITUNGSZEIT VARIIERT JE NACH VERARBEITUNG, SIE BETR\u00c4GT IM DURCHSCHNITT 30 MINUTEN, MANCHMAL KANN SIE SICH AUF 1-1,5 STUNDEN ERWEITERN.<\/strong>[\/vc_column_text]<\/div><div class='dt-sc-tabs-vertical-frame-content'>[vc_column_text]<\/p>\n<h2><strong>Behandlung von Leberzysten<\/strong><\/h2>\n<p>Es gibt kein Medikament oder eine andere nicht-chirurgische Behandlungsmethode f\u00fcr Leberzysten. Die einzige Behandlung ist eine Operation. Zysten in der Leber m\u00fcssen operativ entfernt werden. Die Operationsmethode kann je nach Gr\u00f6\u00dfe, Lage und Anzahl der Zyste variieren. Die laparoskopische Chirurgie wird bei geeigneten Patienten angewendet.[\/vc_column_text]<\/div><div class='dt-sc-tabs-vertical-frame-content'>[vc_column_text]<\/p>\n<h2><strong>Bewertung und Behandlung von Stenosen in den Gallenwegen<\/strong><\/h2>\n<p>Stenose in den Galleng\u00e4ngen kann von 2 Arten sein. Es kann sich um eine b\u00f6sartige Stenose aufgrund eines Tumors in den Galleng\u00e4ngen handeln; Es k\u00f6nnen auch gutartige Strikturen der Gallenwege vorliegen, die sich nach vorangegangenen Blasenoperationen, Lebertransplantationen oder Hydatidenoperationen entwickeln k\u00f6nnen und aufgrund einer chronischen Pankreatitis entstehen k\u00f6nnen. Es ist schwierig, diese Unterscheidung zu treffen. Die Sensitivit\u00e4t der pathologischen Untersuchung des aus dem Stenosegebiet w\u00e4hrend der ERCP entnommenen B\u00fcrstenabstrichs f\u00fcr diese Unterscheidung ist gering (30-57 %). Die Sensitivit\u00e4t der Cholangioskopie (die mit einem speziellen Endoskop in die Gallenwege eingef\u00fchrt wird), die bei der Diagnose verwendet wird, steigt auf 100%. Bei gutartigen Gallengangstrikturen wird die Stenose behandelt, indem die Stenose mit einem Ballon oder Bougie erweitert und dann ein kleines Plastikr\u00f6hrchen, ein sogenannter Plastikstent, eingef\u00fchrt wird. Diese Plastikstents sind in durchschnittlich 3 Monaten verschlossen und m\u00fcssen entfernt und wieder eingesetzt werden, wenn sie verstopft sind. Im Allgemeinen werden 55\u201388 % Erfolg bei Gallengangsstenose erreicht, die sich nach 1 Jahr Behandlung entwickelt. In operierbaren F\u00e4llen bei b\u00f6sartigen Strikturen durch Pankreaskopf- und Gallengangstumoren, in besonderen F\u00e4llen wie dem Vorliegen einer Cholangitis beim Patienten, wird eine ERCP vor der Operation durchgef\u00fchrt und zielt darauf ab, den klinischen Zustand des Patienten vor der Operation zu verbessern . In F\u00e4llen, in denen eine Operation nicht durchgef\u00fchrt werden kann, werden die Beschwerden des Patienten wie Gelbsucht und Juckreiz durch das Einsetzen von metallischen Stents gelindert, da sie im Vergleich zu Kunststoffstents in einer l\u00e4ngeren Zeit verschlossen werden (die durchschnittliche Offenzeit f\u00fcr gecoverte Metallstents betr\u00e4gt 1 Jahr und f\u00fcr Bare-Metal-Stents sind es 5-6 Monate).<\/p>\n<p>Zur Behandlung von Entz\u00fcndungen der Gallenwege, die durch Fehlbildungen der Gallenwege wie Choledochozele, Choledochuszyste verursacht werden.[\/vc_column_text]<\/div><div class='dt-sc-tabs-vertical-frame-content'>[vc_column_text css=&#8221;.vc_custom_1664967501093{margin-bottom: 10px !important;}&#8221;]<\/p>\n<h2><strong>Hydatide Zyste<\/strong><\/h2>\n<p>Bei der parasit\u00e4ren Erkrankung der Leber, die im Volksmund auch Hundezyste genannt wird, k\u00f6nnen Tochterzysten und Keimh\u00e4ute, die aus der Zyste in den Gallengang fallen, die Galleng\u00e4nge verstopfen. In diesem Fall wird die Obstruktion in den Galleng\u00e4ngen durch die Durchf\u00fchrung einer ERCP entfernt. Eine Gallengangsobstruktion kann sich aufgrund von parasit\u00e4ren Erkrankungen wie Fasciola hepatica oder Ascaris entwickeln und kann in diesem Fall mit ERCP behandelt werden.[\/vc_column_text]<\/div><div class='dt-sc-tabs-vertical-frame-content'>[vc_column_text]<\/p>\n<h2><strong>Was sind ERCP-Komplikationen? <\/strong><\/h2>\n<p>Obwohl eine Entz\u00fcndung der Bauchspeicheldr\u00fcse, genannt Pankreatitis, mit einer Rate von 1\u20137 % nach ERCP beobachtet werden kann, steigt diese Rate (20\u201330 %) bei Vorhandensein oder Verdacht auf eine SOD-Dysfunktion. Gallengangsentz\u00fcndung, genannt Cholangitis (weniger als 1 %), Gallenblasenentz\u00fcndung, genannt Cholezystitis (0,2\u20130,5 %), Blutungen (0,8\u20132 %), Darmperforation, genannt Perforation (0,1\u20130,6 %), verwendete Schmerzmittel, allergische Reaktionen, die sich entwickeln k\u00f6nnen Beruhigungsmittel, Mittel gegen Krampfanf\u00e4lle und lokal zu verabreichende Medikamente oder tr\u00fcbe Substanzen, Notwendigkeit einer Notoperation infolge des Einklemmens des Steins oder Werkzeugs w\u00e4hrend der Steinentfernung, Herz- und Lungenereignisse (Aspirationspneumonie, Herzrhythmusst\u00f6rungen)\u2026<\/p>\n<p>Als Folge dieser Komplikationen kann eine Notfallbehandlung erforderlich sein, einige von ihnen erfordern eine Operation. Die mit dem ERCP-Verfahren verbundene Sterblichkeitsrate betr\u00e4gt 0,1\u20130,5 %. Vor der ERCP wird allen Patienten erkl\u00e4rt, warum dieses Verfahren durchgef\u00fchrt wurde, der Patient wird \u00fcber die Komplikationen informiert, die mit dem Verfahren zusammenh\u00e4ngen k\u00f6nnen, und es wird eine schriftliche Zustimmung des Patienten eingeholt.[\/vc_column_text]<\/div><\/div><div class='dt-sc-hr-invisible-small '> <\/div>[\/vc_column][\/vc_row]<\/p>\n","protected":false},"excerpt":{"rendered":"<p>[vc_row][vc_column][vc_column_text el_class=&#8221;aligncenter&#8221; css=&#8221;.vc_custom_1664967098279{margin-bottom: 20px !important;}&#8221;] Leber Hydatiden und Zysten [\/vc_column_text][\/vc_column][\/vc_row]<\/p>\n","protected":false},"author":1,"featured_media":0,"parent":10026,"menu_order":0,"comment_status":"closed","ping_status":"closed","template":"","meta":[],"_links":{"self":[{"href":"https:\/\/opdrserdar.com\/de\/wp-json\/wp\/v2\/pages\/10123"}],"collection":[{"href":"https:\/\/opdrserdar.com\/de\/wp-json\/wp\/v2\/pages"}],"about":[{"href":"https:\/\/opdrserdar.com\/de\/wp-json\/wp\/v2\/types\/page"}],"author":[{"embeddable":true,"href":"https:\/\/opdrserdar.com\/de\/wp-json\/wp\/v2\/users\/1"}],"replies":[{"embeddable":true,"href":"https:\/\/opdrserdar.com\/de\/wp-json\/wp\/v2\/comments?post=10123"}],"version-history":[{"count":3,"href":"https:\/\/opdrserdar.com\/de\/wp-json\/wp\/v2\/pages\/10123\/revisions"}],"predecessor-version":[{"id":10579,"href":"https:\/\/opdrserdar.com\/de\/wp-json\/wp\/v2\/pages\/10123\/revisions\/10579"}],"up":[{"embeddable":true,"href":"https:\/\/opdrserdar.com\/de\/wp-json\/wp\/v2\/pages\/10026"}],"wp:attachment":[{"href":"https:\/\/opdrserdar.com\/de\/wp-json\/wp\/v2\/media?parent=10123"}],"curies":[{"name":"wp","href":"https:\/\/api.w.org\/{rel}","templated":true}]}}