{"id":10137,"date":"2022-06-02T06:20:08","date_gmt":"2022-06-02T06:20:08","guid":{"rendered":"https:\/\/opdrserdar.com\/de\/?page_id=10137"},"modified":"2022-10-03T16:28:12","modified_gmt":"2022-10-03T16:28:12","slug":"iyi-huylu-tiroid-tedavileri","status":"publish","type":"page","link":"https:\/\/opdrserdar.com\/de\/endokrin-sistemi-cerrahisi\/iyi-huylu-tiroid-tedavileri\/","title":{"rendered":"Gutartige Schilddr\u00fcsenbehandlungen"},"content":{"rendered":"<p>[vc_row][vc_column][vc_column_text el_class=&#8221;aligncenter&#8221; css=&#8221;.vc_custom_1664814364900{margin-bottom: 20px !important;}&#8221;]<div class='dt-sc-small-separator '><\/div>\n<h2 class=\"ekit-heading--title elementskit-section-title \">Gutartige Schilddr\u00fcsenbehandlungen<\/h2>\n<p>[\/vc_column_text]<div class='dt-sc-hr-invisible-small '> <\/div><div class='dt-sc-tabs-vertical-frame-container type2 inherit'><ul class='dt-sc-tabs-vertical-frame'><li><a href='#1451042683126-1-297cc-d0bd'>Schilddr\u00fcsenknoten<\/a><\/li><li><a href='#1451042704680-2-497cc-d0bd'>Nicht-chirurgische Schilddr\u00fcsenbehandlung<\/a><\/li><\/ul><div class='dt-sc-tabs-vertical-frame-content'>[vc_column_text css=&#8221;.vc_custom_1664814413397{margin-bottom: 10px !important;}&#8221;]Wenn der Schilddr\u00fcsenknoten beim Patienten keine Beschwerden verursacht und bei Ultraschallkontrollen nicht w\u00e4chst, ist keine Behandlung erforderlich, nur eine Nachsorge ist ausreichend. Wenn der gutartige Knoten jedoch einen bestimmten Durchmesser \u00fcberschreitet, Beschwerden verursacht oder Wachstum zeigt, wird normalerweise eine Behandlung angewendet. Die klassische Behandlung gutartiger Schilddr\u00fcsenknoten ist die Operation.[\/vc_column_text]<\/div><div class='dt-sc-tabs-vertical-frame-content'>[vc_column_text css=&#8221;.vc_custom_1664814486880{margin-bottom: 10px !important;}&#8221;]<\/p>\n<h2><strong>Nicht-chirurgische Schilddr\u00fcsenbehandlung<\/strong><\/h2>\n<p>Schilddr\u00fcse; Es ist ein Hormon, das Wachstum und Entwicklung sowie alle K\u00f6rperfunktionen beim Menschen reguliert. Die Schilddr\u00fcse, die 25 Gramm wiegt und die Form eines Schmetterlings hat und sich im vorderen Bereich des Halses befindet; reguliert den Stoffwechsel. In einigen F\u00e4llen kann das Schilddr\u00fcsenhormon mehr oder weniger als n\u00f6tig wirken. Bei \u00fcberm\u00e4\u00dfiger Aussch\u00fcttung von Schilddr\u00fcsenhormon beschleunigt sich der Stoffwechsel und die Herzfrequenz steigt. Dieser Zustand wird als Hyperthyreose bezeichnet.<\/p>\n<p>Mit der Beschleunigung des Stuhlgangs wird Durchfall beobachtet und die Person kann abnormal abnehmen. Wenn das Schilddr\u00fcsenhormon weniger wirkt, spricht man von Hypothyreose und der Stoffwechsel verlangsamt sich, was zu einer Gewichtszunahme f\u00fchrt. Schilddr\u00fcsenhormonst\u00f6rungen, die in Gesellschaften mit Jodmangel h\u00e4ufiger vorkommen, geh\u00f6ren zu den am h\u00e4ufigsten vorkommenden Hormonst\u00f6rungen in der T\u00fcrkei.[\/vc_column_text]<\/div><\/div><div class='dt-sc-hr-invisible-small '> <\/div>[\/vc_column][vc_column]<div class='dt-sc-hr-invisible-small '> <\/div>[\/vc_column][\/vc_row]<\/p>\n","protected":false},"excerpt":{"rendered":"<p>[vc_row][vc_column][vc_column_text el_class=&#8221;aligncenter&#8221; css=&#8221;.vc_custom_1664814364900{margin-bottom: 20px !important;}&#8221;] Gutartige Schilddr\u00fcsenbehandlungen [\/vc_column_text][\/vc_column][vc_column][\/vc_column][\/vc_row]<\/p>\n","protected":false},"author":1,"featured_media":0,"parent":10,"menu_order":0,"comment_status":"closed","ping_status":"closed","template":"","meta":[],"_links":{"self":[{"href":"https:\/\/opdrserdar.com\/de\/wp-json\/wp\/v2\/pages\/10137"}],"collection":[{"href":"https:\/\/opdrserdar.com\/de\/wp-json\/wp\/v2\/pages"}],"about":[{"href":"https:\/\/opdrserdar.com\/de\/wp-json\/wp\/v2\/types\/page"}],"author":[{"embeddable":true,"href":"https:\/\/opdrserdar.com\/de\/wp-json\/wp\/v2\/users\/1"}],"replies":[{"embeddable":true,"href":"https:\/\/opdrserdar.com\/de\/wp-json\/wp\/v2\/comments?post=10137"}],"version-history":[{"count":3,"href":"https:\/\/opdrserdar.com\/de\/wp-json\/wp\/v2\/pages\/10137\/revisions"}],"predecessor-version":[{"id":10533,"href":"https:\/\/opdrserdar.com\/de\/wp-json\/wp\/v2\/pages\/10137\/revisions\/10533"}],"up":[{"embeddable":true,"href":"https:\/\/opdrserdar.com\/de\/wp-json\/wp\/v2\/pages\/10"}],"wp:attachment":[{"href":"https:\/\/opdrserdar.com\/de\/wp-json\/wp\/v2\/media?parent=10137"}],"curies":[{"name":"wp","href":"https:\/\/api.w.org\/{rel}","templated":true}]}}