{"id":10140,"date":"2022-06-02T06:31:34","date_gmt":"2022-06-02T06:31:34","guid":{"rendered":"https:\/\/opdrserdar.com\/de\/?page_id=10140"},"modified":"2022-10-04T11:16:36","modified_gmt":"2022-10-04T11:16:36","slug":"paratiroid-hiperplazisi","status":"publish","type":"page","link":"https:\/\/opdrserdar.com\/de\/endokrin-sistemi-cerrahisi\/paratiroid-hiperplazisi\/","title":{"rendered":"Nebenschilddr\u00fcsenhyperplasie"},"content":{"rendered":"<p>[vc_row][vc_column][vc_column_text el_class=&#8221;aligncenter&#8221; css=&#8221;.vc_custom_1664881769748{margin-bottom: 20px !important;}&#8221;]<div class='dt-sc-small-separator '><\/div>\n<h2 class=\"ekit-heading--title elementskit-section-title \">Nebenschilddr\u00fcsenhyperplasie<\/h2>\n<p>[\/vc_column_text]<div class='dt-sc-hr-invisible-small '> <\/div><div class='dt-sc-tabs-vertical-frame-container type2 inherit'><ul class='dt-sc-tabs-vertical-frame'><li><a href='#1451042683126-1-297cc-d0bd'>Was ist eine Nebenschilddr\u00fcsenhyperplasie?<\/a><\/li><li><a href='#1451042704680-2-497cc-d0bd'>Nebenschilddr\u00fcsentumoren<\/a><\/li><li><a href='#1654151271342-2-10'>Gutartige Nebenschilddr\u00fcsentumoren<\/a><\/li><li><a href='#1654151295678-3-0'>B\u00f6sartige Nebenschilddr\u00fcsentumoren<\/a><\/li><li><a href='#1654151335247-4-4'>Ist Nebenschilddr\u00fcsenhyperplasie mit Nierenerkrankungen Verbunden?<\/a><\/li><li><a href='#1654151358035-5-4'>Was ist eine Operation der Nebenschilddr\u00fcsenhyperplasie und wie wird sie Durchgef\u00fchrt?<\/a><\/li><li><a href='#1654151359402-6-4'>Was ist eine Nebenschilddr\u00fcsenadenom-Operation und wie wird sie Durchgef\u00fchrt?<\/a><\/li><li><a href='#1654151360392-7-6'>Was ist nach einer Nebenschilddr\u00fcsenoperation zu Beachten?<\/a><\/li><\/ul><div class='dt-sc-tabs-vertical-frame-content'>[vc_column_text css=&#8221;.vc_custom_1664881810441{margin-bottom: 10px !important;}&#8221;]<\/p>\n<h2><strong>Was ist eine Nebenschilddr\u00fcsenhyperplasie?<\/strong><\/h2>\n<p>Bei gutartigen oder b\u00f6sartigen Tumoren der Nebenschilddr\u00fcse ist oft nur eine Nebenschilddr\u00fcse betroffen. Die anderen drei Dr\u00fcsen sind gesund. Bei der Hyperplasie betrifft die Krankheit alle vier Dr\u00fcsen. Diese Situation hat ein Plus und ein Minus.<\/p>\n<p>Das Plus der Nebenschilddr\u00fcsenhyperplasie: Obwohl das Erscheinungsbild einem Tumor gleicht, handelt es sich eigentlich nicht um einen Tumor. Es gibt nur eine Zunahme der Anzahl von Zellen in der Dr\u00fcse.<\/p>\n<p>Das Minus der Nebenschilddr\u00fcsenhyperplasie: Die Krankheit tritt in allen Nebenschilddr\u00fcsen auf, nicht in einer Dr\u00fcse. Daher muss der Chirurg bei der Operation alle Dr\u00fcsen finden (was schwierig ist) und alle drei Nebenschilddr\u00fcsen entfernen.[\/vc_column_text]<\/div><div class='dt-sc-tabs-vertical-frame-content'>[vc_column_text css=&#8221;.vc_custom_1664881844302{margin-bottom: 10px !important;}&#8221;]<\/p>\n<h2><strong>Nebenschilddr\u00fcsentumoren<\/strong><\/h2>\n<p>Gebilde, die aus einem Gewebe stammen und eine Masse bilden, werden als Tumore bezeichnet. Es gibt zwei Arten von Tumoren: gutartig (gutartig) und b\u00f6sartig (b\u00f6sartig).<\/p>\n<p>Tumore k\u00f6nnen manchmal zu klein sein, um mit blo\u00dfem Auge gesehen zu werden, und manchmal k\u00f6nnen sie so gro\u00df sein, dass sie die umgebenden Organe dr\u00fccken und aus ihrer Position herausragen.<\/p>\n<p>Tumore der Nebenschilddr\u00fcse hingegen sind in der Regel nicht gr\u00f6\u00dfer als wenige Zentimeter und oft unsichtbar, da sie zwischen den Muskeln im Halsbereich eingeklemmt sind. Sie werden selten entdeckt, auch nicht bei der Palpation.[\/vc_column_text]<\/div><div class='dt-sc-tabs-vertical-frame-content'>[vc_column_text]<\/p>\n<h2><strong>Gutartige Nebenschilddr\u00fcsentumoren<\/strong><\/h2>\n<p>Ein anderer Name f\u00fcr gutartige Nebenschilddr\u00fcsentumoren ist Adenom. 95 % der Nebenschilddr\u00fcsentumoren sind gutartig. Es ist also kein Krebs. Dies sind Tumore, die sich, wie der Name schon sagt, nicht auf das umliegende Gewebe ausbreiten, niemals \u00fcber ihre eigene Kapsel hinausgehen und sich nicht \u00fcber Blut- oder Lymphgef\u00e4\u00dfe auf andere Teile des K\u00f6rpers ausbreiten.[\/vc_column_text]<\/div><div class='dt-sc-tabs-vertical-frame-content'>[vc_column_text]<\/p>\n<h2><strong>B\u00f6sartige Nebenschilddr\u00fcsentumoren<\/strong><\/h2>\n<p>Ein anderer Name f\u00fcr b\u00f6sartige Nebenschilddr\u00fcsentumoren ist Nebenschilddr\u00fcsenkrebs. Sie sind ziemlich selten. Wenn eine Masse in der Nebenschilddr\u00fcse festgestellt wird, \u00fcbersteigt die Wahrscheinlichkeit, dass sie b\u00f6sartig ist, 5% nicht.<\/p>\n<p>Der Unterschied zwischen b\u00f6sartigen Nebenschilddr\u00fcsentumoren und b\u00f6sartigen Tumoren anderer Organe besteht darin, dass durch den Tumor entstehende hohe Kalziumspiegel das Leben des Patienten bedrohen, nicht den Tumor selbst. Bei b\u00f6sartigen Tumoren ist der Calciumspiegel im Blut sehr hoch. Dies kann zu einem pl\u00f6tzlichen Herzstillstand f\u00fchren, indem es zu Kontraktionsst\u00f6rungen im Herzmuskel kommt.[\/vc_column_text]<\/div><div class='dt-sc-tabs-vertical-frame-content'>[vc_column_text]<\/p>\n<h2><strong>Ist Nebenschilddr\u00fcsenhyperplasie mit Nierenerkrankungen verbunden?<\/strong><\/h2>\n<p>Nebenschilddr\u00fcsenhyperplasie hat eine sehr ernste Beziehung zu Nierenerkrankungen. Chronisches Nierenversagen ist die h\u00e4ufigste Ursache einer Nebenschilddr\u00fcsenhyperplasie. Diese Patienten unterziehen sich oft einer Dialyse. Je l\u00e4nger die Dauer der Dialyse, desto h\u00f6her ist die Wahrscheinlichkeit einer Hyperplasie der Nebenschilddr\u00fcsen des Patienten. Der Grund daf\u00fcr ist nicht klar. Der Hauptfaktor ist jedoch die Verschlechterung der nat\u00fcrlichen Nierenfunktion, die sich zusammenfassen l\u00e4sst als \u201eBewahrung von Calcium und Entfernung von Phosphor aus dem K\u00f6rper\u201c.[\/vc_column_text]<\/div><div class='dt-sc-tabs-vertical-frame-content'>[vc_column_text]<\/p>\n<h2><strong>Was ist eine Operation der Nebenschilddr\u00fcsenhyperplasie und wie wird sie durchgef\u00fchrt?<\/strong><\/h2>\n<p>Bei der Operation der Nebenschilddr\u00fcsenhyperplasie wird ein Schnitt von 3-4 cm im vorderen Teil des Halses vorgenommen. Die Arbeit des Chirurgen ist schwieriger als die Adenomchirurgie. Da bei der Adenomchirurgie nur eine Dr\u00fcse im Patienten vorhanden ist, gen\u00fcgt es dem Chirurgen, diese zu finden und zu entfernen.<\/p>\n<p>Bei Hyperplasie muss der Chirurg alle vier Dr\u00fcsen finden. Da au\u00dferdem die mit Hyperplasie wachsenden Dr\u00fcsen verschoben sind, kann der Chirurg die hyperplastischen Nebenschilddr\u00fcsen oft nicht an ihrem nat\u00fcrlichen Platz finden. Es ist wie die Suche nach der Nadel im Heuhaufen![\/vc_column_text]<\/div><div class='dt-sc-tabs-vertical-frame-content'>[vc_column_text]<\/p>\n<h2><strong>Was ist eine Nebenschilddr\u00fcsenadenom-Operation und wie wird sie durchgef\u00fchrt?<\/strong><\/h2>\n<p>Nebenschilddr\u00fcsenadenom ist ein gutartiger (gutartiger) Tumor der Nebenschilddr\u00fcse. Pr\u00e4operative Sonographie, Szintigraphie etc. Wenn die Lokalisation des Adenoms in radiologischen Untersuchungen festgestellt wird, ist die Arbeit des Chirurgen und des Patienten relativ einfacher.<\/p>\n<p>Im vorderen Bereich des Halses wird ein Schnitt von 3-4 cm vorgenommen. Das Adenom an der vor der Operation entdeckten Stelle wird gefunden und entfernt. Sowohl die Operation als auch die Genesungszeit des Patienten sind kurz.<\/p>\n<p>Die Unf\u00e4higkeit, den Ort des Adenoms in pr\u00e4operativen radiologischen Untersuchungen zu erkennen, erschwert die Arbeit des Chirurgen. Manchmal ist es notwendig, fein und geduldig zu arbeiten, um das Adenom zu finden, das millimetergro\u00df sein kann. Manchmal muss der Schnitt im Halsbereich erweitert werden. Auch wenn die Lage der Adenome vor der Operation nicht bestimmt werden konnte, sind sie den H\u00e4nden erfahrener Chirurgen nicht zu entziehen. Es besteht jedoch immer die M\u00f6glichkeit, dass das Adenom nicht gefunden wird.[\/vc_column_text]<\/div><div class='dt-sc-tabs-vertical-frame-content'>[vc_column_text]<\/p>\n<h2><strong>Was ist nach einer Nebenschilddr\u00fcsenoperation zu beachten?<\/strong><\/h2>\n<p>Nach allen Arten von Nebenschilddr\u00fcsenoperationen (b\u00f6sartiger Tumor, Adenom, Hyperplasie) werden einige Beschwerden \u00fcber einen niedrigen Calciumgehalt (Taubheitsgef\u00fchl, Kribbeln in H\u00e4nden und Lippen) beobachtet. Das Ausma\u00df dieser Beschwerden variiert je nach dem hohen Calciumspiegel im Blut in der pr\u00e4operativen Phase und deren Dauer. Oftmals klingen jedoch alle Beschwerden innerhalb weniger Tage ab.[\/vc_column_text]<\/div><\/div><div class='dt-sc-hr-invisible-small '> <\/div>[\/vc_column][\/vc_row]<\/p>\n","protected":false},"excerpt":{"rendered":"<p>[vc_row][vc_column][vc_column_text el_class=&#8221;aligncenter&#8221; css=&#8221;.vc_custom_1664881769748{margin-bottom: 20px !important;}&#8221;] Nebenschilddr\u00fcsenhyperplasie [\/vc_column_text][\/vc_column][\/vc_row]<\/p>\n","protected":false},"author":1,"featured_media":0,"parent":10,"menu_order":0,"comment_status":"closed","ping_status":"closed","template":"","meta":[],"_links":{"self":[{"href":"https:\/\/opdrserdar.com\/de\/wp-json\/wp\/v2\/pages\/10140"}],"collection":[{"href":"https:\/\/opdrserdar.com\/de\/wp-json\/wp\/v2\/pages"}],"about":[{"href":"https:\/\/opdrserdar.com\/de\/wp-json\/wp\/v2\/types\/page"}],"author":[{"embeddable":true,"href":"https:\/\/opdrserdar.com\/de\/wp-json\/wp\/v2\/users\/1"}],"replies":[{"embeddable":true,"href":"https:\/\/opdrserdar.com\/de\/wp-json\/wp\/v2\/comments?post=10140"}],"version-history":[{"count":3,"href":"https:\/\/opdrserdar.com\/de\/wp-json\/wp\/v2\/pages\/10140\/revisions"}],"predecessor-version":[{"id":10543,"href":"https:\/\/opdrserdar.com\/de\/wp-json\/wp\/v2\/pages\/10140\/revisions\/10543"}],"up":[{"embeddable":true,"href":"https:\/\/opdrserdar.com\/de\/wp-json\/wp\/v2\/pages\/10"}],"wp:attachment":[{"href":"https:\/\/opdrserdar.com\/de\/wp-json\/wp\/v2\/media?parent=10140"}],"curies":[{"name":"wp","href":"https:\/\/api.w.org\/{rel}","templated":true}]}}