{"id":10142,"date":"2022-06-02T06:36:23","date_gmt":"2022-06-02T06:36:23","guid":{"rendered":"https:\/\/opdrserdar.com\/de\/?page_id=10142"},"modified":"2022-10-03T15:32:23","modified_gmt":"2022-10-03T15:32:23","slug":"bobrekustu-bezi-tumorleri","status":"publish","type":"page","link":"https:\/\/opdrserdar.com\/de\/endokrin-sistemi-cerrahisi\/bobrekustu-bezi-tumorleri\/","title":{"rendered":"Nebennierentumoren"},"content":{"rendered":"<p>[vc_row][vc_column][vc_column_text el_class=&#8221;aligncenter&#8221; css=&#8221;.vc_custom_1664810597652{margin-bottom: 20px !important;}&#8221;]<div class='dt-sc-small-separator '><\/div>\n<h2 class=\"ekit-heading--title elementskit-section-title \">Nebennierentumoren<\/h2>\n<p>[\/vc_column_text]<div class='dt-sc-hr-invisible-small '> <\/div><div class='dt-sc-tabs-vertical-frame-container type2 inherit'><ul class='dt-sc-tabs-vertical-frame'><li><a href='#1451042683126-1-297cc-d0bd'>Welche Symptome Sollten Sie in der Klinik Beantragen?<\/a><\/li><li><a href='#1451042704680-2-497cc-d0bd'>Symptome Eines Nebennierentumors<\/a><\/li><li><a href='#1654151271342-2-10'>Nebennierenerkrankungen und Symptome<\/a><\/li><li><a href='#1654151295678-3-0'>Nebennierenkrebs Kann Jetzt Verhindert Werden!<\/a><\/li><\/ul><div class='dt-sc-tabs-vertical-frame-content'>[vc_column_text css=&#8221;.vc_custom_1664810737779{margin-bottom: 10px !important;}&#8221;]<\/p>\n<h2><strong>Welche Symptome sollten Sie in der Klinik beantragen?<\/strong><\/h2>\n<p>Auf die Frage, wie man Nebennierenkrebs versteht, gibt es mehrere Antworten. Nebennierenkrebs, der weltweit nicht sehr h\u00e4ufig ist, tritt meist im Kindesalter auf und wird fr\u00fchzeitig behandelt. Das h\u00e4ufigste Alter liegt jedoch zwischen 30 und 65 Jahren. Es kann angenommen werden, dass die Symptome, die bei dieser Krebsart auftreten, die normalerweise nicht viele Symptome hervorruft, durch verschiedene Krankheiten verursacht werden.<\/p>\n<p>&nbsp;<\/p>\n<h3><strong>Die Beobachtung der Symptome bei Nebennierenkrebs ist sehr wichtig f\u00fcr den Behandlungsverlauf!<\/strong><\/h3>\n<p>Eine gute \u00dcberwachung der Symptome von Nebennierenkrebs gibt uns Hinweise darauf, wie die Behandlung geplant werden sollte. Es ist notwendig, in einem klinischen Umfeld zu arbeiten, um die Diagnose so schnell wie m\u00f6glich zu stellen und die geeignete Methode f\u00fcr den Patienten zu bestimmen.<\/p>\n<p>Um Krebs vorzubeugen, kann die Beobachtungstechnik oder diagnostische Anwendungen eine L\u00f6sung sein. Behandlungen unter der Kontrolle eines Facharztes f\u00fchren zu wirksamen Ergebnissen.[\/vc_column_text]<\/div><div class='dt-sc-tabs-vertical-frame-content'>[vc_column_text css=&#8221;.vc_custom_1664810941219{margin-bottom: 10px !important;}&#8221;]<\/p>\n<h2>Symptome eines Nebennierentumors<\/h2>\n<p>Obwohl sich die Symptome eines Nebennierentumors bei den meisten Patienten manifestieren, ist es manchmal m\u00f6glich, dass die Symptome nicht gesehen werden. Tats\u00e4chlich k\u00f6nnen einige Patienten bei einer Computertomographie (CT) oder einem anderen bildgebenden Verfahren, das aus einem anderen Grund durchgef\u00fchrt wird, feststellen, dass sie Krebs haben, obwohl sie keine Symptome von Nebennierenkrebs haben.<\/p>\n<h3><strong>Die Symptome von Nebennierenkrebs h\u00e4ngen von mehreren Faktoren ab;<\/strong><\/h3>\n<p>Die Art des Tumors, ob der Tumor \u00fcbersch\u00fcssiges Hormon produziert, welches Hormon \u00fcberproduziert wird, sollte bestimmt werden. Symptome von Nebennierentumoren treten h\u00e4ufig aufgrund erh\u00f6hter Hormone auf. Dementsprechend l\u00e4sst sich wie folgt erkl\u00e4ren, welcher Hormonanstieg welche Beschwerden hervorruft:<\/p>\n<p>Wenn der Nebennierenkrebs zu viel Aldosteronhormonproduktion verursacht, k\u00f6nnen die folgenden Nebennierentumorsymptome gesehen werden;<\/p>\n<ul>\n<li>Extremer Durst<\/li>\n<li>H\u00e4ufiges Wasserlassen<\/li>\n<li>Hypertonie<\/li>\n<li>Muskelkr\u00e4mpfe<\/li>\n<li>Die Schw\u00e4che<\/li>\n<\/ul>\n<p>Wenn Nebennierenkrebs zu viel Cortisolhormonproduktion verursacht, k\u00f6nnen Symptome wie Depressionen, Bluterg\u00fcsse, Fett im Nacken und an den Schultern und Gewichtszunahme beobachtet werden. Wenn es zu viel \u00d6strogenhormonproduktion verursacht, k\u00f6nnen Brustvergr\u00f6\u00dferung und Impotenz auftreten.[\/vc_column_text]<\/div><div class='dt-sc-tabs-vertical-frame-content'>[vc_column_text]<\/p>\n<h2><strong>Nebennierenerkrankungen und Symptome<\/strong><\/h2>\n<p>Nebennierenkrebs ist an sich keine sehr h\u00e4ufige Krebsart. Da die Hauptaufgabe der Nebennieren jedoch darin besteht, Hormone zu produzieren, kann Nebennierenkrebs dementsprechend verschiedene Erkrankungen hervorrufen. Es gibt 3 Arten von b\u00f6sartigen Nebennierentumoren. Dies sind Nebennierenrindenkarzinome, Neuroblastome und einige Ph\u00e4ochromozytome. Viele dieser Tumore verursachen eine \u00dcberproduktion von Hormonen, einschlie\u00dflich Aldosteron, Cortisol, \u00d6strogen und Testosteron. Dementsprechend sind die Nebennierenerkrankungen und ihre Symptome wie folgt;<\/p>\n<p><strong>Cushing-Syndrom<\/strong>: Eine \u00fcberm\u00e4\u00dfige Cortisolproduktion im K\u00f6rper zusammen mit Nebennierenkrebs kann das Auftreten dieser Krankheit verursachen.<br \/>\n<strong>Ph\u00e4ochromozytom<\/strong>: Eines der Hauptsymptome dieser Erkrankung, die mit der Verschlechterung der im inneren Teil der Nebenniere produzierten Sekrete auftritt, ist Bluthochdruck.<br \/>\n<strong>Hyperaldosteronismus<\/strong>: Es tritt als Folge einer \u00dcberproduktion von Hormonen auf, die den Kalium- und Natriumspiegel im K\u00f6rper nach Nebennierenkrebs kontrollieren, und manifestiert sich mit dem Symptom Bluthochdruck.<\/p>\n<p>Werden Symptome eines Nebennierenkrebses beobachtet, ist eine \u00e4rztliche Kontrolle unbedingt erforderlich. Andernfalls kann der Patient im fortgeschrittenen Stadium seine Niere verlieren.[\/vc_column_text]<\/div><div class='dt-sc-tabs-vertical-frame-content'>[vc_column_text]<\/p>\n<h2><strong>Nebennierenkrebs kann jetzt verhindert werden!<\/strong><\/h2>\n<p>Da es au\u00dfer dem Rauchen keine bekannten vermeidbaren Risikofaktoren f\u00fcr Nebennierenkrebs gibt, h\u00e4ngt die Pr\u00e4vention dieser Krankheit vom Individuum ab. Wenn auf eine gesunde Ern\u00e4hrung geachtet und das Rauchen reduziert wird, kann die Behandlung des Patienten positiv verlaufen.<\/p>\n<h3><strong>Raucher aufgepasst! Beseitigen Sie das Rauchen, das Nierenkrebs ausl\u00f6st, aus Ihrem Leben!<\/strong><\/h3>\n<p>Wenn eines oder mehrere der oben genannten Symptome von Nebennierenkrebs in Ihrem Leben auftreten, w\u00e4re es von Vorteil, sofort unsere Klinik aufzusuchen. Es ist m\u00f6glich, Krebs mit einem Behandlungsplan nach fr\u00fcher Diagnose loszuwerden. Pass auf deine Gesundheit auf![\/vc_column_text]<\/div><\/div><div class='dt-sc-hr-invisible-small '> <\/div>[\/vc_column][\/vc_row]<\/p>\n","protected":false},"excerpt":{"rendered":"<p>[vc_row][vc_column][vc_column_text el_class=&#8221;aligncenter&#8221; css=&#8221;.vc_custom_1664810597652{margin-bottom: 20px !important;}&#8221;] Nebennierentumoren [\/vc_column_text][\/vc_column][\/vc_row]<\/p>\n","protected":false},"author":1,"featured_media":0,"parent":10,"menu_order":0,"comment_status":"closed","ping_status":"closed","template":"","meta":[],"_links":{"self":[{"href":"https:\/\/opdrserdar.com\/de\/wp-json\/wp\/v2\/pages\/10142"}],"collection":[{"href":"https:\/\/opdrserdar.com\/de\/wp-json\/wp\/v2\/pages"}],"about":[{"href":"https:\/\/opdrserdar.com\/de\/wp-json\/wp\/v2\/types\/page"}],"author":[{"embeddable":true,"href":"https:\/\/opdrserdar.com\/de\/wp-json\/wp\/v2\/users\/1"}],"replies":[{"embeddable":true,"href":"https:\/\/opdrserdar.com\/de\/wp-json\/wp\/v2\/comments?post=10142"}],"version-history":[{"count":4,"href":"https:\/\/opdrserdar.com\/de\/wp-json\/wp\/v2\/pages\/10142\/revisions"}],"predecessor-version":[{"id":10528,"href":"https:\/\/opdrserdar.com\/de\/wp-json\/wp\/v2\/pages\/10142\/revisions\/10528"}],"up":[{"embeddable":true,"href":"https:\/\/opdrserdar.com\/de\/wp-json\/wp\/v2\/pages\/10"}],"wp:attachment":[{"href":"https:\/\/opdrserdar.com\/de\/wp-json\/wp\/v2\/media?parent=10142"}],"curies":[{"name":"wp","href":"https:\/\/api.w.org\/{rel}","templated":true}]}}