{"id":10145,"date":"2022-06-02T06:38:58","date_gmt":"2022-06-02T06:38:58","guid":{"rendered":"https:\/\/opdrserdar.com\/de\/?page_id=10145"},"modified":"2022-10-03T14:21:39","modified_gmt":"2022-10-03T14:21:39","slug":"bobrek-tumorleri","status":"publish","type":"page","link":"https:\/\/opdrserdar.com\/de\/endokrin-sistemi-cerrahisi\/bobrek-tumorleri\/","title":{"rendered":"Nierentumoren"},"content":{"rendered":"<p>[vc_row][vc_column][vc_column_text el_class=&#8221;aligncenter&#8221; css=&#8221;.vc_custom_1664806502920{margin-bottom: 20px !important;}&#8221;]<div class='dt-sc-small-separator '><\/div>\n<h2 class=\"ekit-heading--title elementskit-section-title \">Nierentumoren<\/h2>\n<p>[\/vc_column_text]<div class='dt-sc-hr-invisible-small '> <\/div><div class='dt-sc-tabs-vertical-frame-container type2 inherit'><ul class='dt-sc-tabs-vertical-frame'><li><a href='#1451042683126-1-297cc-d0bd'>Was Ist Ein Nierentumor?<\/a><\/li><li><a href='#1451042704680-2-497cc-d0bd'>Was Sind die Symptome eines Nierentumors?<\/a><\/li><li><a href='#1654151271342-2-10'>Welche Art von Behandlung Wird Angewendet?<\/a><\/li><li><a href='#1654151295678-3-0'>Wie Hoch ist die Erfolgsquote bei der Behandlung?<\/a><\/li><\/ul><div class='dt-sc-tabs-vertical-frame-content'>[vc_column_text css=&#8221;.vc_custom_1664806563486{margin-bottom: 10px !important;}&#8221;]Die meisten Tumore in der Niere, fast 95 %, sind Krebs. Mit anderen Worten, wenn wir Nierentumor sagen, meinen wir Krebs. Wir begegnen nur sehr wenigen gutartigen Nierentumoren. Es hat auch zwei Arten. Die h\u00e4ufigste Art sind Tumore, die von der Nierenschale ausgehen. Es gibt auch Tumore im inneren Teil der Niere, wo Urin gebildet wird. Diese beiden sind etwas anders. Im Allgemeinen k\u00f6nnen wir sagen, dass Tumore, die vom inneren Teil der Niere ausgehen, etwas gef\u00e4hrlicher sind als andere.[\/vc_column_text]<\/div><div class='dt-sc-tabs-vertical-frame-content'>[vc_column_text css=&#8221;.vc_custom_1664806641969{margin-bottom: 10px !important;}&#8221;]<\/p>\n<h2><strong>Was sind die Symptome eines Nierentumors?<\/strong><\/h2>\n<p>Das wichtigste Symptom des Tumors, der vom inneren Teil der Niere ausgeht, sind Blutungen im Urin. Blutungen im Urin lassen uns zuerst nach Krebs suchen, bis das Gegenteil bewiesen ist. Krebs des inneren Teils der Niere wird sehr h\u00e4ufig beobachtet, insbesondere bei Rauchern. Das Symptom von Krebs, der aus der Nierenschale austritt, kann eine Blutung im Urin sein, aber dies ist ein sp\u00e4teres Symptom. Im Allgemeinen werden diese Tumoren in einem sehr fr\u00fchen Zeitraum mit dem h\u00e4ufigen Einsatz von Tomographie, Ultraschall und MR heute erkannt. Die Krebsart, die aus der \u00e4u\u00dferen H\u00fclle der Niere hervorgeht, macht in der Fr\u00fchphase keine Symptome, wenn sie zu stark fortschreitet, k\u00f6nnen Symptome wie Gewichtsverlust und Appetitlosigkeit auftreten. Es gibt sehr wichtige Informationen zu diesem Thema; Nierentumorpatienten gehen in der Regel zu Fach\u00e4rzten f\u00fcr Innere Medizin oder Dermatologie. Denn die meisten Patienten wenden sich mit Juckreiz an den Arzt.[\/vc_column_text]<\/div><div class='dt-sc-tabs-vertical-frame-content'>[vc_column_text]<\/p>\n<h2><strong>Welche Art von Behandlung wird angewendet?<\/strong><\/h2>\n<p>Lassen Sie uns zun\u00e4chst kurz die Behandlung von Tumoren zusammenfassen, die aus der Kruste entstehen. Die einzige Behandlung f\u00fcr diese Tumore, die aus der Nierenschale kommen, besteht darin, die Masse zu entfernen. Wenn die Masse bis zu 5 cm gro\u00df ist und sich nicht in der N\u00e4he der Hauptgef\u00e4\u00dfe der Niere befindet, dh an einer Stelle, an der sie entfernt werden kann, entfernen wir nur die Masse, wir ber\u00fchren die Niere nicht. Der Patient kann ein normales Leben f\u00fchren. Es gibt keinen Nierenverlust. Aber wenn es gr\u00f6\u00dfer als 5 cm ist oder es sich um einen Tumor handelt, der sich dort befindet, wo die Hauptvenen der Niere sind, wird es unm\u00f6glich, ihn zu entfernen. Dann entfernen wir die Niere mit der Masse. Bei dieser Behandlung ist die heute am h\u00e4ufigsten angewandte Methode die laparoskopische Chirurgie. Mit anderen Worten, wir entfernen die Masse, indem wir vier L\u00f6cher in den K\u00f6rper bohren. Dies hat den Vorteil, dass kein gro\u00dfer Muskelschnitt erforderlich ist, mit nur einem 6-7 cm langen Schnitt ist die gesamte Operation abgeschlossen. So behandeln wir 70-80% dieser F\u00e4lle. Aber einige Nierentumore (Krebs) kommen zu uns als sehr gro\u00df und haben ein Krebsgerinnsel in der Hauptvene des K\u00f6rpers. In diesem Fall f\u00fchren wir die Operationen mit klassischer offener Chirurgie durch, nicht mit der laparoskopischen Methode. Dies ist ein seltenes Ereignis.<\/p>\n<p>Etwas anders ist die Situation bei Tumoren im inneren Teil der Niere. Befindet sich ein Tumor im inneren Teil der Niere, bedeutet dies, dass er in gro\u00dfem Umfang in der Harnblase wiederkehrt. Daher beurteilen wir in diesen F\u00e4llen auch die Harnblase. Wenn kein Problem in der Harnblase vorliegt, erfolgt die Behandlung erneut durch einen laparoskopischen Eingriff; Die Niere wird in Form einer umfassenden Operation durchgef\u00fchrt, indem die gesamten Harnwege und ein Teil der Harnblase entfernt werden, wo die Niere m\u00fcndet. Danach kontrollieren wir in regelm\u00e4\u00dfigen Abst\u00e4nden die Blase mit der M\u00f6glichkeit eines erneuten Auftretens (Rezidiv) in der Blase. Rauchen ist ein wichtiger Risikofaktor, insbesondere f\u00fcr intrarenale Tumoren. Die Arbeit in der Industrie und die langj\u00e4hrige Einnahme von hochdosierten Schmerzmitteln, insbesondere bei Tumoren, die von der Nierenschale ausgehen, geh\u00f6ren zu den wichtigen Risikofaktoren.[\/vc_column_text]<\/div><div class='dt-sc-tabs-vertical-frame-content'>[vc_column_text]<\/p>\n<h2><strong>Wie hoch ist die Erfolgsquote bei der Behandlung?<\/strong><\/h2>\n<p>Wichtig ist hier der Pathologiebericht nach der Operation. Handelt es sich um einen Tumor, der im Pathologiebericht nicht die Nierenkapsel und deren Umgebung befallen hat, endet diese Behandlung mit einer Rate von fast 90 %. Aber wenn die Nierenkapsel, das Fettgewebe, betroffen ist, sich auf die Lymphe ausgebreitet hat und es aus der Niere ausgetreten ist, dann k\u00f6nnen wir nicht so optimistisch sprechen. In diesen F\u00e4llen wird eine Immuntherapie angewendet und Chemotherapie oder Strahlentherapie sind nicht an der Behandlung dieser Tumoren beteiligt. Wenn es zu einer Ausbreitung kommt, wird es mit Medikamenten behandelt, die das Immunsystem stimulieren.[\/vc_column_text]<\/div><\/div><div class='dt-sc-hr-invisible-small '> <\/div>[\/vc_column][\/vc_row]<\/p>\n","protected":false},"excerpt":{"rendered":"<p>[vc_row][vc_column][vc_column_text el_class=&#8221;aligncenter&#8221; css=&#8221;.vc_custom_1664806502920{margin-bottom: 20px !important;}&#8221;] Nierentumoren [\/vc_column_text][\/vc_column][\/vc_row]<\/p>\n","protected":false},"author":1,"featured_media":0,"parent":10,"menu_order":0,"comment_status":"closed","ping_status":"closed","template":"","meta":[],"_links":{"self":[{"href":"https:\/\/opdrserdar.com\/de\/wp-json\/wp\/v2\/pages\/10145"}],"collection":[{"href":"https:\/\/opdrserdar.com\/de\/wp-json\/wp\/v2\/pages"}],"about":[{"href":"https:\/\/opdrserdar.com\/de\/wp-json\/wp\/v2\/types\/page"}],"author":[{"embeddable":true,"href":"https:\/\/opdrserdar.com\/de\/wp-json\/wp\/v2\/users\/1"}],"replies":[{"embeddable":true,"href":"https:\/\/opdrserdar.com\/de\/wp-json\/wp\/v2\/comments?post=10145"}],"version-history":[{"count":4,"href":"https:\/\/opdrserdar.com\/de\/wp-json\/wp\/v2\/pages\/10145\/revisions"}],"predecessor-version":[{"id":10526,"href":"https:\/\/opdrserdar.com\/de\/wp-json\/wp\/v2\/pages\/10145\/revisions\/10526"}],"up":[{"embeddable":true,"href":"https:\/\/opdrserdar.com\/de\/wp-json\/wp\/v2\/pages\/10"}],"wp:attachment":[{"href":"https:\/\/opdrserdar.com\/de\/wp-json\/wp\/v2\/media?parent=10145"}],"curies":[{"name":"wp","href":"https:\/\/api.w.org\/{rel}","templated":true}]}}