{"id":10152,"date":"2022-06-02T15:01:40","date_gmt":"2022-06-02T15:01:40","guid":{"rendered":"https:\/\/opdrserdar.com\/de\/?page_id=10152"},"modified":"2022-10-04T10:51:09","modified_gmt":"2022-10-04T10:51:09","slug":"meme-kucultme","status":"publish","type":"page","link":"https:\/\/opdrserdar.com\/de\/endokrin-sistemi-cerrahisi\/meme-kucultme\/","title":{"rendered":"Brustverkleinerung"},"content":{"rendered":"<p>[vc_row][vc_column][vc_column_text el_class=&#8221;aligncenter&#8221; css=&#8221;.vc_custom_1664880292676{margin-bottom: 20px !important;}&#8221;]<div class='dt-sc-small-separator '><\/div>\n<h2 class=\"ekit-heading--title elementskit-section-title \">Brustverkleinerung<\/h2>\n<p>[\/vc_column_text]<div class='dt-sc-hr-invisible-small '> <\/div><div class='dt-sc-tabs-vertical-frame-container type2 inherit'><ul class='dt-sc-tabs-vertical-frame'><li><a href='#1451042683126-1-297cc-d0bd'>Gro\u00dfe Titten<\/a><\/li><li><a href='#1654151271342-2-10'>Was sind die Symptome einer Milzvergr\u00f6\u00dferung?<\/a><\/li><li><a href='#1654151295678-3-0'>Unterschied der Brustverkleinerung zu anderen \u00e4sthetischen Operationen<\/a><\/li><li><a href='#1654152552350-4-2'>Was eine Brustverkleinerung Bietet<\/a><\/li><li><a href='#1654152644040-5-10'>Operationsnarben<\/a><\/li><li><a href='#1451042704680-2-497cc-d0bd'>Vor der Operation<\/a><\/li><li><a href='#1654181978402-6-1'>Chirurgische Techniken<\/a><\/li><li><a href='#1654182043185-7-10'>Postoperativ<\/a><\/li><\/ul><div class='dt-sc-tabs-vertical-frame-content'>[vc_column_text css=&#8221;.vc_custom_1664880335347{margin-bottom: 10px !important;}&#8221;]Manchmal, nachdem die Brust sich zu entwickeln beginnt, kann die Brust aufgrund genetischer Faktoren w\u00e4hrend der Teenagerjahre sehr gro\u00df werden. Manchmal kann eine normal gro\u00dfe Brust durch hormonelle Ver\u00e4nderungen w\u00e4hrend der Schwangerschaft sehr gro\u00df werden und nach der Geburt so bleiben. Manchmal k\u00f6nnen die Br\u00fcste aufgrund bestimmter Krankheiten, Fettleibigkeit oder der Einnahme von Hormonpr\u00e4paraten sehr gro\u00df werden. Beim Brustwachstum kommt es zu einer Zunahme sowohl des Fettgewebes als auch des Brustdr\u00fcsengewebes der Brust mit unterschiedlichen Raten. Was auch immer der Grund sein mag, eine sehr gro\u00dfe Brust bringt viele Probleme mit sich.[\/vc_column_text]<\/div><div class='dt-sc-tabs-vertical-frame-content'>[vc_column_text]<\/p>\n<h2><strong>Was sind die Symptome einer Milzvergr\u00f6\u00dferung?<\/strong><\/h2>\n<p>Die Ursachen der Milzvergr\u00f6\u00dferung k\u00f6nnen wie folgt aufgelistet werden;<\/p>\n<p>An\u00e4mie<br \/>\nM\u00fcdigkeit und Schw\u00e4che<br \/>\nH\u00e4ufige Exposition gegen\u00fcber Infektionen<br \/>\nV\u00f6llegef\u00fchl und Druck im Magen<br \/>\nSchmerzen im Oberbauch und Brennen mit Ausstrahlung in die Schulter<br \/>\nJede der bei einer Milzvergr\u00f6\u00dferung auftretenden Beschwerden sollte bedacht und unverz\u00fcglich ein erfahrener Arzt aufgesucht werden. Bei einer Milzvergr\u00f6\u00dferung kann es zu einer Milzruptur kommen, wenn der Behandlungsprozess verz\u00f6gert wird oder wenn die falsche Behandlung angewendet wird.[\/vc_column_text]<\/div><div class='dt-sc-tabs-vertical-frame-content'>[vc_column_text]<\/p>\n<h2><strong>Unterschied der Brustverkleinerung zu anderen \u00e4sthetischen Operationen<\/strong><\/h2>\n<p>Obwohl das Ziel einer Brustverkleinerungsoperation darin besteht, die gr\u00f6\u00dfere Brust zu verkleinern und ein \u00e4sthetischeres Erscheinungsbild zu schaffen, handelt es sich bei der Operation eigentlich um eine rekonstruktive Operation, nicht um eine \u00e4sthetische. Nach meiner Meinung und vielen \u00e4hnlich denkenden plastischen Chirurgen reduziert die Verkleinerung sehr gro\u00dfer Br\u00fcste zwar viele Probleme, die in Zukunft auftreten k\u00f6nnen, sollte aber nicht von privaten Krankenkassen und staatlichen Gesundheitseinrichtungen \u00e4sthetisch bewertet werden, aber es gibt keine solche Praxis zur Zeit.[\/vc_column_text]<\/div><div class='dt-sc-tabs-vertical-frame-content'>[vc_column_text]<\/p>\n<h2><strong>Was eine Brustverkleinerung bietet<\/strong><\/h2>\n<p>Bei einer Brustverkleinerung werden die Br\u00fcste entsprechend der K\u00f6rpergr\u00f6\u00dfe der Person verkleinert und neu geformt, wobei den Br\u00fcsten ein nat\u00fcrliches Aussehen verliehen wird. Die Operation erleichtert das Leben, indem die Beschwerden der Patientin aufgrund gro\u00dfer Br\u00fcste beseitigt werden.[\/vc_column_text]<\/div><div class='dt-sc-tabs-vertical-frame-content'>[vc_column_text]<\/p>\n<h2><strong>Operationsnarben<\/strong><\/h2>\n<p>Obwohl die \u00e4sthetische Chirurgie eines der sich am schnellsten ver\u00e4ndernden und sich entwickelnden Gebiete der Medizin ist, ist eine Operation ohne Narben nicht m\u00f6glich. Aus diesem Grund sind die Vorstellungen und Erwartungen der Person an die Operation sehr wichtig. Vor der Operation sollte der Patient ausreichend und realistisch aufgekl\u00e4rt werden. Der Patient muss jedes Thema gr\u00fcndlich verstehen. Gerade junge Patientinnen sollten die Narben durch die Operation und m\u00f6gliche Sch\u00e4den an den Brustdr\u00fcsen verstehen und bei der Entscheidung f\u00fcr eine Operation entsprechend entscheiden. Obwohl die Br\u00fcste bei der Brustvergr\u00f6\u00dferung bei jungen M\u00e4dchen verkleinert werden, kann es au\u00dferdem manchmal zu einem Nachwachsen kommen.<\/p>\n<p>Eine Brustverkleinerungsoperation f\u00fchrt in der Regel zu guten und dauerhaften Ergebnissen, insbesondere bei Menschen, die ernsthafte Probleme im Zusammenhang mit gro\u00dfen und h\u00e4ngenden Br\u00fcsten haben. Die postoperative Zufriedenheit dieser Personen ist sehr hoch. Patienten, deren Br\u00fcste nicht zu gro\u00df und schlaff als normal sind oder die aufgrund der Brustgr\u00f6\u00dfe nicht viele Beschwerden wie Schmerzen, Wunden und Hautausschl\u00e4ge haben, werden jedoch eine viel geringere postoperative Zufriedenheit haben, wenn sie sich einer Brustverkleinerung unterzogen haben, weil sie es nur m\u00f6gen kleine Br\u00fcste. F\u00fcr solche Patienten ist es besser, nicht operiert zu werden.[\/vc_column_text]<\/div><div class='dt-sc-tabs-vertical-frame-content'>[vc_column_text css=&#8221;.vc_custom_1664880573315{margin-bottom: 10px !important;}&#8221;]<\/p>\n<h2><strong>Vor der Operation<\/strong><\/h2>\n<p>Die Gr\u00f6\u00dfe der Brust, wie niedrig die Brustwarze ist, die Struktur der Brusthaut, das Verh\u00e4ltnis von Brustdr\u00fcse und Fettgewebe zur Brustgr\u00f6\u00dfe sollten sorgf\u00e4ltig bewertet werden, da alle Faktoren den Erfolg nach der Operation beeinflussen. Mammographie und Brustultraschall sollten auch durchgef\u00fchrt werden, w\u00e4hrend die notwendigen Tests vor der Operation durchgef\u00fchrt werden.[\/vc_column_text]<\/div><div class='dt-sc-tabs-vertical-frame-content'>[vc_column_text]<\/p>\n<h2><strong>Chirurgische Techniken<\/strong><\/h2>\n<p>Eine Brustverkleinerung ist im Grunde \u00e4hnlich wie eine Bruststraffung. Das Volumen des Brustgewebes wird reduziert, die \u00fcbersch\u00fcssige Haut entfernt und die Brustwarze dorthin verschoben, wo sie hingeh\u00f6rt. Welche Methode auch immer angewendet wird, es wird auf jeden Fall eine Narbe um die Brustwarze herum zur\u00fcckbleiben. W\u00e4hrend bei fr\u00fcheren Brustverkleinerungsoperationen je nach Gr\u00f6\u00dfe der Brust unterschiedlich lange Narben in Form eines umgedrehten Ts entstanden, bleibt je nach Gr\u00f6\u00dfe der Brust eine gerade Narbe, ein nach au\u00dfen gerichtetes L oder eine kleine umgedrehte T-Narbe zur\u00fcck und das Absacken der Brustwarze mit den k\u00fcrzlich angewendeten Techniken. Die Form und Menge der nach der Operation verbleibenden Narbe wird durch die Gr\u00f6\u00dfe der Brust, die angewandte Operationsmethode und die Beschaffenheit der Brusthaut bestimmt. Die Narben an der Brust sind zun\u00e4chst deutlich, werden aber nach etwa einem Jahr undeutlich. Da das Risiko eines Gewebetods beim Tragen der Brust mit dem Gewebe unter der Brustwarze bei Menschen mit extrem gro\u00dfen und h\u00e4ngenden Br\u00fcsten sehr hoch ist, sind die normalerweise verwendeten Operationstechniken m\u00f6glicherweise nicht m\u00f6glich. In solchen F\u00e4llen kommt die Technik zum Einsatz, bei der der Brustwarzenring von der Brust getrennt und frei getragen wird (Thorek-Technik). Bei der Thorek-Technik hat die verbleibende Spur die Form eines umgekehrten T. Nur bei Patienten mit einer gro\u00dfen Brust, aber einer normalen Brustwarze, kann das Volumen durch Fettabsaugung reduziert werden. Wenn es jedoch zu einer Erschlaffung der Brust kommt, f\u00fchrt eine Verringerung des Volumens durch eine Fettabsaugung dazu, dass die Erschlaffung der Brust zunimmt.[\/vc_column_text][vc_column_text]<\/p>\n<p>I am text block. Click edit button to change this text. Lorem ipsum dolor sit amet, consectetur adipiscing elit. Ut elit tellus, luctus nec ullamcorper mattis, pulvinar dapibus leo.<\/p>\n<p>[\/vc_column_text]<\/div><div class='dt-sc-tabs-vertical-frame-content'>[vc_column_text]<\/p>\n<h2><strong>Postoperativ<\/strong><\/h2>\n<p>Die Brustverkleinerung wird im Krankenhaus unter Vollnarkose unter OP-Bedingungen durchgef\u00fchrt und dauert 3-5 Stunden. Der Patient wird in 1-2 Tagen entlassen, die postoperativen Schmerzen sind nicht zu gro\u00df. Normalerweise wird eine Drainage in die Brust gelegt, um eine Blutansammlung zu verhindern. Die Drainage wird am 3. Tag entfernt. F\u00e4den werden nach 7-10 Tagen entfernt. Der Patient kann in der Regel nach 7-10 Tagen wieder arbeiten, auch wenn er bekleidet ist. F\u00fcr 1 Monat wird ein spezieller Brust-BH getragen. Schwere Sportarten sollten f\u00fcr 3 Monate vermieden werden.<\/p>\n<p>Das Aussehen der Brust, die durch eine Brustverkleinerungsoperation verkleinert und geformt wurde, bleibt f\u00fcr lange Zeit erhalten. Gr\u00fcnde wie Gewichtszunahme, Schwangerschaft, Stillzeit und Schwerkraft k\u00f6nnen jedoch in Zukunft zu einem Nachwachsen und Absacken der Brust f\u00fchren.[\/vc_column_text]<\/div><\/div><div class='dt-sc-hr-invisible-small '> <\/div>[\/vc_column][\/vc_row]<\/p>\n","protected":false},"excerpt":{"rendered":"<p>[vc_row][vc_column][vc_column_text el_class=&#8221;aligncenter&#8221; css=&#8221;.vc_custom_1664880292676{margin-bottom: 20px !important;}&#8221;] Brustverkleinerung [\/vc_column_text][\/vc_column][\/vc_row]<\/p>\n","protected":false},"author":1,"featured_media":0,"parent":10,"menu_order":0,"comment_status":"closed","ping_status":"closed","template":"","meta":[],"_links":{"self":[{"href":"https:\/\/opdrserdar.com\/de\/wp-json\/wp\/v2\/pages\/10152"}],"collection":[{"href":"https:\/\/opdrserdar.com\/de\/wp-json\/wp\/v2\/pages"}],"about":[{"href":"https:\/\/opdrserdar.com\/de\/wp-json\/wp\/v2\/types\/page"}],"author":[{"embeddable":true,"href":"https:\/\/opdrserdar.com\/de\/wp-json\/wp\/v2\/users\/1"}],"replies":[{"embeddable":true,"href":"https:\/\/opdrserdar.com\/de\/wp-json\/wp\/v2\/comments?post=10152"}],"version-history":[{"count":3,"href":"https:\/\/opdrserdar.com\/de\/wp-json\/wp\/v2\/pages\/10152\/revisions"}],"predecessor-version":[{"id":10537,"href":"https:\/\/opdrserdar.com\/de\/wp-json\/wp\/v2\/pages\/10152\/revisions\/10537"}],"up":[{"embeddable":true,"href":"https:\/\/opdrserdar.com\/de\/wp-json\/wp\/v2\/pages\/10"}],"wp:attachment":[{"href":"https:\/\/opdrserdar.com\/de\/wp-json\/wp\/v2\/media?parent=10152"}],"curies":[{"name":"wp","href":"https:\/\/api.w.org\/{rel}","templated":true}]}}