{"id":10155,"date":"2022-06-09T09:24:21","date_gmt":"2022-06-09T09:24:21","guid":{"rendered":"https:\/\/opdrserdar.com\/de\/?page_id=10155"},"modified":"2022-10-03T12:35:51","modified_gmt":"2022-10-03T12:35:51","slug":"hemoroid-ile-acik-cerrahi","status":"publish","type":"page","link":"https:\/\/opdrserdar.com\/de\/anal-bolge-cerrahisi\/hemoroid-ile-acik-cerrahi\/","title":{"rendered":"Offene Chirurgie mit H\u00e4morrhoiden"},"content":{"rendered":"<p>[vc_row][vc_column][vc_column_text el_class=&#8221;aligncenter&#8221; css=&#8221;.vc_custom_1664800053529{margin-bottom: 20px !important;}&#8221;]<div class='dt-sc-small-separator '><\/div>\n<h2 class=\"ekit-heading--title elementskit-section-title \">Offene Chirurgie mit H\u00e4morrhoiden<\/h2>\n<p>[\/vc_column_text]<div class='dt-sc-hr-invisible-small '> <\/div><div class='dt-sc-tabs-vertical-frame-container type2 inherit'><ul class='dt-sc-tabs-vertical-frame'><li><a href='#1451042683126-1-297cc-d0bd'>Was Sind H\u00e4morrhoiden?<\/a><\/li><li><a href='#1451042704680-2-497cc-d0bd'>Was Sind die Symptome Von H\u00e4morrhoiden?<\/a><\/li><li><a href='#1654151271342-2-10'>H\u00e4morrhoiden-Diagnosemethoden<\/a><\/li><li><a href='#1654151295678-3-0'>Behandlung von H\u00e4morrhoiden<\/a><\/li><li><a href='#1654766625029-4-5'>Welche Methoden Kommen Bei Der Chirurgischen Behandlung zum Einsatz?<\/a><\/li><\/ul><div class='dt-sc-tabs-vertical-frame-content'>[vc_column_text css=&#8221;.vc_custom_1664800132646{margin-bottom: 10px !important;}&#8221;]H\u00e4morrhoiden ist keine Venenvergr\u00f6\u00dferung, Krampfadererkrankung, wie wir sie fr\u00fcher kannten. Sie sind Gef\u00e4\u00dfpolster aus Muskeln, Venen und Bindegewebe in drei verschiedenen Abschnitten des Analkanals (rechts oben, unten rechts und Mitte links). Es handelt sich also um eine Bindegewebserkrankung. Es gibt drei Arten von H\u00e4morrhoidalleiden.<\/p>\n<ol>\n<li>\u00c4u\u00dfere H\u00e4morrhoiden (befinden sich in den ersten 2 cm vom Anus und sind von au\u00dfen sichtbar)<\/li>\n<li>Interne H\u00e4morrhoiden (befindet sich 2 cm \u00fcber dem Anus)<\/li>\n<li>Gemischte H\u00e4morrhoiden (Zust\u00e4nde, bei denen sowohl innere als auch \u00e4u\u00dfere H\u00e4morrhoiden zusammen sind.)<\/li>\n<\/ol>\n<p>Aus verschiedenen Gr\u00fcnden wachsen diese Pads, h\u00e4ngen aus dem Anus heraus, Durchfall, chronische Verstopfung, Inaktivit\u00e4t, sitzende Lebensweise, Fettleibigkeit und Geburten sind die Gr\u00fcnde, die H\u00e4morrhoidenerkrankungen verst\u00e4rken.[\/vc_column_text]<\/div><div class='dt-sc-tabs-vertical-frame-content'>[vc_column_text css=&#8221;.vc_custom_1664800285760{margin-bottom: 10px !important;}&#8221;]<\/p>\n<h2>Was sind die Symptome von H\u00e4morrhoiden?<\/h2>\n<p>Blutung; Es tritt normalerweise nach der Benutzung einer hellroten Toilette auf und nimmt mit Anstrengung zu.<\/p>\n<p>Schmerzen; Weitere Symptome sind H\u00e4morrhoidalbr\u00fcste, die \u00fcber den After hinausragen, Juckreiz im Afterbereich.<\/p>\n<p>\u00c4u\u00dfere H\u00e4morrhoiden bed\u00fcrfen oft keiner Behandlung. In seltenen F\u00e4llen wird eine Operation durchgef\u00fchrt, wenn eine Thrombose (Blutf\u00fcllung) auftritt.<\/p>\n<p>Innere H\u00e4morrhoiden sind die Krankheiten, die die meisten Beschwerden verursachen und einige von ihnen erfordern eine Operation. Es wird in 4 Grad analysiert.<\/p>\n<p>Interne Homoriden 1. Grades; Manchmal verursacht es Schmerzen und Blutungen und die meiste Zeit erfordert es keine Operation.<\/p>\n<p>innere H\u00e4morrhoiden 2. Grades; Nach dem Stuhlgang blutet es unter Anstrengung aus dem Anus und geht von alleine wieder hinein. Wenn die Blutung zu stark ist, ist eine Operation erforderlich.<\/p>\n<p>innere H\u00e4morrhoiden 3. Grades; Nach dem Pressen kommt es aus dem Anus, h\u00e4ngt am Anus, der Patient dr\u00fcckt es mit seiner Hand hinein, seine Behandlung ist chirurgisch.<\/p>\n<p>innere H\u00e4morrhoiden 4. Grades; Es ist das letzte Stadium, die inneren H\u00e4morrhoiden, die aus dem Anus herausragen, gehen nicht mit einem manuellen Druck hinein, und die Behandlung ist eine Operation.<\/p>\n<p>innere H\u00e4morrhoiden 3. und 4. Grades; muss operiert werden. Es geht nicht weg mit medizinischer Behandlung.[\/vc_column_text]<\/div><div class='dt-sc-tabs-vertical-frame-content'>[vc_column_text]<\/p>\n<h2>Diagnosemethoden:<\/h2>\n<p>Es erfolgt eine visuelle und manuelle Pr\u00fcfung. Zur Diagnose innerer H\u00e4morrhoiden ist eine Rektoskopie erforderlich. In der medizinischen Behandlung wird empfohlen, dass der Patient viel Fl\u00fcssigkeit zu sich nimmt, viel Gem\u00fcse verzehrt, breiige Speisen isst, abnimmt, Verstopfung vorbeugt, lange nicht auf der Toilette sitzt und in hei\u00dfen Wasserb\u00e4dern sitzt. Dar\u00fcber hinaus k\u00f6nnen verschiedene Pomaden und Z\u00e4pfchen als medikament\u00f6se Therapie eingesetzt werden.[\/vc_column_text]<\/div><div class='dt-sc-tabs-vertical-frame-content'>[vc_column_text]<\/p>\n<h2>Behandlung von H\u00e4morrhoiden<\/h2>\n<ol>\n<li>Mit Hilfe eines Sklerotherapie-Rektoskops k\u00f6nnen Vasokonstriktoren und adstringierende Medikamente in die Basis der H\u00e4morrhoidaltaschen injiziert werden, dies ist keine h\u00e4ufig verwendete Methode.<\/li>\n<li>Gummibandtrank (Rubberband) basiert auf dem Strangulieren des inneren H\u00e4morrhoidenbeutels mit Hilfe eines Werkzeugs. Die erstickte H\u00e4morrhoidenpackung f\u00e4llt innerhalb von 5-6 Tagen spontan ab, sie wird normalerweise bei inneren H\u00e4morrhoiden 1. oder 2. Grades angewendet, die bluten. Der Patient kehrt am selben Tag zur Arbeit zur\u00fcck, ben\u00f6tigt keine An\u00e4sthesie, in der Regel sind die Ergebnisse gut.<\/li>\n<li>Infrarot-Koagulator-Anwendung; Es erfordert keine An\u00e4sthesie, es ist wirksam bei blutenden H\u00e4morrhoiden 1. und 2. Grades. Es ist einfach anzuwenden. Der Patient kann am selben Tag wieder arbeiten.<\/li>\n<\/ol>\n<p>[\/vc_column_text]<\/div><div class='dt-sc-tabs-vertical-frame-content'>[vc_column_text]<\/p>\n<h2>Welche Methoden kommen bei der chirurgischen Behandlung zum Einsatz?<\/h2>\n<ol>\n<li>Unter An\u00e4sthesie in geschlossener Technik (Ferguson) werden die H\u00e4morrhoidaltaschen chirurgisch entfernt. H\u00e4morrhoidenbetten werden durch N\u00e4hen geschlossen.<\/li>\n<li>Bei der Vollnarkose mit offener Technik (Milligan Morgan) werden die H\u00e4morrhoidaltaschen entfernt und die H\u00e4morrhoidalbetten offen gelassen.<\/li>\n<li>Die Stapler-H\u00e4morrhoidopexie (Longo-Methode) basiert auf dem Prinzip, die gesamte Darmschleimhaut 5-6 cm oberhalb des Anus mit einem speziellen Werkzeug, dem Circular Stapler, rundherum 3 cm breit zu entfernen und mit dessen Hilfe wieder zu vern\u00e4hen dieses Instrumentes. Bei dieser Methode werden die H\u00e4morrhoidaltaschen nicht entfernt, da dieser Eingriff 3 cm \u00fcber den H\u00e4morrhoidaltaschen durchgef\u00fchrt wird, ist die postoperative Phase sehr schmerzhaft. 1 Tag nach der Operation kann der Patient normale Nahrung zu sich nehmen. Anwendungen wie zus\u00e4tzliches Anziehen, Sitzen im Wasser entfallen. Die Rezidivrate ist extrem gering. Dies ist die moderne Operationsmethode, die heute verwendet wird. Am Ende dieser Operation schrumpfen die inneren H\u00e4morrhoidaltaschen des Patienten, werden inaktiv und f\u00fcgen dem Patienten keinen Schaden zu. Da der Darm um 3 cm verk\u00fcrzt ist, ist er beim Vorfall vom Anus nicht zu sehen.<\/li>\n<li>Lasertherapie; Diese Methode kann bei inneren H\u00e4morrhoiden 2. und 3. Grades angewendet werden. Es kann mit Vollnarkose oder \u00f6rtlicher Bet\u00e4ubung durchgef\u00fchrt werden. Der Patient kehrt am selben Tag zur Arbeit zur\u00fcck und ben\u00f6tigt keine zus\u00e4tzliche Verbandsbehandlung. Bei dieser Methode wird eine Lasersonde in die H\u00e4morrhoidaltasche eingef\u00fchrt, es werden mehrere Sch\u00fcsse durchgef\u00fchrt, und die H\u00e4morrhoidaltasche schrumpft und schrumpft. Bei diesem Verfahren wird die H\u00e4morrhoidenpackung nicht entfernt. Es ist ein sehr weniger schmerzhaftes Verfahren. Nach dem Eingriff kann der Patient noch am selben Tag entlassen werden und weiter arbeiten.<\/li>\n<\/ol>\n<p>[\/vc_column_text]<\/div><\/div><div class='dt-sc-hr-invisible-small '> <\/div>[\/vc_column][\/vc_row]<\/p>\n","protected":false},"excerpt":{"rendered":"<p>[vc_row][vc_column][vc_column_text el_class=&#8221;aligncenter&#8221; css=&#8221;.vc_custom_1664800053529{margin-bottom: 20px !important;}&#8221;] Offene Chirurgie mit H\u00e4morrhoiden [\/vc_column_text][\/vc_column][\/vc_row]<\/p>\n","protected":false},"author":1,"featured_media":0,"parent":10034,"menu_order":0,"comment_status":"closed","ping_status":"closed","template":"","meta":[],"_links":{"self":[{"href":"https:\/\/opdrserdar.com\/de\/wp-json\/wp\/v2\/pages\/10155"}],"collection":[{"href":"https:\/\/opdrserdar.com\/de\/wp-json\/wp\/v2\/pages"}],"about":[{"href":"https:\/\/opdrserdar.com\/de\/wp-json\/wp\/v2\/types\/page"}],"author":[{"embeddable":true,"href":"https:\/\/opdrserdar.com\/de\/wp-json\/wp\/v2\/users\/1"}],"replies":[{"embeddable":true,"href":"https:\/\/opdrserdar.com\/de\/wp-json\/wp\/v2\/comments?post=10155"}],"version-history":[{"count":3,"href":"https:\/\/opdrserdar.com\/de\/wp-json\/wp\/v2\/pages\/10155\/revisions"}],"predecessor-version":[{"id":10516,"href":"https:\/\/opdrserdar.com\/de\/wp-json\/wp\/v2\/pages\/10155\/revisions\/10516"}],"up":[{"embeddable":true,"href":"https:\/\/opdrserdar.com\/de\/wp-json\/wp\/v2\/pages\/10034"}],"wp:attachment":[{"href":"https:\/\/opdrserdar.com\/de\/wp-json\/wp\/v2\/media?parent=10155"}],"curies":[{"name":"wp","href":"https:\/\/api.w.org\/{rel}","templated":true}]}}