{"id":10165,"date":"2022-06-09T09:47:59","date_gmt":"2022-06-09T09:47:59","guid":{"rendered":"https:\/\/opdrserdar.com\/de\/?page_id=10165"},"modified":"2022-10-03T13:41:15","modified_gmt":"2022-10-03T13:41:15","slug":"sfinkter-onarimi","status":"publish","type":"page","link":"https:\/\/opdrserdar.com\/de\/anal-bolge-cerrahisi\/sfinkter-onarimi\/","title":{"rendered":"Sphinkter Reparatur"},"content":{"rendered":"<p>[vc_row][vc_column][vc_column_text el_class=&#8221;aligncenter&#8221; css=&#8221;.vc_custom_1664804429555{margin-bottom: 20px !important;}&#8221;]<div class='dt-sc-small-separator '><\/div>\n<h2 class=\"ekit-heading--title elementskit-section-title \">Sphinkter Reparatur<\/h2>\n<p>[\/vc_column_text]<div class='dt-sc-hr-invisible-small '> <\/div><div class='dt-sc-tabs-vertical-frame-container type2 inherit'><ul class='dt-sc-tabs-vertical-frame'><li><a href='#1654766625029-4-5'>Schlie\u00dfmuskelreparatur \u00dcbersicht<\/a><\/li><\/ul><div class='dt-sc-tabs-vertical-frame-content'>[vc_column_text]Es ist ein Verfahren, das in F\u00e4llen angewendet wird, in denen die Rektalmuskeln, die wir Schlie\u00dfmuskel nennen, besch\u00e4digt sind. Als Folge dieser Sch\u00e4digung entwickelt sich je nach innerer oder \u00e4u\u00dferer Schlie\u00dfmuskelsch\u00e4digung eine Inkontinenz (Gas- oder Stuhlinkontinenz).<\/p>\n<p>Als h\u00e4ufigste Ursache f\u00fcr Inkontinenz nach einer Analoperation wurde die LIS-laterale interne Sphinkterotomie (Durchtrennen des Stei\u00dfmuskels) angegeben, die bei der Behandlung chronischer Analfissuren mit bis zu 45 % angewendet wird. Es folgen Analfistel- und H\u00e4morrhoidenoperationen.<\/p>\n<p>Der wichtigste Grund hier ist eine nachl\u00e4ssige Operation. Bei LIS wird der Schlie\u00dfmuskel besch\u00e4digt und es kommt zur Inkontinenz, wenn der gesamte Schlie\u00dfmuskel durchtrennt wird, der Schlie\u00dfmuskel besch\u00e4digt wird, ohne den Fisteltyp bei Fisteloperationen zu unterscheiden, oder durch unsachgem\u00e4\u00dfe Seton-Anwendungen und das tiefe Entfernen des H\u00e4morrhoidenbeutels w\u00e4hrend der Operation bei H\u00e4morrhoidenoperationen.<\/p>\n<p>Trotzdem geh\u00f6ren einige Patienten zur Risikogruppe, auch wenn in der Praxis sorgf\u00e4ltig vorgegangen wird. \u00c4ltere und adip\u00f6se Patientinnen mit Mehrfachgeburten geh\u00f6ren zur Risikogruppe. Daher sollte dieser Patientengruppe besondere Aufmerksamkeit geschenkt werden, wenn eine Analoperation durchgef\u00fchrt werden soll.[\/vc_column_text]<\/div><\/div><div class='dt-sc-hr-invisible-small '> <\/div>[\/vc_column][\/vc_row]<\/p>\n","protected":false},"excerpt":{"rendered":"<p>[vc_row][vc_column][vc_column_text el_class=&#8221;aligncenter&#8221; css=&#8221;.vc_custom_1664804429555{margin-bottom: 20px !important;}&#8221;] Sphinkter Reparatur [\/vc_column_text][\/vc_column][\/vc_row]<\/p>\n","protected":false},"author":1,"featured_media":0,"parent":10034,"menu_order":0,"comment_status":"closed","ping_status":"closed","template":"","meta":[],"_links":{"self":[{"href":"https:\/\/opdrserdar.com\/de\/wp-json\/wp\/v2\/pages\/10165"}],"collection":[{"href":"https:\/\/opdrserdar.com\/de\/wp-json\/wp\/v2\/pages"}],"about":[{"href":"https:\/\/opdrserdar.com\/de\/wp-json\/wp\/v2\/types\/page"}],"author":[{"embeddable":true,"href":"https:\/\/opdrserdar.com\/de\/wp-json\/wp\/v2\/users\/1"}],"replies":[{"embeddable":true,"href":"https:\/\/opdrserdar.com\/de\/wp-json\/wp\/v2\/comments?post=10165"}],"version-history":[{"count":3,"href":"https:\/\/opdrserdar.com\/de\/wp-json\/wp\/v2\/pages\/10165\/revisions"}],"predecessor-version":[{"id":10525,"href":"https:\/\/opdrserdar.com\/de\/wp-json\/wp\/v2\/pages\/10165\/revisions\/10525"}],"up":[{"embeddable":true,"href":"https:\/\/opdrserdar.com\/de\/wp-json\/wp\/v2\/pages\/10034"}],"wp:attachment":[{"href":"https:\/\/opdrserdar.com\/de\/wp-json\/wp\/v2\/media?parent=10165"}],"curies":[{"name":"wp","href":"https:\/\/api.w.org\/{rel}","templated":true}]}}