{"id":10189,"date":"2022-06-11T14:09:27","date_gmt":"2022-06-11T14:09:27","guid":{"rendered":"https:\/\/opdrserdar.com\/de\/?page_id=10189"},"modified":"2022-10-04T12:49:19","modified_gmt":"2022-10-04T12:49:19","slug":"yuz-ve-boyundan-nevus-cikarilmasi","status":"publish","type":"page","link":"https:\/\/opdrserdar.com\/de\/kucuk-cerrahi-operasyonlar\/yuz-ve-boyundan-nevus-cikarilmasi\/","title":{"rendered":"N\u00e4vusentfernung von Gesicht und Hals"},"content":{"rendered":"<p>[vc_row][vc_column][vc_column_text el_class=&#8221;aligncenter&#8221; css=&#8221;.vc_custom_1664887600186{margin-bottom: 20px !important;}&#8221;]<div class='dt-sc-small-separator '><\/div>\n<h2 class=\"ekit-heading--title elementskit-section-title \">N\u00e4vusentfernung von Gesicht und Hals<\/h2>\n<p>[\/vc_column_text]<div class='dt-sc-hr-invisible-small '> <\/div><div class='dt-sc-tabs-vertical-frame-container type2 inherit'><ul class='dt-sc-tabs-vertical-frame'><li><a href='#1451042683126-1-297cc-d0bd'>Allgemeine Informationen und Behandlung<\/a><\/li><\/ul><div class='dt-sc-tabs-vertical-frame-content'>[vc_column_text css=&#8221;.vc_custom_1664887751565{margin-bottom: 10px !important;}&#8221;]Naevus, der im Volksmund \u201eIch\u201c genannt wird, entsteht durch das Wachstum von Hautzellen, die als Melonizid bezeichnet werden. Muttermale, die unterschiedliche Farben und Formen haben k\u00f6nnen, k\u00f6nnen angeboren oder sp\u00e4ter auftreten. Naevus k\u00f6nnen harmlos sein oder ein Zeichen f\u00fcr ernsthafte Gesundheitsprobleme sein. Aus diesem Grund sollten sie genau befolgt werden; Farben, pl\u00f6tzliche \u00c4nderungen in Form, Struktur und H\u00e4rte m\u00fcssen m\u00f6glicherweise bewertet werden.<br \/>\n<strong>Die h\u00e4ufigsten N\u00e4vustypen<\/strong><\/p>\n<ul>\n<li>Angeborener N\u00e4vus: Dies sind Muttermale, die von Geburt an in der Person vorhanden sind. Sie k\u00f6nnen klein, mittel oder gro\u00df sein. Ihre Farben und Formen sind variabel.<\/li>\n<li>Gemeiner N\u00e4vus (Common Naevus): Diese Muttermale, die meist im Kindesalter auftreten, sind flach oder rund; Es kann rosa, hellbraun oder braun sein.<\/li>\n<li>Dysplastischer N\u00e4vus: Die Oberfl\u00e4chen, Grenzen und Farben von dysplastischen Muttermalen, die normalerweise einen Durchmesser von mehr als 5 mm haben, k\u00f6nnen unterschiedlich sein. Da sich in dysplastischen N\u00e4vi ein Melanom entwickeln kann, sollten Menschen mit diesen Muttermalen vor der Sonne gesch\u00fctzt werden und einen Arzt aufsuchen, wenn sie eine Ver\u00e4nderung ihrer Muttermale bemerken.<\/li>\n<\/ul>\n<div class=\"elementor-element elementor-element-7d55ac8 elementor-widget elementor-widget-text-editor\" data-id=\"7d55ac8\" data-element_type=\"widget\" data-widget_type=\"text-editor.default\">\n<div class=\"elementor-widget-container\">\n<div class=\"elementor-text-editor elementor-clearfix\">\n<p>\u201eIch kann sagen, dass es neben den oben erw\u00e4hnten noch viele andere Arten von N\u00e4vi gibt. Aus diesem Grund schlage ich vor, dass diejenigen, die ihre Muttermale nicht definieren k\u00f6nnen oder die eine Form\u00e4nderung ihrer bestehenden Muttermale bemerken, sich mit dem Problem befassen sollten. Obwohl sie normalerweise harmlos sind, k\u00f6nnen Muttermale am K\u00f6rper ein Zeichen von Hautkrebs sein.\u201c<\/p>\n<p><strong>N\u00e4vusbehandlung: Entfernung von Muttermalen im Gesichts- und Halsbereich<\/strong><\/p>\n<p>Muttermale m\u00fcssen m\u00f6glicherweise in verschiedenen Situationen entfernt werden. Als Vorsichtsma\u00dfnahme gegen Krebsbildung kann der N\u00e4vus zur pathologischen Untersuchung entfernt werden oder weil er \u00e4sthetische Bedenken bei der Person hervorruft.<\/p>\n<p>\u201eBei der Entfernung von Muttermalen im Gesichts- und Halsbereich k\u00f6nnen chirurgische Schnitte oder Radiofrequenzanwendungen angewendet werden. Wenn die Bildung von Muttermalen bei Patienten \u00e4sthetische Angst verursacht, die Person st\u00f6rt oder wenn der Patient ein Risiko f\u00fcr Hautkrebs hat, kann eine Operation zur Entfernung von Muttermalen eine Notwendigkeit werden.\u201c<\/p>\n<p>Die Muttermalentfernungsoperation wird unter \u00f6rtlicher Bet\u00e4ubung durchgef\u00fchrt und die Patienten versp\u00fcren w\u00e4hrend der Operation keine Schmerzen oder Schmerzen. Der chirurgische Eingriff, der auf der Basis r\u00fcckstandsfreier Muttermale durchgef\u00fchrt wird, dauert etwa 15 \u2013 30 Minuten. Nachdem der Muttermal entfernt wurde, wird der Bereich gen\u00e4ht und die Wunde durch einen Verband verschlossen.<\/p>\n<p>Menschen mit Muttermalen k\u00f6nnen ohne Wartezeit in ihren Alltag zur\u00fcckkehren. Wenn die Wirkung der Lokalan\u00e4sthesie nachl\u00e4sst, kann es im Operationsgebiet zu leichten Schmerzen kommen. Der Komfort der Patienten kann mit niedrig dosierten Schmerzmitteln gesteigert werden.<\/p>\n<\/div>\n<\/div>\n<\/div>\n<p>[\/vc_column_text]<\/div><\/div><div class='dt-sc-hr-invisible-small '> <\/div>[\/vc_column][\/vc_row]<\/p>\n","protected":false},"excerpt":{"rendered":"<p>[vc_row][vc_column][vc_column_text el_class=&#8221;aligncenter&#8221; css=&#8221;.vc_custom_1664887600186{margin-bottom: 20px !important;}&#8221;] N\u00e4vusentfernung von Gesicht und Hals [\/vc_column_text][\/vc_column][\/vc_row]<\/p>\n","protected":false},"author":1,"featured_media":0,"parent":10041,"menu_order":0,"comment_status":"closed","ping_status":"closed","template":"","meta":[],"_links":{"self":[{"href":"https:\/\/opdrserdar.com\/de\/wp-json\/wp\/v2\/pages\/10189"}],"collection":[{"href":"https:\/\/opdrserdar.com\/de\/wp-json\/wp\/v2\/pages"}],"about":[{"href":"https:\/\/opdrserdar.com\/de\/wp-json\/wp\/v2\/types\/page"}],"author":[{"embeddable":true,"href":"https:\/\/opdrserdar.com\/de\/wp-json\/wp\/v2\/users\/1"}],"replies":[{"embeddable":true,"href":"https:\/\/opdrserdar.com\/de\/wp-json\/wp\/v2\/comments?post=10189"}],"version-history":[{"count":3,"href":"https:\/\/opdrserdar.com\/de\/wp-json\/wp\/v2\/pages\/10189\/revisions"}],"predecessor-version":[{"id":10564,"href":"https:\/\/opdrserdar.com\/de\/wp-json\/wp\/v2\/pages\/10189\/revisions\/10564"}],"up":[{"embeddable":true,"href":"https:\/\/opdrserdar.com\/de\/wp-json\/wp\/v2\/pages\/10041"}],"wp:attachment":[{"href":"https:\/\/opdrserdar.com\/de\/wp-json\/wp\/v2\/media?parent=10189"}],"curies":[{"name":"wp","href":"https:\/\/api.w.org\/{rel}","templated":true}]}}