{"id":10193,"date":"2022-06-11T14:12:23","date_gmt":"2022-06-11T14:12:23","guid":{"rendered":"https:\/\/opdrserdar.com\/de\/?page_id=10193"},"modified":"2022-10-04T12:44:16","modified_gmt":"2022-10-04T12:44:16","slug":"kil-donmesi-tedavisi","status":"publish","type":"page","link":"https:\/\/opdrserdar.com\/de\/kucuk-cerrahi-operasyonlar\/kil-donmesi-tedavisi\/","title":{"rendered":"Behandlung von Eingewachsenen Haaren"},"content":{"rendered":"<p>[vc_row][vc_column][vc_column_text el_class=&#8221;aligncenter&#8221; css=&#8221;.vc_custom_1664887240154{margin-bottom: 20px !important;}&#8221;]<div class='dt-sc-small-separator '><\/div>\n<h2 class=\"ekit-heading--title elementskit-section-title \">Behandlung von eingewachsenen Haaren<\/h2>\n<p>[\/vc_column_text]<div class='dt-sc-hr-invisible-small '> <\/div><div class='dt-sc-tabs-vertical-frame-container type2 inherit'><ul class='dt-sc-tabs-vertical-frame'><li><a href='#1451042683126-1-297cc-d0bd'>Was ist Eingewachsenes Haar?<\/a><\/li><li><a href='#1654956701433-1-2'>Wo Sieht man Eingewachsene Haare?<\/a><\/li><li><a href='#1654956718710-2-8'>Kuriosit\u00e4ten \u00fcber die Haarrotation und ihre Behandlung<\/a><\/li><\/ul><div class='dt-sc-tabs-vertical-frame-content'>[vc_column_text css=&#8221;.vc_custom_1664887282076{margin-bottom: 10px !important;}&#8221;]<\/p>\n<div class=\"elementor-element elementor-element-7e69ed9 elementor-widget elementor-widget-heading\" data-id=\"7e69ed9\" data-element_type=\"widget\" data-widget_type=\"heading.default\">\n<p>Sinus pilonidalis, der im Volksmund als eingewachsenes Haar bezeichnet wird, ist am Stei\u00dfbein zu sehen. Dies geschieht, wenn die Haare, die sich in der Rinne zwischen den beiden Ges\u00e4\u00dffalten absetzen, beim Gehen mit der S\u00e4gebewegung in die Haut eindringen und eine Infektion erzeugen, indem sie hier eine Scheinkapsel bilden. Es wird auch als Jeep-Krankheit bezeichnet, da es haupts\u00e4chlich bei Personen auftritt, die lange Zeit sitzen. Haare, Haare oder Fremdk\u00f6rper, die im Stei\u00dfbein in das Hautgewebe eindringen, sammeln sich mit der Zeit unter der Haut an. Um ihn herum bildet sich eine falsche Kapsel. In dieser Kapsel sammelt der K\u00f6rper Fl\u00fcssigkeit an. Diese Fl\u00fcssigkeit wird infiziert und bildet einen Abszess. Solche Patienten haben Schwellungen und starke Schmerzen im Stei\u00dfbein. Sp\u00e4ter wird der Abszess ge\u00f6ffnet und flie\u00dft und verschiedene L\u00f6cher werden in diesem Bereich gebildet. Es verursacht N\u00e4sse und Juckreiz im Anus. In diesem Fall liegt ein klassisches eingewachsenes Haar vor.<\/p>\n<\/div>\n<p>[\/vc_column_text]<\/div><div class='dt-sc-tabs-vertical-frame-content'>[vc_column_text]<\/p>\n<h2><strong>Wo sieht man eingewachsene Haare?<\/strong><\/h2>\n<p>Die Haarr\u00fcckgabe ist zu 90-95 % im Stei\u00dfbein zu sehen. Gelegentlich ist es auch am Bauchnabel und unter den Achseln zu sehen. Sie tritt haupts\u00e4chlich bei M\u00e4nnern auf und erreicht ihren H\u00f6hepunkt im Alter zwischen 15 und 40 Jahren. Es ist wahrscheinlicher bei Menschen mit \u00fcberm\u00e4\u00dfiger Haardichte und \u00dcbergewicht zu sehen. Es tritt h\u00e4ufiger bei Personen auf, die lange im Sitzen arbeiten (Fahrer, Sch\u00fcler usw.). Da die Haut von Frauen empfindlich ist, k\u00f6nnen Haarstr\u00e4hnen, Staub auf der Kleidung und Flusen eingewachsene Haare verursachen.<\/p>\n<p>Die Patienten haben einen fauligen Geruch und Ausfluss in der Beckenendlage. Es gibt Schwellungen und Schmerzen im Stei\u00dfbein. In einigen F\u00e4llen sind ein oder mehrere L\u00f6cher im Stei\u00dfbein zu sehen.<\/p>\n<p>Derzeit wird in geeigneten Behandlungsf\u00e4llen eine Mikrosinusektomie durchgef\u00fchrt. Bei dieser Methode k\u00f6nnen die Patienten noch am selben Tag zur Arbeit zur\u00fcckkehren. W\u00e4hrend die Rezidivrate bei klassischen Methoden bis zu 40 % betr\u00e4gt, \u00fcbersteigt sie bei dieser Methode 5 % nicht. Es wird in einem sehr kleinen Bereich operiert und der Schaden f\u00fcr den Patienten ist minimal. Da sehr wenig Gewebe entfernt wird, bleibt kein Totraum zur\u00fcck.[\/vc_column_text]<\/div><div class='dt-sc-tabs-vertical-frame-content'>[vc_column_text]<\/p>\n<h2><strong>Kuriosit\u00e4ten \u00fcber die Haarrotation und ihre Behandlung<\/strong><\/h2>\n<p><strong>Wird es wiederkehren? Welche Vorsichtsma\u00dfnahmen sollten getroffen werden?<\/strong><br \/>\nHaarausfall kann wieder auftreten. Die zu w\u00e4hlende Behandlungsmethode sollte nach dem Schwierigkeitsgrad der Erkrankung bestimmt werden. Dabei ist auch die Erfahrung des Operateurs wichtig.<\/p>\n<p><strong>Was ist der Post-Operation-Prozess?<\/strong><br \/>\nNach der Operation kann der Patient sofort wieder arbeiten. Der Alltag wird nicht gest\u00f6rt.<\/p>\n<p><strong>Was ist sein markantestes Merkmal?<\/strong><br \/>\nEs ist h\u00e4ufiger bei denen, die im Sitzen arbeiten, denen, die dick sind, und denen, die sehr behaart sind. Diese sollten vermieden werden.<\/p>\n<p><strong>Ist es m\u00f6glich, die Haarrotation zu verhindern?<\/strong><br \/>\nDas auff\u00e4lligste Merkmal ist die st\u00e4ndige Entladung und der Schmerz in diesem Bereich.<\/p>\n<p><strong>Faktoren, die das Risiko f\u00fcr eingewachsene Haare erh\u00f6hen<\/strong><br \/>\nEs tritt eher bei Personen auf, die nicht auf Hygiene achten, Personen, die \u00fcberm\u00e4\u00dfig schwitzen, und Personen, die st\u00e4ndig sitzen.<\/p>\n<p>Der Eingriff wird unter \u00f6rtlicher Bet\u00e4ubung durchgef\u00fchrt. Komplikationen, die bei der Spiralan\u00e4sthesie auftreten, werden daher nicht beobachtet. Der Patient muss nicht 5-6 Stunden im Krankenhaus bleiben. Das Einf\u00fchren eines Katheters ist nicht erforderlich, da keine Urinreaktion auftritt. Au\u00dferdem werden hier keine H\u00e4movac-Drainagen verwendet, die in klassischen Operationen verwendet werden. Diese Patienten k\u00f6nnen am n\u00e4chsten Tag ihrer t\u00e4glichen Arbeit nachgehen und ein Bad nehmen. Sie k\u00f6nnen das Meer und den Pool betreten. Damit der Patient bequem sitzen kann, werden mehrere Halten\u00e4hte gesetzt.[\/vc_column_text]<\/div><\/div><div class='dt-sc-hr-invisible-small '> <\/div>[\/vc_column][\/vc_row]<\/p>\n","protected":false},"excerpt":{"rendered":"<p>[vc_row][vc_column][vc_column_text el_class=&#8221;aligncenter&#8221; css=&#8221;.vc_custom_1664887240154{margin-bottom: 20px !important;}&#8221;] Behandlung von eingewachsenen Haaren [\/vc_column_text][\/vc_column][\/vc_row]<\/p>\n","protected":false},"author":1,"featured_media":0,"parent":10041,"menu_order":0,"comment_status":"closed","ping_status":"closed","template":"","meta":[],"_links":{"self":[{"href":"https:\/\/opdrserdar.com\/de\/wp-json\/wp\/v2\/pages\/10193"}],"collection":[{"href":"https:\/\/opdrserdar.com\/de\/wp-json\/wp\/v2\/pages"}],"about":[{"href":"https:\/\/opdrserdar.com\/de\/wp-json\/wp\/v2\/types\/page"}],"author":[{"embeddable":true,"href":"https:\/\/opdrserdar.com\/de\/wp-json\/wp\/v2\/users\/1"}],"replies":[{"embeddable":true,"href":"https:\/\/opdrserdar.com\/de\/wp-json\/wp\/v2\/comments?post=10193"}],"version-history":[{"count":3,"href":"https:\/\/opdrserdar.com\/de\/wp-json\/wp\/v2\/pages\/10193\/revisions"}],"predecessor-version":[{"id":10562,"href":"https:\/\/opdrserdar.com\/de\/wp-json\/wp\/v2\/pages\/10193\/revisions\/10562"}],"up":[{"embeddable":true,"href":"https:\/\/opdrserdar.com\/de\/wp-json\/wp\/v2\/pages\/10041"}],"wp:attachment":[{"href":"https:\/\/opdrserdar.com\/de\/wp-json\/wp\/v2\/media?parent=10193"}],"curies":[{"name":"wp","href":"https:\/\/api.w.org\/{rel}","templated":true}]}}