{"id":10277,"date":"2022-07-07T10:12:44","date_gmt":"2022-07-07T10:12:44","guid":{"rendered":"https:\/\/opdrserdar.com\/de\/?page_id=10277"},"modified":"2022-10-03T16:43:17","modified_gmt":"2022-10-03T16:43:17","slug":"meme-kanseri","status":"publish","type":"page","link":"https:\/\/opdrserdar.com\/de\/endokrin-sistemi-cerrahisi\/meme-kanseri\/","title":{"rendered":"Brustkrebs"},"content":{"rendered":"<p>[vc_row][vc_column][vc_column_text el_class=&#8221;aligncenter&#8221; css=&#8221;.vc_custom_1664814778480{margin-bottom: 20px !important;}&#8221;]<div class='dt-sc-small-separator '><\/div>\n<h2 class=\"ekit-heading--title elementskit-section-title \">Brustkrebs<\/h2>\n<p>[\/vc_column_text]<div class='dt-sc-hr-invisible-small '> <\/div><div class='dt-sc-tabs-vertical-frame-container type2 inherit'><ul class='dt-sc-tabs-vertical-frame'><li><a href='#1451042683126-1-297cc-d0bd'>Was ist Brustkrebs?<\/a><\/li><li><a href='#1654151271342-2-10'>Was sind Brustkrebs-Risikofaktoren?<\/a><\/li><li><a href='#1654151295678-3-0'>Was sind die Symptome von Brustkrebs?<\/a><\/li><li><a href='#1654152552350-4-2'>Was sind die Arten von Brustkrebs?<\/a><\/li><li><a href='#1654152644040-5-10'>Was sind die Stadien von Brustkrebs?<\/a><\/li><li><a href='#1451042704680-2-497cc-d0bd'>Wie Wird Brustkrebs Diagnostiziert?<\/a><\/li><\/ul><div class='dt-sc-tabs-vertical-frame-content'>[vc_column_text css=&#8221;.vc_custom_1664814826476{margin-bottom: 10px !important;}&#8221;]Fettgewebe, Lappen, Dr\u00fcsen, Milchg\u00e4nge und Nebenh\u00f6hlen bilden das Brustgewebe. Brustkrebs geh\u00f6rt zu den h\u00e4ufigsten Krebsarten bei Frauen. Die schnelle Ausbreitung von Krebszellen in den Milchdr\u00fcsen oder Milchg\u00e4ngen im Brustgewebe wird als Brustkrebs bezeichnet. Krebszellen, die eine Verschlechterung der DNA gesunder Zellen verursachen, sind sehr langlebig und vermehren sich schnell. Sich schnell vermehrende Krebszellen verursachen eine Tumorbildung, indem sie sich in Massen ansammeln. Tumore, die von Krebszellen gebildet werden, die sich in empfindlichen Bereichen des Brustgewebes schnell vermehren, werden in zwei Gruppen eingeteilt, als gutartige Tumore oder b\u00f6sartige Tumore. Das langsame Fortschreiten der Ausbreitung und Vermehrung von b\u00f6sartigen Tumoren erschwert die Diagnose der Erkrankung. Bei Menschen, die nicht fr\u00fch diagnostiziert werden k\u00f6nnen, kann sich die Krankheit auf verschiedene Teile des K\u00f6rpers ausbreiten und Metastasen verursachen. Menschen, die fr\u00fchzeitig diagnostiziert und behandelt werden, bevor sich die Krankheit auf den ganzen K\u00f6rper ausbreitet, haben eine sehr hohe Genesungsrate. Alle Frauen \u00fcber vierzig, mit oder ohne Brustkrebs in der Familienanamnese, sollten alle zwei Jahre eine Mammographie durchf\u00fchren lassen und regelm\u00e4\u00dfig einen Arzt aufsuchen. Bei Risiko- oder Zweifelsf\u00e4llen der Mammographie-Untersuchung kann dieser Zeitraum einmal j\u00e4hrlich oder auch in Form einer strengen Nachsorge im Abstand von 6 Monaten erfolgen. Diejenigen, die eine gutartige Masse in ihren Br\u00fcsten haben, k\u00f6nnen ihre routinem\u00e4\u00dfige Nachsorge mit Ultraschall alle 6 Monate durchf\u00fchren lassen.-\u201c[\/vc_column_text]<\/div><div class='dt-sc-tabs-vertical-frame-content'>[vc_column_text]<\/p>\n<h2><strong>Was sind Brustkrebs-Risikofaktoren?<\/strong><\/h2>\n<p>Der wichtigste Risikofaktor f\u00fcr Brustkrebs ist zweifellos das Geschlecht. Brustkrebs, der bei einem Prozent der M\u00e4nner auftritt, liegt bei Frauen weit \u00fcber dieser Zahl.<\/p>\n<p>Eine weitere wichtige Determinante unter den <strong>Risikofaktoren f\u00fcr Brustkrebs<\/strong> ist das Alter. Brustkrebs, der bei Menschen unter 35 Jahren seltener auftritt, tritt h\u00e4ufiger bei Menschen \u00fcber 50 Jahren auf. Bei Menschen, die in jungen Jahren mit Brustkrebs zu k\u00e4mpfen haben, sind genetische Faktoren der grundlegendste Faktor der Krankheit.<\/p>\n<p>Der Familienfaktor beeinflusst auch Ihre Brustkrebsrate. Brustkrebs zu haben, insbesondere auf m\u00fctterlicher Seite, also bei Geschwistern, Mutter und Gro\u00dfmutter der Mutter, erh\u00f6ht das Risiko, an Brustkrebs bei jungen Menschen zu erkranken.<\/p>\n<p>Wenn eine Frau eine fr\u00fche Menstruation und ein sp\u00e4tes Datum der Menopause hat, entwickeln die Menschen eher Brustkrebs. Dar\u00fcber hinaus erh\u00f6ht die langfristige Anwendung der von Fach\u00e4rzten verschriebenen Medikamente infolge von Wechseljahresbeschwerden das Risiko, an Brustkrebs zu erkranken.<\/p>\n<p>Die Tatsache, dass Menschen nie geboren haben, ihr erstes Kind nach dem 30. Lebensjahr zur Welt gebracht haben und ihr Kind nach der Geburt nicht freiwillig oder unfreiwillig gestillt haben, f\u00fchrt zu einem erh\u00f6hten Risiko, an Brustkrebs zu erkranken.<\/p>\n<p>Zu den Risiken, an Brustkrebs zu erkranken, geh\u00f6ren Faktoren wie Inaktivit\u00e4t, Bedingungen des modernen Stadtlebens und \u00fcberm\u00e4\u00dfige Gewichtszunahme.<\/p>\n<p>Wie bei allen Krebsarten erh\u00f6hen Rauchen und Alkoholkonsum das Erkrankungsrisiko.[\/vc_column_text]<\/div><div class='dt-sc-tabs-vertical-frame-content'>[vc_column_text]<\/p>\n<h2>Was sind die Symptome von Brustkrebs?<\/h2>\n<p>Mit dem heutigen Bewusstseinsbildungseffekt werden die Symptome von Brustkrebs von den Menschen selbst gefunden. Es dauert lange, bis Krebszellen Tumore bilden und bei der Untersuchung auffallen. Wenn die Gr\u00f6\u00dfe der Krebszellen jedoch mindestens einen Zentimeter erreicht, k\u00f6nnen diese Massen dank der von Frauen durchgef\u00fchrten Handsteuerungsmethode leicht wahrgenommen werden. Diese Situation beweist, wie wichtig es f\u00fcr Frauen ist, die Handsteuerungsmethode h\u00e4ufig anzuwenden. Das wichtigste Merkmal, das es Ihnen erm\u00f6glicht, Krebszellen von anderen Dr\u00fcsen zu unterscheiden, ist, dass sie eine harte, unregelm\u00e4\u00dfige Struktur haben und sich im Brustgewebe nicht leicht bewegen lassen. Die Symptome von Brustkrebs variieren von Person zu Person und je nach Stadium der Erkrankung. Dar\u00fcber hinaus haben einige Menschen keine Symptome von Brustkrebs, und die Tatsache, dass die Menschen nicht krank sind, wird durch Ultraschall- und Mammografieuntersuchung festgestellt. Wir k\u00f6nnen die h\u00e4ufigsten Brustkrebssymptome bei Menschen wie folgt auflisten.<\/p>\n<p>&#8211; Personen, die w\u00e4hrend der Handsteuerung auf eine Masse oder H\u00e4rte sto\u00dfen<\/p>\n<p>-Bemerkung einer sichtbaren und sichtbaren Asymmetrie zwischen den Br\u00fcsten von Menschen<\/p>\n<p>Zust\u00e4nde wie Wunden, Ekzeme, R\u00f6tungen, Risse und Krusten, die pl\u00f6tzlich an den Br\u00fcsten auftreten<\/p>\n<p>-Ver\u00e4nderungen in Richtung und Form der Brustwarzen und ein nach innen gerichtetes Ziehen an der Brustwarze oder um die Brust herum<\/p>\n<p>&#8211; Ein roter oder rosafarbener Ausfluss aus der Brustwarze<\/p>\n<p>-Frauen empfinden w\u00e4hrend ihrer Menstruation eine unterschiedliche Intensit\u00e4t von Schmerzen in ihren Br\u00fcsten.<\/p>\n<p>&#8211; Vergr\u00f6\u00dferung und zus\u00e4tzliche Schwellung der Br\u00fcste au\u00dferhalb der Monatsblutung<\/p>\n<p>Bemerken einer Masse, Steifheit oder Schwellung in der Achselh\u00f6hle, au\u00dfer Schwellungen im Brustbereich<\/p>\n<p>-Das Aussehen des Brustgewebes, das einer Orangenschale \u00e4hnelt<\/p>\n<p>Personen, bei denen mindestens eines der oben genannten Symptome auftritt, sollten unbedingt einen Facharzt aufsuchen. Obwohl angenommen wird, dass diese Symptome bei Frauen auftreten, \u00e4hneln einige von ihnen den Brustkrebssymptomen bei M\u00e4nnern. Bei M\u00e4nnern beobachtete Brustkrebssymptome treten normalerweise in Form von Ausfluss aus der Brustwarze, R\u00f6tung, Einbruch nach innen, nicht schmerzhaften Schwellungen, Schwellungen und Schrumpfung auf. Da die genannten Symptome nicht immer auf Krebs hindeuten, w\u00e4re es sinnvoll, bei diesen Befunden einen Facharzt aufzusuchen.[\/vc_column_text]<\/div><div class='dt-sc-tabs-vertical-frame-content'>[vc_column_text]<\/p>\n<h2><strong>Was sind die Arten von Brustkrebs?<\/strong><\/h2>\n<p>Brustkrebs wird in verschiedene Arten und Gruppen untereinander eingeteilt. Die Art des Brustkrebses wird durch die durch Biopsie entnommenen Gewebe erlernt. Die aus dem Brustgewebe entnommene Biopsieprobe wird zur pathologischen Untersuchung geschickt und die Art des Brustkrebses wird nach den Untersuchungen bestimmt. Obwohl es viele Arten von Brustkrebs gibt, werden sie unter zwei Haupt\u00fcberschriften gruppiert, n\u00e4mlich diejenigen, die in den Zellen auftreten, die die Brustg\u00e4nge bilden, und diejenigen, die in den Brustdr\u00fcsen auftreten. Duktale Karzinome (im Milchgang vorkommend) und lobul\u00e4re Karzinome (in den Milchdr\u00fcsen vorkommend) werden als Tumore mit und ohne Ausbreitungsf\u00e4higkeit in zwei Gruppen untereinander eingeteilt.<\/p>\n<p><strong>Duktales Karzinom<\/strong>: Es ist eine Krebsart, die bei der manuellen Untersuchung sehr schwer zu diagnostizieren ist und sich durch ihre unregelm\u00e4\u00dfige Struktur w\u00e4hrend der Mammographie manifestiert. Es kann zu Ausfluss in den Br\u00fcsten von Menschen kommen, bei denen ein duktales Karzinom diagnostiziert wurde.<\/p>\n<p><strong>Lobul\u00e4res Karzinom<\/strong>: Es ist eine Krebsart, die in den Brustlappen auftritt und sich ausbreitet.<\/p>\n<p><strong>Sich ausbreitende Tumore<\/strong>: Invasive, d. h. sich ausbreitende Krebsarten, treten auf, wenn die Krebszelle in die oberen Teile des Ortes vordringt, an dem sie sich befindet. Unter den Krebsarten, die sich ausbreiten k\u00f6nnen, geh\u00f6rt das im Brustkanal auftretende Duktalkarzinom zu den h\u00e4ufigsten Krebsarten.<\/p>\n<p><strong>Tumore, die sich nicht ausbreiten<\/strong>:\u00a0Nicht-invasiv bezeichnet man die Krebsart, die im Allgemeinen keine Symptome zeigt und selten mit Symptomen wie R\u00f6tung oder Verh\u00e4rtung auftreten kann. Es ist die h\u00e4rteste und am schnellsten wirkende Art von Brustkrebs. Diese Art von Brustkrebs wird mit entz\u00fcndlichen Erkrankungen rund um die Brust verglichen.[\/vc_column_text]<\/div><div class='dt-sc-tabs-vertical-frame-content'>[vc_column_text]<\/p>\n<h2><strong>Was sind die Stadien von Brustkrebs?<\/strong><\/h2>\n<p>Brustkrebs ist eine Krebsart, die langsam fortschreitet und in etwa f\u00fcnf bis sieben Jahren eine Gr\u00f6\u00dfe von einem Zentimeter erreichen kann. Brustkrebs kann sich dank der Lymphbahnen auf Organe wie Knochen, Leber oder Lunge ausbreiten, zu den Lymphknoten in der Achselh\u00f6hle und von dort zur Blut\u00fcbertragung. Mit einem Staging ermitteln Experten, in welchem \u200b\u200bStadium sich die Krebszellen befinden und in welche Regionen sie sich ausgebreitet haben, und starten so den Behandlungsprozess. Experten verwenden ein System namens TNM, um herauszufinden, in welchem \u200b\u200b\u200b\u200bStadium sich Brustkrebs befindet. In dem TNM genannten System gibt der Buchstabe T den Durchmesser des Tumors an, der Buchstabe N die Anzahl der Lymphknoten in der Achselh\u00f6hle und der Buchstabe M die Ausbreitung von Krebszellen. Brustkrebs besteht aus vier Stadien. Krebszellen im ersten, zweiten und einigen dritten Stadium gelten als Brustkrebs im Fr\u00fchstadium. Krebszellen im vierten und einigen dritten Stadium werden als fortgeschrittener Brustkrebs bezeichnet. Experten entscheiden je nach Stadium des Brustkrebses, ob sich die Krebszelle ausgebreitet hat oder nicht, und der Gr\u00f6\u00dfe der Krebszelle.[\/vc_column_text]<\/div><div class='dt-sc-tabs-vertical-frame-content'>[vc_column_text css=&#8221;.vc_custom_1664815390104{margin-bottom: 10px !important;}&#8221;]<\/p>\n<h2><strong>Wie wird Brustkrebs diagnostiziert?<\/strong><\/h2>\n<p>Jede Frau \u00fcber 50 Jahren, mit oder ohne Brustkrebs in der Familie, sollte von einem Facharzt betreut und regelm\u00e4\u00dfig mammographisch untersucht werden. Frauen ab dem 35. Lebensjahr sollten die manuelle Kontrollmethode unbedingt in regelm\u00e4\u00dfigen Abst\u00e4nden anwenden. Die regelm\u00e4\u00dfige Durchf\u00fchrung solcher Untersuchungen ist im Hinblick auf eine fr\u00fchzeitige Diagnose und Beschleunigung des Behandlungsprozesses von gro\u00dfer Bedeutung. Die Diagnose Brustkrebs wird w\u00e4hrend der Routineuntersuchung von Personen gestellt oder wenn sich Personen mit Symptomen von Brustkrebs an einen Facharzt wenden. Der Diagnoseprozess beginnt zun\u00e4chst mit einer k\u00f6rperlichen Untersuchung und bei Bedarf werden Ultraschall-, Mammographie-, Biopsie-, Computertomographie- und Magnetresonanztomographieger\u00e4te untersucht und der Behandlungsprozess eingeleitet.[\/vc_column_text]<\/div><\/div><div class='dt-sc-hr-invisible-small '> <\/div>[\/vc_column][\/vc_row]<\/p>\n","protected":false},"excerpt":{"rendered":"<p>[vc_row][vc_column][vc_column_text el_class=&#8221;aligncenter&#8221; css=&#8221;.vc_custom_1664814778480{margin-bottom: 20px !important;}&#8221;] Brustkrebs [\/vc_column_text][\/vc_column][\/vc_row]<\/p>\n","protected":false},"author":1,"featured_media":0,"parent":10,"menu_order":0,"comment_status":"closed","ping_status":"closed","template":"","meta":[],"_links":{"self":[{"href":"https:\/\/opdrserdar.com\/de\/wp-json\/wp\/v2\/pages\/10277"}],"collection":[{"href":"https:\/\/opdrserdar.com\/de\/wp-json\/wp\/v2\/pages"}],"about":[{"href":"https:\/\/opdrserdar.com\/de\/wp-json\/wp\/v2\/types\/page"}],"author":[{"embeddable":true,"href":"https:\/\/opdrserdar.com\/de\/wp-json\/wp\/v2\/users\/1"}],"replies":[{"embeddable":true,"href":"https:\/\/opdrserdar.com\/de\/wp-json\/wp\/v2\/comments?post=10277"}],"version-history":[{"count":4,"href":"https:\/\/opdrserdar.com\/de\/wp-json\/wp\/v2\/pages\/10277\/revisions"}],"predecessor-version":[{"id":10535,"href":"https:\/\/opdrserdar.com\/de\/wp-json\/wp\/v2\/pages\/10277\/revisions\/10535"}],"up":[{"embeddable":true,"href":"https:\/\/opdrserdar.com\/de\/wp-json\/wp\/v2\/pages\/10"}],"wp:attachment":[{"href":"https:\/\/opdrserdar.com\/de\/wp-json\/wp\/v2\/media?parent=10277"}],"curies":[{"name":"wp","href":"https:\/\/api.w.org\/{rel}","templated":true}]}}