{"id":10281,"date":"2022-07-07T10:21:04","date_gmt":"2022-07-07T10:21:04","guid":{"rendered":"https:\/\/opdrserdar.com\/de\/?page_id=10281"},"modified":"2022-10-04T11:04:30","modified_gmt":"2022-10-04T11:04:30","slug":"meme-pitozu","status":"publish","type":"page","link":"https:\/\/opdrserdar.com\/de\/endokrin-sistemi-cerrahisi\/meme-pitozu\/","title":{"rendered":"Ptosis der Brust"},"content":{"rendered":"<p>[vc_row][vc_column][vc_column_text el_class=&#8221;aligncenter&#8221; css=&#8221;.vc_custom_1664880821460{margin-bottom: 20px !important;}&#8221;]<div class='dt-sc-small-separator '><\/div>\n<h2 class=\"ekit-heading--title elementskit-section-title \">Ptosis der Brust<\/h2>\n<p>[\/vc_column_text]<div class='dt-sc-hr-invisible-small '> <\/div><div class='dt-sc-tabs-vertical-frame-container type2 inherit'><ul class='dt-sc-tabs-vertical-frame'><li><a href='#1451042683126-1-297cc-d0bd'>Was ist eine Bruststraffung?<\/a><\/li><li><a href='#1654151271342-2-10'>Warum H\u00e4ngen Br\u00fcste?<\/a><\/li><li><a href='#1654151295678-3-0'>Wer kann sich einer Bruststraffung Unterziehen?<\/a><\/li><li><a href='#1654152552350-4-2'>Ab Welchem  Alter kann eine Bruststraffung Durchgef\u00fchrt Werden?<\/a><\/li><li><a href='#1654152644040-5-10'>Klassifizierung von Brustprolaps<\/a><\/li><li><a href='#1451042704680-2-497cc-d0bd'>Techniken der Bruststraffung<\/a><\/li><li><a href='#1657189176325-6-3'>Wiederherstellungsprozess der Bruststraffungsoperation<\/a><\/li><li><a href='#1657189199427-7-5'>Vorbereitung auf die Bruststraffung<\/a><\/li><li><a href='#1657189219510-8-2'>K\u00f6nnen Bruststraffung und Brustvergr\u00f6\u00dferung Zusammen Durchgef\u00fchrt Werden?<\/a><\/li><li><a href='#1657189242287-9-0'>Verwendung von Schutz-BHs Nach Einer Bruststraffung<\/a><\/li><\/ul><div class='dt-sc-tabs-vertical-frame-content'>[vc_column_text css=&#8221;.vc_custom_1664880874016{margin-bottom: 10px !important;}&#8221;]<\/p>\n<h2><strong>Was ist eine Bruststraffung?<\/strong><\/h2>\n<p>Das Erschlaffen der Br\u00fcste, das ein wichtiger Bestandteil des \u00e4sthetischen Erscheinungsbilds von Frauen ist, kann viele Gr\u00fcnde haben.<\/p>\n<p>Das Erschlaffen der Brust tritt nach genetischen Ursachen, angeborenen strukturellen St\u00f6rungen, Schwangerschaft, altersbedingtem Erschlaffen, Gewichtszunahme und Gewichtsabnahme in kurzer Zeit auf. In solchen F\u00e4llen scheinen Bruststraffungsoperationen, definiert als Mastopexie, eine effektive L\u00f6sung zu sein.<\/p>\n<p>Bruststraffungsoperationen, die von plastischen Chirurgen durchgef\u00fchrt werden, bieten Frauen, die dieses Problem haben, ein \u00e4sthetisches Erscheinungsbild.[\/vc_column_text]<\/div><div class='dt-sc-tabs-vertical-frame-content'>[vc_column_text]<\/p>\n<h2><strong>Warum h\u00e4ngen Br\u00fcste?<\/strong><\/h2>\n<p>Gewichtsver\u00e4nderungen in kurzer Zeit, kein Tragen eines BHs, Schwangerschaft, Gewichtszunahme, Alterung und die Wirkung der Schwerkraft f\u00fchren bei Frauen zu einem Erschlaffen der Brust.<\/p>\n<p>Auch \u00fcberm\u00e4\u00dfiges Rauchen f\u00fchrt zu einem Erschlaffen der Brust, zumal es zu einer Lockerung des Bindegewebes in den Br\u00fcsten kommt. Unabh\u00e4ngig vom Grund ist es m\u00f6glich, mit einer Bruststraffungsoperation geradere und vollere Br\u00fcste zu haben.[\/vc_column_text]<\/div><div class='dt-sc-tabs-vertical-frame-content'>[vc_column_text]<\/p>\n<h2><strong>Wer kann sich einer Bruststraffung unterziehen?<\/strong><\/h2>\n<p>Eine Bruststraffung kann bei allen Frauen durchgef\u00fchrt werden, die h\u00e4ngende Br\u00fcste haben und keine gesundheitlichen Probleme haben, entbunden haben oder nicht.<\/p>\n<p>Da eine aufrechte und volle Brust das Selbstbewusstsein von Frauen steigert, werden Bruststraffungsoperationen immer h\u00e4ufiger durchgef\u00fchrt. Mit einer Bruststraffung entstehen sozialere und selbstbewusstere Frauen.<\/p>\n<p>Ein Absacken der Brust wird durch \u00dcberpr\u00fcfung der Brustwarze und der Unterbrustlinie erkannt.[\/vc_column_text]<\/div><div class='dt-sc-tabs-vertical-frame-content'>[vc_column_text]<\/p>\n<h2><strong>Ab welchem \u200b\u200bAlter kann eine Bruststraffung durchgef\u00fchrt werden?<\/strong><\/h2>\n<p>Mit 18 Jahren sind 90 % des Brustvolumens einer erwachsenen Frau erreicht. Aus diesem Grund reicht es f\u00fcr die Bruststraffung aus, das 18. Lebensjahr vollendet zu haben und keine gesundheitlichen Einschr\u00e4nkungen f\u00fcr die Operation zu haben. F\u00fcr diese Anwendung gibt es keine Altersobergrenze.[\/vc_column_text]<\/div><div class='dt-sc-tabs-vertical-frame-content'>[vc_column_text]<\/p>\n<h2><strong>Klassifizierung von Brustprolaps<\/strong><\/h2>\n<p>Entsprechend der Beziehung zwischen der Brustwarze und der unteren Linie der Brust kann das Erschlaffen der Brust in 4 verschiedene Typen eingeteilt werden: leichte, mittelschwere, schwere und falsche Ptosis.<\/p>\n<p>Bei einer leichten Erschlaffung der Brust sind sie erschlafft, wobei die Brustwarze 1 cm unter die untere Linie der Brust reicht. In F\u00e4llen, in denen die Brustwarze 1 bis 3 cm unter der unteren Linie der Brust liegt, wird dies als m\u00e4\u00dfiges Absacken definiert.<\/p>\n<p>Befindet sich die Brustwarze 3 cm oder mehr unter der unteren Linie der Brust, spricht man von einer starken Erschlaffung der Brust.<\/p>\n<p>Falsches Absacken (Ptosis) bezieht sich auf Situationen, in denen das Gewebe im unteren Teil der Brust unter die Brustlinie herabh\u00e4ngt, obwohl sich die Brustwarze \u00fcber der unteren Brustlinie befindet.<\/p>\n<p>Bruststraffungsoperationen werden erfolgreich gegen all diese Situationen des Absackens der Brust durchgef\u00fchrt.[\/vc_column_text]<\/div><div class='dt-sc-tabs-vertical-frame-content'>[vc_column_text css=&#8221;.vc_custom_1664881268458{margin-bottom: 10px !important;}&#8221;]<\/p>\n<h2><strong>Techniken der Bruststraffung<\/strong><\/h2>\n<p>Obwohl es mit Sport m\u00f6glich sein soll, hat Sport keinen Einfluss auf die Erektion der Brust. Es ist m\u00f6glich, straffere und geformtere Br\u00fcste zu haben, indem man eine Bruststraffungsoperation an einer h\u00e4ngenden Brust durchf\u00fchrt.<\/p>\n<p>Eine Bruststraffung wird unter Vollnarkose durchgef\u00fchrt, unabh\u00e4ngig davon, ob sie mit der Prothese kombiniert wird oder nicht.<\/p>\n<p>Wenn die Patientin, die sich einer Bruststraffung unterziehen wird, eine Brusterschlaffung und gro\u00dfe Brustbeschwerden hat, wird eine Brustverkleinerung durchgef\u00fchrt, und wenn es eine kleine Brustbeschwerde gibt, wird gleichzeitig eine Brustvergr\u00f6\u00dferung durchgef\u00fchrt.<\/p>\n<p>Bei der pr\u00e4operativen Untersuchung werden Zust\u00e4nde wie Hautqualit\u00e4t und Brustwarzenposition beurteilt. Anschlie\u00dfend wird \u00fcber die anzuwendende Technik, das zu entfernende Brustgewebe oder die Gr\u00f6\u00dfe der einzusetzenden Brustprothese entschieden.<\/p>\n<p>Wenn die Verwendung einer Prothese bei den Lifting-Operationen erforderlich ist, dauert die Operation etwa 2-2,5 Stunden, und wenn sie ohne Verwendung der Prothese durchgef\u00fchrt wird, dauert sie 3-3,5 Stunden, je nach Grad der Erschlaffung der Brust.<\/p>\n<p>Bei Bruststraffungsoperationen wird die \u00fcbersch\u00fcssige Haut in der Brust entfernt, das erschlaffte Brustgewebe geformt und wiederhergestellt und die Brustwarze dort platziert, wo sie sein sollte. Wenn die Brust w\u00e4hrend dieser Eingriffe verkleinert werden soll, kann das Brustgewebe entfernt oder eine Brustprothese eingesetzt werden, um Volumen zu schaffen.<\/p>\n<p>Die Schwere des Absackens bestimmt, wie der Schnitt in der Brust sein wird. Bei leichter Erschlaffung der Brust kann das Problem mit einem kreisf\u00f6rmigen Einschnitt von der Brustrunde aus korrigiert werden.<\/p>\n<p>Bei moderater Brusterschlaffung wird zus\u00e4tzlich zum kreisrunden Schnitt im Brustkreis ein weiterer vertikaler Schnitt gesetzt.<\/p>\n<p>Bei starker Erschlaffung der Brust kann es erforderlich sein, zu den ersten beiden Schnitten einen dritten Schnitt an der unteren Brustlinie hinzuzuf\u00fcgen (umgekehrter T-Schnitt). In F\u00e4llen, in denen eine Prothese verwendet wird, wird weniger Haut entfernt und die Schnitte sind k\u00fcrzer, da die Brust volumin\u00f6s ist.[\/vc_column_text]<\/div><div class='dt-sc-tabs-vertical-frame-content'>[vc_column_text css=&#8221;.vc_custom_1664881311441{margin-bottom: 10px !important;}&#8221;]<\/p>\n<h2><strong>Wiederherstellungsprozess der Bruststraffungsoperation<\/strong><\/h2>\n<p>Eines der Probleme, \u00fcber das sich viele Patientinnen wundern, ist der Genesungsprozess nach der Bruststraffung. Sie werden am n\u00e4chsten Morgen aus dem Krankenhaus entlassen, nachdem Sie nach der Operation 1 Nacht im Krankenhaus nachbeobachtet wurden.<\/p>\n<p>Die Bruststraffung ist in der Regel ein sehr schmerzarmer Eingriff. Obwohl es in den ersten 2 Tagen von Person zu Person unterschiedlich ist, kann es zu Schmerzen kommen.<\/p>\n<p>In solchen F\u00e4llen k\u00f6nnen Sie diesen Prozess leicht \u00fcberwinden, indem Sie orale Schmerzmittel verwenden. Es ist m\u00f6glich, 5 Tage nach der Bruststraffung in Ihr normales soziales Leben zur\u00fcckzukehren, vorausgesetzt, Sie achten auf die Beulen.<\/p>\n<p>Bei der Verwendung von Silikon kann es in der ersten Woche zu \u00d6demen kommen, die dann jedoch abzunehmen beginnen.<\/p>\n<p>Nach einer Bruststraffung k\u00f6nnen manchmal Bluterg\u00fcsse um die Brust herum auftreten, aber diese Situation verschwindet innerhalb weniger Wochen von selbst.[\/vc_column_text]<\/div><div class='dt-sc-tabs-vertical-frame-content'>[vc_column_text css=&#8221;.vc_custom_1664881372191{margin-bottom: 10px !important;}&#8221;]<\/p>\n<h2><strong>Vorbereitung auf die Bruststraffung<\/strong><\/h2>\n<p>Nachdem Sie sich f\u00fcr eine Brustoperation entschieden haben, wenden Sie sich am besten an einen plastischen Chirurgen zur Untersuchung. Bei der Untersuchung wird die f\u00fcr Sie am besten geeignete Operation ermittelt. In der Zwischenzeit sollten Sie Ihrem Arzt Ihre W\u00fcnsche und Erwartungen an die Operation klar und deutlich mitteilen.<\/p>\n<p>Vor der Operation werden alle Patientinnen gebeten, sich einer Mammographie und einer Ultraschalluntersuchung zu unterziehen.<\/p>\n<p>Wenn Sie vor der Operation Medikamente eingenommen haben, m\u00fcssen Sie Ihren Arzt dar\u00fcber informieren und die Anweisungen, die er Ihnen geben wird, genau befolgen.<\/p>\n<p>Es ist wichtig, dass Sie sich vor der Operation von Blutverd\u00fcnnern, Nahrungserg\u00e4nzungsmitteln und Nahrungsmitteln fernhalten. Wenn Sie Alkohol und Zigaretten konsumieren, m\u00fcssen Sie au\u00dferdem 15 Tage vorher damit aufh\u00f6ren.[\/vc_column_text]<\/div><div class='dt-sc-tabs-vertical-frame-content'>[vc_column_text css=&#8221;.vc_custom_1664881415835{margin-bottom: 10px !important;}&#8221;]<\/p>\n<h2><strong>K\u00f6nnen Bruststraffung und Brustvergr\u00f6\u00dferung zusammen durchgef\u00fchrt werden?<\/strong><\/h2>\n<p>Wenn nur sehr wenig Brustgewebe vorhanden ist oder die Br\u00fcste gr\u00f6\u00dfer sein sollen als sie sind, k\u00f6nnen Bruststraffung und Brustprothesenoperation kombiniert werden.[\/vc_column_text]<\/div><div class='dt-sc-tabs-vertical-frame-content'>[vc_column_text css=&#8221;.vc_custom_1664881459687{margin-bottom: 10px !important;}&#8221;]<\/p>\n<h2><strong>Verwendung von Schutz-BHs nach einer Bruststraffung<\/strong><\/h2>\n<p>Es wird empfohlen, nach einer Bruststraffung etwa 1 Monat lang einen chirurgischen BH mit Front\u00f6ffnung zu tragen. Das Prinzip der Verwendung dieses BHs ist weniger \u00d6deme und geht schneller vorbei.<\/p>\n<p>Es bietet auch Unterst\u00fctzung f\u00fcr Brustgewebe und N\u00e4hte und verhindert eine \u00fcberm\u00e4\u00dfige Belastung des Brustgewebes. Dank dieser Unterst\u00fctzung sind eine bessere Ausbildung von Operationsnarben und eine erfolgreichere Operation gew\u00e4hrleistet.<\/p>\n<p>Etwa 3 Monate nach der Operation k\u00f6nnen Sie einen BH mit den gew\u00fcnschten Funktionen tragen.[\/vc_column_text]<\/div><\/div><div class='dt-sc-hr-invisible-small '> <\/div>[\/vc_column][\/vc_row]<\/p>\n","protected":false},"excerpt":{"rendered":"<p>[vc_row][vc_column][vc_column_text el_class=&#8221;aligncenter&#8221; css=&#8221;.vc_custom_1664880821460{margin-bottom: 20px !important;}&#8221;] Ptosis der Brust [\/vc_column_text][\/vc_column][\/vc_row]<\/p>\n","protected":false},"author":1,"featured_media":0,"parent":10,"menu_order":0,"comment_status":"closed","ping_status":"closed","template":"","meta":[],"_links":{"self":[{"href":"https:\/\/opdrserdar.com\/de\/wp-json\/wp\/v2\/pages\/10281"}],"collection":[{"href":"https:\/\/opdrserdar.com\/de\/wp-json\/wp\/v2\/pages"}],"about":[{"href":"https:\/\/opdrserdar.com\/de\/wp-json\/wp\/v2\/types\/page"}],"author":[{"embeddable":true,"href":"https:\/\/opdrserdar.com\/de\/wp-json\/wp\/v2\/users\/1"}],"replies":[{"embeddable":true,"href":"https:\/\/opdrserdar.com\/de\/wp-json\/wp\/v2\/comments?post=10281"}],"version-history":[{"count":3,"href":"https:\/\/opdrserdar.com\/de\/wp-json\/wp\/v2\/pages\/10281\/revisions"}],"predecessor-version":[{"id":10539,"href":"https:\/\/opdrserdar.com\/de\/wp-json\/wp\/v2\/pages\/10281\/revisions\/10539"}],"up":[{"embeddable":true,"href":"https:\/\/opdrserdar.com\/de\/wp-json\/wp\/v2\/pages\/10"}],"wp:attachment":[{"href":"https:\/\/opdrserdar.com\/de\/wp-json\/wp\/v2\/media?parent=10281"}],"curies":[{"name":"wp","href":"https:\/\/api.w.org\/{rel}","templated":true}]}}