{"id":10283,"date":"2022-07-07T10:22:23","date_gmt":"2022-07-07T10:22:23","guid":{"rendered":"https:\/\/opdrserdar.com\/de\/?page_id=10283"},"modified":"2022-10-04T11:08:31","modified_gmt":"2022-10-04T11:08:31","slug":"onkoplastik-tedavi","status":"publish","type":"page","link":"https:\/\/opdrserdar.com\/de\/endokrin-sistemi-cerrahisi\/onkoplastik-tedavi\/","title":{"rendered":"Onkoplastische Behandlung"},"content":{"rendered":"<p>[vc_row][vc_column][vc_column_text el_class=&#8221;aligncenter&#8221; css=&#8221;.vc_custom_1664881669571{margin-bottom: 20px !important;}&#8221;]<div class='dt-sc-small-separator '><\/div>\n<h2 class=\"ekit-heading--title elementskit-section-title \"><strong>Onkoplastische Behandlung<\/strong><\/h2>\n<p>[\/vc_column_text]<div class='dt-sc-hr-invisible-small '> <\/div><div class='dt-sc-tabs-vertical-frame-container type2 inherit'><ul class='dt-sc-tabs-vertical-frame'><li><a href='#1451042683126-1-297cc-d0bd'>Allgemeine Information<\/a><\/li><\/ul><div class='dt-sc-tabs-vertical-frame-content'>[vc_column_text css=&#8221;.vc_custom_1664881705533{margin-bottom: 10px !important;}&#8221;]W\u00e4hrend der chirurgischen Behandlung von Brustkrebs zielt die onkoplastische Chirurgie darauf ab, kosmetischere Ergebnisse zu erzielen, indem sie die Prinzipien der plastischen Chirurgie anwendet, ohne die onkologischen Prinzipien zu beeintr\u00e4chtigen. Manchmal bietet sie Vorteile wie den Brustschutz mit onkoplastischen Techniken bei Patientinnen, bei denen eine brusterhaltende Operation nicht m\u00f6glich ist.<\/p>\n<p>W\u00e4hrend die notwendige Operation an der Brust mit Brustkrebs durchgef\u00fchrt wird, kann der notwendige Eingriff an der anderen Brust durchgef\u00fchrt und eine Symmetrie erreicht werden (Beispielsweise wird der Tumor in der krebsartigen Brust einer Patientin mit sehr gro\u00dfen Br\u00fcsten durch Verkleinerung entfernt Die gesunde Brust wird in der gleichen Sitzung ebenfalls verkleinert, was zu einem idealen beidseitigen kosmetischen Ergebnis f\u00fchrt.)<\/p>\n<p>Onkoplastische Techniken sind chirurgische Methoden, die sehr vielf\u00e4ltig sind und unterschiedliche Schwierigkeitsgrade aufweisen.<\/p>\n<p>Eine der einfachsten und am h\u00e4ufigsten angewandten Techniken ist die Technik des Auff\u00fcllens der Stelle, an der der Tumor entfernt wurde, bei einer Patientin, die sich einer brusterhaltenden Operation unterzieht, indem intralandul\u00e4re Lappen aus dem umgebenden Brustgewebe pr\u00e4pariert werden. Somit kann ein Kollaps an der Tumorstelle verhindert und bessere \u00e4sthetische Ergebnisse erzielt werden.<\/p>\n<p>Eine der weltweit am h\u00e4ufigsten angewandten Methoden ist die Mastektomie, bei der die Brusthaut und ggf. deren Spitze gesch\u00fctzt und anstelle von Brustgewebe mit Silikonimplantaten gef\u00fcllt werden (hautschonende Mastektomie + Silikonrekonstruktion). Es ist eine Methode, die vor allem bei genetisch risikobehafteten Patientinnen am h\u00e4ufigsten angewendet wird und nachweislich das Risiko, an Brustkrebs zu erkranken, mit einer Wahrscheinlichkeit von \u00fcber 90 % senkt.[\/vc_column_text]<\/div><\/div><div class='dt-sc-hr-invisible-small '> <\/div>[\/vc_column][\/vc_row]<\/p>\n","protected":false},"excerpt":{"rendered":"<p>[vc_row][vc_column][vc_column_text el_class=&#8221;aligncenter&#8221; css=&#8221;.vc_custom_1664881669571{margin-bottom: 20px !important;}&#8221;] Onkoplastische Behandlung [\/vc_column_text][\/vc_column][\/vc_row]<\/p>\n","protected":false},"author":1,"featured_media":0,"parent":10,"menu_order":0,"comment_status":"closed","ping_status":"closed","template":"","meta":[],"_links":{"self":[{"href":"https:\/\/opdrserdar.com\/de\/wp-json\/wp\/v2\/pages\/10283"}],"collection":[{"href":"https:\/\/opdrserdar.com\/de\/wp-json\/wp\/v2\/pages"}],"about":[{"href":"https:\/\/opdrserdar.com\/de\/wp-json\/wp\/v2\/types\/page"}],"author":[{"embeddable":true,"href":"https:\/\/opdrserdar.com\/de\/wp-json\/wp\/v2\/users\/1"}],"replies":[{"embeddable":true,"href":"https:\/\/opdrserdar.com\/de\/wp-json\/wp\/v2\/comments?post=10283"}],"version-history":[{"count":3,"href":"https:\/\/opdrserdar.com\/de\/wp-json\/wp\/v2\/pages\/10283\/revisions"}],"predecessor-version":[{"id":10541,"href":"https:\/\/opdrserdar.com\/de\/wp-json\/wp\/v2\/pages\/10283\/revisions\/10541"}],"up":[{"embeddable":true,"href":"https:\/\/opdrserdar.com\/de\/wp-json\/wp\/v2\/pages\/10"}],"wp:attachment":[{"href":"https:\/\/opdrserdar.com\/de\/wp-json\/wp\/v2\/media?parent=10283"}],"curies":[{"name":"wp","href":"https:\/\/api.w.org\/{rel}","templated":true}]}}