{"id":10285,"date":"2022-07-07T10:27:35","date_gmt":"2022-07-07T10:27:35","guid":{"rendered":"https:\/\/opdrserdar.com\/de\/?page_id=10285"},"modified":"2022-10-03T16:24:29","modified_gmt":"2022-10-03T16:24:29","slug":"iyi-huylu-meme-hastaliklari","status":"publish","type":"page","link":"https:\/\/opdrserdar.com\/de\/endokrin-sistemi-cerrahisi\/iyi-huylu-meme-hastaliklari\/","title":{"rendered":"Gutartige Brusterkrankungen"},"content":{"rendered":"<p>[vc_row][vc_column][vc_column_text el_class=&#8221;aligncenter&#8221; css=&#8221;.vc_custom_1664812305170{margin-bottom: 20px !important;}&#8221;]<div class='dt-sc-small-separator '><\/div>\n<h2 class=\"ekit-heading--title elementskit-section-title \">Gutartige Brusterkrankungen<\/h2>\n<p>[\/vc_column_text]<div class='dt-sc-hr-invisible-small '> <\/div><div class='dt-sc-tabs-vertical-frame-container type2 inherit'><ul class='dt-sc-tabs-vertical-frame'><li><a href='#1451042683126-1-297cc-d0bd'>Allgemeine Information<\/a><\/li><li><a href='#1657189388058-1-2'>Brustzysten<\/a><\/li><li><a href='#1657189432586-2-9'>Fibroadenom<\/a><\/li><li><a href='#1657189481913-3-9'>Brustinfektionen<\/a><\/li><li><a href='#1657189526453-4-4'>Duktale Ektasie<\/a><\/li><li><a href='#1657189550933-5-10'>Intraduktales Papillom<\/a><\/li><li><a href='#1657189592199-6-5'>Fette Nekrose<\/a><\/li><li><a href='#1657189619073-7-8'>Phyllodes-Tumor (Cystosarcoma phyllodes)<\/a><\/li><\/ul><div class='dt-sc-tabs-vertical-frame-content'>[vc_column_text css=&#8221;.vc_custom_1664812585520{margin-bottom: 10px !important;}&#8221;]Brustkrebs, eine gef\u00fcrchtete Krankheit, ist ein aktuelles Thema, das immer wieder Aufmerksamkeit erregt. Die Inzidenz gutartiger Erkrankungen der Brust ist jedoch h\u00f6her als bei Brustkrebs.<\/p>\n<p>Einige der Anzeichen und Symptome von Brustkrebs und gutartigen Erkrankungen der Brust sind h\u00e4ufig. Daher ist bei der Differentialdiagnose Vorsicht geboten.<\/p>\n<ul>\n<li>Brustzysten<\/li>\n<li>Fibroadenom<\/li>\n<li>Brustinfektionen<\/li>\n<li>Duktale Ektasie<\/li>\n<li>Intraduktales Papillom<\/li>\n<li>Fettnekrose<\/li>\n<li>Phyllodes-Tumor (Cystosarcoma phyllodes)<\/li>\n<\/ul>\n<p>[\/vc_column_text]<\/div><div class='dt-sc-tabs-vertical-frame-content'>[vc_column_text css=&#8221;.vc_custom_1664812694191{margin-bottom: 10px !important;}&#8221;]<\/p>\n<h2><strong>Brustzysten<\/strong><\/h2>\n<ul>\n<li>Es ist das h\u00e4ufigste Problem in der Brust.<\/li>\n<li>Es ist h\u00e4ufiger bei Frauen im Alter zwischen 30 und der Menopause.<\/li>\n<li>Es kann eine einzelne Zyste sein oder aus vielen gro\u00dfen und kleinen Zysten im Brustgewebe bestehen.<\/li>\n<li>Sie befindet sich meist im oberen \u00e4u\u00dferen Quadranten der Brust, kann aber das gesamte Brustgewebe betreffen und Beschwerden in beiden Br\u00fcsten gleichzeitig verursachen.<\/li>\n<li>Brustzysten k\u00f6nnen von Brustschmerzen begleitet sein.<\/li>\n<li>Es erfordert normalerweise keine Behandlung, es kann \u00fcberwacht werden.<\/li>\n<li>Gro\u00dfe Zysten, die den Patienten st\u00f6ren, k\u00f6nnen selten mit einer Nadel entleert werden, dies ist jedoch kein Eingriff mit Dauerwirkung; wiederholen kann.<\/li>\n<\/ul>\n<p>[\/vc_column_text]<\/div><div class='dt-sc-tabs-vertical-frame-content'>[vc_column_text css=&#8221;.vc_custom_1664812795942{margin-bottom: 10px !important;}&#8221;]<\/p>\n<h2><strong>Fibroadenom<\/strong><\/h2>\n<ul>\n<li>Es ist die h\u00e4ufigste Erkrankung der Brust nach Brustzysten.<\/li>\n<li>Es ist kein Krebs und wird fast nie zu Krebs.<\/li>\n<li>Es ist h\u00e4ufiger w\u00e4hrend der Adoleszenz und bei jungen Frauen.<\/li>\n<li>Es k\u00f6nnen mehrere Fibroadenome in derselben Brust oder in beiden<\/li>\n<li>Br\u00fcsten gleichzeitig vorhanden sein.<\/li>\n<li>Bei der Untersuchung wird es als glatte, bewegliche, feste Masse mit glatten R\u00e4ndern palpiert.<\/li>\n<li>Normalerweise 2-3cm. sie sind breit; In seltenen F\u00e4llen kann es sehr gro\u00dfe Durchmesser erreichen und eine Asymmetrie in der Brust verursachen.<\/li>\n<li>Wenn das Vorhandensein der Masse den Patienten st\u00f6rt, kann sie entfernt werden. Es besteht jedoch keine medizinische Notwendigkeit f\u00fcr ihre Entfernung; sie k\u00f6nnen verfolgt werden.<\/li>\n<\/ul>\n<p>[\/vc_column_text]<\/div><div class='dt-sc-tabs-vertical-frame-content'>[vc_column_text css=&#8221;.vc_custom_1664813033460{margin-bottom: 10px !important;}&#8221;]<\/p>\n<h2><strong>Brustinfektionen<\/strong><\/h2>\n<ul>\n<li>Sie sind mikrobielle Infektionen des Brustgewebes.<\/li>\n<li>Es tritt haupts\u00e4chlich aufgrund von Rissen in der Brustwarze w\u00e4hrend des Stillens (Laktation) auf.<\/li>\n<li>Es gibt Anzeichen einer Infektion in der Brust, wie Steifheit, R\u00f6tung, Schmerzen und erh\u00f6hte Hauttemperatur.<\/li>\n<li>Wenn noch kein Abszess vorhanden ist, nur Anzeichen einer Infektion, kann eine Antibiotikabehandlung angewendet werden.<\/li>\n<li>Wenn sich der Abszess entwickelt hat, muss er drainiert (entleert) werden. Dieses Verfahren kann in einigen F\u00e4llen mit einer Nadel durchgef\u00fchrt werden, und manchmal kann es eine offene chirurgische Drainage erfordern. In jedem Fall sollte die Antibiotikatherapie \u00fcber einen l\u00e4ngeren Zeitraum fortgesetzt werden.<\/li>\n<\/ul>\n<p>[\/vc_column_text]<\/div><div class='dt-sc-tabs-vertical-frame-content'>[vc_column_text css=&#8221;.vc_custom_1664813138779{margin-bottom: 10px !important;}&#8221;]<\/p>\n<h2><strong>Duktale Ektasie<\/strong><\/h2>\n<ul>\n<li>Es ist die Erweiterung der Milchg\u00e4nge unter der Brustwarze.<\/li>\n<li>Es kann einen hellen, fl\u00fcssigkeits\u00e4hnlichen Ausfluss aus der Brustwarze verursachen.<\/li>\n<li>Bei der Untersuchung kann eine feste Masse unter der Brustwarze tastbar sein.<\/li>\n<li>Eine Behandlung ist in der Regel nicht erforderlich. In seltenen F\u00e4llen muss dieser Bereich zur Behandlung entfernt werden.<\/li>\n<\/ul>\n<p>[\/vc_column_text]<\/div><div class='dt-sc-tabs-vertical-frame-content'>[vc_column_text css=&#8221;.vc_custom_1664813197037{margin-bottom: 10px !important;}&#8221;]<\/p>\n<h2><strong>Intraduktales Papillom<\/strong><\/h2>\n<ul>\n<li>Sie sind gutartige Tumore, die sich in den Milchg\u00e4ngen hinter der Brustwarze bilden.<\/li>\n<li>Es wird oft bei Frauen mittleren Alters gesehen.<\/li>\n<li>Kann Brustwarzenausfluss verursachen.<\/li>\n<li>Der Ausfluss kann sehr unterschiedlich sein (gelb, dunkelgr\u00fcn oder braun gef\u00e4rbt oder tr\u00fcb oder blutig).<\/li>\n<li>Bei Bedarf wird es zusammen mit dem Milchgang, in dem es sich befindet, chirurgisch entfernt.<\/li>\n<\/ul>\n<p>[\/vc_column_text]<\/div><div class='dt-sc-tabs-vertical-frame-content'>[vc_column_text css=&#8221;.vc_custom_1664814187975{margin-bottom: 10px !important;}&#8221;]<\/p>\n<h2><strong>Fette Nekrose<\/strong><\/h2>\n<ul>\n<li>Es ist eine gutartige Brusterkrankung, deren klinische Untersuchung und mammographische Befunde Brustkrebs am \u00e4hnlichsten sind.<\/li>\n<li>Es tritt haupts\u00e4chlich bei \u00e4lteren Frauen und Br\u00fcsten auf, die reich an Fettgewebe sind.<\/li>\n<li>Ursachen wie Traumata und Infektionen k\u00f6nnen eine Fettnekrose verursachen.<\/li>\n<li>Es kann als harte Masse mit unklaren Grenzen betrachtet werden. Kann Reizungen der Brusthaut verursachen.<\/li>\n<li>In der Mammographie sind Mikroverkalkungen zu sehen.<\/li>\n<li>Es ist eine gutartige Brusterkrankung, deren klinische Untersuchung und mammographische Befunde Brustkrebs am \u00e4hnlichsten sind.<\/li>\n<\/ul>\n<p>[\/vc_column_text]<\/div><div class='dt-sc-tabs-vertical-frame-content'>[vc_column_text css=&#8221;.vc_custom_1664814254100{margin-bottom: 10px !important;}&#8221;]<\/p>\n<h2><strong>Phyllodes-Tumor (Cystosarcoma phyllodes)<\/strong><\/h2>\n<ul>\n<li>Die Mehrzahl (z. B. Fibroadenome) sind gutartige Tumore.<\/li>\n<li>Es kann sehr schnell wachsen, ist aber oft gutartig.<\/li>\n<li>Es gibt auch seltene b\u00f6sartige Formen.<\/li>\n<li>Bei der Untersuchung wird es als feste und bewegliche Masse palpiert.<\/li>\n<li>F\u00fcr die Behandlung reicht es aus, eine kleine Menge normalen Brustgewebes aus der Umgebung der gutartigen zu entfernen.<\/li>\n<\/ul>\n<p>[\/vc_column_text]<\/div><\/div><div class='dt-sc-hr-invisible-small '> <\/div>[\/vc_column][\/vc_row]<\/p>\n","protected":false},"excerpt":{"rendered":"<p>[vc_row][vc_column][vc_column_text el_class=&#8221;aligncenter&#8221; css=&#8221;.vc_custom_1664812305170{margin-bottom: 20px !important;}&#8221;] Gutartige Brusterkrankungen [\/vc_column_text][\/vc_column][\/vc_row]<\/p>\n","protected":false},"author":1,"featured_media":0,"parent":10,"menu_order":0,"comment_status":"closed","ping_status":"closed","template":"","meta":[],"_links":{"self":[{"href":"https:\/\/opdrserdar.com\/de\/wp-json\/wp\/v2\/pages\/10285"}],"collection":[{"href":"https:\/\/opdrserdar.com\/de\/wp-json\/wp\/v2\/pages"}],"about":[{"href":"https:\/\/opdrserdar.com\/de\/wp-json\/wp\/v2\/types\/page"}],"author":[{"embeddable":true,"href":"https:\/\/opdrserdar.com\/de\/wp-json\/wp\/v2\/users\/1"}],"replies":[{"embeddable":true,"href":"https:\/\/opdrserdar.com\/de\/wp-json\/wp\/v2\/comments?post=10285"}],"version-history":[{"count":3,"href":"https:\/\/opdrserdar.com\/de\/wp-json\/wp\/v2\/pages\/10285\/revisions"}],"predecessor-version":[{"id":10532,"href":"https:\/\/opdrserdar.com\/de\/wp-json\/wp\/v2\/pages\/10285\/revisions\/10532"}],"up":[{"embeddable":true,"href":"https:\/\/opdrserdar.com\/de\/wp-json\/wp\/v2\/pages\/10"}],"wp:attachment":[{"href":"https:\/\/opdrserdar.com\/de\/wp-json\/wp\/v2\/media?parent=10285"}],"curies":[{"name":"wp","href":"https:\/\/api.w.org\/{rel}","templated":true}]}}