{"id":10474,"date":"2022-09-12T11:12:45","date_gmt":"2022-09-12T11:12:45","guid":{"rendered":"https:\/\/opdrserdar.com\/de\/?page_id=10474"},"modified":"2022-10-06T11:42:49","modified_gmt":"2022-10-06T11:42:49","slug":"dhi-sac-ekimi-izmir","status":"publish","type":"page","link":"https:\/\/opdrserdar.com\/de\/sac-ekimi-ve-tedavileri-izmir\/dhi-sac-ekimi-izmir\/","title":{"rendered":"DHI-Haartransplantation"},"content":{"rendered":"<p>[vc_row][vc_column][vc_column_text el_class=&#8221;aligncenter&#8221; css=&#8221;.vc_custom_1665056109233{margin-bottom: 20px !important;}&#8221;]<div class='dt-sc-small-separator '><\/div>\n<h2 class=\"ekit-heading--title elementskit-section-title \">DHI-Haartransplantation<\/h2>\n<p>[\/vc_column_text]<div class='dt-sc-hr-invisible-small '> <\/div><div class='dt-sc-tabs-vertical-frame-container type2 inherit'><ul class='dt-sc-tabs-vertical-frame'><li><a href='#1451042683126-1-297cc-d0bd'>Was ist eine DHI-Haartransplantation?<\/a><\/li><li><a href='#1451042704680-2-497cc-d0bd'>Wie Wird die DHI-Haartransplantation Durchgef\u00fchrt?<\/a><\/li><li><a href='#1654766625029-4-5'>Anwendung der DHI-Haartransplantationstechnik<\/a><\/li><li><a href='#1654766958502-5-3'>Wichtige Informationen f\u00fcr Diejenigen, die sich einer DHI-Haartransplantation Unterziehen<\/a><\/li><\/ul><div class='dt-sc-tabs-vertical-frame-content'>[vc_column_text css=&#8221;.vc_custom_1665056147547{margin-bottom: 10px !important;}&#8221;]<\/p>\n<h2><strong>Was ist eine DHI-Haartransplantation?<\/strong><\/h2>\n<p>DHI (Direct Hair Implantation-Direct Hair Transplantation) Die Haartransplantationsmethode ist die Platzierung von einzeln gesammelten Haarfollikeln im Transplantationsbereich mit Implantierstiften.<\/p>\n<p>Bei der DHI-Haartransplantation werden die mit chirurgischen Stiften entnommenen Transplantate mit einer Dicke zwischen 0,6 mm und 1 mm getrennt und gereinigt und dann direkt auf die Kopfhaut \u00fcbertragen, ohne Kan\u00e4le zu \u00f6ffnen. Die DHI-Haartransplantation wird als direkte Haartransplantation bezeichnet, da sie mit Implantierstiften in einem Durchgang durchgef\u00fchrt wird.<\/p>\n<p>DHI-Haartransplantationsoperationen, die mit separaten Implantationsstiften durchgef\u00fchrt werden, die f\u00fcr die Transplantatdicke geeignet sind, erfordern die intensive Aufmerksamkeit und Anstrengung eines erfahrenen Chirurgen. Dar\u00fcber hinaus wird die DHI-Haartransplantation aufgrund der Kosten f\u00fcr den Austausch dieser bei der Haartransplantation verwendeten medizinischen Ger\u00e4te zu einem h\u00f6heren Preis als andere Techniken durchgef\u00fchrt.<\/p>\n<p>Die DHI-Haartransplantationsmethode, die in letzter Zeit auf gro\u00dfes Interesse gesto\u00dfen ist, ist eine der Untertitelanwendungen der FUE-Technik.[\/vc_column_text]<\/div><div class='dt-sc-tabs-vertical-frame-content'>[vc_column_text css=&#8221;.vc_custom_1665056189612{margin-bottom: 10px !important;}&#8221;]<\/p>\n<h2><strong>Wie wird die DHI-Haartransplantation durchgef\u00fchrt?<\/strong><\/h2>\n<p>Bei der DHI-Haartransplantation sollten die einzeln gesammelten Haarfollikel entsprechend ihrer Dicke einzeln in das automatische Implantationsger\u00e4t eingebracht und von erfahrenen Teams platziert werden, ohne sie zu besch\u00e4digen. Diese Methode wirkt sich nicht positiv auf den Lebenszyklus der Haarfollikel aus. Der Pluspunkt, der als Vorteil angesehen werden kann, besteht darin, dass in F\u00e4llen, in denen die \u00d6ffnung der Person niedrig ist, die Wurzeln unrasiert genommen werden k\u00f6nnen, wiederum mit der Nullzahl der Rasur des Halses, und der Scheitel oder die vordere Schl\u00e4fen\u00f6ffnung sein kann einfach auf die obere \u00d6ffnung auftragen.<\/p>\n<p>Die Person wird in der Lage sein, in 4-5 Tagen mit der Arbeit zu beginnen und Verbesserungen zu zeigen. Es ist absolut notwendig, die Personen zu informieren, die das Limit von maximal 2500 Transplantaten in 7-8 Stunden in einer einzigen Sitzung anwenden.Als separater Punkt erh\u00f6hen die Kosten f\u00fcr Implantationsger\u00e4te und die Operation, die mehr Zeit in Anspruch nimmt, den Preis von DHI Haartransplantation.[\/vc_column_text]<\/div><div class='dt-sc-tabs-vertical-frame-content'>[vc_column_text]<\/p>\n<h2><strong>Anwendung der DHI-Haartransplantationstechnik<\/strong><\/h2>\n<ul>\n<li>Bei der DHI-Haartransplantation werden Haarfollikel im Spenderbereich einzeln mit Hilfe eines Mikromotors oder durch manuelle Transplantation entnommen.<\/li>\n<li>Haarfollikel, die bei der DHI-Haartransplantation transplantiert werden sollen, werden separat gruppiert, da sie ein St\u00fcck Gewebe und Haarfollikel enthalten.Die Dicke des DHI-Stifts muss entsprechend ausgew\u00e4hlt werden.<\/li>\n<li>Die bei der DHI-Haartransplantation gesammelten Haarfollikel werden einzeln in den Implantatstift eingesetzt.<\/li>\n<li>Bei der DHI-Haartransplantation werden Implantatstiftspitzen in geeigneten Gr\u00f6\u00dfen f\u00fcr den Haarfollikel und die Dickenstruktur der Person verwendet.<\/li>\n<li>Bei der DHI-Haartransplantation wird beim Platzieren der Haarfollikel kein Einschnitt vorgenommen, mit der Stiftspitze werden runde Schlitze erzeugt, indem sie mit einer einzigen Bewegung unter die Haut eingef\u00fchrt werden, und die Transplantate werden in diesen Bereichen mit einer automatischen Bewegung platziert. Durch die Beachtung der Richtungen und Winkel ist der Pflanzvorgang schnell erledigt.<\/li>\n<li>Da bei der DHI-Haartransplantation eine direkte Haartransplantation ohne Kanal\u00f6ffnung durchgef\u00fchrt wird, tritt die Kopfhaut in einen schnellen Heilungsprozess ein.<\/li>\n<li>Wir sagten, dass DHI-Haartransplantation der Untertitel der FUE-Technik ist, die Unterschiede in diesem Prozess k\u00f6nnen wie folgt erkl\u00e4rt werden:<\/li>\n<li>Bei der DHI-Haartransplantation werden mit Hilfe von Mikromotoren, wie bei der FUE-Haartransplantationstechnik, Haarfollikel aus dem Bart, selten aus dem Nacken, entnommen und an die Stellen verpflanzt, an denen das Haar ausf\u00e4llt und ausged\u00fcnnt wird. Die folgenden Unterschiede der DHI-Haartransplantationstechnik beginnen nach diesem Punkt:<\/li>\n<li>Einer der wichtigsten Unterschiede der DHI-Haartransplantationsmethode besteht darin, dass sie eine Haartransplantation ohne Rasur der Haare erm\u00f6glicht. Eine unrasierte Haartransplantation wird auch bei der FUE-Methode durchgef\u00fchrt: Der Haartransplantationsbereich wird nicht rasiert, aber der Bereich, in dem die Haarfollikel entnommen werden, wird rasiert.<\/li>\n<li>Die DHI-Haartransplantation dauert l\u00e4nger als die FUE-Technik. Beispielsweise kann eine FUE-Haartransplantation mit 3.000 Transplantaten in durchschnittlich 8 Stunden abgeschlossen werden, w\u00e4hrend dieser Vorgang bei einer DHI-Haartransplantation in 2 Tagen mit 8 Stunden Trennung pro Tag abgeschlossen werden kann.<\/li>\n<li>Da die Haarfollikel innerhalb von 1-2 Minuten nach der Entnahme aus dem Spenderbereich bei der DHI-Haartransplantation transplantiert werden, ist es nicht m\u00f6glich, dass die Haarfollikel au\u00dferhalb des K\u00f6rpers warten. Dies minimiert die M\u00f6glichkeit einer Sch\u00e4digung der Haarfollikel. Es gibt jedoch eine gro\u00dfe Anzahl von Menschen, die diese Technik anwenden, indem sie alle Transplantate aus dem Nacken in einer bestimmten Anzahl entnehmen und sie dann in den DHI-Stift legen.<\/li>\n<li>Bei der DHI-Haartransplantation k\u00f6nnen die Haare in Bereichen, in denen das Haar nicht vollst\u00e4ndig ausf\u00e4llt, leichter zwischen die Haare transplantiert werden.<\/li>\n<li>Bei der DHI-Haartransplantation kann eine intensivere Haartransplantation durchgef\u00fchrt werden, insbesondere bei der Haartransplantation in engen Bereichen.<\/li>\n<li>Dank der Struktur mit feiner Spitze des Implantatstifts, der bei der DHI-Haartransplantation verwendet wird, kann die Haartransplantation h\u00e4ufiger durchgef\u00fchrt werden.<\/li>\n<li>Bei der DHI-Haartransplantation mit Implanter werden Winkel und Richtung einfacher, die Winkel der transplantierten Haarfollikel k\u00f6nnen leicht bestimmt werden.<\/li>\n<li>Bei der DHI-Haartransplantation, bei der mit dem Implantierer L\u00f6cher in der Breite des Haarfollikels ge\u00f6ffnet werden, wird die Operation mit dem geringsten Schaden abgeschlossen.<\/li>\n<li>Nach der DHI-Haartransplantation durchl\u00e4uft die Kopfhaut einen schnellen Erholungsprozess.<\/li>\n<li>Die DHI-Haartransplantation ist eine Haartransplantation, die l\u00e4nger dauert als andere Haartransplantationstechniken. Es gibt einen Prozess, der sowohl vom Patienten als auch vom Chirurgen mehr Geduld und Aufmerksamkeit erfordert.<\/li>\n<li>Die hohen Kosten der bei der DHI-Haartransplantationstechnik verwendeten Implantatstifte und die l\u00e4ngere Dauer der Operation machen die<\/li>\n<li>DHI-Haartransplantation zu einer teureren Alternative.<\/li>\n<li>Da sich die \u00d6ffnung der Kan\u00e4le bei der DHI-Haartransplantation von der klassischen FUE unterscheidet, ist es wichtig, dass sie von einem erfahrenen und qualifizierten Arzt angewendet wird.<\/li>\n<li>Bei der DHI-Haartransplantationsmethode wird jede Wurzel transplantiert, ohne nach der Entnahme zu warten.Einige Praktiker f\u00fchren die DHI-Methode durch, indem sie die Wurzeln sammeln und sie dann in Implantationsstifte legen, was eine negative Situation darstellt, die die Wartezeit der Transplantate verl\u00e4ngert .<\/li>\n<\/ul>\n<p>[\/vc_column_text]<\/div><div class='dt-sc-tabs-vertical-frame-content'>[vc_column_text]<\/p>\n<h2><strong>Wichtige Informationen f\u00fcr diejenigen, die sich einer DHI-Haartransplantation unterziehen<\/strong><\/h2>\n<p>Bei all diesen Details sollte auf wichtige Punkte besonders geachtet werden. Es ist ein schwieriger und langwieriger Prozess, die aus dem Nacken entnommenen Wurzeln im gleichen Winkel und in der gleichen Richtung wie die zuvor gepflanzten Wurzeln zu platzieren. Wie bei der FUE-Technik hat die DHI-Haartransplantation eine hohe Wahrscheinlichkeit f\u00fcr Erfolg und Misserfolg der Haarfollikel, wenn sie nicht sehr sorgf\u00e4ltig von einem Arzt mit den erforderlichen Kompetenzen durchgef\u00fchrt wird.[\/vc_column_text]<\/div><\/div><div class='dt-sc-hr-invisible-small '> <\/div>[\/vc_column][\/vc_row]<\/p>\n","protected":false},"excerpt":{"rendered":"<p>[vc_row][vc_column][vc_column_text el_class=&#8221;aligncenter&#8221; css=&#8221;.vc_custom_1665056109233{margin-bottom: 20px !important;}&#8221;] DHI-Haartransplantation [\/vc_column_text][\/vc_column][\/vc_row]<\/p>\n","protected":false},"author":1,"featured_media":0,"parent":10479,"menu_order":0,"comment_status":"closed","ping_status":"closed","template":"","meta":[],"_links":{"self":[{"href":"https:\/\/opdrserdar.com\/de\/wp-json\/wp\/v2\/pages\/10474"}],"collection":[{"href":"https:\/\/opdrserdar.com\/de\/wp-json\/wp\/v2\/pages"}],"about":[{"href":"https:\/\/opdrserdar.com\/de\/wp-json\/wp\/v2\/types\/page"}],"author":[{"embeddable":true,"href":"https:\/\/opdrserdar.com\/de\/wp-json\/wp\/v2\/users\/1"}],"replies":[{"embeddable":true,"href":"https:\/\/opdrserdar.com\/de\/wp-json\/wp\/v2\/comments?post=10474"}],"version-history":[{"count":5,"href":"https:\/\/opdrserdar.com\/de\/wp-json\/wp\/v2\/pages\/10474\/revisions"}],"predecessor-version":[{"id":10593,"href":"https:\/\/opdrserdar.com\/de\/wp-json\/wp\/v2\/pages\/10474\/revisions\/10593"}],"up":[{"embeddable":true,"href":"https:\/\/opdrserdar.com\/de\/wp-json\/wp\/v2\/pages\/10479"}],"wp:attachment":[{"href":"https:\/\/opdrserdar.com\/de\/wp-json\/wp\/v2\/media?parent=10474"}],"curies":[{"name":"wp","href":"https:\/\/api.w.org\/{rel}","templated":true}]}}