{"id":10479,"date":"2022-09-12T11:30:00","date_gmt":"2022-09-12T11:30:00","guid":{"rendered":"https:\/\/opdrserdar.com\/de\/?page_id=10479"},"modified":"2022-10-06T14:03:20","modified_gmt":"2022-10-06T14:03:20","slug":"sac-ekimi-ve-tedavileri-izmir","status":"publish","type":"page","link":"https:\/\/opdrserdar.com\/de\/sac-ekimi-ve-tedavileri-izmir\/","title":{"rendered":"Haartransplantation und Behandlungen"},"content":{"rendered":"<p>[vc_row][vc_column][vc_column_text el_class=&#8221;aligncenter&#8221;]<div class='dt-sc-small-separator '><\/div>\n<h2>Haartransplantation und Behandlungen<\/h2>\n<div class='dt-sc-clear '> <\/div>[\/vc_column_text][vc_empty_space height=&#8221;25px&#8221;][\/vc_column][vc_column width=&#8221;1\/3&#8243;]<div class='dt-sc-single-hexagon '><div class='dt-sc-single-hexagon-overlay'><span class='https:\/\/opdrserdar.com\/de\/anal-bolge-cerrahisi\/'> <\/span><h4>DHI-Haartransplantation<\/h4>Die DHI-Haartransplantationsmethode ist die Platzierung einzeln gesammelter Haarfollikel im Transplantationsbereich mit Implantierstiften.<a href=\"https:\/\/opdrserdar.com\/de\/sac-ekimi-ve-tedavileri-izmir\/dhi-sac-ekimi-izmir\/\">(GEHE ZU SEITE)<\/a><\/div><\/div>[\/vc_column][vc_column width=&#8221;1\/3&#8243;]<div class='dt-sc-single-hexagon '><div class='dt-sc-single-hexagon-overlay'><span class=''> <\/span><h4>Mikro-Fue-Haartransplantation<\/h4>Die erste Technik, die bei der Haartransplantation verwendet wurde, war die so genannte FUT-Technik. Bei der FUT-Methode werden jedoch Transplantate aus dem Spenderbereich verwendet<a href=\"https:\/\/opdrserdar.com\/de\/sac-ekimi-ve-tedavileri-izmir\/micro-fue-sac-ekimi\/\">(GEHE ZU SEITE)<\/a><\/div><\/div>[\/vc_column][vc_column width=&#8221;1\/3&#8243;]<div class='dt-sc-single-hexagon '><div class='dt-sc-single-hexagon-overlay'><span class=''> <\/span><h4>Saphir-Fue-Haartransplantation<\/h4>Die technologischen Fortschritte, die sich in den letzten Jahren weltweit entwickelt haben, zeigen sich heute in jedem Aspekt unseres Lebens. (<a href=\"https:\/\/opdrserdar.com\/de\/sac-ekimi-ve-tedavileri-izmir\/safir-fue-sac-ekimi\/\">GEHE ZU SEITE<\/a>)<\/div><\/div>[\/vc_column][\/vc_row][vc_row][vc_column width=&#8221;1\/2&#8243; el_class=&#8221;float-right&#8221; css=&#8221;.vc_custom_1463980246711{margin-top: -36px !important;padding-right: 38px !important;}&#8221; offset=&#8221;vc_hidden-md vc_hidden-sm&#8221;]<div class='dt-sc-single-hexagon '><div class='dt-sc-single-hexagon-overlay'><span class=''> <\/span><h4>Unrasierte Haartransplantation<\/h4>Viele Menschen, die Probleme mit Haarausfall haben und eine Haartransplantation in Betracht ziehen, sollten sich vor der Operation die Haare schneiden lassen.\u00a0<a href=\"https:\/\/opdrserdar.com\/de\/sac-ekimi-ve-tedavileri-izmir\/trassiz-sac-ekimi-izmir\/\"> (GEHE ZU SEITE)<\/a><\/div><\/div>[\/vc_column][vc_column width=&#8221;1\/2&#8243; el_class=&#8221;float-left&#8221; css=&#8221;.vc_custom_1463980265226{margin-top: -36px !important;padding-left: 38px !important;}&#8221; offset=&#8221;vc_hidden-md vc_hidden-sm&#8221;]<div class='dt-sc-single-hexagon '><div class='dt-sc-single-hexagon-overlay'><span class=''> <\/span><h4>Haar-Mesotherapie<\/h4>Die Haarmesotherapie, die zu den Behandlungen gegen Haarausfall geh\u00f6rt, versorgt die Haarfollikel intensiv mit den Vitaminen, Mineralien und Aminos\u00e4uren, die sie ben\u00f6tigen<a href=\"https:\/\/opdrserdar.com\/de\/sac-ekimi-ve-tedavileri-izmir\/sac-mezoterapisi-izmir\/\"> (GEHE ZU SEITE)<\/a><\/div><\/div>[\/vc_column][\/vc_row][vc_row][vc_column][vc_empty_space][\/vc_column][\/vc_row]<\/p>\n","protected":false},"excerpt":{"rendered":"<p>[vc_row][vc_column][vc_column_text el_class=&#8221;aligncenter&#8221;] Haartransplantation und Behandlungen [\/vc_column_text][vc_empty_space height=&#8221;25px&#8221;][\/vc_column][vc_column width=&#8221;1\/3&#8243;][\/vc_column][vc_column width=&#8221;1\/3&#8243;][\/vc_column][vc_column width=&#8221;1\/3&#8243;][\/vc_column][\/vc_row][vc_row][vc_column width=&#8221;1\/2&#8243; el_class=&#8221;float-right&#8221; css=&#8221;.vc_custom_1463980246711{margin-top: -36px !important;padding-right: 38px !important;}&#8221; offset=&#8221;vc_hidden-md vc_hidden-sm&#8221;][\/vc_column][vc_column width=&#8221;1\/2&#8243; el_class=&#8221;float-left&#8221; css=&#8221;.vc_custom_1463980265226{margin-top: -36px !important;padding-left: 38px !important;}&#8221; offset=&#8221;vc_hidden-md vc_hidden-sm&#8221;][\/vc_column][\/vc_row][vc_row][vc_column][vc_empty_space][\/vc_column][\/vc_row]<\/p>\n","protected":false},"author":1,"featured_media":0,"parent":0,"menu_order":0,"comment_status":"closed","ping_status":"closed","template":"","meta":[],"_links":{"self":[{"href":"https:\/\/opdrserdar.com\/de\/wp-json\/wp\/v2\/pages\/10479"}],"collection":[{"href":"https:\/\/opdrserdar.com\/de\/wp-json\/wp\/v2\/pages"}],"about":[{"href":"https:\/\/opdrserdar.com\/de\/wp-json\/wp\/v2\/types\/page"}],"author":[{"embeddable":true,"href":"https:\/\/opdrserdar.com\/de\/wp-json\/wp\/v2\/users\/1"}],"replies":[{"embeddable":true,"href":"https:\/\/opdrserdar.com\/de\/wp-json\/wp\/v2\/comments?post=10479"}],"version-history":[{"count":6,"href":"https:\/\/opdrserdar.com\/de\/wp-json\/wp\/v2\/pages\/10479\/revisions"}],"predecessor-version":[{"id":10606,"href":"https:\/\/opdrserdar.com\/de\/wp-json\/wp\/v2\/pages\/10479\/revisions\/10606"}],"wp:attachment":[{"href":"https:\/\/opdrserdar.com\/de\/wp-json\/wp\/v2\/media?parent=10479"}],"curies":[{"name":"wp","href":"https:\/\/api.w.org\/{rel}","templated":true}]}}