{"id":10481,"date":"2022-09-12T11:43:17","date_gmt":"2022-09-12T11:43:17","guid":{"rendered":"https:\/\/opdrserdar.com\/de\/?page_id=10481"},"modified":"2022-10-04T12:54:01","modified_gmt":"2022-10-04T12:54:01","slug":"micro-fue-sac-ekimi","status":"publish","type":"page","link":"https:\/\/opdrserdar.com\/de\/sac-ekimi-ve-tedavileri-izmir\/micro-fue-sac-ekimi\/","title":{"rendered":"Mikro-Fue-Haartransplantation"},"content":{"rendered":"<p>[vc_row][vc_column][vc_column_text el_class=&#8221;aligncenter&#8221; css=&#8221;.vc_custom_1664887926520{margin-bottom: 20px !important;}&#8221;]<div class='dt-sc-small-separator '><\/div>\n<h2 class=\"ekit-heading--title elementskit-section-title \">Mikro-Fue-Haartransplantation<\/h2>\n<p>[\/vc_column_text]<div class='dt-sc-hr-invisible-small '> <\/div><div class='dt-sc-tabs-vertical-frame-container type2 inherit'><ul class='dt-sc-tabs-vertical-frame'><li><a href='#1451042683126-1-297cc-d0bd'>Was ist eine Mikro-Fue-Haartransplantation?<\/a><\/li><li><a href='#1654766958502-5-3'>Wichtige Informationen f\u00fcr diejenigen, die sich einer Mikro-Fue-Haartransplantation Unterziehen<\/a><\/li><\/ul><div class='dt-sc-tabs-vertical-frame-content'>[vc_column_text css=&#8221;.vc_custom_1664887973608{margin-bottom: 10px !important;}&#8221;]<\/p>\n<h2><strong>Was ist eine Mikro-Fue-Haartransplantation?<\/strong><\/h2>\n<p>Die erste Technik, die bei der Haartransplantation verwendet wurde, war die so genannte FUT-Technik. Da die Methode der Entnahme von Transplantaten aus dem Spenderbereich bei der FUT-Methode jedoch ein schmerzhafter und schwieriger Prozess ist, k\u00f6nnten viele Menschen die Idee der Haartransplantation trotz ihres Wunsches auf Eis legen. Die sp\u00e4ter entwickelte Fue-Haartransplantationstechnik \u00e4nderte diese Wahrnehmung jedoch vollst\u00e4ndig. Bei dieser viel einfacheren und komfortableren Technik der Entnahme der Grafts (Haarfollikel) werden die Haarfollikel einzeln ohne Einschnitt oder Naht entnommen und homogen auf die kahle Stelle \u00fcbertragen. Die Fue-Methode, die sehr einfach anzuwenden ist und eine sehr kurze Erholungszeit hat, wird von Menschen bevorzugt, die eine Haartransplantation in Betracht ziehen.<\/p>\n<p>Nat\u00fcrlich wurde im Laufe der Zeit die Fue-Haartransplantationstechnik weiterentwickelt und die standardm\u00e4\u00dfigen (0,8 &#8211; 1 mm) breiten Spitzen wurden durch Mikrospitzen (0,5 &#8211; 0,6 &#8211; 0,7 &#8211; 0,8) im Durchmesser ersetzt. Dank der entwickelten Mikrospitzen k\u00f6nnen h\u00e4ufigere Haartransplantationen durchgef\u00fchrt werden. Mit diesen im Durchmesser schmaleren Spitzen ist die Genesungszeit viel k\u00fcrzer, da die Mikrotransplantate ohne unn\u00f6tiges Hautgewebe entnommen werden.[\/vc_column_text]<\/div><div class='dt-sc-tabs-vertical-frame-content'>[vc_column_text]<\/p>\n<h2><strong>Wichtige Informationen f\u00fcr Patienten, die eine Haartransplantation in Erw\u00e4gung ziehen<\/strong><\/h2>\n<p>Bei all diesen Details sollte auf wichtige Punkte besonders geachtet werden. Es ist ein schwieriger und langwieriger Prozess, die aus dem Nacken entnommenen Wurzeln im gleichen Winkel und in der gleichen Richtung wie die zuvor gepflanzten Wurzeln zu platzieren. Die Mikro-FUE-Haartransplantation hat eine hohe Wahrscheinlichkeit f\u00fcr Erfolg und Misserfolg von Haarfollikeln, wenn sie nicht sehr sorgf\u00e4ltig von einem Arzt mit den erforderlichen Kompetenzen durchgef\u00fchrt wird, wie bei der FUE-Technik.[\/vc_column_text]<\/div><\/div><div class='dt-sc-hr-invisible-small '> <\/div>[\/vc_column][\/vc_row]<\/p>\n","protected":false},"excerpt":{"rendered":"<p>[vc_row][vc_column][vc_column_text el_class=&#8221;aligncenter&#8221; css=&#8221;.vc_custom_1664887926520{margin-bottom: 20px !important;}&#8221;] Mikro-Fue-Haartransplantation [\/vc_column_text][\/vc_column][\/vc_row]<\/p>\n","protected":false},"author":1,"featured_media":0,"parent":10479,"menu_order":0,"comment_status":"closed","ping_status":"closed","template":"","meta":[],"_links":{"self":[{"href":"https:\/\/opdrserdar.com\/de\/wp-json\/wp\/v2\/pages\/10481"}],"collection":[{"href":"https:\/\/opdrserdar.com\/de\/wp-json\/wp\/v2\/pages"}],"about":[{"href":"https:\/\/opdrserdar.com\/de\/wp-json\/wp\/v2\/types\/page"}],"author":[{"embeddable":true,"href":"https:\/\/opdrserdar.com\/de\/wp-json\/wp\/v2\/users\/1"}],"replies":[{"embeddable":true,"href":"https:\/\/opdrserdar.com\/de\/wp-json\/wp\/v2\/comments?post=10481"}],"version-history":[{"count":6,"href":"https:\/\/opdrserdar.com\/de\/wp-json\/wp\/v2\/pages\/10481\/revisions"}],"predecessor-version":[{"id":10567,"href":"https:\/\/opdrserdar.com\/de\/wp-json\/wp\/v2\/pages\/10481\/revisions\/10567"}],"up":[{"embeddable":true,"href":"https:\/\/opdrserdar.com\/de\/wp-json\/wp\/v2\/pages\/10479"}],"wp:attachment":[{"href":"https:\/\/opdrserdar.com\/de\/wp-json\/wp\/v2\/media?parent=10481"}],"curies":[{"name":"wp","href":"https:\/\/api.w.org\/{rel}","templated":true}]}}