{"id":10486,"date":"2022-09-12T11:52:58","date_gmt":"2022-09-12T11:52:58","guid":{"rendered":"https:\/\/opdrserdar.com\/de\/?page_id=10486"},"modified":"2022-10-06T11:51:30","modified_gmt":"2022-10-06T11:51:30","slug":"safir-fue-sac-ekimi","status":"publish","type":"page","link":"https:\/\/opdrserdar.com\/de\/sac-ekimi-ve-tedavileri-izmir\/safir-fue-sac-ekimi\/","title":{"rendered":"Saphir-Fue-Haartransplantation"},"content":{"rendered":"<p>[vc_row][vc_column][vc_column_text el_class=&#8221;aligncenter&#8221; css=&#8221;.vc_custom_1665056716737{margin-bottom: 20px !important;}&#8221;]<div class='dt-sc-small-separator '><\/div>\n<h2 class=\"ekit-heading--title elementskit-section-title \">Saphir-Fue-Haartransplantation<\/h2>\n<p>[\/vc_column_text]<div class='dt-sc-hr-invisible-small '> <\/div><div class='dt-sc-tabs-vertical-frame-container type2 inherit'><ul class='dt-sc-tabs-vertical-frame'><li><a href='#1451042683126-1-297cc-d0bd'>Was ist eine Saphir-Fue-Haartransplantation?<\/a><\/li><li><a href='#1662983414742-2-7'>Was sind die Vorteile der FUE-Haartransplantation mit Saphirspitze im Vergleich zu Metal Slite?<\/a><\/li><li><a href='#1662983476266-3-5'>Was sind die Unterschiede zwischen FUE- und DHI-Methoden bei der Haartransplantation?<\/a><\/li><li><a href='#1654766958502-5-3'>Wichtige Informationen f\u00fcr Diejenigen, die sich einer Mikro-Fue-Haartransplantation Unterziehen<\/a><\/li><\/ul><div class='dt-sc-tabs-vertical-frame-content'>[vc_column_text css=&#8221;.vc_custom_1665056772694{margin-bottom: 10px !important;}&#8221;]<\/p>\n<h2><strong>Was ist eine Saphir-Fue-Haartransplantation?<\/strong><\/h2>\n<div class=\"vc_row wpb_row vc_row-fluid\">\n<div class=\"wpb_column vc_column_container vc_col-sm-12\">\n<div class=\"vc_column-inner\">\n<div class=\"wpb_wrapper\">\n<div id=\"ultimate-heading-75096306969c782a2\" class=\"uvc-heading ult-adjust-bottom-margin ultimate-heading-75096306969c782a2 uvc-8905 uvc-heading-default-font-sizes\" data-hspacer=\"no_spacer\" data-halign=\"left\">\n<div class=\"uvc-heading-spacer no_spacer\">\n<p>Die technologischen Fortschritte, die sich in den letzten Jahren weltweit entwickelt haben, zeigen sich heute in jedem Aspekt unseres Lebens. Eine davon ist die FUE-Haartransplantationstechnik (Follicular Unit Extraction), die eine der wichtigsten Methoden zur Erleichterung der Haartransplantation ist. Diese Technik besteht aus vier Stufen. Es besteht aus dem Schneiden der Haare, dem Sammeln der Haarfollikel, dem \u00d6ffnen der Kan\u00e4le und dem Einpflanzen der Wurzeln, die als Transplantate bezeichnet werden, in die ge\u00f6ffneten Kan\u00e4le.<\/p>\n<p>&nbsp;<\/p>\n<p>Das \u00d6ffnen von Kan\u00e4len, eine der Phasen der FUE-Technik, wurde mit speziellen Stiften mit Saphirspitze entwickelt, einer Methode, die es erm\u00f6glicht, Gewebeverformungen zu minimieren und Kan\u00e4le mit maximaler H\u00e4ufigkeit zu \u00f6ffnen. Dieses Aussaatmodell namens Sapphire FUE ist eine FUE-Operation, bei der Stifte mit echten Saphirspitzen verwendet werden.<\/p>\n<p>Beim \u00d6ffnen des Kanals w\u00e4hrend der Haartransplantation wird ein als Schlitz bezeichnetes Schneidwerkzeug verwendet. Da jedoch die Gewebezerst\u00f6rung beim S\u00e4en mit diesen Stahlschlitzen hoch ist, sind die Erholungszeiten l\u00e4nger. Durch die M\u00f6glichkeit, Mikrokan\u00e4le mit Stiften mit Saphirspitze zu \u00f6ffnen, ist eine dichte und nat\u00fcrliche Bepflanzung m\u00f6glich. Da die Kan\u00e4le auf Mikroebene ge\u00f6ffnet werden, findet im Vergleich zu anderen Haartransplantationstechniken ein viel schnellerer Heilungsprozess statt. Nach der Aussaat ist die Krustenbildung minimal, was den Patientenkomfort erh\u00f6ht.<\/p>\n<p>Die Sapphire Fue-Haartransplantation variiert je nach Anzahl der entnommenen Transplantate zwischen 6 und 8 Stunden.<\/p>\n<\/div>\n<\/div>\n<\/div>\n<\/div>\n<\/div>\n<\/div>\n<p>[\/vc_column_text]<\/div><div class='dt-sc-tabs-vertical-frame-content'>[vc_column_text css=&#8221;.vc_custom_1665056830480{margin-bottom: 10px !important;}&#8221;]<\/p>\n<div class=\"uvc-main-heading ult-responsive\" data-ultimate-target=\".uvc-heading.ultimate-heading-61236306969c7851a h3\" data-responsive-json-new=\"{&quot;font-size&quot;:&quot;&quot;,&quot;line-height&quot;:&quot;&quot;}\">\n<h2><strong>Vorteile der FUE-Haartransplantation mit Saphirspitze im Vergleich zu Metal Slite:<\/strong><\/h2>\n<\/div>\n<div class=\"uvc-sub-heading ult-responsive\" data-ultimate-target=\".uvc-heading.ultimate-heading-61236306969c7851a .uvc-sub-heading \" data-responsive-json-new=\"{&quot;font-size&quot;:&quot;&quot;,&quot;line-height&quot;:&quot;&quot;}\">\n<p>FUE mit Saphirspitze kann h\u00e4ufiger transplantiert werden als die Metallschlitzmethode, was die Anwendung bei Patienten mit Haarausfall in fortgeschritteneren Stadien erm\u00f6glicht.<\/p>\n<p>Indem es hilft, die Transplantate h\u00e4ufiger zu pflanzen, sorgt es f\u00fcr ein nat\u00fcrlicheres Aussehen mit Haardichte.<\/p>\n<\/div>\n<p>[\/vc_column_text]<\/div><div class='dt-sc-tabs-vertical-frame-content'>[vc_column_text css=&#8221;.vc_custom_1665057024334{margin-bottom: 10px !important;}&#8221;]<\/p>\n<div class=\"uvc-main-heading ult-responsive\" data-ultimate-target=\".uvc-heading.ultimate-heading-61236306969c7851a h3\" data-responsive-json-new=\"{&quot;font-size&quot;:&quot;&quot;,&quot;line-height&quot;:&quot;&quot;}\">\n<div class=\"uvc-main-heading ult-responsive\" data-ultimate-target=\".uvc-heading.ultimate-heading-65496306969c7861d h3\" data-responsive-json-new=\"{&quot;font-size&quot;:&quot;&quot;,&quot;line-height&quot;:&quot;&quot;}\">\n<h2><strong>Was sind die Unterschiede zwischen FUE- und DHI-Methoden bei der Haartransplantation?<\/strong><\/h2>\n<\/div>\n<div class=\"uvc-sub-heading ult-responsive\" data-ultimate-target=\".uvc-heading.ultimate-heading-65496306969c7861d .uvc-sub-heading \" data-responsive-json-new=\"{&quot;font-size&quot;:&quot;&quot;,&quot;line-height&quot;:&quot;&quot;}\">\n<p>Unterschiede zwischen FUE und DHI gibt es hinsichtlich des angewandten Verfahrens. Abgesehen davon k\u00f6nnen Sie die Unterschiede in der folgenden Liste finden.<\/p>\n<p><strong>1. <\/strong>Der Hauptunterschied zwischen der <strong>FUE-Technik<\/strong> und der <strong>DHI-Methode<\/strong> ist der Unterschied in den Anwendungsmethoden.<\/p>\n<p><strong>2. Bei der FUE-Technik<\/strong> k\u00f6nnen 3000-7000 Grafts in einer einzigen Sitzung transplantiert werden, und 4000 Grafts k\u00f6nnen in einer einzigen Sitzung bei der <strong>DHI-Technik<\/strong> transplantiert werden.<\/p>\n<p><strong>3.<\/strong> Da die Haarfollikel bei der <strong>DHI-Technik<\/strong> innerhalb von 1-2 Minuten nach der Entnahme aus dem Spenderbereich transplantiert werden, ist es ihnen nicht m\u00f6glich, au\u00dferhalb des K\u00f6rpers zu warten. Dies minimiert die M\u00f6glichkeit, die Haarfollikel zu sch\u00e4digen.<\/p>\n<p><strong>4. Bei der DHI-Technik<\/strong> ist die Erholung schneller und die Erholungszeit k\u00fcrzer als bei der FUE-Technik, und es gibt fast keine Blutungen.<\/p>\n<p><strong>5. Die FUE-Technik<\/strong> ist ideal zum Pflanzen auf einer gr\u00f6\u00dferen Fl\u00e4che und die DHI-Technik zum h\u00e4ufigeren Pflanzen.<\/p>\n<p><strong>6. Bei der DHI-Technik<\/strong> k\u00f6nnen 100 Follikel auf einer Fl\u00e4che von 1 Quadratzentimeter gepflanzt werden, w\u00e4hrend bei der FUE-Technik 60 Wurzeln gepflanzt werden k\u00f6nnen.<\/p>\n<p><strong>7. Bei der DHI-Technik<\/strong> ist es m\u00f6glich, in Bereichen, in denen die Haare nicht vollst\u00e4ndig ausfallen, leichter zwischen die Haare zu transplantieren, w\u00e4hrend dies bei der FUE-Technik nicht auf diese Weise m\u00f6glich ist.<\/p>\n<p><strong>8. W\u00e4hrend bei der FUE-Technik<\/strong> eine Rasur notwendig ist, reicht es bei der DHI-Technik aus, die Haare im Spenderbereich nur im entsprechenden Modell zu k\u00fcrzen.<\/p>\n<p><strong>9.<\/strong> W\u00e4hrend die Kosten etwas h\u00f6her sind, da die bei der <strong>DHI-Methode<\/strong> verwendete Ausr\u00fcstung teurer und das Team \u00fcberf\u00fcllter ist, kann FUE kosteng\u00fcnstiger durchgef\u00fchrt werden.<\/p>\n<p><strong>10. W\u00e4hrend die FUE-Technik<\/strong> zwischen 6-8 Stunden dauert, dauert die DHI-Methode etwas l\u00e4nger.<\/p>\n<\/div>\n<\/div>\n<p>[\/vc_column_text]<\/div><div class='dt-sc-tabs-vertical-frame-content'>[vc_column_text]<\/p>\n<h2><strong>Wichtige Informationen f\u00fcr Patienten, die eine Haartransplantation in Betracht ziehen<\/strong><\/h2>\n<p>Bei all diesen Details sollte auf wichtige Punkte besonders geachtet werden. Es ist ein schwieriger und langwieriger Prozess, die aus dem Nacken entnommenen Wurzeln im gleichen Winkel und in der gleichen Richtung wie die zuvor gepflanzten Wurzeln zu platzieren. Die Mikro-FUE-Haartransplantation hat eine hohe Wahrscheinlichkeit f\u00fcr Erfolg und Misserfolg von Haarfollikeln, wenn sie nicht sehr sorgf\u00e4ltig von einem Arzt mit den erforderlichen Kompetenzen durchgef\u00fchrt wird, wie bei der FUE-Technik.[\/vc_column_text]<\/div><\/div><div class='dt-sc-hr-invisible-small '> <\/div>[\/vc_column][\/vc_row]<\/p>\n","protected":false},"excerpt":{"rendered":"<p>[vc_row][vc_column][vc_column_text el_class=&#8221;aligncenter&#8221; css=&#8221;.vc_custom_1665056716737{margin-bottom: 20px !important;}&#8221;] Saphir-Fue-Haartransplantation [\/vc_column_text][\/vc_column][\/vc_row]<\/p>\n","protected":false},"author":1,"featured_media":0,"parent":10479,"menu_order":0,"comment_status":"closed","ping_status":"closed","template":"","meta":[],"_links":{"self":[{"href":"https:\/\/opdrserdar.com\/de\/wp-json\/wp\/v2\/pages\/10486"}],"collection":[{"href":"https:\/\/opdrserdar.com\/de\/wp-json\/wp\/v2\/pages"}],"about":[{"href":"https:\/\/opdrserdar.com\/de\/wp-json\/wp\/v2\/types\/page"}],"author":[{"embeddable":true,"href":"https:\/\/opdrserdar.com\/de\/wp-json\/wp\/v2\/users\/1"}],"replies":[{"embeddable":true,"href":"https:\/\/opdrserdar.com\/de\/wp-json\/wp\/v2\/comments?post=10486"}],"version-history":[{"count":3,"href":"https:\/\/opdrserdar.com\/de\/wp-json\/wp\/v2\/pages\/10486\/revisions"}],"predecessor-version":[{"id":10595,"href":"https:\/\/opdrserdar.com\/de\/wp-json\/wp\/v2\/pages\/10486\/revisions\/10595"}],"up":[{"embeddable":true,"href":"https:\/\/opdrserdar.com\/de\/wp-json\/wp\/v2\/pages\/10479"}],"wp:attachment":[{"href":"https:\/\/opdrserdar.com\/de\/wp-json\/wp\/v2\/media?parent=10486"}],"curies":[{"name":"wp","href":"https:\/\/api.w.org\/{rel}","templated":true}]}}