{"id":10488,"date":"2022-09-12T12:04:49","date_gmt":"2022-09-12T12:04:49","guid":{"rendered":"https:\/\/opdrserdar.com\/de\/?page_id=10488"},"modified":"2022-10-04T13:01:06","modified_gmt":"2022-10-04T13:01:06","slug":"trassiz-sac-ekimi-izmir","status":"publish","type":"page","link":"https:\/\/opdrserdar.com\/de\/sac-ekimi-ve-tedavileri-izmir\/trassiz-sac-ekimi-izmir\/","title":{"rendered":"Unrasierte Haartransplantation"},"content":{"rendered":"<p>[vc_row][vc_column][vc_column_text el_class=&#8221;aligncenter&#8221; css=&#8221;.vc_custom_1664888354047{margin-bottom: 20px !important;}&#8221;]<div class='dt-sc-small-separator '><\/div>\n<h2 class=\"ekit-heading--title elementskit-section-title \">Unrasierte Haartransplantation<\/h2>\n<p>[\/vc_column_text]<div class='dt-sc-hr-invisible-small '> <\/div><div class='dt-sc-tabs-vertical-frame-container type2 inherit'><ul class='dt-sc-tabs-vertical-frame'><li><a href='#1451042683126-1-297cc-d0bd'>Was ist eine Unrasierte Haartransplantation?<\/a><\/li><li><a href='#1654766958502-5-3'>Wichtige Informationen f\u00fcr Diejenigen, die sich einer Unrasierten Haartransplantation Unterziehen<\/a><\/li><\/ul><div class='dt-sc-tabs-vertical-frame-content'>[vc_column_text css=&#8221;.vc_custom_1664888396980{margin-bottom: 10px !important;}&#8221;]<\/p>\n<h2><strong>Was ist eine unrasierte Haartransplantation?<\/strong><\/h2>\n<div class=\"vc_row wpb_row vc_row-fluid\">\n<div class=\"wpb_column vc_column_container vc_col-sm-12\">\n<div class=\"vc_column-inner\">\n<div class=\"wpb_wrapper\">\n<div id=\"ultimate-heading-75096306969c782a2\" class=\"uvc-heading ult-adjust-bottom-margin ultimate-heading-75096306969c782a2 uvc-8905 uvc-heading-default-font-sizes\" data-hspacer=\"no_spacer\" data-halign=\"left\">\n<div class=\"uvc-heading-spacer no_spacer\">Viele Menschen, die unter Haarausfall leiden und eine Haartransplantation in Betracht ziehen, z\u00f6gern mit dem Eingriff, wenn sie erfahren, dass ihre Haare vor der Operation geschnitten werden sollten. Die Zahl der Menschen, die nach einer Haartransplantation nicht mit kurzen Haaren herumlaufen wollen oder sagen \u201ees sollte nicht offensichtlich sein, dass ich den Eingriff hatte\u201c, ist nicht gering. Um dieses Problem zu beseitigen, wurden von Fach\u00e4rzten neue L\u00f6sungen und neue Techniken entwickelt. Bei dieser neuen L\u00f6sung werden die Haare der Personen, die sich einer Haartransplantation unterziehen, nicht geschnitten, im Gegenteil, sie werden gebeten, sie etwas l\u00e4nger zu verl\u00e4ngern. Ziel ist es hier, daf\u00fcr zu sorgen, dass der Spenderbereich zwischen den langen Haaren getarnt wird. Im zweiten Schritt werden mit Hilfe eines Facharztes und seines Teams Haarfollikel entnommen. Die f\u00fcr die \u00dcbertragung bereiten Haarfollikel werden dem Trennungsprozess unterzogen und die Haartransplantation wird durchgef\u00fchrt, indem Kan\u00e4le mit Mikrospitzen ge\u00f6ffnet werden, die f\u00fcr die Dicke des Follikels geeignet sind. Bei einer unrasierten Haartransplantation k\u00f6nnen in einer Sitzung maximal 2000 Wurzeln entnommen und \u00fcbertragen werden. Die Anzahl der zu entnehmenden Wurzeln ist auf eine bestimmte Anzahl begrenzt, da dies die Tarnung des Spenderbereichs erschwert. Bei dieser Technik sind, wie bei der Standard-Fue-Haartransplantationstechnik, die Dauer des Eingriffs und die Erhaltung der Wurzeln wichtig. Denn eine unrasierte Haartransplantation erfordert mehr Zeit und M\u00fche. Um bei der Haartransplantation das gew\u00fcnschte Ergebnis zu erzielen, ist auch die technische Ausstattung der bevorzugten Einrichtung, des Facharztes und der Klinik sehr wichtig.<\/div>\n<\/div>\n<\/div>\n<\/div>\n<\/div>\n<\/div>\n<p>[\/vc_column_text]<\/div><div class='dt-sc-tabs-vertical-frame-content'>[vc_column_text]<\/p>\n<h2><strong>Wichtige Informationen f\u00fcr Patienten, die eine Haartransplantation in Erw\u00e4gung ziehen<\/strong><\/h2>\n<p>Bei all diesen Details sollte auf wichtige Punkte besonders geachtet werden. Es ist ein schwieriger und langwieriger Prozess, die aus dem Nacken entnommenen Wurzeln im gleichen Winkel und in der gleichen Richtung wie die zuvor gepflanzten Wurzeln zu platzieren. Die unrasierte Haartransplantation hat wie die FUE-Technik eine hohe Wahrscheinlichkeit f\u00fcr Erfolg und Misserfolg der Haarfollikel, wenn sie nicht sehr sorgf\u00e4ltig von einem Arzt mit den erforderlichen Kompetenzen durchgef\u00fchrt wird.[\/vc_column_text]<\/div><\/div><div class='dt-sc-hr-invisible-small '> <\/div>[\/vc_column][\/vc_row]<\/p>\n","protected":false},"excerpt":{"rendered":"<p>[vc_row][vc_column][vc_column_text el_class=&#8221;aligncenter&#8221; css=&#8221;.vc_custom_1664888354047{margin-bottom: 20px !important;}&#8221;] Unrasierte Haartransplantation [\/vc_column_text][\/vc_column][\/vc_row]<\/p>\n","protected":false},"author":1,"featured_media":0,"parent":10479,"menu_order":0,"comment_status":"closed","ping_status":"closed","template":"","meta":[],"_links":{"self":[{"href":"https:\/\/opdrserdar.com\/de\/wp-json\/wp\/v2\/pages\/10488"}],"collection":[{"href":"https:\/\/opdrserdar.com\/de\/wp-json\/wp\/v2\/pages"}],"about":[{"href":"https:\/\/opdrserdar.com\/de\/wp-json\/wp\/v2\/types\/page"}],"author":[{"embeddable":true,"href":"https:\/\/opdrserdar.com\/de\/wp-json\/wp\/v2\/users\/1"}],"replies":[{"embeddable":true,"href":"https:\/\/opdrserdar.com\/de\/wp-json\/wp\/v2\/comments?post=10488"}],"version-history":[{"count":3,"href":"https:\/\/opdrserdar.com\/de\/wp-json\/wp\/v2\/pages\/10488\/revisions"}],"predecessor-version":[{"id":10571,"href":"https:\/\/opdrserdar.com\/de\/wp-json\/wp\/v2\/pages\/10488\/revisions\/10571"}],"up":[{"embeddable":true,"href":"https:\/\/opdrserdar.com\/de\/wp-json\/wp\/v2\/pages\/10479"}],"wp:attachment":[{"href":"https:\/\/opdrserdar.com\/de\/wp-json\/wp\/v2\/media?parent=10488"}],"curies":[{"name":"wp","href":"https:\/\/api.w.org\/{rel}","templated":true}]}}