{"id":10490,"date":"2022-09-12T12:13:21","date_gmt":"2022-09-12T12:13:21","guid":{"rendered":"https:\/\/opdrserdar.com\/de\/?page_id=10490"},"modified":"2022-10-04T12:56:51","modified_gmt":"2022-10-04T12:56:51","slug":"sac-mezoterapisi-izmir","status":"publish","type":"page","link":"https:\/\/opdrserdar.com\/de\/sac-ekimi-ve-tedavileri-izmir\/sac-mezoterapisi-izmir\/","title":{"rendered":"Haar-Mesotherapie"},"content":{"rendered":"<p>[vc_row][vc_column][vc_column_text el_class=&#8221;aligncenter&#8221; css=&#8221;.vc_custom_1664888108902{margin-bottom: 20px !important;}&#8221;]<div class='dt-sc-small-separator '><\/div>\n<h2 class=\"ekit-heading--title elementskit-section-title \">Haar-Mesotherapie<\/h2>\n<p>[\/vc_column_text]<div class='dt-sc-hr-invisible-small '> <\/div><div class='dt-sc-tabs-vertical-frame-container type2 inherit'><ul class='dt-sc-tabs-vertical-frame'><li><a href='#1451042683126-1-297cc-d0bd'>Was ist Haarmesotherapie?<\/a><\/li><li><a href='#1654766958502-5-3'>Wichtige Informationen f\u00fcr Diejenigen, die sich einer Haarmesotherapie Unterziehen<\/a><\/li><\/ul><div class='dt-sc-tabs-vertical-frame-content'>[vc_column_text css=&#8221;.vc_custom_1664888148431{margin-bottom: 10px !important;}&#8221;]<\/p>\n<h2><strong>Was ist Haarmesotherapie?<\/strong><\/h2>\n<div class=\"vc_row wpb_row vc_row-fluid\">\n<div class=\"wpb_column vc_column_container vc_col-sm-12\">\n<div class=\"vc_column-inner\">\n<div class=\"wpb_wrapper\">\n<div id=\"ultimate-heading-75096306969c782a2\" class=\"uvc-heading ult-adjust-bottom-margin ultimate-heading-75096306969c782a2 uvc-8905 uvc-heading-default-font-sizes\" data-hspacer=\"no_spacer\" data-halign=\"left\">\n<div class=\"uvc-heading-spacer no_spacer\">Die Haarmesotherapie, eine der Haarausfallbehandlungen, ist ein Serum, das die Vitamine, Mineralien und Aminos\u00e4uren enth\u00e4lt, die der Haarfollikel ben\u00f6tigt. Es wird durch Injektion in die Haarfollikel mit Hilfe von Nadeln mit Mikrospitzen aufgetragen.<br \/>\nDa sich der Haarfollikel in der Hautschicht namens Dermis befindet, ist die Wirkung von Medikamenten und \u00e4hnlichen Produkten, die \u00e4u\u00dferlich angewendet werden, um das Haar zu n\u00e4hren, sehr gering. Da bei der Haarmesotherapie-Behandlung die fehlenden Substanzen, die der Haarfollikel ben\u00f6tigt, direkt in den Haarfollikel injiziert werden, werden die Wurzeln stimuliert und Haarausfall verhindert.<br \/>\nDie Haarmesotherapie kann sowohl regional als auch regional angewendet werden. Durch die Stimulierung des Zellstoffwechsels im ben\u00f6tigten Bereich tr\u00e4gt es dazu bei, den Haarausfall zu stoppen und die aktuelle Haarform zu verbessern. Besser ern\u00e4hrte Haarfollikel produzieren Follikel von besserer Qualit\u00e4t und das Haarwachstum ist viel schneller.<br \/>\nDie Haarmesotherapie liefert wirksame Ergebnisse als unterst\u00fctzende Behandlung bei Schockverlust bei Frauen in der Schwangerschaft und in den Wechseljahren sowie aufgrund von Stress, saisonalen oder metabolischen St\u00f6rungen.<br \/>\nDie Wahl der richtigen Institution ist f\u00fcr die Haarmesotherapie-Behandlung wichtig. Wir, der Betreiber Serdar K\u00fc\u00e7\u00fckalio\u011flu, verwenden lizenzierte und zugelassene Produkte. Die richtige Anzahl der Kuren ermitteln wir durch eine Haaranalyse und Untersuchung. Eine Behandlung, mit der Sie zufrieden sind, steht bei uns im Vordergrund.<\/div>\n<\/div>\n<\/div>\n<\/div>\n<\/div>\n<\/div>\n<p>[\/vc_column_text]<\/div><div class='dt-sc-tabs-vertical-frame-content'>[vc_column_text]<\/p>\n<h2><strong>Wichtige Informationen f\u00fcr Patienten, die eine Haarmesotherapie in Betracht ziehen<\/strong><\/h2>\n<p>Bei all diesen Details sollte auf wichtige Punkte besonders geachtet werden. Es ist ein schwieriger und langwieriger Prozess, die aus dem Nacken entnommenen Wurzeln im gleichen Winkel und in der gleichen Richtung wie die zuvor gepflanzten Wurzeln zu platzieren. Die Haarmesotherapie hat wie die FUE-Technik eine hohe Wahrscheinlichkeit f\u00fcr Erfolg und Misserfolg der Haarfollikel, wenn sie nicht sehr sorgf\u00e4ltig von einem Arzt mit den erforderlichen Kompetenzen durchgef\u00fchrt wird.[\/vc_column_text]<\/div><\/div><div class='dt-sc-hr-invisible-small '> <\/div>[\/vc_column][\/vc_row]<\/p>\n","protected":false},"excerpt":{"rendered":"<p>[vc_row][vc_column][vc_column_text el_class=&#8221;aligncenter&#8221; css=&#8221;.vc_custom_1664888108902{margin-bottom: 20px !important;}&#8221;] Haar-Mesotherapie [\/vc_column_text][\/vc_column][\/vc_row]<\/p>\n","protected":false},"author":1,"featured_media":0,"parent":10479,"menu_order":0,"comment_status":"closed","ping_status":"closed","template":"","meta":[],"_links":{"self":[{"href":"https:\/\/opdrserdar.com\/de\/wp-json\/wp\/v2\/pages\/10490"}],"collection":[{"href":"https:\/\/opdrserdar.com\/de\/wp-json\/wp\/v2\/pages"}],"about":[{"href":"https:\/\/opdrserdar.com\/de\/wp-json\/wp\/v2\/types\/page"}],"author":[{"embeddable":true,"href":"https:\/\/opdrserdar.com\/de\/wp-json\/wp\/v2\/users\/1"}],"replies":[{"embeddable":true,"href":"https:\/\/opdrserdar.com\/de\/wp-json\/wp\/v2\/comments?post=10490"}],"version-history":[{"count":3,"href":"https:\/\/opdrserdar.com\/de\/wp-json\/wp\/v2\/pages\/10490\/revisions"}],"predecessor-version":[{"id":10569,"href":"https:\/\/opdrserdar.com\/de\/wp-json\/wp\/v2\/pages\/10490\/revisions\/10569"}],"up":[{"embeddable":true,"href":"https:\/\/opdrserdar.com\/de\/wp-json\/wp\/v2\/pages\/10479"}],"wp:attachment":[{"href":"https:\/\/opdrserdar.com\/de\/wp-json\/wp\/v2\/media?parent=10490"}],"curies":[{"name":"wp","href":"https:\/\/api.w.org\/{rel}","templated":true}]}}