{"id":4,"date":"2016-03-16T09:59:18","date_gmt":"2016-03-16T09:59:18","guid":{"rendered":"http:\/\/onelifewp.local\/?page_id=4"},"modified":"2022-10-20T07:56:40","modified_gmt":"2022-10-20T07:56:40","slug":"home","status":"publish","type":"page","link":"https:\/\/opdrserdar.com\/de\/","title":{"rendered":"Startseite"},"content":{"rendered":"<p>[vc_row][vc_column][vc_empty_space height=&#8221;100px&#8221;][\/vc_column][vc_column][vc_column_text el_class=&#8221;aligncenter&#8221;]<div class='dt-sc-small-separator '><\/div>\n<h2>Unsere Leistungen<\/h2>\n<div class='dt-sc-clear '> <\/div>[\/vc_column_text][\/vc_column][vc_column][vc_empty_space][\/vc_column][vc_column][vc_row_inner][vc_column_inner width=&#8221;1\/4&#8243; css=&#8221;.vc_custom_1458192848305{padding-top: 0px !important;padding-right: 0px !important;padding-bottom: 0px !important;padding-left: 0px !important;}&#8221;]<div class='dt-sc-icon-box type10 '><div class=\"icon-wrapper\"><img width=\"215\" height=\"215\" src=\"https:\/\/opdrserdar.com\/de\/wp-content\/uploads\/2022\/04\/service-image-1.jpg\" class=\"attachment-full\" alt=\"\" loading=\"lazy\" title=\"service-image-1\" srcset=\"https:\/\/opdrserdar.com\/de\/wp-content\/uploads\/2022\/04\/service-image-1.jpg 215w, https:\/\/opdrserdar.com\/de\/wp-content\/uploads\/2022\/04\/service-image-1-150x150.jpg 150w, https:\/\/opdrserdar.com\/de\/wp-content\/uploads\/2022\/04\/service-image-1-100x100.jpg 100w\" sizes=\"(max-width: 215px) 100vw, 215px\" \/><\/div><div class=\"icon-content\"><h4><a href='https:\/\/opdrserdar.com\/de\/endokrin-sistemi-cerrahisi\/meme-kanseri\/' title='Meme Kanseri' target='_self'>Brustkrebs<\/a><\/h4><p>Es ist die h\u00e4ufigste Krebsart bei Frauen auf der Welt und in unserem Land. Sie tritt bei etwa einer von acht Frauen auf und betrifft j\u00e4hrlich etwa 2,1 Millionen Frauen weltweit. Sie nimmt in fast allen Regionen der Welt zu. Es ist am h\u00e4ufigsten in der Altersgruppe der 40-50-J\u00e4hrigen in unserem Land.<\/p><\/div><\/div>[\/vc_column_inner][vc_column_inner width=&#8221;1\/4&#8243; css=&#8221;.vc_custom_1458192854380{padding-top: 0px !important;padding-right: 0px !important;padding-bottom: 0px !important;padding-left: 0px !important;}&#8221;]<div class='dt-sc-icon-box type10 '><div class=\"icon-wrapper\"><img width=\"215\" height=\"215\" src=\"https:\/\/opdrserdar.com\/de\/wp-content\/uploads\/2022\/04\/service-image-2.jpg\" class=\"attachment-full\" alt=\"\" loading=\"lazy\" title=\"service-image-2\" srcset=\"https:\/\/opdrserdar.com\/de\/wp-content\/uploads\/2022\/04\/service-image-2.jpg 215w, https:\/\/opdrserdar.com\/de\/wp-content\/uploads\/2022\/04\/service-image-2-150x150.jpg 150w, https:\/\/opdrserdar.com\/de\/wp-content\/uploads\/2022\/04\/service-image-2-100x100.jpg 100w\" sizes=\"(max-width: 215px) 100vw, 215px\" \/><\/div><div class=\"icon-content\"><h4><a href='https:\/\/opdrserdar.com\/de\/endokrin-sistemi-cerrahisi\/meme-pitozu\/' title='Meme Pitozu' target='_self'>Bruststraffung<\/a><\/h4><p>Das Hauptanliegen bei Bruststraffungsoperationen ist das schlaffe Hautgewebe in der \u00fcbersch\u00fcssigen Brust. Mit speziellen Zeichnungen wird entweder diese \u00fcbersch\u00fcssige Haut oder eine sehr kleine Menge Gewebe entfernt. Die herabh\u00e4ngende Brustwarze und das Brustgewebe werden geformt, um eine aufrechtere und vollere Brust zu erhalten.<\/p><\/div><\/div>[\/vc_column_inner][vc_column_inner width=&#8221;1\/4&#8243; css=&#8221;.vc_custom_1458192860997{padding-top: 0px !important;padding-right: 0px !important;padding-bottom: 0px !important;padding-left: 0px !important;}&#8221;]<div class='dt-sc-icon-box type10 '><div class=\"icon-wrapper\"><img width=\"215\" height=\"215\" src=\"https:\/\/opdrserdar.com\/de\/wp-content\/uploads\/2022\/04\/service-image-4.jpg\" class=\"attachment-full\" alt=\"\" loading=\"lazy\" title=\"service-image-4\" srcset=\"https:\/\/opdrserdar.com\/de\/wp-content\/uploads\/2022\/04\/service-image-4.jpg 215w, https:\/\/opdrserdar.com\/de\/wp-content\/uploads\/2022\/04\/service-image-4-150x150.jpg 150w, https:\/\/opdrserdar.com\/de\/wp-content\/uploads\/2022\/04\/service-image-4-100x100.jpg 100w\" sizes=\"(max-width: 215px) 100vw, 215px\" \/><\/div><div class=\"icon-content\"><h4><a href='https:\/\/opdrserdar.com\/de\/endokrin-sistemi-cerrahisi\/meme-kucultme\/' title='Meme K\u00fc\u00e7\u00fcltme' target='_self'>Brustverkleinerung<\/a><\/h4><p>Die Brustverkleinerungsoperation ist im Grunde eine Operation, die der Bruststraffung unter den \u00e4sthetischen Brustoperationen sehr nahe kommt. Der einzige Unterschied bei einer Brustverkleinerungsoperation besteht darin, dass beim Anheben der Brust einige Dr\u00fcsen und Fett in der Brust sowie ein Teil der Haut entfernt werden.<\/p><\/div><\/div>[\/vc_column_inner][vc_column_inner width=&#8221;1\/4&#8243; css=&#8221;.vc_custom_1458192867374{padding-top: 0px !important;padding-right: 0px !important;padding-bottom: 0px !important;padding-left: 0px !important;}&#8221;]<div class='dt-sc-icon-box type10 '><div class=\"icon-wrapper\"><img width=\"215\" height=\"215\" src=\"https:\/\/opdrserdar.com\/de\/wp-content\/uploads\/2022\/04\/mini-karin-germe.jpg\" class=\"attachment-full\" alt=\"\" loading=\"lazy\" title=\"mini-karin-germe\" srcset=\"https:\/\/opdrserdar.com\/de\/wp-content\/uploads\/2022\/04\/mini-karin-germe.jpg 215w, https:\/\/opdrserdar.com\/de\/wp-content\/uploads\/2022\/04\/mini-karin-germe-150x150.jpg 150w, https:\/\/opdrserdar.com\/de\/wp-content\/uploads\/2022\/04\/mini-karin-germe-100x100.jpg 100w\" sizes=\"(max-width: 215px) 100vw, 215px\" \/><\/div><div class=\"icon-content\"><h4><a href='https:\/\/opdrserdar.com\/de\/endokrin-sistemi-cerrahisi\/meme-kanseri\/' title='Meme Kanseri' target='_self'>Bauchdeckenstraffung<\/a><\/h4><p>Die Bauchstraffung oder \u201eBauchdeckenstraffung\u201c ist ein kosmetischer chirurgischer Eingriff, um den Bauch d\u00fcnner und straffer zu machen. Bei der Operation werden der Bauchwandmuskel und die Faszien gestrafft, \u00fcbersch\u00fcssige Haut und Fettgewebe aus dem Mittel- und Unterbauch entfernt.<\/p><\/div><\/div>[\/vc_column_inner][\/vc_row_inner][\/vc_column][vc_column offset=&#8221;vc_hidden-md vc_hidden-sm vc_hidden-xs&#8221;][vc_empty_space height=&#8221;105px&#8221;][\/vc_column][\/vc_row][vc_row el_class=&#8221;parallax-quote-content&#8221;][vc_column css=&#8221;.vc_custom_1461753611726{padding-top: 60px !important;padding-right: 40px !important;padding-bottom: 0px !important;padding-left: 0px !important;}&#8221; el_class=&#8221;dt-sc-background-one&#8221;][vc_row_inner css=&#8221;.vc_custom_1458208348490{background-position: center !important;background-repeat: no-repeat !important;background-size: contain !important;}&#8221;][vc_column_inner css=&#8221;.vc_custom_1462875039970{padding-top: 6px !important;}&#8221;][vc_column_text el_class=&#8221;parallax-quote&#8221;]<div class='dt-sc-small-separator '><\/div>\n<h4>Ihre Gesundheit ist unser gr\u00f6\u00dfter Erfolg.<\/h4>\n<div class='dt-sc-clear '> <\/div>[\/vc_column_text][\/vc_column_inner][\/vc_row_inner][vc_row_inner equal_height=&#8221;yes&#8221; css=&#8221;.vc_custom_1458815546962{margin-top: 0px !important;margin-right: 0px !important;margin-bottom: 0px !important;margin-left: 0px !important;padding-top: 0px !important;padding-right: 0px !important;padding-bottom: 0px !important;padding-left: 0px !important;}&#8221;][vc_column_inner el_class=&#8221;doctor-quote&#8221; width=&#8221;1\/2&#8243; css=&#8221;.vc_custom_1462956519976{margin-top: -15px !important;margin-right: 0px !important;margin-left: 0px !important;background-position: center !important;background-repeat: no-repeat !important;background-size: cover !important;}&#8221; offset=&#8221;vc_hidden-sm vc_hidden-xs&#8221;][vc_single_image image=&#8221;9947&#8243; img_size=&#8221;full&#8221;][\/vc_column_inner][vc_column_inner width=&#8221;1\/2&#8243; css=&#8221;.vc_custom_1462875605599{margin-right: 0px !important;margin-left: 0px !important;padding-right: 0px !important;}&#8221;][vc_empty_space][vc_column_text el_class=&#8221;alignleft&#8221;]<\/p>\n<blockquote><p>Seit der Gr\u00fcndung des Tepecik-Krankenhauses sind \u00c4rzte gekommen, die die Chirurgie ihrer eigenen Zeit gemeistert haben, und haben alle Arten von Operationen unabh\u00e4ngig von ihrem Schwierigkeitsgrad erfolgreich durchgef\u00fchrt.<\/p>\n<p>Einige Verfahren, die die t\u00fcrkische Chirurgie auf nationaler Ebene pr\u00e4gen, wie z. B. \u00d6sophaguschirurgie, Dickdarminterposition, Peitschenoperation und Organtransplantation, wurden im Tepecik-Krankenhaus eingeleitet.<\/p><\/blockquote>\n<p>Op.Dr. Serdar K\u00fc\u00e7\u00fckalio\u011flu[\/vc_column_text][\/vc_column_inner][\/vc_row_inner][\/vc_column][\/vc_row][vc_row full_width=&#8221;stretch_row&#8221; content_placement=&#8221;middle&#8221; parallax=&#8221;content-moving&#8221; parallax_image=&#8221;49&#8243; text_color=&#8221;#ffffff&#8221; el_class=&#8221;white-text&#8221; css=&#8221;.vc_custom_1465818340669{background-color: rgba(0,0,0,0.95) !important;*background-color: rgb(0,0,0) !important;}&#8221;][vc_column width=&#8221;1\/2&#8243;][\/vc_column][vc_column width=&#8221;1\/2&#8243; css=&#8221;.vc_custom_1458216125464{margin-top: 72px !important;margin-left: 20px !important;}&#8221;][vc_column_text css=&#8221;.vc_custom_1665057401830{margin-bottom: 28px !important;}&#8221;]<\/p>\n<h2>unsere chirurgischen Bereiche<\/h2>\n<p>[\/vc_column_text][vc_row_inner][vc_column_inner width=&#8221;1\/2&#8243;]<ul class='dt-sc-fancy-list   circle'>\n<li>Onkoplastische Chirurgie<\/li>\n<li>Gyn\u00e4komastie<\/li>\n<li>Selim-Brusterkrankungen<\/li>\n<li>Ptosis der Brust<\/li>\n<li>Schilddr\u00fcsenerkrankungen<\/li>\n<li>Nebenschilddr\u00fcse<\/li>\n<li>Nierenchirurgie<\/li>\n<\/ul>[\/vc_column_inner][vc_column_inner width=&#8221;1\/2&#8243;]<ul class='dt-sc-fancy-list   circle'>\n<li>Karaci\u011fer Kanseri<\/li>\n<li>Karaci\u011fer Kistleri<\/li>\n<li>Safra Kesesi<\/li>\n<li>Safra Yollar\u0131<\/li>\n<li>Pankreas Kanseri<\/li>\n<li>Kal\u0131n Ba\u011f\u0131rsak Kanseri<\/li>\n<li>Mide ve Yemek Borusu<\/li>\n<\/ul>[\/vc_column_inner][\/vc_row_inner][vc_empty_space height=&#8221;40px&#8221;][vc_column_text]<\/p>\n<h2>As Featured In<\/h2>\n<p>[\/vc_column_text][vc_row_inner css=&#8221;.vc_custom_1458218912137{margin-bottom: 15px !important;}&#8221;][vc_column_inner width=&#8221;1\/3&#8243;][vc_single_image image=&#8221;121&#8243; img_size=&#8221;full&#8221;][\/vc_column_inner][vc_column_inner width=&#8221;1\/3&#8243;][vc_single_image image=&#8221;119&#8243; img_size=&#8221;full&#8221;][\/vc_column_inner][vc_column_inner width=&#8221;1\/3&#8243;][vc_single_image image=&#8221;120&#8243; img_size=&#8221;full&#8221;][\/vc_column_inner][\/vc_row_inner][\/vc_column][\/vc_row][vc_row full_width=&#8221;stretch_row&#8221; css=&#8221;.vc_custom_1465020046433{padding-top: 30px !important;padding-bottom: 30px !important;}&#8221; el_class=&#8221;dt-sc-background-two white-text&#8221;][vc_column css=&#8221;.vc_custom_1458278632137{padding-right: 0px !important;padding-left: 0px !important;}&#8221;][vc_row_inner el_class=&#8221;contact-with-border aligncenter&#8221;][vc_column_inner width=&#8221;1\/4&#8243; css=&#8221;.vc_custom_1462878361579{margin-right: 0px !important;margin-left: 0px !important;padding-right: 0px !important;padding-left: 0px !important;}&#8221;][vc_column_text css=&#8221;.vc_custom_1651156857610{margin-top: 0px !important;margin-right: 0px !important;margin-bottom: 0px !important;margin-left: 0px !important;}&#8221;]<div class='dt-sc-contact-info  '><span class='fa fa-phone'> <\/span>0(232) 999 12 48<\/div>[\/vc_column_text][\/vc_column_inner][vc_column_inner width=&#8221;1\/4&#8243; css=&#8221;.vc_custom_1462876896957{margin-right: 0px !important;margin-left: -20px !important;padding-right: 0px !important;padding-left: 0px !important;}&#8221;][vc_column_text css=&#8221;.vc_custom_1651156874800{margin-top: 0px !important;margin-right: 0px !important;margin-bottom: 0px !important;margin-left: 0px !important;}&#8221;]<div class='dt-sc-contact-info  '><span class='fa fa-envelope'> <\/span>info@opdrserdar.com<\/div>[\/vc_column_text][\/vc_column_inner][vc_column_inner width=&#8221;1\/2&#8243; css=&#8221;.vc_custom_1462878372720{margin-right: 0px !important;margin-left: 0px !important;padding-right: 0px !important;padding-left: 0px !important;}&#8221;][vc_column_text css=&#8221;.vc_custom_1651157030268{margin-top: 0px !important;margin-right: 0px !important;margin-bottom: 0px !important;margin-left: 0px !important;}&#8221;]<div class='dt-sc-contact-info  '><span class='fa fa-map-marker'> <\/span>Alsancak Mah.Talatpa\u015fa Bulv. Sema Apt. No:75 K:3 D:11 \u0130zmir<\/div>[\/vc_column_text][\/vc_column_inner][\/vc_row_inner][\/vc_column][\/vc_row][vc_row][vc_column][vc_empty_space height=&#8221;100px&#8221;][\/vc_column][\/vc_row][vc_row full_width=&#8221;stretch_row&#8221; content_placement=&#8221;middle&#8221; css=&#8221;.vc_custom_1652541738801{background-image: url(https:\/\/opdrserdar.com\/de\/wp-content\/uploads\/2022\/05\/appointment-parallax.jpg?id=9960) !important;background-position: 0 0 !important;background-repeat: no-repeat !important;}&#8221; el_class=&#8221;white-text appointment-form&#8221; addstyles=&#8221;overflow: visible; background-position: bottom !important;&#8221;][vc_column width=&#8221;1\/2&#8243; el_class=&#8221;dt-sc-three-fifth&#8221; offset=&#8221;vc_hidden-sm vc_hidden-xs&#8221;][vc_single_image image=&#8221;10614&#8243; img_size=&#8221;full&#8221; alignment=&#8221;center&#8221; css=&#8221;.vc_custom_1666252595828{margin-bottom: -1px !important;}&#8221;][\/vc_column][vc_column width=&#8221;1\/2&#8243; el_class=&#8221;dt-sc-two-fifth&#8221; addstyles=&#8221;float: right;&#8221;][vc_empty_space height=&#8221;95px&#8221;][vc_column_text el_class=&#8221;inherit&#8221;]<div class='dt-sc-small-separator '><\/div>\n<h2>Kontaktiere uns<\/h2>\n<div class='dt-sc-clear '> <\/div>[\/vc_column_text]<div role=\"form\" class=\"wpcf7\" id=\"wpcf7-f329-o1\" lang=\"en-US\" dir=\"ltr\">\n<div class=\"screen-reader-response\"><p role=\"status\" aria-live=\"polite\" aria-atomic=\"true\"><\/p> <ul><\/ul><\/div>\n<form action=\"\/de\/wp-json\/wp\/v2\/pages\/4#wpcf7-f329-o1\" method=\"post\" class=\"wpcf7-form init\" novalidate=\"novalidate\" data-status=\"init\">\n<div style=\"display: none;\">\n<input type=\"hidden\" name=\"_wpcf7\" value=\"329\" \/>\n<input type=\"hidden\" name=\"_wpcf7_version\" value=\"5.5.6\" \/>\n<input type=\"hidden\" name=\"_wpcf7_locale\" value=\"en_US\" \/>\n<input type=\"hidden\" name=\"_wpcf7_unit_tag\" value=\"wpcf7-f329-o1\" \/>\n<input type=\"hidden\" name=\"_wpcf7_container_post\" value=\"0\" \/>\n<input type=\"hidden\" name=\"_wpcf7_posted_data_hash\" value=\"\" \/>\n<\/div>\n<p>[vc_row][vc_column]<span class=\"wpcf7-form-control-wrap name\"><input type=\"text\" name=\"name\" value=\"\" size=\"40\" class=\"wpcf7-form-control wpcf7-text wpcf7-validates-as-required\" aria-required=\"true\" aria-invalid=\"false\" placeholder=\"Name\" \/><\/span>[\/vc_column][vc_empty_space height=\"2px\"][vc_column]<span class=\"wpcf7-form-control-wrap phonumber\"><input type=\"tel\" name=\"phonumber\" value=\"\" size=\"40\" class=\"wpcf7-form-control wpcf7-text wpcf7-tel wpcf7-validates-as-required wpcf7-validates-as-tel\" aria-required=\"true\" aria-invalid=\"false\" placeholder=\"Telefon\" \/><\/span>[\/vc_column][vc_empty_space height=\"2px\"][vc_column]<span class=\"wpcf7-form-control-wrap servicetype\"><select name=\"servicetype\" class=\"wpcf7-form-control wpcf7-select wpcf7-validates-as-required\" aria-required=\"true\" aria-invalid=\"false\"><option value=\"Chirurgischer Bereich\">Chirurgischer Bereich<\/option><option value=\"Chirurgie der Analregion\">Chirurgie der Analregion<\/option><option value=\"Chirurgie des endokrinen Systems\">Chirurgie des endokrinen Systems<\/option><option value=\"Chirurgie des Verdauungssystems\">Chirurgie des Verdauungssystems<\/option><option value=\"Hernienchirurgie\">Hernienchirurgie<\/option><option value=\"Kleinere chirurgische Eingriffe\">Kleinere chirurgische Eingriffe<\/option><\/select><\/span>[\/vc_column][vc_empty_space height=\"2px\"][vc_column]<span class=\"wpcf7-form-control-wrap staffname\"><select name=\"staffname\" class=\"wpcf7-form-control wpcf7-select wpcf7-validates-as-required\" aria-required=\"true\" aria-invalid=\"false\"><option value=\"Arzt\">Arzt<\/option><option value=\"Serdar K\u00fc\u00e7\u00fckalio\u011flu\">Serdar K\u00fc\u00e7\u00fckalio\u011flu<\/option><\/select><\/span>[\/vc_column][vc_empty_space height=\"2px\"][vc_column]<span class=\"wpcf7-form-control-wrap date\"><input type=\"date\" name=\"date\" value=\"\" class=\"wpcf7-form-control wpcf7-date wpcf7-validates-as-required wpcf7-validates-as-date\" aria-required=\"true\" aria-invalid=\"false\" placeholder=\"Available on - Yyyy-Mm-Dd\" \/><\/span>[\/vc_column][vc_empty_space height=\"2px\"][vc_column width=\"1\/2\"]<span class=\"wpcf7-form-control-wrap start-time\"><select name=\"start-time\" class=\"wpcf7-form-control wpcf7-select start-time\" aria-invalid=\"false\"><option value=\"from\">from<\/option><option value=\"8:00 am\">8:00 am<\/option><option value=\"9:00 am\">9:00 am<\/option><option value=\"10:00 am\">10:00 am<\/option><option value=\"11:00 am\">11:00 am<\/option><option value=\"12:00 pm\">12:00 pm<\/option><option value=\"1:00 pm\">1:00 pm<\/option><option value=\"2:00 pm\">2:00 pm<\/option><option value=\"3:00 pm\">3:00 pm<\/option><option value=\"4:00 pm\">4:00 pm<\/option><option value=\"5:00 pm\">5:00 pm<\/option><option value=\"6:00 pm\">6:00 pm<\/option><option value=\"7:00 pm\">7:00 pm<\/option><option value=\"8:00 pm\">8:00 pm<\/option><option value=\"9:00 pm\">9:00 pm<\/option><option value=\"10:00 pm\">10:00 pm<\/option><option value=\"11:00 pm\">11:00 pm<\/option><\/select><\/span>[\/vc_column][vc_column width=\"1\/2\"] <span class=\"wpcf7-form-control-wrap end-time\"><select name=\"end-time\" class=\"wpcf7-form-control wpcf7-select end-time\" aria-invalid=\"false\"><option value=\"to\">to<\/option><option value=\"8:00 am\">8:00 am<\/option><option value=\"9:00 am\">9:00 am<\/option><option value=\"10:00 am\">10:00 am<\/option><option value=\"11:00 am\">11:00 am<\/option><option value=\"12:00 pm\">12:00 pm<\/option><option value=\"1:00 pm\">1:00 pm<\/option><option value=\"2:00 pm\">2:00 pm<\/option><option value=\"3:00 pm\">3:00 pm<\/option><option value=\"4:00 pm\">4:00 pm<\/option><option value=\"5:00 pm\">5:00 pm<\/option><option value=\"6:00 pm\">6:00 pm<\/option><option value=\"7:00 pm\">7:00 pm<\/option><option value=\"8:00 pm\">8:00 pm<\/option><option value=\"9:00 pm\">9:00 pm<\/option><option value=\"10:00 pm\">10:00 pm<\/option><option value=\"11:00 pm\">11:00 pm<\/option><\/select><\/span>[\/vc_column][vc_empty_space height=\"2px\"][vc_column]<input type=\"submit\" value=\"Senden\" class=\"wpcf7-form-control has-spinner wpcf7-submit\" \/>[\/vc_column][\/vc_row]<\/p>\n<div class=\"wpcf7-response-output\" aria-hidden=\"true\"><\/div><\/form><\/div>[\/vc_column][\/vc_row][vc_row][vc_column][vc_empty_space height=&#8221;100px&#8221;][\/vc_column][\/vc_row]<\/p>\n","protected":false},"excerpt":{"rendered":"<p>[vc_row][vc_column][vc_empty_space height=&#8221;100px&#8221;][\/vc_column][vc_column][vc_column_text el_class=&#8221;aligncenter&#8221;] Unsere Leistungen [\/vc_column_text][\/vc_column][vc_column][vc_empty_space][\/vc_column][vc_column][vc_row_inner][vc_column_inner width=&#8221;1\/4&#8243; css=&#8221;.vc_custom_1458192848305{padding-top: 0px !important;padding-right: 0px !important;padding-bottom: 0px !important;padding-left: 0px !important;}&#8221;][\/vc_column_inner][vc_column_inner width=&#8221;1\/4&#8243; css=&#8221;.vc_custom_1458192854380{padding-top: 0px !important;padding-right: 0px !important;padding-bottom: 0px !important;padding-left: 0px !important;}&#8221;][\/vc_column_inner][vc_column_inner width=&#8221;1\/4&#8243; css=&#8221;.vc_custom_1458192860997{padding-top: 0px !important;padding-right: 0px !important;padding-bottom: 0px !important;padding-left: 0px !important;}&#8221;][\/vc_column_inner][vc_column_inner width=&#8221;1\/4&#8243; css=&#8221;.vc_custom_1458192867374{padding-top: 0px !important;padding-right: 0px !important;padding-bottom: 0px !important;padding-left: 0px !important;}&#8221;][\/vc_column_inner][\/vc_row_inner][\/vc_column][vc_column offset=&#8221;vc_hidden-md vc_hidden-sm vc_hidden-xs&#8221;][vc_empty_space height=&#8221;105px&#8221;][\/vc_column][\/vc_row][vc_row el_class=&#8221;parallax-quote-content&#8221;][vc_column css=&#8221;.vc_custom_1461753611726{padding-top: 60px !important;padding-right: 40px [&hellip;]<\/p>\n","protected":false},"author":1,"featured_media":0,"parent":0,"menu_order":0,"comment_status":"closed","ping_status":"closed","template":"","meta":[],"_links":{"self":[{"href":"https:\/\/opdrserdar.com\/de\/wp-json\/wp\/v2\/pages\/4"}],"collection":[{"href":"https:\/\/opdrserdar.com\/de\/wp-json\/wp\/v2\/pages"}],"about":[{"href":"https:\/\/opdrserdar.com\/de\/wp-json\/wp\/v2\/types\/page"}],"author":[{"embeddable":true,"href":"https:\/\/opdrserdar.com\/de\/wp-json\/wp\/v2\/users\/1"}],"replies":[{"embeddable":true,"href":"https:\/\/opdrserdar.com\/de\/wp-json\/wp\/v2\/comments?post=4"}],"version-history":[{"count":27,"href":"https:\/\/opdrserdar.com\/de\/wp-json\/wp\/v2\/pages\/4\/revisions"}],"predecessor-version":[{"id":10596,"href":"https:\/\/opdrserdar.com\/de\/wp-json\/wp\/v2\/pages\/4\/revisions\/10596"}],"wp:attachment":[{"href":"https:\/\/opdrserdar.com\/de\/wp-json\/wp\/v2\/media?parent=4"}],"curies":[{"name":"wp","href":"https:\/\/api.w.org\/{rel}","templated":true}]}}