{"id":10189,"date":"2022-06-11T14:09:27","date_gmt":"2022-06-11T14:09:27","guid":{"rendered":"https:\/\/opdrserdar.com\/en\/?page_id=10189"},"modified":"2022-07-06T18:58:23","modified_gmt":"2022-07-06T18:58:23","slug":"yuz-ve-boyundan-nevus-cikarilmasi","status":"publish","type":"page","link":"https:\/\/opdrserdar.com\/en\/kucuk-cerrahi-operasyonlar\/yuz-ve-boyundan-nevus-cikarilmasi\/","title":{"rendered":"Y\u00fcz ve Boyundan Nev\u00fcs \u00c7\u0131kar\u0131lmas\u0131"},"content":{"rendered":"<p>[vc_row][vc_column][vc_column_text el_class=&#8221;aligncenter&#8221; css=&#8221;.vc_custom_1654956544046{margin-bottom: 20px !important;}&#8221;]<div class='dt-sc-small-separator '><\/div>\n<h2 class=\"ekit-heading--title elementskit-section-title \">Y\u00fcz ve Boyundan Nev\u00fcs \u00c7\u0131kar\u0131lmas\u0131<\/h2>\n<p>[\/vc_column_text]<div class='dt-sc-hr-invisible-small '> <\/div><div class='dt-sc-tabs-vertical-frame-container type2 inherit'><ul class='dt-sc-tabs-vertical-frame'><li><a href='#1451042683126-1-297cc-d0bd'>Genel Bilgi ve Tedavi<\/a><\/li><\/ul><div class='dt-sc-tabs-vertical-frame-content'>[vc_column_text css=&#8221;.vc_custom_1654956563011{margin-bottom: 10px !important;}&#8221;]<\/p>\n<div class=\"elementor-element elementor-element-7e69ed9 elementor-widget elementor-widget-heading\" data-id=\"7e69ed9\" data-element_type=\"widget\" data-widget_type=\"heading.default\">Halk aras\u0131nda \u201cben\u201d olarak adland\u0131r\u0131lan nev\u00fcsler, melonisit isimli deri h\u00fccrelerinin b\u00fcy\u00fcmesi sonucu olu\u015furlar. Farkl\u0131 renklere ve \u015fekillere sahip olabilen benler do\u011fu\u015ftan ya da sonradan ortaya \u00e7\u0131kabilirler. Nev\u00fcsler zarars\u0131z olabilecekleri gibi ciddi sa\u011fl\u0131k problemlerinin habercisi olarak da ortaya \u00e7\u0131kabilirler. Bu nedenle yak\u0131ndan takip edilmeleri; renklerinin, ani \u015fekil de\u011fi\u015fikliklerinin, yap\u0131lar\u0131n\u0131n ve sertlik durumlar\u0131n\u0131n de\u011ferlendirilmesi gerekebilir.<\/div>\n<div class=\"elementor-element elementor-element-7e69ed9 elementor-widget elementor-widget-heading\" data-id=\"7e69ed9\" data-element_type=\"widget\" data-widget_type=\"heading.default\"><strong>En S\u0131k Rastlanan Nev\u00fcs T\u00fcrleri<\/strong><\/div>\n<div class=\"elementor-element elementor-element-7d55ac8 elementor-widget elementor-widget-text-editor\" data-id=\"7d55ac8\" data-element_type=\"widget\" data-widget_type=\"text-editor.default\">\n<div class=\"elementor-widget-container\">\n<div class=\"elementor-text-editor elementor-clearfix\">\n<ul>\n<li>Konjenital nev\u00fcs: Do\u011fumdan itibaren ki\u015fide var olan benlerdir. K\u00fc\u00e7\u00fck, orta ya da b\u00fcy\u00fck boylarda olabilirler. Renkleri ve \u015fekilleri de\u011fi\u015fkendir.<\/li>\n<li>Yayg\u0131n nev\u00fcs (Common Nevus): \u00c7o\u011funlukla \u00e7ocukluk d\u00f6neminde ortaya \u00e7\u0131kan bu benler d\u00fcz ya da yuvarlak; pembe, ten rengi veya kahverengi olabilir.<\/li>\n<li>Displastik Nev\u00fcs: Genellikle \u00e7aplar\u0131 5 mm\u2019den b\u00fcy\u00fck olan displastik benlerin y\u00fczeyleri, s\u0131n\u0131rlar\u0131, renkleri farkl\u0131la\u015fabilir. Displastik nev\u00fcslerde melanom geli\u015febilece\u011fi i\u00e7in bu benlere sahip olan ki\u015filerin g\u00fcne\u015ften korunmas\u0131 ve benlerinde de\u011fi\u015fim fark ettikleri anlarda doktorlara ba\u015fvurmalar\u0131 gerekir.<\/li>\n<\/ul>\n<p>&nbsp;<\/p>\n<p><em>\u201cYukar\u0131da sayd\u0131klar\u0131m haricinde bir\u00e7ok farkl\u0131 t\u00fcrde nev\u00fcs oldu\u011funu ifade edebilirim. Bu nedenle benlerini tan\u0131mlayamayanlar ya da var olan benlerinde \u015fekil de\u011fi\u015fimi fark edenlerin konunun \u00fczerine gitmesini \u00f6neriyorum. Genellikle zarars\u0131z olsalar da v\u00fccuttaki ben olu\u015fumlar\u0131 cilt kanserinin habercisi olabilir.\u201d<\/em><\/p>\n<p><strong>\u00a0<\/strong><strong>Nev\u00fcs Tedavisi: Y\u00fcz ve Boyun B\u00f6lgesinden Ben \u00c7\u0131kar\u0131lmas\u0131<\/strong><\/p>\n<p>Benlerin farkl\u0131 durumlarda al\u0131nmas\u0131 gerekebilir. Kanser olu\u015fumuna \u00f6nlem olarak, patolojik inceleme i\u00e7in ya da ki\u015fide estetik kayg\u0131lar yaratmas\u0131 nedeniyle nev\u00fcs \u00e7\u0131kar\u0131labilir.<\/p>\n<p><em>\u201cY\u00fcz ve boyun b\u00f6lgesindeki benler \u00e7\u0131kar\u0131l\u0131rken cerrahi kesi ya da radyofrekans uygulamalar\u0131na ba\u015fvurulabilir. Hastalardaki ben olu\u015fumu estetik kayg\u0131 yarat\u0131yorsa, ki\u015fiyi rahats\u0131z ediyorsa ya da hastada cilt kanseri riski varsa ben \u00e7\u0131kar\u0131lmas\u0131 ameliyat\u0131 gereklilik haline d\u00f6n\u00fc\u015febilir.\u201d<\/em><\/p>\n<p>Ben ald\u0131rma ameliyat\u0131 lokal anestezi alt\u0131nda ger\u00e7ekle\u015ftirilir ve operasyon s\u0131ras\u0131nda hastalar ac\u0131 ya da a\u011fr\u0131 hissetmezler. Bene ait hi\u00e7bir kal\u0131nt\u0131 b\u0131rak\u0131lmamas\u0131 esas\u0131yla uygulanan cerrahi m\u00fcdahale yakla\u015f\u0131k 15 \u2013 30 dakika s\u00fcrer. Ben al\u0131nd\u0131ktan sonra b\u00f6lgeye diki\u015f at\u0131l\u0131r ve pansuman yap\u0131larak yara kapat\u0131l\u0131r.<\/p>\n<p>Ben ald\u0131ran ki\u015filer g\u00fcnl\u00fck hayatlar\u0131na beklemeden d\u00f6n\u00fc\u015f yapabilirler. Lokal anestezi etkisi ge\u00e7ince cerrahi m\u00fcdahale yap\u0131lan b\u00f6lgede hafif bir s\u0131z\u0131 olu\u015fabilir. D\u00fc\u015f\u00fck dozda al\u0131nan a\u011fr\u0131 kesicilerle hastalar\u0131n konforu artt\u0131r\u0131labilir.<\/p>\n<\/div>\n<\/div>\n<\/div>\n<p>[\/vc_column_text]<\/div><\/div><div class='dt-sc-hr-invisible-small '> <\/div>[\/vc_column][\/vc_row]<\/p>\n","protected":false},"excerpt":{"rendered":"<p>[vc_row][vc_column][vc_column_text el_class=&#8221;aligncenter&#8221; css=&#8221;.vc_custom_1654956544046{margin-bottom: 20px !important;}&#8221;] Y\u00fcz ve Boyundan Nev\u00fcs \u00c7\u0131kar\u0131lmas\u0131 [\/vc_column_text][\/vc_column][\/vc_row]<\/p>\n","protected":false},"author":1,"featured_media":0,"parent":10041,"menu_order":0,"comment_status":"closed","ping_status":"closed","template":"","meta":[],"_links":{"self":[{"href":"https:\/\/opdrserdar.com\/en\/wp-json\/wp\/v2\/pages\/10189"}],"collection":[{"href":"https:\/\/opdrserdar.com\/en\/wp-json\/wp\/v2\/pages"}],"about":[{"href":"https:\/\/opdrserdar.com\/en\/wp-json\/wp\/v2\/types\/page"}],"author":[{"embeddable":true,"href":"https:\/\/opdrserdar.com\/en\/wp-json\/wp\/v2\/users\/1"}],"replies":[{"embeddable":true,"href":"https:\/\/opdrserdar.com\/en\/wp-json\/wp\/v2\/comments?post=10189"}],"version-history":[{"count":1,"href":"https:\/\/opdrserdar.com\/en\/wp-json\/wp\/v2\/pages\/10189\/revisions"}],"predecessor-version":[{"id":10190,"href":"https:\/\/opdrserdar.com\/en\/wp-json\/wp\/v2\/pages\/10189\/revisions\/10190"}],"up":[{"embeddable":true,"href":"https:\/\/opdrserdar.com\/en\/wp-json\/wp\/v2\/pages\/10041"}],"wp:attachment":[{"href":"https:\/\/opdrserdar.com\/en\/wp-json\/wp\/v2\/media?parent=10189"}],"curies":[{"name":"wp","href":"https:\/\/api.w.org\/{rel}","templated":true}]}}