{"id":7792,"date":"2016-05-03T12:40:43","date_gmt":"2016-05-03T12:40:43","guid":{"rendered":"http:\/\/onelifewp.local\/?page_id=7792"},"modified":"2022-08-22T11:10:18","modified_gmt":"2022-08-22T11:10:18","slug":"modern-with-right-sidebar","status":"publish","type":"page","link":"https:\/\/opdrserdar.com\/en\/modern-with-right-sidebar\/","title":{"rendered":"Blog Yaz\u0131lar\u0131m\u0131z"},"content":{"rendered":"","protected":false},"excerpt":{"rendered":"","protected":false},"author":1,"featured_media":0,"parent":0,"menu_order":0,"comment_status":"closed","ping_status":"closed","template":"tpl-blog.php","meta":[],"_links":{"self":[{"href":"https:\/\/opdrserdar.com\/en\/wp-json\/wp\/v2\/pages\/7792"}],"collection":[{"href":"https:\/\/opdrserdar.com\/en\/wp-json\/wp\/v2\/pages"}],"about":[{"href":"https:\/\/opdrserdar.com\/en\/wp-json\/wp\/v2\/types\/page"}],"author":[{"embeddable":true,"href":"https:\/\/opdrserdar.com\/en\/wp-json\/wp\/v2\/users\/1"}],"replies":[{"embeddable":true,"href":"https:\/\/opdrserdar.com\/en\/wp-json\/wp\/v2\/comments?post=7792"}],"version-history":[{"count":1,"href":"https:\/\/opdrserdar.com\/en\/wp-json\/wp\/v2\/pages\/7792\/revisions"}],"predecessor-version":[{"id":10232,"href":"https:\/\/opdrserdar.com\/en\/wp-json\/wp\/v2\/pages\/7792\/revisions\/10232"}],"wp:attachment":[{"href":"https:\/\/opdrserdar.com\/en\/wp-json\/wp\/v2\/media?parent=7792"}],"curies":[{"name":"wp","href":"https:\/\/api.w.org\/{rel}","templated":true}]}}