{"id":10490,"date":"2022-09-12T12:13:21","date_gmt":"2022-09-12T12:13:21","guid":{"rendered":"https:\/\/opdrserdar.com\/ru\/?page_id=10490"},"modified":"2022-10-09T14:59:45","modified_gmt":"2022-10-09T14:59:45","slug":"sac-mezoterapisi-izmir","status":"publish","type":"page","link":"https:\/\/opdrserdar.com\/ru\/sac-ekimi-ve-tedavileri-izmir\/sac-mezoterapisi-izmir\/","title":{"rendered":"\u041c\u0435\u0437\u043e\u0442\u0435\u0440\u0430\u043f\u0438\u044f \u0432\u043e\u043b\u043e\u0441"},"content":{"rendered":"<p>[vc_row][vc_column][vc_column_text el_class=&#8221;aligncenter&#8221; css=&#8221;.vc_custom_1665327487492{margin-bottom: 20px !important;}&#8221;]<div class='dt-sc-small-separator '><\/div>\n<h2 class=\"ekit-heading--title elementskit-section-title \">\u041c\u0435\u0437\u043e\u0442\u0435\u0440\u0430\u043f\u0438\u044f \u0432\u043e\u043b\u043e\u0441<\/h2>\n<p>[\/vc_column_text]<div class='dt-sc-hr-invisible-small '> <\/div><div class='dt-sc-tabs-vertical-frame-container type2 inherit'><ul class='dt-sc-tabs-vertical-frame'><li><a href='#1451042683126-1-297cc-d0bd'>\u0427\u0442\u043e \u0442\u0430\u043a\u043e\u0435 \u043c\u0435\u0437\u043e\u0442\u0435\u0440\u0430\u043f\u0438\u044f \u0432\u043e\u043b\u043e\u0441?<\/a><\/li><li><a href='#1654766958502-5-3'>\u0412\u0430\u0436\u043d\u0430\u044f \u0438\u043d\u0444\u043e\u0440\u043c\u0430\u0446\u0438\u044f \u0434\u043b\u044f \u0442\u0435\u0445, \u043a\u043e\u043c\u0443 \u043f\u0440\u0435\u0434\u0441\u0442\u043e\u0438\u0442 \u043c\u0435\u0437\u043e\u0442\u0435\u0440\u0430\u043f\u0438\u044f \u0432\u043e\u043b\u043e\u0441<\/a><\/li><\/ul><div class='dt-sc-tabs-vertical-frame-content'>[vc_column_text css=&#8221;.vc_custom_1665327527611{margin-bottom: 10px !important;}&#8221;]<\/p>\n<h2><strong>\u0427\u0442\u043e \u0442\u0430\u043a\u043e\u0435 \u043c\u0435\u0437\u043e\u0442\u0435\u0440\u0430\u043f\u0438\u044f \u0432\u043e\u043b\u043e\u0441?<\/strong><\/h2>\n<div class=\"vc_row wpb_row vc_row-fluid\">\n<div class=\"wpb_column vc_column_container vc_col-sm-12\">\n<div class=\"vc_column-inner\">\n<div class=\"wpb_wrapper\">\n<div id=\"ultimate-heading-75096306969c782a2\" class=\"uvc-heading ult-adjust-bottom-margin ultimate-heading-75096306969c782a2 uvc-8905 uvc-heading-default-font-sizes\" data-hspacer=\"no_spacer\" data-halign=\"left\">\n<div class=\"uvc-heading-spacer no_spacer\">\u041c\u0435\u0437\u043e\u0442\u0435\u0440\u0430\u043f\u0438\u044f \u0432\u043e\u043b\u043e\u0441, \u043a\u043e\u0442\u043e\u0440\u0430\u044f \u044f\u0432\u043b\u044f\u0435\u0442\u0441\u044f \u043e\u0434\u043d\u0438\u043c \u0438\u0437 \u043c\u0435\u0442\u043e\u0434\u043e\u0432 \u043b\u0435\u0447\u0435\u043d\u0438\u044f \u0432\u044b\u043f\u0430\u0434\u0435\u043d\u0438\u044f \u0432\u043e\u043b\u043e\u0441, \u043f\u0440\u0435\u0434\u0441\u0442\u0430\u0432\u043b\u044f\u0435\u0442 \u0441\u043e\u0431\u043e\u0439 \u0441\u044b\u0432\u043e\u0440\u043e\u0442\u043a\u0443, \u0441\u043e\u0434\u0435\u0440\u0436\u0430\u0449\u0443\u044e \u0432\u0438\u0442\u0430\u043c\u0438\u043d\u044b, \u043c\u0438\u043d\u0435\u0440\u0430\u043b\u044b \u0438 \u0430\u043c\u0438\u043d\u043e\u043a\u0438\u0441\u043b\u043e\u0442\u044b, \u043d\u0435\u043e\u0431\u0445\u043e\u0434\u0438\u043c\u044b\u0435 \u0432\u043e\u043b\u043e\u0441\u044f\u043d\u044b\u043c \u0444\u043e\u043b\u043b\u0438\u043a\u0443\u043b\u0430\u043c. \u041e\u043d \u043f\u0440\u0438\u043c\u0435\u043d\u044f\u0435\u0442\u0441\u044f \u043f\u0443\u0442\u0435\u043c \u0438\u043d\u044a\u0435\u043a\u0446\u0438\u0438 \u0432 \u0432\u043e\u043b\u043e\u0441\u044f\u043d\u044b\u0435 \u0444\u043e\u043b\u043b\u0438\u043a\u0443\u043b\u044b \u0441 \u043f\u043e\u043c\u043e\u0449\u044c\u044e \u0438\u0433\u043b \u0441 \u043c\u0438\u043a\u0440\u043e\u043d\u0430\u043a\u043e\u043d\u0435\u0447\u043d\u0438\u043a\u0430\u043c\u0438.<br \/>\n\u041f\u043e\u0441\u043a\u043e\u043b\u044c\u043a\u0443 \u0432\u043e\u043b\u043e\u0441\u044f\u043d\u043e\u0439 \u0444\u043e\u043b\u043b\u0438\u043a\u0443\u043b \u0440\u0430\u0441\u043f\u043e\u043b\u043e\u0436\u0435\u043d \u0432 \u0441\u043b\u043e\u0435 \u043a\u043e\u0436\u0438, \u043d\u0430\u0437\u044b\u0432\u0430\u0435\u043c\u043e\u043c \u0434\u0435\u0440\u043c\u043e\u0439, \u044d\u0444\u0444\u0435\u043a\u0442 \u043e\u0442 \u043b\u0435\u043a\u0430\u0440\u0441\u0442\u0432 \u0438 \u043f\u043e\u0434\u043e\u0431\u043d\u044b\u0445 \u043f\u0440\u043e\u0434\u0443\u043a\u0442\u043e\u0432, \u043f\u0440\u0438\u043c\u0435\u043d\u044f\u0435\u043c\u044b\u0445 \u043d\u0430\u0440\u0443\u0436\u043d\u043e \u0434\u043b\u044f \u043f\u0438\u0442\u0430\u043d\u0438\u044f \u0432\u043e\u043b\u043e\u0441, \u043e\u0447\u0435\u043d\u044c \u043d\u0438\u0437\u043e\u043a. \u041f\u0440\u0438 \u043c\u0435\u0437\u043e\u0442\u0435\u0440\u0430\u043f\u0438\u0438 \u0432\u043e\u043b\u043e\u0441, \u043f\u043e\u0441\u043a\u043e\u043b\u044c\u043a\u0443 \u043d\u0435\u0434\u043e\u0441\u0442\u0430\u044e\u0449\u0438\u0435 \u0432\u0435\u0449\u0435\u0441\u0442\u0432\u0430, \u043d\u0435\u043e\u0431\u0445\u043e\u0434\u0438\u043c\u044b\u0435 \u0432\u043e\u043b\u043e\u0441\u044f\u043d\u043e\u043c\u0443 \u0444\u043e\u043b\u043b\u0438\u043a\u0443\u043b\u0443, \u0432\u0432\u043e\u0434\u044f\u0442\u0441\u044f \u043d\u0435\u043f\u043e\u0441\u0440\u0435\u0434\u0441\u0442\u0432\u0435\u043d\u043d\u043e \u0432 \u0432\u043e\u043b\u043e\u0441\u044f\u043d\u043e\u0439 \u0444\u043e\u043b\u043b\u0438\u043a\u0443\u043b, \u0441\u0442\u0438\u043c\u0443\u043b\u0438\u0440\u0443\u044e\u0442\u0441\u044f \u043a\u043e\u0440\u043d\u0438 \u0438 \u043f\u0440\u0435\u0434\u043e\u0442\u0432\u0440\u0430\u0449\u0430\u0435\u0442\u0441\u044f \u0432\u044b\u043f\u0430\u0434\u0435\u043d\u0438\u0435 \u0432\u043e\u043b\u043e\u0441.<br \/>\n\u041c\u0435\u0437\u043e\u0442\u0435\u0440\u0430\u043f\u0438\u044f \u0432\u043e\u043b\u043e\u0441 \u043c\u043e\u0436\u0435\u0442 \u043f\u0440\u0438\u043c\u0435\u043d\u044f\u0442\u044c\u0441\u044f \u043a\u0430\u043a \u0432 \u0446\u0435\u043b\u043e\u043c, \u0442\u0430\u043a \u0438 \u043b\u043e\u043a\u0430\u043b\u044c\u043d\u043e. \u0421\u0442\u0438\u043c\u0443\u043b\u0438\u0440\u0443\u044f \u043a\u043b\u0435\u0442\u043e\u0447\u043d\u044b\u0439 \u043c\u0435\u0442\u0430\u0431\u043e\u043b\u0438\u0437\u043c \u0432 \u043d\u0443\u0436\u043d\u043e\u0439 \u043e\u0431\u043b\u0430\u0441\u0442\u0438, \u0441\u043f\u043e\u0441\u043e\u0431\u0441\u0442\u0432\u0443\u0435\u0442 \u043e\u0441\u0442\u0430\u043d\u043e\u0432\u043a\u0435 \u0432\u044b\u043f\u0430\u0434\u0435\u043d\u0438\u044f \u0432\u043e\u043b\u043e\u0441 \u0438 \u0443\u0432\u0435\u043b\u0438\u0447\u0435\u043d\u0438\u044e \u0442\u0435\u043a\u0443\u0449\u0435\u0439 \u0444\u043e\u0440\u043c\u044b \u0432\u043e\u043b\u043e\u0441. \u041b\u0443\u0447\u0448\u0435 \u043f\u0438\u0442\u0430\u044e\u0449\u0438\u0435\u0441\u044f \u0432\u043e\u043b\u043e\u0441\u044f\u043d\u044b\u0435 \u0444\u043e\u043b\u043b\u0438\u043a\u0443\u043b\u044b \u043f\u0440\u043e\u0438\u0437\u0432\u043e\u0434\u044f\u0442 \u0444\u043e\u043b\u043b\u0438\u043a\u0443\u043b\u044b \u043b\u0443\u0447\u0448\u0435\u0433\u043e \u043a\u0430\u0447\u0435\u0441\u0442\u0432\u0430, \u0438 \u0440\u043e\u0441\u0442 \u0432\u043e\u043b\u043e\u0441 \u043f\u0440\u043e\u0438\u0441\u0445\u043e\u0434\u0438\u0442 \u043d\u0430\u043c\u043d\u043e\u0433\u043e \u0431\u044b\u0441\u0442\u0440\u0435\u0435.<br \/>\n\u041c\u0435\u0437\u043e\u0442\u0435\u0440\u0430\u043f\u0438\u044f \u0432\u043e\u043b\u043e\u0441 \u0434\u0430\u0435\u0442 \u044d\u0444\u0444\u0435\u043a\u0442\u0438\u0432\u043d\u044b\u0435 \u0440\u0435\u0437\u0443\u043b\u044c\u0442\u0430\u0442\u044b \u0432 \u043a\u0430\u0447\u0435\u0441\u0442\u0432\u0435 \u043f\u043e\u0434\u0434\u0435\u0440\u0436\u0438\u0432\u0430\u044e\u0449\u0435\u0433\u043e \u043b\u0435\u0447\u0435\u043d\u0438\u044f \u043f\u0440\u0438 \u0448\u043e\u043a\u043e\u0432\u044b\u0445 \u0432\u044b\u043f\u0430\u0434\u0435\u043d\u0438\u044f\u0445 \u0443 \u0436\u0435\u043d\u0449\u0438\u043d \u0432 \u043f\u0435\u0440\u0438\u043e\u0434 \u0431\u0435\u0440\u0435\u043c\u0435\u043d\u043d\u043e\u0441\u0442\u0438 \u0438 \u043c\u0435\u043d\u043e\u043f\u0430\u0443\u0437\u044b, \u0430 \u0442\u0430\u043a\u0436\u0435 \u0432 \u0441\u0432\u044f\u0437\u0438 \u0441\u043e \u0441\u0442\u0440\u0435\u0441\u0441\u043e\u043c, \u0441\u0435\u0437\u043e\u043d\u043d\u044b\u043c\u0438 \u0438\u043b\u0438 \u043c\u0435\u0442\u0430\u0431\u043e\u043b\u0438\u0447\u0435\u0441\u043a\u0438\u043c\u0438 \u043d\u0430\u0440\u0443\u0448\u0435\u043d\u0438\u044f\u043c\u0438.<br \/>\n\u0412\u0430\u0436\u043d\u043e \u043f\u0440\u0430\u0432\u0438\u043b\u044c\u043d\u043e \u0432\u044b\u0431\u0440\u0430\u0442\u044c \u0443\u0447\u0440\u0435\u0436\u0434\u0435\u043d\u0438\u0435 \u0434\u043b\u044f \u043b\u0435\u0447\u0435\u043d\u0438\u044f \u0432\u043e\u043b\u043e\u0441 \u043c\u0435\u0437\u043e\u0442\u0435\u0440\u0430\u043f\u0438\u0435\u0439. \u041c\u044b, \u043e\u043f\u0435\u0440\u0430\u0442\u043e\u0440 Serdar K\u00fc\u00e7\u00fckalio\u011flu, \u0438\u0441\u043f\u043e\u043b\u044c\u0437\u0443\u0435\u043c \u043b\u0438\u0446\u0435\u043d\u0437\u0438\u0440\u043e\u0432\u0430\u043d\u043d\u044b\u0435 \u0438 \u043e\u0434\u043e\u0431\u0440\u0435\u043d\u043d\u044b\u0435 \u043f\u0440\u043e\u0434\u0443\u043a\u0442\u044b. \u041c\u044b \u043e\u043f\u0440\u0435\u0434\u0435\u043b\u044f\u0435\u043c \u043f\u0440\u0430\u0432\u0438\u043b\u044c\u043d\u043e\u0435 \u043a\u043e\u043b\u0438\u0447\u0435\u0441\u0442\u0432\u043e \u043f\u0440\u043e\u0446\u0435\u0434\u0443\u0440, \u043f\u0440\u043e\u0432\u043e\u0434\u044f \u0430\u043d\u0430\u043b\u0438\u0437 \u0438 \u043e\u0431\u0441\u043b\u0435\u0434\u043e\u0432\u0430\u043d\u0438\u0435 \u0432\u043e\u043b\u043e\u0441. \u041b\u0435\u0447\u0435\u043d\u0438\u0435, \u043a\u043e\u0442\u043e\u0440\u044b\u043c \u0432\u044b \u0434\u043e\u0432\u043e\u043b\u044c\u043d\u044b, \u044f\u0432\u043b\u044f\u0435\u0442\u0441\u044f \u043d\u0430\u0448\u0438\u043c \u043f\u0440\u0438\u043e\u0440\u0438\u0442\u0435\u0442\u043e\u043c.<\/div>\n<\/div>\n<\/div>\n<\/div>\n<\/div>\n<\/div>\n<p>[\/vc_column_text]<\/div><div class='dt-sc-tabs-vertical-frame-content'>[vc_column_text]<\/p>\n<h2><strong>\u0412\u0430\u0436\u043d\u0430\u044f \u0438\u043d\u0444\u043e\u0440\u043c\u0430\u0446\u0438\u044f \u0434\u043b\u044f \u043f\u0430\u0446\u0438\u0435\u043d\u0442\u043e\u0432, \u043f\u043b\u0430\u043d\u0438\u0440\u0443\u044e\u0449\u0438\u0445 \u043c\u0435\u0437\u043e\u0442\u0435\u0440\u0430\u043f\u0438\u044e \u0432\u043e\u043b\u043e\u0441<\/strong><\/h2>\n<p>\u041e\u0441\u043e\u0431\u043e\u0435 \u0432\u043d\u0438\u043c\u0430\u043d\u0438\u0435 \u0441\u043b\u0435\u0434\u0443\u0435\u0442 \u0443\u0434\u0435\u043b\u0438\u0442\u044c \u0432\u0430\u0436\u043d\u044b\u043c \u043c\u043e\u043c\u0435\u043d\u0442\u0430\u043c, \u043a\u0430\u0441\u0430\u044e\u0449\u0438\u043c\u0441\u044f \u0432\u0441\u0435\u0445 \u044d\u0442\u0438\u0445 \u0434\u0435\u0442\u0430\u043b\u0435\u0439. \u042d\u0442\u043e \u0442\u0440\u0443\u0434\u043d\u044b\u0439 \u0438 \u0434\u043b\u0438\u0442\u0435\u043b\u044c\u043d\u044b\u0439 \u043f\u0440\u043e\u0446\u0435\u0441\u0441, \u0447\u0442\u043e\u0431\u044b \u0440\u0430\u0437\u043c\u0435\u0441\u0442\u0438\u0442\u044c \u043a\u043e\u0440\u043d\u0438, \u0432\u0437\u044f\u0442\u044b\u0435 \u0441 \u0437\u0430\u0442\u044b\u043b\u043a\u0430, \u043f\u043e\u0434 \u0442\u0435\u043c \u0436\u0435 \u0443\u0433\u043b\u043e\u043c \u0438 \u043d\u0430\u043f\u0440\u0430\u0432\u043b\u0435\u043d\u0438\u0435\u043c, \u0447\u0442\u043e \u0438 \u043a\u043e\u0440\u043d\u0438, \u043f\u043e\u0441\u0430\u0436\u0435\u043d\u043d\u044b\u0435 \u0440\u0430\u043d\u0435\u0435. \u041c\u0435\u0437\u043e\u0442\u0435\u0440\u0430\u043f\u0438\u044f \u0432\u043e\u043b\u043e\u0441, \u043a\u0430\u043a \u0438 \u043c\u0435\u0442\u043e\u0434 FUE, \u0438\u043c\u0435\u0435\u0442 \u0432\u044b\u0441\u043e\u043a\u0443\u044e \u0432\u0435\u0440\u043e\u044f\u0442\u043d\u043e\u0441\u0442\u044c \u0443\u0441\u043f\u0435\u0445\u0430 \u0438 \u043d\u0435\u0443\u0434\u0430\u0447\u0438 \u0432\u043e\u043b\u043e\u0441\u044f\u043d\u044b\u0445 \u0444\u043e\u043b\u043b\u0438\u043a\u0443\u043b\u043e\u0432, \u0435\u0441\u043b\u0438 \u043e\u043d\u0430 \u043d\u0435 \u0432\u044b\u043f\u043e\u043b\u043d\u044f\u0435\u0442\u0441\u044f \u043e\u0447\u0435\u043d\u044c \u0442\u0449\u0430\u0442\u0435\u043b\u044c\u043d\u043e \u0432\u0440\u0430\u0447\u043e\u043c \u0441 \u043d\u0435\u043e\u0431\u0445\u043e\u0434\u0438\u043c\u044b\u043c\u0438 \u043a\u043e\u043c\u043f\u0435\u0442\u0435\u043d\u0446\u0438\u044f\u043c\u0438.[\/vc_column_text]<\/div><\/div><div class='dt-sc-hr-invisible-small '> <\/div>[\/vc_column][\/vc_row]<\/p>\n","protected":false},"excerpt":{"rendered":"<p>[vc_row][vc_column][vc_column_text el_class=&#8221;aligncenter&#8221; css=&#8221;.vc_custom_1665327487492{margin-bottom: 20px !important;}&#8221;] \u041c\u0435\u0437\u043e\u0442\u0435\u0440\u0430\u043f\u0438\u044f \u0432\u043e\u043b\u043e\u0441 [\/vc_column_text][\/vc_column][\/vc_row]<\/p>\n","protected":false},"author":1,"featured_media":0,"parent":10479,"menu_order":0,"comment_status":"closed","ping_status":"closed","template":"","meta":[],"_links":{"self":[{"href":"https:\/\/opdrserdar.com\/ru\/wp-json\/wp\/v2\/pages\/10490"}],"collection":[{"href":"https:\/\/opdrserdar.com\/ru\/wp-json\/wp\/v2\/pages"}],"about":[{"href":"https:\/\/opdrserdar.com\/ru\/wp-json\/wp\/v2\/types\/page"}],"author":[{"embeddable":true,"href":"https:\/\/opdrserdar.com\/ru\/wp-json\/wp\/v2\/users\/1"}],"replies":[{"embeddable":true,"href":"https:\/\/opdrserdar.com\/ru\/wp-json\/wp\/v2\/comments?post=10490"}],"version-history":[{"count":3,"href":"https:\/\/opdrserdar.com\/ru\/wp-json\/wp\/v2\/pages\/10490\/revisions"}],"predecessor-version":[{"id":10567,"href":"https:\/\/opdrserdar.com\/ru\/wp-json\/wp\/v2\/pages\/10490\/revisions\/10567"}],"up":[{"embeddable":true,"href":"https:\/\/opdrserdar.com\/ru\/wp-json\/wp\/v2\/pages\/10479"}],"wp:attachment":[{"href":"https:\/\/opdrserdar.com\/ru\/wp-json\/wp\/v2\/media?parent=10490"}],"curies":[{"name":"wp","href":"https:\/\/api.w.org\/{rel}","templated":true}]}}